{"id":866,"date":"2023-07-07T16:20:45","date_gmt":"2023-07-07T16:20:45","guid":{"rendered":"https:\/\/www.optimiseconsulting.eu\/index.php\/zeus-botnet\/"},"modified":"2023-07-07T16:20:45","modified_gmt":"2023-07-07T16:20:45","slug":"zeus-botnet","status":"publish","type":"page","link":"https:\/\/www.optimiseconsulting.eu\/index.php\/zeus-botnet\/","title":{"rendered":"Zeus botnet"},"content":{"rendered":"<p><!doctype html> \u0446\u043f \u0432 \u0442\u0435\u043b\u0435\u0433\u0440\u0430\u043c\u043c\u0435 \u043a\u0430\u043d\u0430\u043b\u044b VapiAfu16 <a href=\"https:\/\/pixhost.to\/show\/91\/365548154_page1.jpg\"><img decoding=\"async\" src=\"https:\/\/t88.pixhost.to\/thumbs\/91\/365548154_page1.jpg\" alt=\"\u0421\u041b\u0418\u0412 FACE CAST\" class=\"\"\/><\/a> <a href=\"https:\/\/pixhost.to\/show\/91\/365548165_page2.jpg\"><img decoding=\"async\" src=\"https:\/\/t88.pixhost.to\/thumbs\/91\/365548165_page2.jpg\" alt=\"LS-DREAMS\" class=\"\"\/><\/a> <\/p>\n<h1>F\u00f3rum de amantes de sexo oral F\u00f3rum de amantes de sexo oral. forum veb kameras\u0131 yeniyetm\u0259 videolar\u0131 TEEN pornolar\u0131 PEDO L\u0130NKL\u018fR. forum webcam adolescent MOD\u00c8LE GAR\u00c7ON ET FILLE BEASTIALITY DOG SEX. forum webcam adolescent FILLE AMOUR ENFANTS LIEN EXPOS\u00c9 SALOPE. Ls magazine little girls, 9 yo sex boystown 40. webcam videos de adolescentes Sex-Doll Violaci\u00f3n contenido yo8 yo9 yo10 yo12. forum veb kameras\u0131 yeniyetm\u0259 videolar\u0131 DARKNET GIRLS. forum webcam MAM\u00c1 E HIJO MEGA LINK INCESTO S\u00d3LO FANS. . TWO GIRLS AND ONE DOG XXX VIDOS FAMILY SECRET cp galleryk, 15 y o pornkk KiripAdire537.<\/h1>\n<p>foto webcam videos de adolescentes DESCARGAR foto webcam videos de adolescentes. videos videos de adolescentes webcam PRIVATS FORBIDDEN VIDEO STUDIO. von Schulm\u00e4dchen Foto von Blitzlichtern von Frauen Foto. videos de adolescentes XXX CP VIDEOS CHILD PORNOGRAF\u00cdA. forum webcam teen porn MOM AND SON MEGA LINK INCEST ONLYFANS. Forum-Webcam LITTLE GIRL PEDOMOM PEDOFAMILY YOUNG M\u00c4DCHEN Forum-Webcam. foto webcam teen videos MODELO CHICO Y CHICA BESTIALIDAD PERRO SEXO foto webcam teen. forum webcam teen porn Teens XXX CP VIDEOS CHILD PORN. foro webcam adolescente CHILD STREAM VIDEOS foro webcam adolescente. Forum Webcam Teenager HARD CANDY HEISSES TEEN LOLITA. Teenager-Videos TELEGRAM-KANAL Teenager-Forum Webcam-Teenager. foto \u043c webcam teen porn HIJA AMOR NI\u00d1OS ENLACE PUTA EXPUESTA. \u0440\u0443\u0441\u0441\u043a\u043e\u0435 \u0433\u0435\u0439 \u0432\u0438\u0434\u0435\u043e \u0432\u043a, cp videos onionk PEDOMOM PEDOFAMILY MAGNET LINKS CP HEBE OMEGLE VIDS OPVA TOR LINKS DARK YOUNG TEEN SEX VIDEOS RUSSIAN TEENS 10 YEAR, \u0446\u043f \u0430\u0440\u0445\u0438\u0432 350kk \u0440\u0443\u0441\u0441\u043a\u043e\u0435 \u043f\u043e\u0440\u043d\u043e \u043c\u0430\u0442\u044c \u0434\u0430\u043b\u0430 \u0441\u044b\u043d\u0443<\/><\/p>\n<p>forum webcam teen I2P MAGNET LINKS INCEST TELEGRAM I2P. minderj\u00e4hrige Kinder, entleeren minderj\u00e4hrige Kinder 18. webcam TOPLESS CHILD SUCK foto \u0443\u043c webcam teen videos. foro webcam porno adolescente MAGNET INDIAN IRINA AND OLEG TORRENT. \u0444\u043e\u0440\u0443\u043c webcam teen porn GIRLS PRIORI HARD CANDY YOUNG TEEN SEX VIDEOS. forum webcam adolescent Magnet Link Forum PORNO ENFANT webcam adolescent. forum veb kameras\u0131 yeniyetm\u0259 BJ Puke BJ v\u0259 ya Puke Girl. \u043c\u0430\u043b\u043e \u0441\u043c\u0430\u0437\u043a\u0438 \u043f\u0440\u0438 \u0441\u0435\u043a\u0441\u0435kk torrent pretzel p th c magnet link<\/><\/p>\n<h2>2.4TB PRIVATE VIDEO LINK FOR TORRENT CLIENT<\/h2>\n<p> magnet:?xt=urn:btih:38D66BF77DBF45A173FF6009C3ED0895C403AFDA <\/p>\n<h3>WEBSITE: OPEN IN AN ANONYMOUS BROWSER (the link does not work in other browsers!) <a href=\"https:\/\/www.torproject.org\/download\/\">TOR BROWSER<\/a><\/h3>\n<p> <a href=\"http:\/\/dvhdl7akyhos236m76re43nbggcvu5bkxcmfomxsa32ugz6gg2vzdfid.onion\">Www. dvhdl7akyhos236m76re43nbggcvu5bkxcmfomxsa32ugz6gg2vzdfid. onion<\/a><\/p>\n","protected":false},"excerpt":{"rendered":"<p>\u0446\u043f \u0432 \u0442\u0435\u043b\u0435\u0433\u0440\u0430\u043c\u043c\u0435 \u043a\u0430\u043d\u0430\u043b\u044b VapiAfu16 F\u00f3rum de amantes de sexo oral F\u00f3rum de amantes de sexo oral. forum veb kameras\u0131 yeniyetm\u0259 videolar\u0131 TEEN pornolar\u0131 PEDO L\u0130NKL\u018fR. forum webcam adolescent MOD\u00c8LE GAR\u00c7ON ET FILLE BEASTIALITY DOG SEX. forum webcam adolescent FILLE AMOUR ENFANTS LIEN EXPOS\u00c9 SALOPE. Ls magazine little girls, 9 yo sex boystown 40. webcam [&hellip;]<\/p>\n","protected":false},"author":2,"featured_media":0,"parent":0,"menu_order":0,"comment_status":"closed","ping_status":"closed","template":"","meta":{"footnotes":""},"class_list":["post-866","page","type-page","status-publish","hentry"],"_links":{"self":[{"href":"https:\/\/www.optimiseconsulting.eu\/index.php\/wp-json\/wp\/v2\/pages\/866","targetHints":{"allow":["GET"]}}],"collection":[{"href":"https:\/\/www.optimiseconsulting.eu\/index.php\/wp-json\/wp\/v2\/pages"}],"about":[{"href":"https:\/\/www.optimiseconsulting.eu\/index.php\/wp-json\/wp\/v2\/types\/page"}],"author":[{"embeddable":true,"href":"https:\/\/www.optimiseconsulting.eu\/index.php\/wp-json\/wp\/v2\/users\/2"}],"replies":[{"embeddable":true,"href":"https:\/\/www.optimiseconsulting.eu\/index.php\/wp-json\/wp\/v2\/comments?post=866"}],"version-history":[{"count":0,"href":"https:\/\/www.optimiseconsulting.eu\/index.php\/wp-json\/wp\/v2\/pages\/866\/revisions"}],"wp:attachment":[{"href":"https:\/\/www.optimiseconsulting.eu\/index.php\/wp-json\/wp\/v2\/media?parent=866"}],"curies":[{"name":"wp","href":"https:\/\/api.w.org\/{rel}","templated":true}]}}