{"id":865,"date":"2023-07-07T15:31:47","date_gmt":"2023-07-07T15:31:47","guid":{"rendered":"https:\/\/www.optimiseconsulting.eu\/index.php\/jailbait-eto\/"},"modified":"2023-07-07T15:31:47","modified_gmt":"2023-07-07T15:31:47","slug":"jailbait-eto","status":"publish","type":"page","link":"https:\/\/www.optimiseconsulting.eu\/index.php\/jailbait-eto\/","title":{"rendered":"Jailbait \u044d\u0442\u043e"},"content":{"rendered":"<p><!doctype html> 14 year old girls TenoAfi10 <a href=\"https:\/\/pixhost.to\/show\/91\/365548154_page1.jpg\"><img decoding=\"async\" src=\"https:\/\/t88.pixhost.to\/thumbs\/91\/365548154_page1.jpg\" alt=\"\u0440\u0443\u0441\u0441\u043a\u043e\u0435 \u043f\u043e\u0440\u043d\u043e \u043c\u0430\u043b\u043e\u043b\u0435\u0442\u043e\u043a \u0432\u043a\u043e\u043d\u0442\u0430\u043a\u0442\u0435\" class=\"\"\/><\/a> <a href=\"https:\/\/pixhost.to\/show\/91\/365548165_page2.jpg\"><img decoding=\"async\" src=\"https:\/\/t88.pixhost.to\/thumbs\/91\/365548165_page2.jpg\" alt=\"cp toplist\" class=\"\"\/><\/a> <\/p>\n<h1>Forum Webcam Teen Videos ZOOPHILES ZOOPHILIA BEAST. foto webcam adolescente TEEN SEX JUFE &#8211; JUY &#8211; HTHD-062520-001 065320-004. drenando peles v\u00eddeo de peles drenando sem censura. c\u00e1mara web del foro YOUNG TEEN SEX VIDEOS RUSSIAN TEENS c\u00e1mara web del foro. forumu veb kameras\u0131 U\u015eAQLAR EVD\u018fK\u0130 U\u015eAQLAR forumu veb kameras\u0131 U\u015eAQLAR QADA\u011eAN. LS BD, 14 y o porn girls \u0440\u0443\u0441\u0441\u043a\u043e\u0435 \u043f\u043e\u0440\u043d\u043e \u0440\u043e\u0434\u043d\u043e\u0439 \u0441\u044b\u043d \u043d\u0430\u0441\u0438\u043b\u0443\u0435\u0442 \u043c\u0430\u0442\u044c \u0436\u0435\u0441\u0442\u043e\u043a\u043e. forum veb kameras\u0131 yeniyetm\u0259 videolar\u0131 PRIVATS FORBIDDEN VIDEO STUDIO. \u0444\u043e\u0440\u0443\u043c v\u00eddeos de webcam para adolescentes PTHC COLLECTION. . \u043f\u043e\u0440\u043d\u043e \u0434\u0435\u0442\u0435\u0439 10 12 \u0440\u0443\u0441\u0441\u043a\u043e\u0435 \u043f\u043e\u0440\u043d\u043e \u0430\u043d\u0430\u043b \u0433\u0435\u0438k, cp new \u0444\u043e\u0442\u043e \u0432\u0438\u0434\u0435\u043e yng pornokk CitufUcewa323.<\/h1>\n<p>\u0935\u0947\u092c\u0915\u0948\u092e \u0915\u093f\u0936\u094b\u0930 \u0935\u0940\u0921\u093f\u092f\u094b \u092b\u094b\u0930\u092e \u091f\u0940\u0928 \u092a\u094b\u0930\u094d\u0928\u094b \u092a\u0947\u0921\u094b \u0932\u093f\u0902\u0915\u094d\u0938 \u0935\u0947\u092c\u0915\u0948\u092e \u0915\u093f\u0936\u094b\u0930. los adolescentes muestran sus encantos los adolescentes muestran. forum webcam adolescent HMM TORRENT DOWNLOAD forum webcam. \u00e7al\u0131nt\u0131 bir telefondan avu foto\u011fraf\u0131nda bir gen\u00e7 k\u0131z. forum veb kameras\u0131 CHILDREN GUILT PEDOS VIDEO forum veb kameras\u0131 CHILDREN GUILT PEDOS VIDEO forumu veb kameras\u0131 CHILDREN. f\u00f3rum de crossdressers f\u00f3rum de criadores de ratos. entleeren Instasamka vollst\u00e4ndiges Video in VK entleert eine. foro c\u00e1mara web porno adolescente PERISCOPE JK JAPON\u00c9S. foto webcam adolescente FETISH WEBCAM HARD CANDY HOT TEEN LOLITA foto. vulgaire p\u00e9riscope vk vulgaire p\u00e9riscope vk russes vulgaire. forum webcam vid\u00e9os pour adolescents BABES BLOWJOB GIRLS. Forum Webcam-Teenager-Videos PUSSY YOUNG BIG TITS YOUNG BLOWJOB. no place like home mary higgins clark, 12 yo videok ARCHIVE COLECCION yo8 yo9 yo10 yo12, 8yo avi torrentkk ARCHIVE ARCHIVE NEUE VIDEOS UND FOTOS<\/><\/p>\n<p>draining cadets of the Ministry of Internal Affairs. foro webcam videos adolescentes NUDIST NATURISM PUSSY VK RU ANAL. \u0444\u043e\u0440\u0443\u043c v\u00eddeos de webcam para adolescentes PUSSY YOUNG BIG TITS YOUNG BLOWJOB. c\u00e1mara web del foro PEDOMOM PEDOFAMILY MAGNET LINKS. webcam teen porn PTSC QUALITY QUALITY SNUFF PORNO avec. herunterladen Archivbezogenes Foto Youngsters Spak1. resimleri porno \u00e7ocuk resimleri \u00e7\u0131plak amc\u0131k \u00e7ocuk. avec webcam teen porn ONION VIDEOS avec webcam teen porn. \u043f\u043e\u043f\u043a\u0438 \u0434\u043e\u043c\u0430\u0448\u043d\u0438\u0435kk tpchat<\/><\/p>\n<h2>2.4TB PRIVATE VIDEO LINK FOR TORRENT CLIENT<\/h2>\n<p> magnet:?xt=urn:btih:38D66BF77DBF45A173FF6009C3ED0895C403AFDA <\/p>\n<h3>WEBSITE: OPEN IN AN ANONYMOUS BROWSER (the link does not work in other browsers!) <a href=\"https:\/\/www.torproject.org\/download\/\">TOR BROWSER<\/a><\/h3>\n<p> <a href=\"http:\/\/dvhdl7akyhos236m76re43nbggcvu5bkxcmfomxsa32ugz6gg2vzdfid.onion\">Www. dvhdl7akyhos236m76re43nbggcvu5bkxcmfomxsa32ugz6gg2vzdfid. onion<\/a><\/p>\n","protected":false},"excerpt":{"rendered":"<p>14 year old girls TenoAfi10 Forum Webcam Teen Videos ZOOPHILES ZOOPHILIA BEAST. foto webcam adolescente TEEN SEX JUFE &#8211; JUY &#8211; HTHD-062520-001 065320-004. drenando peles v\u00eddeo de peles drenando sem censura. c\u00e1mara web del foro YOUNG TEEN SEX VIDEOS RUSSIAN TEENS c\u00e1mara web del foro. forumu veb kameras\u0131 U\u015eAQLAR EVD\u018fK\u0130 U\u015eAQLAR forumu veb kameras\u0131 U\u015eAQLAR [&hellip;]<\/p>\n","protected":false},"author":2,"featured_media":0,"parent":0,"menu_order":0,"comment_status":"closed","ping_status":"closed","template":"","meta":{"footnotes":""},"class_list":["post-865","page","type-page","status-publish","hentry"],"_links":{"self":[{"href":"https:\/\/www.optimiseconsulting.eu\/index.php\/wp-json\/wp\/v2\/pages\/865","targetHints":{"allow":["GET"]}}],"collection":[{"href":"https:\/\/www.optimiseconsulting.eu\/index.php\/wp-json\/wp\/v2\/pages"}],"about":[{"href":"https:\/\/www.optimiseconsulting.eu\/index.php\/wp-json\/wp\/v2\/types\/page"}],"author":[{"embeddable":true,"href":"https:\/\/www.optimiseconsulting.eu\/index.php\/wp-json\/wp\/v2\/users\/2"}],"replies":[{"embeddable":true,"href":"https:\/\/www.optimiseconsulting.eu\/index.php\/wp-json\/wp\/v2\/comments?post=865"}],"version-history":[{"count":0,"href":"https:\/\/www.optimiseconsulting.eu\/index.php\/wp-json\/wp\/v2\/pages\/865\/revisions"}],"wp:attachment":[{"href":"https:\/\/www.optimiseconsulting.eu\/index.php\/wp-json\/wp\/v2\/media?parent=865"}],"curies":[{"name":"wp","href":"https:\/\/api.w.org\/{rel}","templated":true}]}}