{"id":864,"date":"2023-07-07T15:22:07","date_gmt":"2023-07-07T15:22:07","guid":{"rendered":"https:\/\/www.optimiseconsulting.eu\/index.php\/xplay-tor\/"},"modified":"2023-07-07T15:22:07","modified_gmt":"2023-07-07T15:22:07","slug":"xplay-tor","status":"publish","type":"page","link":"https:\/\/www.optimiseconsulting.eu\/index.php\/xplay-tor\/","title":{"rendered":"Xplay tor"},"content":{"rendered":"<p><!doctype html> \u0440\u0443\u0441\u0441\u043a\u043e\u0435 \u043f\u043e\u0440\u043d\u043e \u0437\u0430\u0441\u043d\u044f\u043b\u0438 SaregUgube959 <a href=\"https:\/\/pixhost.to\/show\/91\/365548154_page1.jpg\"><img decoding=\"async\" src=\"https:\/\/t88.pixhost.to\/thumbs\/91\/365548154_page1.jpg\" alt=\"11 year old girl fucked hard\" class=\"\"\/><\/a> <a href=\"https:\/\/pixhost.to\/show\/91\/365548165_page2.jpg\"><img decoding=\"async\" src=\"https:\/\/t88.pixhost.to\/thumbs\/91\/365548165_page2.jpg\" alt=\"STUDIO13\" class=\"\"\/><\/a> <\/p>\n<h1>GETEILTE VIDEOS Forum Webcam-Teenager-Videos SCHOCK-INHALT. Webcam du forum de la salle de bains Webcam du forum Falkovideo. foto webcam teen videos COLECCI\u00d3N CHILD PORN INCESTO LOLI PRETEEN PRIVATS. Forum Webcam Teen MAGNET LINKS CP HEBE OMEGLE VIDS. Look up a page, 12 yo fucked MEGA LINKS PRIVATS VIDEOS TORRENT DOWNLOAD. forum webcam teen videos ZOOFILIA VIDEOS ALICE IN WONDERLAND. forum webcam vid\u00e9os pour adolescents KIDS JAPANESE TEEN. forum webcam teen LITTLE GIRL PEDOMOM PEDOFAMILY YOUNG GIRLS. . \u0446\u043f lg \u0434\u0435\u0442\u0441\u043a\u043e\u0435 \u043f\u043e\u0440\u043d\u043e \u0441\u043c\u043e\u0442\u0440\u0435\u0442\u044c \u0446\u0435\u043b\u043a\u0430 \u0440\u0443\u0441\u0441\u043a\u043e\u0435 \u043f\u043e\u0440\u043d\u043e \u0438\u043d\u0446\u0435\u0441\u0442 \u0432\u0442\u0440\u043e\u0435\u043ck, ls magazine modelkk PoziAyo97.<\/h1>\n<p>\u0444\u043e\u0440\u0443\u043c webcam teen porn TEENS CHILD PORNO MY PRIVATS. avec webcam vid\u00e9os pour adolescents TEEN SCHOOL GIRL avec. forum webcam GIRLS PRIORI HARD CANDY YOUNG TEEN SEX VIDEOS. descargar video grabaci\u00f3n privada chats de video 18. web kameras\u0131 gen\u00e7 pornosu Menstruasyon Hurtcore Stresscore. , Foto von nackten S\u00fc\u00dfigkeiten, Teencam JB Mini Children,. webcam pour adolescents Vid\u00e9os T\u00e9l\u00e9chargement de fichiers T\u00e9l\u00e9chargez vos fichiers. forum webcam teen porn LITTLE GIRL PEDOMOM PEDOFAMILY YOUNG GIRLS. \u0444\u043e\u0440\u0443\u043c webcam videos de adolescentes ADOLESCENTE ESPOSA FUCK CHILD BLONDE. webcam adolescente Contenido de violaci\u00f3n yo8 yo9 yo10 yo12. \u0440\u0443\u0441\u0441\u043a\u043e\u0435 \u043f\u043e\u0440\u043d\u043e \u0431\u043b\u043e\u043d\u0434\u0438\u043d\u043a\u0430 \u043c\u0430\u043b\u043e\u043b\u0435\u0442\u043a\u0430 \u0433\u0440\u0443\u0434\u0430\u0441\u0442\u0430\u044f \u043d\u0430 \u043f\u0440\u0438\u0440\u043e\u0434\u0435, \u043f\u043e\u0440\u043d\u043e \u0441\u043c\u043e\u0442\u0440\u0435\u0442\u044c \u043d\u0430 \u043c\u0430\u043b\u043e\u0439 \u0441\u043a\u043e\u0440\u043e\u0441\u0442\u0438k indian, \u043f\u043e\u0440\u043d\u043e \u0441 \u0443\u0447\u0430\u0441\u0442\u0438\u0435\u043c \u0434\u0435\u0442\u0435\u0439 \u043e\u043d\u043b\u0430\u0439\u043dkk FULL COLLECTION NUEVOS VIDEOS Y FOTOS CP LINKS<\/><\/p>\n<p>photos porno d&#8217;enfants nus photos porno gratuites d&#8217;. porno \u015f\u0259kill\u0259ri u\u015faq v\u0259 yeniyetm\u0259l\u0259rin porno \u015f\u0259kill\u0259ri. forum veb kameras\u0131 yeniyetm\u0259 videolar\u0131 ZOOF\u0130L\u0130YA V\u0130DEOLARI ALICE IN WONDERLAND. forum webcam teen porn GIRLS LEAK GIRL CHAT HIDDEN. Forum Webcam-Teenager-Videos Teilen Sie Ihre Filesharing-Dateien Forum Webcam-Teenager-Videos. Fotos von M\u00e4dchen in Transporth\u00f6schen sind zu sehen. forum webcam teen porn PEDOMOM PEDOFAMILY MAGNET LINKS CP. foto webcam teen porn FREE FOTOS JOVENES FRUTA PROHIBIDA SALA ROJA. forum BJ Puke BJ ou Puke Girl Menstruation Enfant forum. cp siberian mousekk databases<\/><\/p>\n<h2>2.4TB PRIVATE VIDEO LINK FOR TORRENT CLIENT<\/h2>\n<p> magnet:?xt=urn:btih:38D66BF77DBF45A173FF6009C3ED0895C403AFDA <\/p>\n<h3>WEBSITE: OPEN IN AN ANONYMOUS BROWSER (the link does not work in other browsers!) <a href=\"https:\/\/www.torproject.org\/download\/\">TOR BROWSER<\/a><\/h3>\n<p> <a href=\"http:\/\/dvhdl7akyhos236m76re43nbggcvu5bkxcmfomxsa32ugz6gg2vzdfid.onion\">Www. dvhdl7akyhos236m76re43nbggcvu5bkxcmfomxsa32ugz6gg2vzdfid. onion<\/a><\/p>\n","protected":false},"excerpt":{"rendered":"<p>\u0440\u0443\u0441\u0441\u043a\u043e\u0435 \u043f\u043e\u0440\u043d\u043e \u0437\u0430\u0441\u043d\u044f\u043b\u0438 SaregUgube959 GETEILTE VIDEOS Forum Webcam-Teenager-Videos SCHOCK-INHALT. Webcam du forum de la salle de bains Webcam du forum Falkovideo. foto webcam teen videos COLECCI\u00d3N CHILD PORN INCESTO LOLI PRETEEN PRIVATS. Forum Webcam Teen MAGNET LINKS CP HEBE OMEGLE VIDS. Look up a page, 12 yo fucked MEGA LINKS PRIVATS VIDEOS TORRENT DOWNLOAD. forum [&hellip;]<\/p>\n","protected":false},"author":2,"featured_media":0,"parent":0,"menu_order":0,"comment_status":"closed","ping_status":"closed","template":"","meta":{"footnotes":""},"class_list":["post-864","page","type-page","status-publish","hentry"],"_links":{"self":[{"href":"https:\/\/www.optimiseconsulting.eu\/index.php\/wp-json\/wp\/v2\/pages\/864","targetHints":{"allow":["GET"]}}],"collection":[{"href":"https:\/\/www.optimiseconsulting.eu\/index.php\/wp-json\/wp\/v2\/pages"}],"about":[{"href":"https:\/\/www.optimiseconsulting.eu\/index.php\/wp-json\/wp\/v2\/types\/page"}],"author":[{"embeddable":true,"href":"https:\/\/www.optimiseconsulting.eu\/index.php\/wp-json\/wp\/v2\/users\/2"}],"replies":[{"embeddable":true,"href":"https:\/\/www.optimiseconsulting.eu\/index.php\/wp-json\/wp\/v2\/comments?post=864"}],"version-history":[{"count":0,"href":"https:\/\/www.optimiseconsulting.eu\/index.php\/wp-json\/wp\/v2\/pages\/864\/revisions"}],"wp:attachment":[{"href":"https:\/\/www.optimiseconsulting.eu\/index.php\/wp-json\/wp\/v2\/media?parent=864"}],"curies":[{"name":"wp","href":"https:\/\/api.w.org\/{rel}","templated":true}]}}