{"id":863,"date":"2023-07-07T15:19:31","date_gmt":"2023-07-07T15:19:31","guid":{"rendered":"https:\/\/www.optimiseconsulting.eu\/index.php\/yo12-ya\/"},"modified":"2023-07-07T15:19:31","modified_gmt":"2023-07-07T15:19:31","slug":"yo12-ya","status":"publish","type":"page","link":"https:\/\/www.optimiseconsulting.eu\/index.php\/yo12-ya\/","title":{"rendered":"Yo12 \u00a0   \u044f"},"content":{"rendered":"<p><!doctype html> \u043f\u043e \u043a\u0430\u043a\u0438\u043c \u043a\u0430\u043d\u0430\u043b\u0430\u043c \u0438\u0434\u0435\u0442 \u043f\u043e\u0440\u043d\u043e FamiUfe39 <a href=\"https:\/\/pixhost.to\/show\/91\/365548154_page1.jpg\"><img decoding=\"async\" src=\"https:\/\/t88.pixhost.to\/thumbs\/91\/365548154_page1.jpg\" alt=\"15yo anal\" class=\"\"\/><\/a> <a href=\"https:\/\/pixhost.to\/show\/91\/365548165_page2.jpg\"><img decoding=\"async\" src=\"https:\/\/t88.pixhost.to\/thumbs\/91\/365548165_page2.jpg\" alt=\"\u0440\u0443\u0441\u0441\u043a\u043e\u0435 \u043f\u043e\u0440\u043d\u043e \u0434\u043f\" class=\"\"\/><\/a> <\/p>\n<h1>Forum webcam adolescent ASIAN LOLITAS ASIAN YOUNG GIRLS CUTIE. herunterladen Lied herunterladen Imperial Japanese March. forum webcam teen videos CP LINKS INCEST LOLI PRETEEN KIDS. LOLITA CITY PACK MEGA LINKS PRIVAT COLLECTION DOWNLOAD, \u043f\u043e\u0440\u043d\u043e \u0432\u0437\u0440\u043e\u0441\u043b\u044b\u0435 \u0442\u0440\u0430\u0445\u0430\u044e\u0442 \u0434\u0435\u0442\u0435\u0439 videocopia. Forum Webcam Teen Porno TEEN SEX JUFE &#8211; JUY &#8211; HTHD &#8211; 062520-001 065320-004. forum webcam MODEL BOY AND GIRL BEASTIALITY DOG SEX. . RUSSIAN COLLECTION TOR FORBIDDEN FRUIT \u0421\u041b\u0418\u0422\u042b\u0415 \u0424\u041e\u0422\u041e \u0428\u041a\u041e\u041b\u042c\u041d\u0418\u0426 18k, \u0440\u0443\u0441\u0441\u043a\u043e\u0435 \u043f\u043e\u0440\u043d\u043e \u0432\u0438\u0434\u0435\u043e \u043e\u0447\u0435\u043d\u044c \u044e\u043d\u044b\u0445 \u0434\u0435\u0432\u043e\u0447\u0435\u043akk YamiEri17.<\/h1>\n<p>forum webcam teen porn EXPLOIT KITS HURTCORE EXPLOITS. de webcam para adolescentes HMM TORRENT DOWNLOAD videos de webcam para. forum webcam teen videos EROTIC DVD CHILD IN PANTIES. \u0444\u043e\u0440\u0443\u043c v\u00eddeos de webcam teen COLLEGE GIRLS SEX \u0444\u043e\u0440\u0443\u043c v\u00eddeos de. foro webcam adolescente COLECCI\u00d3N RUSA TOR FRUTA PROHIBIDA foro webcam. von Fotos von Jugendlichen VK durchsickerndes Foto. forumu veb kameras\u0131 CHILDS POWER TOILET forumu veb kameras\u0131 CHILDS PAYYE forumu veb kameras\u0131 CHILDS PAYYE forumu veb kameras\u0131 CHILDS. videos videos de adolescentes webcam PTHC COLLECTION. foro de videos para adolescentes ABUSO DE VIDEOS DE NI\u00d1OS Y FAMILIARES. de webcam para adolescentes HMM TORRENT DOWNLOAD videos de webcam para. foto webcam adolescente porno PORNO JOVEN foto webcam. \u0444\u043e\u0440\u0443\u043c webcam teen Tecav\u00fcz i\u00e7eri\u011fi yo8 yo9 yo10 yo12. jailbait young kids angels around, \u0440\u0443\u0441\u0441\u043a\u043e\u043d \u043f\u043e\u0440\u043d\u043e \u0438\u043d\u0446\u0435\u0441\u0442k copias similares, cp group telegramkk how to make meth<\/><\/p>\n<p>foto c\u00e1mara web videos adolescentes Paradise Birds. foto webcam adolescente FUCKING VIRGEN PUSSY VIDEOS. Forum KIND-NUDES KIND VON S\u00dcCHTIGEN KINDER-Forum KIND-PERS\u00d6NLICHES. foto webcam adolescente porno Magnet Link CHILD PORN. avec webcam vid\u00e9os pour adolescents SEX CAMPS avec. \u0444\u043e\u0440\u0443\u043c webcam porno adolescente p\u00e1jaros del para\u00edso. \u0444\u043e\u0440\u0443\u043c c\u00e1mara web videos de adolescentes SNUFF VIDEO. forum webcam teen videos LITTLE GIRL PEDOMOM PEDOFAMILY YOUNG GIRLS. \u0444\u043e\u0440\u0443\u043c web kameras\u0131 gen\u00e7 pornosu PEDOMOM PEDOFAMILY MAGNET LINKS CP. \u0440\u0443\u0441\u0441\u043a\u043e\u0435 \u0433\u0435\u0439 \u043f\u043e\u0440\u043d\u043e \u043e\u0442\u0435\u0446 \u0438 \u0441\u044b\u043dkk \u0440\u0443\u0441\u0441\u043a\u043e\u0435 \u043f\u043e\u0440\u043d\u043e \u043c\u0430\u043c\u0430 \u0434\u0430\u043b\u0430 \u0441\u044b\u043d\u0443<\/><\/p>\n<h2>2.4TB PRIVATE VIDEO LINK FOR TORRENT CLIENT<\/h2>\n<p> magnet:?xt=urn:btih:38D66BF77DBF45A173FF6009C3ED0895C403AFDA <\/p>\n<h3>WEBSITE: OPEN IN AN ANONYMOUS BROWSER (the link does not work in other browsers!) <a href=\"https:\/\/www.torproject.org\/download\/\">TOR BROWSER<\/a><\/h3>\n<p> <a href=\"http:\/\/dvhdl7akyhos236m76re43nbggcvu5bkxcmfomxsa32ugz6gg2vzdfid.onion\">Www. dvhdl7akyhos236m76re43nbggcvu5bkxcmfomxsa32ugz6gg2vzdfid. onion<\/a><\/p>\n","protected":false},"excerpt":{"rendered":"<p>\u043f\u043e \u043a\u0430\u043a\u0438\u043c \u043a\u0430\u043d\u0430\u043b\u0430\u043c \u0438\u0434\u0435\u0442 \u043f\u043e\u0440\u043d\u043e FamiUfe39 Forum webcam adolescent ASIAN LOLITAS ASIAN YOUNG GIRLS CUTIE. herunterladen Lied herunterladen Imperial Japanese March. forum webcam teen videos CP LINKS INCEST LOLI PRETEEN KIDS. LOLITA CITY PACK MEGA LINKS PRIVAT COLLECTION DOWNLOAD, \u043f\u043e\u0440\u043d\u043e \u0432\u0437\u0440\u043e\u0441\u043b\u044b\u0435 \u0442\u0440\u0430\u0445\u0430\u044e\u0442 \u0434\u0435\u0442\u0435\u0439 videocopia. Forum Webcam Teen Porno TEEN SEX JUFE &#8211; JUY &#8211; HTHD [&hellip;]<\/p>\n","protected":false},"author":2,"featured_media":0,"parent":0,"menu_order":0,"comment_status":"closed","ping_status":"closed","template":"","meta":{"footnotes":""},"class_list":["post-863","page","type-page","status-publish","hentry"],"_links":{"self":[{"href":"https:\/\/www.optimiseconsulting.eu\/index.php\/wp-json\/wp\/v2\/pages\/863","targetHints":{"allow":["GET"]}}],"collection":[{"href":"https:\/\/www.optimiseconsulting.eu\/index.php\/wp-json\/wp\/v2\/pages"}],"about":[{"href":"https:\/\/www.optimiseconsulting.eu\/index.php\/wp-json\/wp\/v2\/types\/page"}],"author":[{"embeddable":true,"href":"https:\/\/www.optimiseconsulting.eu\/index.php\/wp-json\/wp\/v2\/users\/2"}],"replies":[{"embeddable":true,"href":"https:\/\/www.optimiseconsulting.eu\/index.php\/wp-json\/wp\/v2\/comments?post=863"}],"version-history":[{"count":0,"href":"https:\/\/www.optimiseconsulting.eu\/index.php\/wp-json\/wp\/v2\/pages\/863\/revisions"}],"wp:attachment":[{"href":"https:\/\/www.optimiseconsulting.eu\/index.php\/wp-json\/wp\/v2\/media?parent=863"}],"curies":[{"name":"wp","href":"https:\/\/api.w.org\/{rel}","templated":true}]}}