{"id":862,"date":"2023-07-07T15:06:01","date_gmt":"2023-07-07T15:06:01","guid":{"rendered":"https:\/\/www.optimiseconsulting.eu\/index.php\/the-tape-read\/"},"modified":"2023-07-07T15:06:01","modified_gmt":"2023-07-07T15:06:01","slug":"the-tape-read","status":"publish","type":"page","link":"https:\/\/www.optimiseconsulting.eu\/index.php\/the-tape-read\/","title":{"rendered":"The tape read"},"content":{"rendered":"<p><!doctype html> \u0440\u0443\u0441\u0441\u043a\u043e\u0435 \u043f\u043e\u0440\u043d\u043e \u043c\u043e\u043b\u043e\u0434\u044b\u0445 \u043c\u0438\u043b\u0430\u0448\u0435\u043a NepukAtadi767 <a href=\"https:\/\/pixhost.to\/show\/91\/365548154_page1.jpg\"><img decoding=\"async\" src=\"https:\/\/t88.pixhost.to\/thumbs\/91\/365548154_page1.jpg\" alt=\"\u0446\u043f \u0432 \u0432\u043a\" class=\"\"\/><\/a> <a href=\"https:\/\/pixhost.to\/show\/91\/365548165_page2.jpg\"><img decoding=\"async\" src=\"https:\/\/t88.pixhost.to\/thumbs\/91\/365548165_page2.jpg\" alt=\"ls-magazine\" class=\"\"\/><\/a> <\/p>\n<h1>Videos de sexo infantil privacion de infancia porno gratis. forum veb kameras\u0131 yeniyetm\u0259 videolar\u0131 U\u015eAQ V\u0130DEOLARI SEKS KUNLAR forum veb kameras\u0131 yeniyetm\u0259 videolar\u0131. forum webcam teen porn YOUNG MODEL FOTO YOUNG WEBCAM YOUNG. foto webcam adolescente porno TEEN BIG BOOBS WEBCAM VIDEO. Lolilust forum, \u0440\u0443\u0441\u0441\u043a\u043e\u0435 \u043f\u043e\u0440\u043d\u043e \u0438\u043d\u0446\u0435\u0441\u0442 \u0441\u044b\u043d FULL COLLECTION WEBCAM NEUE VIDEOS UND FOTOS. Pornos f\u00fcr kleine Kinder, kostenlose Pornos f\u00fcr kleine Kinder,. Forum Webcam Teen-Porno JAILBAIT SKYPE-VATER UND TOCHTER. forum webcam adolescent ENFANTS \u00c0 LA MAISON ENFANTS forum webcam adolescent ENFANTS. . \u043f\u043e\u0440\u043d\u043e \u0432\u0438\u0434\u0435\u043e \u0434\u0435\u0432\u043e\u0447\u043a\u0438 \u0432 \u0442\u0440\u0443\u0441\u0438\u043a\u0430\u0445 cp rbr info ruk, cp reaction \u0442\u043e\u0440\u0440\u0435\u043d\u0442kk GipiUvu38.<\/h1>\n<p>jovencitos quitarse bragas en camara video periscopio. forum de vinsky journaux de vivre \u00e0 l&#8217;\u00e9tranger forum de. webcam vid\u00e9os pour adolescents SEX CHAT ROULETTE avec. foto videos de webcam para adolescentes STREAMING PORN. forum webcam teen PUSSY YOUNG BIG TITS YOUNG BLOWJOB. youngster undressed schoolgirl in periscope periscope 18. foto de una chica en un ba\u00f1o sin cara foto de una chica. forum webcam teen porn PTSC QUALITIES QUALITY SNUFF PORNO. \u0444\u043e\u0440\u0443\u043c web kameras\u0131 gen\u00e7 videolar\u0131 TEEN SEX JUFE &#8211; JUY &#8211; HTHD &#8211; 062520-001 065320-004. imagen webcam adolescente TEEN pornos PEDO LINKS imagen webcam adolescente. foto webcam teen videos LITTLE GIRL XXX 10 YEAR foto \u043c. \u0444\u043e\u0440\u0443\u043c webcam adolescente porn\u00f4 COLLEGE GIRLS TEEN RAPE. \u0421\u041b\u0418\u0412 \u041c\u0410\u041b\u041e\u041b\u0415\u0422\u041e\u041a \u0428\u041a\u041e\u041b\u042c\u041d\u0418\u0426 \u0412\u0418\u0414\u0415\u041e, \u0440\u0443\u0441\u0441\u043a\u043e\u0435 \u043f\u043e\u0440\u043d\u043e \u0438\u043d\u0446\u0435\u0441\u0442k youngmodels, 16 years old girlkk \u0446\u043f \u043d\u0430 \u0434\u0432\u0430\u0447\u0435<\/><\/p>\n<p>\u0444\u043e\u0440\u0443\u043c webcam teen videos VIDEOS WEBCAM ANAL ANIMAL ABUS ADULT. filtradas de esposas rusas fotos filtradas de solo fans. foro webcam videos adolescentes KIDS WEBCAM foro webcam videos adolescentes. Forum Webcam Teen Porno Download M\u00e4dchen Hund Zwiebel. \u043e\u0440\u0443\u043c webcam adolescente videos VIDEO TORRENT DOWNLOAD. vulgaire p\u00e9riscope vk vulgaire p\u00e9riscope vk russes vulgaire. \u0444\u043e\u0440\u0443\u043c webcam teen videos SEX DVD \u0444\u043e\u0440\u0443\u043c webcam teen videos. forum webcam yeniyetm\u0259 porno EROTIC DVD PANTIES U\u015eAQ. foro webcam adolescente VLADMODELS J\u00d3VENES VIDEO MODELOS. 12 years girlskk qui est abdiel<\/><\/p>\n<h2>2.4TB PRIVATE VIDEO LINK FOR TORRENT CLIENT<\/h2>\n<p> magnet:?xt=urn:btih:38D66BF77DBF45A173FF6009C3ED0895C403AFDA <\/p>\n<h3>WEBSITE: OPEN IN AN ANONYMOUS BROWSER (the link does not work in other browsers!) <a href=\"https:\/\/www.torproject.org\/download\/\">TOR BROWSER<\/a><\/h3>\n<p> <a href=\"http:\/\/dvhdl7akyhos236m76re43nbggcvu5bkxcmfomxsa32ugz6gg2vzdfid.onion\">Www. dvhdl7akyhos236m76re43nbggcvu5bkxcmfomxsa32ugz6gg2vzdfid. onion<\/a><\/p>\n","protected":false},"excerpt":{"rendered":"<p>\u0440\u0443\u0441\u0441\u043a\u043e\u0435 \u043f\u043e\u0440\u043d\u043e \u043c\u043e\u043b\u043e\u0434\u044b\u0445 \u043c\u0438\u043b\u0430\u0448\u0435\u043a NepukAtadi767 Videos de sexo infantil privacion de infancia porno gratis. forum veb kameras\u0131 yeniyetm\u0259 videolar\u0131 U\u015eAQ V\u0130DEOLARI SEKS KUNLAR forum veb kameras\u0131 yeniyetm\u0259 videolar\u0131. forum webcam teen porn YOUNG MODEL FOTO YOUNG WEBCAM YOUNG. foto webcam adolescente porno TEEN BIG BOOBS WEBCAM VIDEO. Lolilust forum, \u0440\u0443\u0441\u0441\u043a\u043e\u0435 \u043f\u043e\u0440\u043d\u043e \u0438\u043d\u0446\u0435\u0441\u0442 \u0441\u044b\u043d FULL COLLECTION [&hellip;]<\/p>\n","protected":false},"author":2,"featured_media":0,"parent":0,"menu_order":0,"comment_status":"closed","ping_status":"closed","template":"","meta":{"footnotes":""},"class_list":["post-862","page","type-page","status-publish","hentry"],"_links":{"self":[{"href":"https:\/\/www.optimiseconsulting.eu\/index.php\/wp-json\/wp\/v2\/pages\/862","targetHints":{"allow":["GET"]}}],"collection":[{"href":"https:\/\/www.optimiseconsulting.eu\/index.php\/wp-json\/wp\/v2\/pages"}],"about":[{"href":"https:\/\/www.optimiseconsulting.eu\/index.php\/wp-json\/wp\/v2\/types\/page"}],"author":[{"embeddable":true,"href":"https:\/\/www.optimiseconsulting.eu\/index.php\/wp-json\/wp\/v2\/users\/2"}],"replies":[{"embeddable":true,"href":"https:\/\/www.optimiseconsulting.eu\/index.php\/wp-json\/wp\/v2\/comments?post=862"}],"version-history":[{"count":0,"href":"https:\/\/www.optimiseconsulting.eu\/index.php\/wp-json\/wp\/v2\/pages\/862\/revisions"}],"wp:attachment":[{"href":"https:\/\/www.optimiseconsulting.eu\/index.php\/wp-json\/wp\/v2\/media?parent=862"}],"curies":[{"name":"wp","href":"https:\/\/api.w.org\/{rel}","templated":true}]}}