{"id":861,"date":"2023-07-07T15:01:17","date_gmt":"2023-07-07T15:01:17","guid":{"rendered":"https:\/\/www.optimiseconsulting.eu\/index.php\/teens-forum\/"},"modified":"2023-07-07T15:01:17","modified_gmt":"2023-07-07T15:01:17","slug":"teens-forum","status":"publish","type":"page","link":"https:\/\/www.optimiseconsulting.eu\/index.php\/teens-forum\/","title":{"rendered":"Teens forum"},"content":{"rendered":"<p><!doctype html> 12 13 14 yo nude NaqaUri71 <a href=\"https:\/\/pixhost.to\/show\/91\/365548154_page1.jpg\"><img decoding=\"async\" src=\"https:\/\/t88.pixhost.to\/thumbs\/91\/365548154_page1.jpg\" alt=\"\u043f\u043e\u0440\u043d\u043e \u0444\u043e\u0442\u043e \u0434\u0435\u0442\u0435\u0439 \u043e\u043d\u043b\u0430\u0439\u043d \u0431\u0435\u0441\u043f\u043b\u0430\u0442\u043d\u043e\" class=\"\"\/><\/a> <a href=\"https:\/\/pixhost.to\/show\/91\/365548165_page2.jpg\"><img decoding=\"async\" src=\"https:\/\/t88.pixhost.to\/thumbs\/91\/365548165_page2.jpg\" alt=\"\u0421\u041b\u0418\u0412 13 \u041b\u0415\u0422\u041d\u0418\u0425 \u0428\u041a\u041e\u041b\u042c\u041d\u0418\u0426\" class=\"\"\/><\/a> <\/p>\n<h1>Forum Webcam Teenager TEEN BIG BOOBS WEBCAM VIDEO Forum Webcam. foto webcam adolescente porno NI\u00d1O REN ABUSE TORRENT. vidange instafemale vid\u00e9o vidange vk compl\u00e8te instafemale. Klava Coca abtropfen lassen 18 Fotos aus dem Wagen. LOLI VIDEO LS MODEL LOLILUST LS MODELS LOLI LUST LS MAGAZINE LOLICON MODELS MEGANZ MAGIC KINGDOM NN MODEL, \u043f\u043e\u0447\u0435\u043c\u0443 \u0434\u0435\u0442\u044f\u043c \u043d\u0435\u043b\u044c\u0437\u044f \u0441\u043c\u043e\u0442\u0440\u0435\u0442\u044c \u043f\u043e\u0440\u043d\u043e \u0421\u041b\u0418\u0422\u042b\u0415 \u0424\u041e\u0422\u041e \u0421\u0422\u0423\u0414\u0415\u041d\u0422\u041e\u041a. avec webcam vid\u00e9os pour adolescents TEEN PORN STARS. forum webcam teen porn TEEN WIFE FUCK CHILD BLONDE. adolescente PORNO INFANTIL INCESTO LOLI PRE TEEN PRIVATS. . \u043d\u0430\u0441\u0438\u043b\u0443\u044e\u0442 \u0434\u0435\u0442\u0435\u0439 \u043f\u043e\u0440\u043d\u043e \u0440\u0443\u0441\u0441\u043a\u043e\u0435 \u043f\u043e\u0440\u043d\u043e \u043c\u0430\u043c\u0430 \u0441 \u0434\u043e\u0447\u043a\u043e\u0439 \u0441\u043c\u043e\u0442\u0440\u0435\u0442\u044c \u0431\u0435\u0441\u043f\u043b\u0430\u0442\u043d\u043ek, \u0440\u0443\u0441\u0441\u043a\u043e\u0435 \u0434\u0435\u0442\u0441\u043a\u043e\u0435 \u043f\u043e\u0440\u043d\u043ekk ZazoExo92.<\/h1>\n<p>foro webcam videos adolescentes KIDS SEX TORRENTS KIDS SHARED VIDEOS. foro porno adolescente ZOOFILIA VIDEOS ALICE IN WONDERLAND. webcam adolescente porno SEX CHATS KIDS imagen webcam adolescente porno. \u0444\u043e\u0440\u0443\u043c webcam teen videos NUDISME NATURISME EN RUSSIE. forum webcam teen porn STUDIO COLLECTION TORRENT DOWNLOAD. forumu veb kameras\u0131 yeniyetm\u0259 EROT\u0130K DVD CHILD IN PANTIES. forum webcam teen videos MODEL BOY AND GIRL BEASTIALITY DOG SEX. entradas privadas darina1 yourgoddess entradas privadas. imagen webcam adolescente porno SEX CHAT RULETA imagen. \u0440\u0443\u0441\u0441\u043a\u043e\u0435 \u043f\u043e\u0440\u043d\u043e \u0434\u0435\u0432\u043e\u0447\u043a\u0438 \u0446\u0435\u043b\u043e\u0447\u043a\u0438, \u0440\u0443\u0441\u0441\u043a\u043e\u0435 \u043f\u043e\u0440\u043d\u043e \u043b\u044e\u0434\u043c\u0438\u043b\u0430k new collection, \u0440\u0443\u0441\u0441\u043a\u0443\u044e \u043c\u0430\u043c\u0443 \u0442\u0440\u0430\u0445\u043d\u0443\u043b\u0438 \u0440\u0430\u0447\u043a\u043e\u043c \u0441\u044b\u043d \u0441 \u0434\u0440\u0443\u0433\u043e\u043ckk slave toy<\/><\/p>\n<p>\u0444\u043e\u0440\u0443\u043c web kameras\u0131 gen\u00e7 Sex-Doll Tecav\u00fcz i\u00e7eri\u011fi yo8 yo9 yo10 yo12. forum webcam adolescent ASIAN LOLITAS ASIAN YOUNG GIRLS CUTIE. \u00e7al\u0131nt\u0131 bir telefondan avu foto\u011fraf\u0131nda bir gen\u00e7 k\u0131z. zeigen ihre Muschis vor der Webcam Jugendliche zeigen ihre Muschis vor der Webcam. \u0444\u043e\u0440\u0443\u043c v\u00eddeos de webcam para adolescentes PTHC COLLECTION. porn\u00f4 estupro de crian\u00e7as assistir porn\u00f4 estupro de crian\u00e7as. foro webcam adolescente porno 10 YEAR CP VODEOS KIDS. \u0421\u041b\u0418\u0412 \u0422\u0418\u041a\u0422\u041e\u041a\u0415\u0420\u0428 \u0411\u0415\u0417 \u0426\u0415\u041d\u0417\u0423\u0420\u042bkk underwater fetish<\/><\/p>\n<h2>2.4TB PRIVATE VIDEO LINK FOR TORRENT CLIENT<\/h2>\n<p> magnet:?xt=urn:btih:38D66BF77DBF45A173FF6009C3ED0895C403AFDA <\/p>\n<h3>WEBSITE: OPEN IN AN ANONYMOUS BROWSER (the link does not work in other browsers!) <a href=\"https:\/\/www.torproject.org\/download\/\">TOR BROWSER<\/a><\/h3>\n<p> <a href=\"http:\/\/dvhdl7akyhos236m76re43nbggcvu5bkxcmfomxsa32ugz6gg2vzdfid.onion\">Www. dvhdl7akyhos236m76re43nbggcvu5bkxcmfomxsa32ugz6gg2vzdfid. onion<\/a><\/p>\n","protected":false},"excerpt":{"rendered":"<p>12 13 14 yo nude NaqaUri71 Forum Webcam Teenager TEEN BIG BOOBS WEBCAM VIDEO Forum Webcam. foto webcam adolescente porno NI\u00d1O REN ABUSE TORRENT. vidange instafemale vid\u00e9o vidange vk compl\u00e8te instafemale. Klava Coca abtropfen lassen 18 Fotos aus dem Wagen. LOLI VIDEO LS MODEL LOLILUST LS MODELS LOLI LUST LS MAGAZINE LOLICON MODELS MEGANZ MAGIC [&hellip;]<\/p>\n","protected":false},"author":2,"featured_media":0,"parent":0,"menu_order":0,"comment_status":"closed","ping_status":"closed","template":"","meta":{"footnotes":""},"class_list":["post-861","page","type-page","status-publish","hentry"],"_links":{"self":[{"href":"https:\/\/www.optimiseconsulting.eu\/index.php\/wp-json\/wp\/v2\/pages\/861","targetHints":{"allow":["GET"]}}],"collection":[{"href":"https:\/\/www.optimiseconsulting.eu\/index.php\/wp-json\/wp\/v2\/pages"}],"about":[{"href":"https:\/\/www.optimiseconsulting.eu\/index.php\/wp-json\/wp\/v2\/types\/page"}],"author":[{"embeddable":true,"href":"https:\/\/www.optimiseconsulting.eu\/index.php\/wp-json\/wp\/v2\/users\/2"}],"replies":[{"embeddable":true,"href":"https:\/\/www.optimiseconsulting.eu\/index.php\/wp-json\/wp\/v2\/comments?post=861"}],"version-history":[{"count":0,"href":"https:\/\/www.optimiseconsulting.eu\/index.php\/wp-json\/wp\/v2\/pages\/861\/revisions"}],"wp:attachment":[{"href":"https:\/\/www.optimiseconsulting.eu\/index.php\/wp-json\/wp\/v2\/media?parent=861"}],"curies":[{"name":"wp","href":"https:\/\/api.w.org\/{rel}","templated":true}]}}