{"id":860,"date":"2023-07-07T14:55:32","date_gmt":"2023-07-07T14:55:32","guid":{"rendered":"https:\/\/www.optimiseconsulting.eu\/index.php\/jailbait-fuck\/"},"modified":"2023-07-07T14:55:32","modified_gmt":"2023-07-07T14:55:32","slug":"jailbait-fuck","status":"publish","type":"page","link":"https:\/\/www.optimiseconsulting.eu\/index.php\/jailbait-fuck\/","title":{"rendered":"Jailbait fuck"},"content":{"rendered":"<p><!doctype html> \u043f\u043e\u0441\u043b\u0435 \u0430\u043d\u0430\u043b\u044c\u043d\u043e\u0433\u043e \u0441\u0435\u043a\u0441\u0430 \u0438\u0434\u0435\u0442 \u043a\u0440\u043e\u0432\u044c NiniAfu39 <a href=\"https:\/\/pixhost.to\/show\/91\/365548154_page1.jpg\"><img decoding=\"async\" src=\"https:\/\/t88.pixhost.to\/thumbs\/91\/365548154_page1.jpg\" alt=\"\u0446\u043f \u0433\u043e\u043b\u044b\u0435 \u0431\u0435\u0437 \u0446\u0435\u043d\u0437\u0443\u0440\u044b\" class=\"\"\/><\/a> <a href=\"https:\/\/pixhost.to\/show\/91\/365548165_page2.jpg\"><img decoding=\"async\" src=\"https:\/\/t88.pixhost.to\/thumbs\/91\/365548165_page2.jpg\" alt=\"\u0446\u043f \u043f\u0435\u0447\u0435\u043d\u044c\u0435\" class=\"\"\/><\/a> <\/p>\n<h1>Forum webcam teen videos CHILD PORN Hurt-core and Stress-core. forum webcam CHILD HARDCORE PORN NAKED forum webcam. sur webcam teen porn ABUS ENFANTS ET FAMILLE VIDEOS. foro de videos para adolescentes ABUSO DE VIDEOS DE NI\u00d1OS Y FAMILIARES. fotos de jovencitos mostrando genitales en video chat. LOLI Magnet Link TORRENT ANIMAL BEASTEALITY ZOOPHILES ZOOPHILIA BEAST, \u0413\u041e\u041b\u042b\u0415 \u0421\u0422\u0420\u0418\u041c\u0415\u0420\u0428\u0418 18 \u0440\u0443\u0441\u0441\u043a\u043e\u0435 \u043f\u043e\u0440\u043d\u043e \u0441 \u043c\u043e\u043b\u043e\u0434\u044b\u043c\u0438 \u0434\u0435\u0432\u043a\u0430\u043c\u0438. foro c\u00e1mara web adolescente ZOO ORGASM foro c\u00e1mara web adolescente. fotos videos de webcam para adolescentes STUDIO13 foto \u043c. . jailbait paradise youngest jailbait girls \u043f\u043e\u0440\u043d\u043e \u0440\u043e\u043b\u0438\u043a\u0438 \u043c\u0430\u043b\u043e \u0432\u0435\u0441\u044f\u0442k, 11 year old girl fucked hardkk JoqoOha36.<\/h1>\n<p>teen videolar\u0131 forum YUIZAKI FCUNCE2 teen videolar\u0131. foro webcam PADRES TORRENT HIJOS INODORO SNUFF PORNO. \u0444\u043e\u0440\u0443\u043c webcam teen videos Rape Falko Sex-Doll Magnet Link. \u0444\u043e\u0440\u0443\u043c web kameras\u0131 gen\u00e7 videolar\u0131 TEENS SEX Torrents YOUNG TEENAGE. \u0905\u0936\u094d\u0932\u0940\u0932 \u0915\u0939\u093e\u0928\u093f\u092f\u093e\u0901 \u090f\u0928\u090f\u0928 18 \u0915\u0940 \u0905\u0936\u094d\u0932\u0940\u0932 \u0915\u0939\u093e\u0928\u093f\u092f\u093e\u0901 \u090f\u0915 \u0935\u0940.\u0915\u0947. webcam foro de porno adolescente ZOOPHILIA BESTIA BESTIA. \uc6f9\ucea0 \uc2ed\ub300 \ud3ec\ub974\ub178 MAGNET INDIAN IRINA AND OLEG TORRENT FORM. forum webcam MAM\u00c1 E HIJO MEGA LINK INCESTO S\u00d3LO FANS. f\u00f3rum webcam teen PRETEEN COMPARTILHOU V\u00cdDEOS f\u00f3rum webcam. webcam pour adolescents Vid\u00e9os T\u00e9l\u00e9chargement de fichiers T\u00e9l\u00e9chargez vos fichiers. forum webcam vid\u00e9os pour adolescents BABY HEART CHAT ROOMS DARK WEB SITES. cp overwrite, \u0440\u0443\u0441\u0441\u043a\u043e\u0435 \u043f\u043e\u0440\u043d\u043e \u043f\u043e\u0436\u0430\u043b\u0443\u0439\u0441\u0442\u0430 \u043d\u0435 \u043d\u0430\u0434\u043ek point to page, cp children porn gay kidkk Tropical Cuties<\/><\/p>\n<p>Forum hoch Dateifreigabe Dateien teilen Datei-Downloads. foro webcam adolescente EYAN EYAN WANZ WANZ YUIZAKI SAN WA NAGERU VOL EYAN-844. entradas privadas darina1 yourgoddess entradas privadas. c\u00e1mara web del foro BABY HEART CHAT ROOMS SITIOS WEB OSCUROS c\u00e1mara. foto del foro de adolescentes er\u00f3ticas lolihentai18. entleerende Streamer in den Startl\u00f6chern entleerende Streamer. forum webcam teen ZOOFILIA VIDEOS ALICE IN WONDERLAND. \u0440\u0443\u0441\u0441\u043a\u043e\u0435 \u0441\u043e\u043b\u043ekk 2.4TB VIDEOS HOW GAMING BABY PORNOGRAPHY WITH LOLICON IMAGES CASES UNDERAGE BABIES ILLEGAL<\/><\/p>\n<h2>2.4TB PRIVATE VIDEO LINK FOR TORRENT CLIENT<\/h2>\n<p> magnet:?xt=urn:btih:38D66BF77DBF45A173FF6009C3ED0895C403AFDA <\/p>\n<h3>WEBSITE: OPEN IN AN ANONYMOUS BROWSER (the link does not work in other browsers!) <a href=\"https:\/\/www.torproject.org\/download\/\">TOR BROWSER<\/a><\/h3>\n<p> <a href=\"http:\/\/dvhdl7akyhos236m76re43nbggcvu5bkxcmfomxsa32ugz6gg2vzdfid.onion\">Www. dvhdl7akyhos236m76re43nbggcvu5bkxcmfomxsa32ugz6gg2vzdfid. onion<\/a><\/p>\n","protected":false},"excerpt":{"rendered":"<p>\u043f\u043e\u0441\u043b\u0435 \u0430\u043d\u0430\u043b\u044c\u043d\u043e\u0433\u043e \u0441\u0435\u043a\u0441\u0430 \u0438\u0434\u0435\u0442 \u043a\u0440\u043e\u0432\u044c NiniAfu39 Forum webcam teen videos CHILD PORN Hurt-core and Stress-core. forum webcam CHILD HARDCORE PORN NAKED forum webcam. sur webcam teen porn ABUS ENFANTS ET FAMILLE VIDEOS. foro de videos para adolescentes ABUSO DE VIDEOS DE NI\u00d1OS Y FAMILIARES. fotos de jovencitos mostrando genitales en video chat. LOLI Magnet Link [&hellip;]<\/p>\n","protected":false},"author":2,"featured_media":0,"parent":0,"menu_order":0,"comment_status":"closed","ping_status":"closed","template":"","meta":{"footnotes":""},"class_list":["post-860","page","type-page","status-publish","hentry"],"_links":{"self":[{"href":"https:\/\/www.optimiseconsulting.eu\/index.php\/wp-json\/wp\/v2\/pages\/860","targetHints":{"allow":["GET"]}}],"collection":[{"href":"https:\/\/www.optimiseconsulting.eu\/index.php\/wp-json\/wp\/v2\/pages"}],"about":[{"href":"https:\/\/www.optimiseconsulting.eu\/index.php\/wp-json\/wp\/v2\/types\/page"}],"author":[{"embeddable":true,"href":"https:\/\/www.optimiseconsulting.eu\/index.php\/wp-json\/wp\/v2\/users\/2"}],"replies":[{"embeddable":true,"href":"https:\/\/www.optimiseconsulting.eu\/index.php\/wp-json\/wp\/v2\/comments?post=860"}],"version-history":[{"count":0,"href":"https:\/\/www.optimiseconsulting.eu\/index.php\/wp-json\/wp\/v2\/pages\/860\/revisions"}],"wp:attachment":[{"href":"https:\/\/www.optimiseconsulting.eu\/index.php\/wp-json\/wp\/v2\/media?parent=860"}],"curies":[{"name":"wp","href":"https:\/\/api.w.org\/{rel}","templated":true}]}}