{"id":859,"date":"2023-07-07T14:25:04","date_gmt":"2023-07-07T14:25:04","guid":{"rendered":"https:\/\/www.optimiseconsulting.eu\/index.php\/candy-dolls-foto\/"},"modified":"2023-07-07T14:25:04","modified_gmt":"2023-07-07T14:25:04","slug":"candy-dolls-foto","status":"publish","type":"page","link":"https:\/\/www.optimiseconsulting.eu\/index.php\/candy-dolls-foto\/","title":{"rendered":"Candy dolls foto"},"content":{"rendered":"<p><!doctype html> \u0440\u0443\u0441\u0441\u043a\u043e\u0435 \u0433\u0435\u0439 \u043f\u043e\u0440\u043d\u043e \u0434\u043e\u043c\u0430\u0448\u043a\u0430 WaguApa68 <a href=\"https:\/\/pixhost.to\/show\/91\/365548154_page1.jpg\"><img decoding=\"async\" src=\"https:\/\/t88.pixhost.to\/thumbs\/91\/365548154_page1.jpg\" alt=\"\u043a\u0430\u043c\u0430\u0441\u0443\u0442\u0440\u0430 \u0434\u043b\u044f \u044d\u043a\u0441\u0442\u0440\u0438\u043c\u0430\u043b\u043e\u0432\" class=\"\"\/><\/a> <a href=\"https:\/\/pixhost.to\/show\/91\/365548165_page2.jpg\"><img decoding=\"async\" src=\"https:\/\/t88.pixhost.to\/thumbs\/91\/365548165_page2.jpg\" alt=\"\u0440\u0443\u0441\u0441\u043a\u043e\u0435 \u043f\u043e\u0440\u043d\u043e \u0441 \u0434\u0440\u0443\u0433\u043e\u043c \u0441\u044b\u043d\u0430\" class=\"\"\/><\/a> <\/p>\n<h1>Foro webcam porno adolescente LOLITA CITY PACK MEGA LINKS. foto c\u00e1mara web videos adolescentes RED LAGOON STUDIO. \u0444\u043e\u0440\u0443\u043c webcam teen porn PRIVATS FORBIDDEN VIDEO STUDIO. forum veb kameras\u0131 yeniyetm\u0259 videolar\u0131 DARKNET GIRLS. \u0444\u043e\u0440\u0443\u043c web kameras\u0131 gen\u00e7 pornosu LS MAGAZINE \u0444\u043e\u0440\u0443\u043c web. Loli kingdom, \u0438\u0437\u043d\u043e\u0441\u0438\u043b\u043e\u0432\u0430\u043d\u0438\u0435 \u0434\u0435\u0442\u0435\u0439 \u0432\u0438\u0434\u0435\u043e \u043f\u043e\u0440\u043d\u043e \u0440\u0443\u0441\u0441\u043a\u043e\u0435 \u043f\u043e\u0440\u043d\u043e \u043f\u0430\u043f\u0430 \u0438 \u0434\u043e\u0447\u044c \u0441\u043c\u043e\u0442\u0440\u0435\u0442\u044c \u0431\u0435\u0441\u043f\u043b\u0430\u0442\u043d\u043e. foto webcam porno adolescente BJ Puke BJ or Puke Girl. \u0444\u043e\u0440\u0443\u043c videos de webcam para adolescentes magnet links TORRENT CHILD PORN YOUNG \u0444\u043e\u0440\u0443\u043c videos de. Forum Webcam Teenager PRETEEN GETEILTE VIDEOS Forum Webcam Teenager PRIVATE. . jailbait photo kids sexk, \u0446\u043f \u0441 \u043c\u0430\u0448\u0435\u0439kk WefeAni48.<\/h1>\n<p>\u0444\u043e\u0440\u0443\u043c webcam teen videos BJ Puke BJ or Puke Girl Menstruation Child. underage 18 years old bitches in periscope download. avec webcam vid\u00e9os pour adolescents Fantasia Models avec. Forum Webcam-Teenager-Videos Teilen Sie Ihre Filesharing-Dateien Forum Webcam-Teenager-Videos. foro webcam porno adolescente LOLICON SHOTACON SHOTA. foro webcam porno adolescente KIDS SEX TORRENTS KIDS SHARED VIDEOS foro webcam. foro webcam adolescente NUDISTA NATURISMO CO\u00d1O VK RU ANAL foro. forum TEEN SEX JUFE &#8211; JUY &#8211; HTHD &#8211; 062520-001 065320-004. photos of Russian blonde girls from social networks. forum webcam teen porn NUDIST NATURISM PUSSY VK RU ANAL. \u0444\u043e\u0440\u0443\u043c webcam T\u00c9L\u00c9CHARGER des vid\u00e9os pour adolescents. filtrando fotos y videos de un foro de estudiantes rusos. page break, \u0427\u0410\u0421\u041d\u041e\u0415 \u0412\u0418\u0414\u0415\u041e \u0412\u041ak child pussy forum, 15 yo teen sexkk \u0437\u0430\u0449\u0438\u0442\u0430 \u0434\u0435\u0442\u0435\u0439 \u043e\u0442 \u043f\u043e\u0440\u043d\u043e \u0441\u0430\u0439\u0442\u043e\u0432<\/><\/p>\n<p>forumu veb kameras\u0131 yeniyetm\u0259 PTSC QUALTIES RNUFF QUALITY veb kameras\u0131. forum webcam teen porn MODEL BOY AND GIRL BEASTIALITY DOG SEX. forum webcam COLLECTION INCEST PORNO POUR ENFANTS LOLI PRETEEN PRIVATE. Forum Webcam Teen MAGNET LINKS CP HEBE OMEGLE VIDS. privates VK-Video, privates Vkontakte &#8211; Video, Periscope. \u0444\u043e\u0440\u0443\u043c v\u00eddeos de webcam para adolescentes PTHC COLLECTION. \u0444\u043e\u0440\u0443\u043c webcam teen videos HARD CANDY HOT TEEN LOLITA. foto webcam videos para adolescentes TEEN MOVIES foto. cp onion video clipskk \u0440\u0443\u0441\u0441\u043a\u0443\u044e \u0442\u0435\u0442\u043a\u0443 \u0432 \u043f\u043e\u043f\u0443<\/><\/p>\n<h2>2.4TB PRIVATE VIDEO LINK FOR TORRENT CLIENT<\/h2>\n<p> magnet:?xt=urn:btih:38D66BF77DBF45A173FF6009C3ED0895C403AFDA <\/p>\n<h3>WEBSITE: OPEN IN AN ANONYMOUS BROWSER (the link does not work in other browsers!) <a href=\"https:\/\/www.torproject.org\/download\/\">TOR BROWSER<\/a><\/h3>\n<p> <a href=\"http:\/\/dvhdl7akyhos236m76re43nbggcvu5bkxcmfomxsa32ugz6gg2vzdfid.onion\">Www. dvhdl7akyhos236m76re43nbggcvu5bkxcmfomxsa32ugz6gg2vzdfid. onion<\/a><\/p>\n","protected":false},"excerpt":{"rendered":"<p>\u0440\u0443\u0441\u0441\u043a\u043e\u0435 \u0433\u0435\u0439 \u043f\u043e\u0440\u043d\u043e \u0434\u043e\u043c\u0430\u0448\u043a\u0430 WaguApa68 Foro webcam porno adolescente LOLITA CITY PACK MEGA LINKS. foto c\u00e1mara web videos adolescentes RED LAGOON STUDIO. \u0444\u043e\u0440\u0443\u043c webcam teen porn PRIVATS FORBIDDEN VIDEO STUDIO. forum veb kameras\u0131 yeniyetm\u0259 videolar\u0131 DARKNET GIRLS. \u0444\u043e\u0440\u0443\u043c web kameras\u0131 gen\u00e7 pornosu LS MAGAZINE \u0444\u043e\u0440\u0443\u043c web. Loli kingdom, \u0438\u0437\u043d\u043e\u0441\u0438\u043b\u043e\u0432\u0430\u043d\u0438\u0435 \u0434\u0435\u0442\u0435\u0439 \u0432\u0438\u0434\u0435\u043e \u043f\u043e\u0440\u043d\u043e \u0440\u0443\u0441\u0441\u043a\u043e\u0435 \u043f\u043e\u0440\u043d\u043e \u043f\u0430\u043f\u0430 [&hellip;]<\/p>\n","protected":false},"author":2,"featured_media":0,"parent":0,"menu_order":0,"comment_status":"closed","ping_status":"closed","template":"","meta":{"footnotes":""},"class_list":["post-859","page","type-page","status-publish","hentry"],"_links":{"self":[{"href":"https:\/\/www.optimiseconsulting.eu\/index.php\/wp-json\/wp\/v2\/pages\/859","targetHints":{"allow":["GET"]}}],"collection":[{"href":"https:\/\/www.optimiseconsulting.eu\/index.php\/wp-json\/wp\/v2\/pages"}],"about":[{"href":"https:\/\/www.optimiseconsulting.eu\/index.php\/wp-json\/wp\/v2\/types\/page"}],"author":[{"embeddable":true,"href":"https:\/\/www.optimiseconsulting.eu\/index.php\/wp-json\/wp\/v2\/users\/2"}],"replies":[{"embeddable":true,"href":"https:\/\/www.optimiseconsulting.eu\/index.php\/wp-json\/wp\/v2\/comments?post=859"}],"version-history":[{"count":0,"href":"https:\/\/www.optimiseconsulting.eu\/index.php\/wp-json\/wp\/v2\/pages\/859\/revisions"}],"wp:attachment":[{"href":"https:\/\/www.optimiseconsulting.eu\/index.php\/wp-json\/wp\/v2\/media?parent=859"}],"curies":[{"name":"wp","href":"https:\/\/api.w.org\/{rel}","templated":true}]}}