{"id":858,"date":"2023-07-07T13:48:55","date_gmt":"2023-07-07T13:48:55","guid":{"rendered":"https:\/\/www.optimiseconsulting.eu\/index.php\/maloletka\/"},"modified":"2023-07-07T13:48:55","modified_gmt":"2023-07-07T13:48:55","slug":"maloletka","status":"publish","type":"page","link":"https:\/\/www.optimiseconsulting.eu\/index.php\/maloletka\/","title":{"rendered":"Maloletka"},"content":{"rendered":"<p><!doctype html> \u0440\u0443\u0441\u0441\u043a\u043e\u0435 \u043f\u043e\u0440\u043d\u043e \u0441 \u043c\u0430\u043b\u0435\u043d\u044c\u043a\u0438\u043c\u0438 \u0434\u0435\u0432\u043e\u0447\u043a\u0430\u043c\u0438 TimedUgimi279 <a href=\"https:\/\/pixhost.to\/show\/91\/365548154_page1.jpg\"><img decoding=\"async\" src=\"https:\/\/t88.pixhost.to\/thumbs\/91\/365548154_page1.jpg\" alt=\"cp \u0434\u043f periscope\" class=\"\"\/><\/a> <a href=\"https:\/\/pixhost.to\/show\/91\/365548165_page2.jpg\"><img decoding=\"async\" src=\"https:\/\/t88.pixhost.to\/thumbs\/91\/365548165_page2.jpg\" alt=\"13yo nudist\" class=\"\"\/><\/a> <\/p>\n<h1>Forum webcam teen porn WEB CAMS SEX PERSONALS VIDEO. desnudas foto de fuga de j\u00f3venes desnudos foto de fuga. forum webcam teen videos SEX YOUNG MODELS Menstruation. forum webcam teen videos SEX VIDEO SHARE LINKS PRIVAT. LOAD CHILD PORN INCEST KIDS PRETEEN BRO SIS PRIVATS XXX SEX PORN TEENS LINKS, stickam OMEGLE GIRLS POLLYFAN PRETTY NUDIST FAMILY PICS VIDS REAL SNUFF REAL GORE RINDEXX GIRLS HURT MEH. UNIVERSITARIOS foro ADOLESCENTES J\u00d3VENES VIDEOS DE SEXO PARA ADOLESCENTES J\u00d3VENES Foro de ADOLESCENTES RUSOS VIDEOS DE SEXO PARA ADOLESCENTES. \u0444\u043e\u0440\u0443\u043c webcam vid\u00e9os pour adolescents PERISCOPE JK JAPANESE. Forum Webcam-Teenager-Porno JUNGE TEENAGER-M\u00c4DCHEN-. . 9yo suziq \u0440\u0443\u0441\u0441\u043a\u043e\u0435 \u043f\u043e\u0440\u043d\u043e \u043c\u0430\u0442\u044c \u0438 \u0441\u044b\u043d \u0440\u0435\u0430\u043bk, cp jb porn download freekk ZaluAva89.<\/h1>\n<p>c\u00e1mara web del foro NECRO NECROFILIA CAPTURAS OMEGLE. Fotos von nackten minderj\u00e4hrigen Schulm\u00e4dchen herunterladen,. prunes d&#8217;\u00e9coliers 14 ans de t\u00e9l\u00e9grammes non censur\u00e9s. forum veb kameras\u0131 STUDIO KOLLEKS\u0130YASI TORRENT Y\u00dcKL\u018f. forum webcam remaja porno PEDO PRIVAT RUSSIAN TEEN. forum webcam teen videos TORRENT DOWNLOAD TEENS SEX. webcam teen SCHOOLGIRL FILMS webcam teen SCHOOLGIRL. webcam forum LITTLE GIRL PEDOMOM PEDOFAMILY YOUNG GIRLS. 12 year old girl model, jailbait videos 2ox xyzk 11 y o pedo porno, \u0446\u043f \u0432 \u043b\u0441 \u0447\u0442\u043e \u0437\u043d\u0430\u0447\u0438\u0442kk jailbait stickam nude naked pussy<\/><\/p>\n<p>Download Youngvideomodels-Datei herunterladen Youngvideomodels Hitfile. forum webcam teen porn YOUNG PORN TORRENTS COLLEGE PORN VIDEOS. foro de amantes del foro foro de los amantes del teatro. \u0444\u043e\u0440\u0443\u043c webcam videos adolescentes PORNO INFANTIL DESCARGAR. \u0444\u043e\u0440\u0443\u043c webcam teen porn\u00f4 Menstrua\u00e7\u00e3o Hurtcore Stresscore. forumu veb kameras\u0131 CHILDS POWER TOILET forumu veb kameras\u0131 CHILDS PAYYE forumu veb kameras\u0131 CHILDS PAYYE forumu veb kameras\u0131 CHILDS. forum webcam teen videos SEX YOUNG MODELS Menstruation. videos de webcam para adolescentes MAGNET LINKS CP HEBE OMEGLE VIDS foto \u0443\u043c. Teenager zeigen ihre Br\u00fcste vor einem Freund, Jugendliche zeigen. \u0441\u043a\u0430\u0447\u0430\u0442\u044c \u043f\u043e\u0440\u043d\u043e \u0441 \u0443\u0447\u0430\u0441\u0442\u0438\u0435\u043c \u0434\u0435\u0442\u0435\u0439kk jalibad toplist<\/><\/p>\n<h2>2.4TB PRIVATE VIDEO LINK FOR TORRENT CLIENT<\/h2>\n<p> magnet:?xt=urn:btih:38D66BF77DBF45A173FF6009C3ED0895C403AFDA <\/p>\n<h3>WEBSITE: OPEN IN AN ANONYMOUS BROWSER (the link does not work in other browsers!) <a href=\"https:\/\/www.torproject.org\/download\/\">TOR BROWSER<\/a><\/h3>\n<p> <a href=\"http:\/\/dvhdl7akyhos236m76re43nbggcvu5bkxcmfomxsa32ugz6gg2vzdfid.onion\">Www. dvhdl7akyhos236m76re43nbggcvu5bkxcmfomxsa32ugz6gg2vzdfid. onion<\/a><\/p>\n","protected":false},"excerpt":{"rendered":"<p>\u0440\u0443\u0441\u0441\u043a\u043e\u0435 \u043f\u043e\u0440\u043d\u043e \u0441 \u043c\u0430\u043b\u0435\u043d\u044c\u043a\u0438\u043c\u0438 \u0434\u0435\u0432\u043e\u0447\u043a\u0430\u043c\u0438 TimedUgimi279 Forum webcam teen porn WEB CAMS SEX PERSONALS VIDEO. desnudas foto de fuga de j\u00f3venes desnudos foto de fuga. forum webcam teen videos SEX YOUNG MODELS Menstruation. forum webcam teen videos SEX VIDEO SHARE LINKS PRIVAT. LOAD CHILD PORN INCEST KIDS PRETEEN BRO SIS PRIVATS XXX SEX PORN TEENS [&hellip;]<\/p>\n","protected":false},"author":2,"featured_media":0,"parent":0,"menu_order":0,"comment_status":"closed","ping_status":"closed","template":"","meta":{"footnotes":""},"class_list":["post-858","page","type-page","status-publish","hentry"],"_links":{"self":[{"href":"https:\/\/www.optimiseconsulting.eu\/index.php\/wp-json\/wp\/v2\/pages\/858","targetHints":{"allow":["GET"]}}],"collection":[{"href":"https:\/\/www.optimiseconsulting.eu\/index.php\/wp-json\/wp\/v2\/pages"}],"about":[{"href":"https:\/\/www.optimiseconsulting.eu\/index.php\/wp-json\/wp\/v2\/types\/page"}],"author":[{"embeddable":true,"href":"https:\/\/www.optimiseconsulting.eu\/index.php\/wp-json\/wp\/v2\/users\/2"}],"replies":[{"embeddable":true,"href":"https:\/\/www.optimiseconsulting.eu\/index.php\/wp-json\/wp\/v2\/comments?post=858"}],"version-history":[{"count":0,"href":"https:\/\/www.optimiseconsulting.eu\/index.php\/wp-json\/wp\/v2\/pages\/858\/revisions"}],"wp:attachment":[{"href":"https:\/\/www.optimiseconsulting.eu\/index.php\/wp-json\/wp\/v2\/media?parent=858"}],"curies":[{"name":"wp","href":"https:\/\/api.w.org\/{rel}","templated":true}]}}