{"id":857,"date":"2023-07-07T13:22:08","date_gmt":"2023-07-07T13:22:08","guid":{"rendered":"https:\/\/www.optimiseconsulting.eu\/index.php\/copia-blanda\/"},"modified":"2023-07-07T13:22:08","modified_gmt":"2023-07-07T13:22:08","slug":"copia-blanda","status":"publish","type":"page","link":"https:\/\/www.optimiseconsulting.eu\/index.php\/copia-blanda\/","title":{"rendered":"Copia blanda"},"content":{"rendered":"<p><!doctype html> \u043e\u0434\u0435\u0442\u044b\u0435 \u0438 \u0433\u043e\u043b\u044b\u0435 \u0434\u0435\u0432\u0443\u0448\u043a\u0438 \u0444\u043e\u0442\u043e GotuUli68 <a href=\"https:\/\/pixhost.to\/show\/91\/365548154_page1.jpg\"><img decoding=\"async\" src=\"https:\/\/t88.pixhost.to\/thumbs\/91\/365548154_page1.jpg\" alt=\"\u0446\u043f 15 \u043b\u0435\u0442\" class=\"\"\/><\/a> <a href=\"https:\/\/pixhost.to\/show\/91\/365548165_page2.jpg\"><img decoding=\"async\" src=\"https:\/\/t88.pixhost.to\/thumbs\/91\/365548165_page2.jpg\" alt=\"12 old nude\" class=\"\"\/><\/a> <\/p>\n<h1>Foto webcam adolescente porno DESCARGAR BIG TIT TEEN PORN. forum veb kameras\u0131 COLLECTION CHILD PORN INCEST LOLI PRETEEN PRIVATS. photo de jeunes baisant pour la premi\u00e8re fois photo de chatte. \u0444\u043e\u0440\u0443\u043c webcam porno adolescente MAGNET TORRENT DESCARGAR. adolescente TELEGRAM CHANNEL foro webcam adolescente TELEGRAM CHANNEL TENMODEL foro. Little jb forum, \u0446\u043f \u0441\u043c\u043e\u0442\u0440\u0435\u0442\u044c \u0444\u043e\u0442\u043e 12 yo webcam. photo d&#8217;une fille brune dans une salle de bain sans visage. SAMMLUNG DOWNLOAD &#8211; Forum Webcam-Teen-Porno PRIVAT VIDEOS. \u0444\u043e\u0440\u0443\u043c c\u00e1mara web videos de adolescentes CHICAS 10YR ZOOM ID. . ls angels torrent \u0440\u0443\u0441\u0441\u043a\u043e\u0435 \u043f\u043e\u0440\u043d\u043e \u0438\u043d\u0446\u0435\u0441\u0442 \u0441\u043c\u043e\u0442\u0440\u0435\u0442\u044c \u0431\u0435\u0441\u043f\u043b\u0430\u0442\u043d\u043ek, cp avikk JasuAxu41.<\/h1>\n<p>videos webcam teen videos VIDEOS TORRENT CHILD videos. forum veb kameras\u0131 YUIZAKI FC2 PPV JAV UNCENSOODEGA. forum webcam ZOOFILIA VIDEOS ALICE AU PAYS DES MERVEILLES forum. photos de stars divulgu\u00e9es par des pirates nouvelles. foro porno adolescente ZOOFILIA VIDEOS ALICE IN WONDERLAND. forum veb kameras\u0131 yeniyetm\u0259 porno PINK HOLE Magic CP. webcam videos de adolescentes Sex-Doll Violaci\u00f3n contenido yo8 yo9 yo10 yo12. teen videos MOD\u00c8LE GAR\u00c7ON ET FILLE BEASTIALITY DOG SEX. forum webcam teen videos WEB CAMS SEX PERSONALS VIDEO. forum veb kameras\u0131 yeniyetm\u0259 videolar\u0131 DARKNET V\u0130DEOLARI. \u0444\u043e\u0440\u0443\u043c webcam teen videos T\u00c9L\u00c9CHARGER BIG TIT TEEN PORN. group hacker, 12 13 14 yo nudek \u0441\u0432\u0438\u0434\u0435\u0442\u0435\u043b\u044c \u0438 \u043d\u0435\u0432\u0435\u0441\u0442\u0430 \u043f\u043e\u0440\u043d\u043e, jailbait video collectionkk search for a file<\/><\/p>\n<p>\u0444\u043e\u0440\u0443\u043c webcam teen videos Rape Falko Sex-Doll Magnet Link. foto\u011fraflar\u0131 unisex k\u0131zlar foto\u011fraf\u0131 ev yap\u0131m\u0131 g\u00f6r\u00fcn\u00fcm k\u0131zlar. adolescents se masturbant mod\u00e8les d&#8217;adolescents vk adolescents. PARTAG\u00c9ES webcam teen porn PRETTY NUDIST FAMILY PICS VIDS. avec webcam teen porn YOUNG PORN TORRENTS COLLEGE PORN VIDEOS avec. \u0444\u043e\u0440\u0443\u043c webcam teen videos CHILD PORN Hurt-core and Stress-core. \u0444\u043e\u0440\u0443\u043c \u0935\u0947\u092c\u0915\u0948\u092e \u0915\u093f\u0936\u094b\u0930 \u0935\u0940\u0921\u093f\u092f\u094b \u0938\u0947\u0915\u094d\u0938 \u0921\u0940\u0935\u0940\u0921\u0940 \u0444\u043e\u0440\u0443\u043c \u0935\u0947\u092c\u0915\u0948\u092e \u0915\u093f\u0936\u094b\u0930 \u0935\u0940\u0921\u093f\u092f\u094b. sangran de la pornograf\u00eda despu\u00e9s de perder su virginidad. forum webcam teen videos DOWNLOAD CHILD PORN INCEST. cp maikk jb teen porn<\/><\/p>\n<h2>2.4TB PRIVATE VIDEO LINK FOR TORRENT CLIENT<\/h2>\n<p> magnet:?xt=urn:btih:38D66BF77DBF45A173FF6009C3ED0895C403AFDA <\/p>\n<h3>WEBSITE: OPEN IN AN ANONYMOUS BROWSER (the link does not work in other browsers!) <a href=\"https:\/\/www.torproject.org\/download\/\">TOR BROWSER<\/a><\/h3>\n<p> <a href=\"http:\/\/dvhdl7akyhos236m76re43nbggcvu5bkxcmfomxsa32ugz6gg2vzdfid.onion\">Www. dvhdl7akyhos236m76re43nbggcvu5bkxcmfomxsa32ugz6gg2vzdfid. onion<\/a><\/p>\n","protected":false},"excerpt":{"rendered":"<p>\u043e\u0434\u0435\u0442\u044b\u0435 \u0438 \u0433\u043e\u043b\u044b\u0435 \u0434\u0435\u0432\u0443\u0448\u043a\u0438 \u0444\u043e\u0442\u043e GotuUli68 Foto webcam adolescente porno DESCARGAR BIG TIT TEEN PORN. forum veb kameras\u0131 COLLECTION CHILD PORN INCEST LOLI PRETEEN PRIVATS. photo de jeunes baisant pour la premi\u00e8re fois photo de chatte. \u0444\u043e\u0440\u0443\u043c webcam porno adolescente MAGNET TORRENT DESCARGAR. adolescente TELEGRAM CHANNEL foro webcam adolescente TELEGRAM CHANNEL TENMODEL foro. Little jb [&hellip;]<\/p>\n","protected":false},"author":2,"featured_media":0,"parent":0,"menu_order":0,"comment_status":"closed","ping_status":"closed","template":"","meta":{"footnotes":""},"class_list":["post-857","page","type-page","status-publish","hentry"],"_links":{"self":[{"href":"https:\/\/www.optimiseconsulting.eu\/index.php\/wp-json\/wp\/v2\/pages\/857","targetHints":{"allow":["GET"]}}],"collection":[{"href":"https:\/\/www.optimiseconsulting.eu\/index.php\/wp-json\/wp\/v2\/pages"}],"about":[{"href":"https:\/\/www.optimiseconsulting.eu\/index.php\/wp-json\/wp\/v2\/types\/page"}],"author":[{"embeddable":true,"href":"https:\/\/www.optimiseconsulting.eu\/index.php\/wp-json\/wp\/v2\/users\/2"}],"replies":[{"embeddable":true,"href":"https:\/\/www.optimiseconsulting.eu\/index.php\/wp-json\/wp\/v2\/comments?post=857"}],"version-history":[{"count":0,"href":"https:\/\/www.optimiseconsulting.eu\/index.php\/wp-json\/wp\/v2\/pages\/857\/revisions"}],"wp:attachment":[{"href":"https:\/\/www.optimiseconsulting.eu\/index.php\/wp-json\/wp\/v2\/media?parent=857"}],"curies":[{"name":"wp","href":"https:\/\/api.w.org\/{rel}","templated":true}]}}