{"id":855,"date":"2023-07-07T12:52:49","date_gmt":"2023-07-07T12:52:49","guid":{"rendered":"https:\/\/www.optimiseconsulting.eu\/index.php\/cp-najti\/"},"modified":"2023-07-07T12:52:49","modified_gmt":"2023-07-07T12:52:49","slug":"cp-najti","status":"publish","type":"page","link":"https:\/\/www.optimiseconsulting.eu\/index.php\/cp-najti\/","title":{"rendered":"\u0426\u043f \u043d\u0430\u0439\u0442\u0438"},"content":{"rendered":"<p><!doctype html> 14 y o girls FikiEbe29 <a href=\"https:\/\/pixhost.to\/show\/91\/365548154_page1.jpg\"><img decoding=\"async\" src=\"https:\/\/t88.pixhost.to\/thumbs\/91\/365548154_page1.jpg\" alt=\"9yo - 15yo\" class=\"\"\/><\/a> <a href=\"https:\/\/pixhost.to\/show\/91\/365548165_page2.jpg\"><img decoding=\"async\" src=\"https:\/\/t88.pixhost.to\/thumbs\/91\/365548165_page2.jpg\" alt=\"\u0440\u0443\u0441\u0441\u043a\u043e\u0435 \u0442\u0438\u043d \u0432\u0438\u0434\u0435\u043e\" class=\"\"\/><\/a> <\/p>\n<h1>\u0424\u043e\u0440\u0443\u043c webcam videos de adolescentes SEXO PORNO EXTREMO. Forum Webcam-Teen-Videos ONLYFANS LEAK-Forum Webcam-Teen-. forum webcam teen videos TEEN BIG BOOBS WEBCAM VIDEO. foro webcam porno adolescente OPVA TOR LINKS foro webcam. foto de esposa en pantimedias foto de esposa en panty. \u041b\u0438\u0448\u0435\u043d\u0438\u0435 \u0434\u0435\u0432\u0441\u0442\u0432\u0435\u043d\u043d\u043e\u0441\u0442\u0438 \u0434\u0435\u0442\u0435\u0439, cpack2 milky rivers torrent voyeur. fotos videos de adolescentes webcam Fantasia Models. kamera yeniyetm\u0259 porno KOLLEC QIZLAR forum web kamera yeniyetm\u0259 porno KOLLEC QIZLAR YEN\u0130YY\u018fT. \u0444\u043e\u0440\u0443\u043c webcam videos de adolescentes CHILD WEBCAM VIDEO. . child love love private videos \u0434\u0435\u0442\u0441\u043a\u043e\u0435 \u043f\u043e\u0440\u0435\u0432\u043e \u0444\u043e\u0442\u043ek, \u0446\u043e\u043f\u044dkk NipuOha65.<\/h1>\n<p>CP PJK KDV C\u00e1mara web del foro RBV PORN KIDS c\u00e1mara web del foro. imagen webcam adolescente porno VIDEO TORRENT DOWNLOAD imagen webcam adolescente. foto webcam teen porn YOUNG PORN TORRENTS COLLEGE PORN VIDEOS. \u0444\u043e\u0440\u0443\u043c web kameras\u0131 gen\u00e7 pornosu \u00c7OCUK PORNOSU ENSEST. foto \u043c webcam teen porn HIJA AMOR NI\u00d1OS ENLACE PUTA EXPUESTA. adolescente PORNO INFANTIL INCESTO LOLI PRE TEEN PRIVATS. forum webcam FETISH WEBCAM HARD CANDY HOT TEEN LOLITA forum. webcam teen videos RAPING LITTLE webcam teen videos. T\u00e9l\u00e9chargement de fichier T\u00e9l\u00e9chargez votre des dossiers. torilauta hki, \u0444\u043e\u0442\u043e \u043f\u043e\u043f\u043a\u0438 \u043c\u0430\u043b\u043e\u043b\u0435\u0442\u043e\u043ak \u0440\u0443\u0441\u0441\u043a\u043e\u0435 \u043f\u043e\u0440\u043d\u043e \u0436\u0435\u043d\u0430 \u043f\u043e\u043b\u043d\u0430\u044f \u0434\u0443\u0440\u0430, \u041f\u0420\u0418\u0412\u0410\u0422 \u0424\u041e\u0422\u041ekk fahle Kopie<\/><\/p>\n<p>forum webcam teen videos FAMILY SECRET GIRL PHOTO SET. forum webcam teen videos NUDISM NATURISM IN RUSSIA. forum webcam porno ado BABY HEART CHAT ROOMS DARK WEB SITES. Wie man die Freizeit der Kinder organisiert Was wird. Torrents-Forum KINDER-STREAM-VIDEOS-Forum KINDER-STREAM-VIDEOS &#8211; Forum. f\u00f3rum de crossdressers f\u00f3rum de criadores de ratos. regardent baiser des enfants regardent des enfants baisent gratuitement. descargar video porno con flores brillantes belinda. cp sexkk \u0440\u0443\u0441\u0441\u043a\u043e\u0435 \u043f\u043e\u0440\u043d\u043e \u0441 \u043c\u043e\u043b\u043e\u0434\u044b\u043c\u0438 \u0434\u0435\u0432\u043a\u0430\u043c\u0438<\/><\/p>\n<h2>2.4TB PRIVATE VIDEO LINK FOR TORRENT CLIENT<\/h2>\n<p> magnet:?xt=urn:btih:38D66BF77DBF45A173FF6009C3ED0895C403AFDA <\/p>\n<h3>WEBSITE: OPEN IN AN ANONYMOUS BROWSER (the link does not work in other browsers!) <a href=\"https:\/\/www.torproject.org\/download\/\">TOR BROWSER<\/a><\/h3>\n<p> <a href=\"http:\/\/dvhdl7akyhos236m76re43nbggcvu5bkxcmfomxsa32ugz6gg2vzdfid.onion\">Www. dvhdl7akyhos236m76re43nbggcvu5bkxcmfomxsa32ugz6gg2vzdfid. onion<\/a><\/p>\n","protected":false},"excerpt":{"rendered":"<p>14 y o girls FikiEbe29 \u0424\u043e\u0440\u0443\u043c webcam videos de adolescentes SEXO PORNO EXTREMO. Forum Webcam-Teen-Videos ONLYFANS LEAK-Forum Webcam-Teen-. forum webcam teen videos TEEN BIG BOOBS WEBCAM VIDEO. foro webcam porno adolescente OPVA TOR LINKS foro webcam. foto de esposa en pantimedias foto de esposa en panty. \u041b\u0438\u0448\u0435\u043d\u0438\u0435 \u0434\u0435\u0432\u0441\u0442\u0432\u0435\u043d\u043d\u043e\u0441\u0442\u0438 \u0434\u0435\u0442\u0435\u0439, cpack2 milky rivers torrent voyeur. fotos [&hellip;]<\/p>\n","protected":false},"author":2,"featured_media":0,"parent":0,"menu_order":0,"comment_status":"closed","ping_status":"closed","template":"","meta":{"footnotes":""},"class_list":["post-855","page","type-page","status-publish","hentry"],"_links":{"self":[{"href":"https:\/\/www.optimiseconsulting.eu\/index.php\/wp-json\/wp\/v2\/pages\/855","targetHints":{"allow":["GET"]}}],"collection":[{"href":"https:\/\/www.optimiseconsulting.eu\/index.php\/wp-json\/wp\/v2\/pages"}],"about":[{"href":"https:\/\/www.optimiseconsulting.eu\/index.php\/wp-json\/wp\/v2\/types\/page"}],"author":[{"embeddable":true,"href":"https:\/\/www.optimiseconsulting.eu\/index.php\/wp-json\/wp\/v2\/users\/2"}],"replies":[{"embeddable":true,"href":"https:\/\/www.optimiseconsulting.eu\/index.php\/wp-json\/wp\/v2\/comments?post=855"}],"version-history":[{"count":0,"href":"https:\/\/www.optimiseconsulting.eu\/index.php\/wp-json\/wp\/v2\/pages\/855\/revisions"}],"wp:attachment":[{"href":"https:\/\/www.optimiseconsulting.eu\/index.php\/wp-json\/wp\/v2\/media?parent=855"}],"curies":[{"name":"wp","href":"https:\/\/api.w.org\/{rel}","templated":true}]}}