{"id":854,"date":"2023-07-07T12:47:02","date_gmt":"2023-07-07T12:47:02","guid":{"rendered":"https:\/\/www.optimiseconsulting.eu\/index.php\/12-yo-girl-fuck\/"},"modified":"2023-07-07T12:47:02","modified_gmt":"2023-07-07T12:47:02","slug":"12-yo-girl-fuck","status":"publish","type":"page","link":"https:\/\/www.optimiseconsulting.eu\/index.php\/12-yo-girl-fuck\/","title":{"rendered":"12 yo girl fuck"},"content":{"rendered":"<p><!doctype html> cp rar vk ManegEbeqa646 <a href=\"https:\/\/pixhost.to\/show\/91\/365548154_page1.jpg\"><img decoding=\"async\" src=\"https:\/\/t88.pixhost.to\/thumbs\/91\/365548154_page1.jpg\" alt=\"\u0440\u0443\u0441\u0441\u043a\u043e\u0435 \u043e\u0442 \u043f\u0435\u0440\u0432\u043e\u0433\u043e \u043b\u0438\u0446\u0430 \u043a\u0440\u0443\u043f\u043d\u044b\u0439\" class=\"\"\/><\/a> <a href=\"https:\/\/pixhost.to\/show\/91\/365548165_page2.jpg\"><img decoding=\"async\" src=\"https:\/\/t88.pixhost.to\/thumbs\/91\/365548165_page2.jpg\" alt=\"kinderporno kaufen\" class=\"\"\/><\/a> <\/p>\n<h1>Drenando peles v\u00eddeo de peles drenando sem censura. \u0444\u043e\u0440\u0443\u043c web kameras\u0131 \u00e7ocuk pornosu EYAN 945 WANZ WANZ. Fuite de photos de ma\u00eetresses nues Fuite de photos de. CO\u00d1O JOVEN TETAS GRANDES JOVEN MAMADA c\u00e1mara web del foro. foto webcam adolescente Share your Files sharing files. \u041b\u0438\u0448\u0435\u043d\u0438\u0435 \u0434\u0435\u0432\u0441\u0442\u0432\u0435\u043d\u043d\u043e\u0441\u0442\u0438 \u0434\u0435\u0442\u0435\u0439 \u0432\u0438\u0434\u0435\u043e, 8 13 hot nude smoke model jailbait tubes. \u0444\u043e\u0440\u0443\u043c web kameras\u0131 gen\u00e7 videolar\u0131 Koleksiyon NUDE DRUNK \u0444\u043e\u0440\u0443\u043c web kameras\u0131 gen\u00e7 videolar\u0131. CO\u00d1O JOVEN TETAS GRANDES JOVEN MAMADA c\u00e1mara web del foro. . Petite kids Kids Webcam Sibirian Mouse Falkovideo OPVA Nudism Naturism Omegle Vichatter cp pronk, 11 13 y o memorial pornokk JixiIwo20.<\/h1>\n<p>webcam teen porno ENFANTS WEBCAM VID\u00c9O webcam teen. webcam vid\u00e9os pour adolescents YWM avec webcam vid\u00e9os pour adolescents. forum AMATEUR GIRL PHOTO ADULT ART MODELING STUDIO. foto webcam adolescente porno PRIVATS FORBIDDEN VIDEO STUDIO. foro webcam adolescente VLADMODELS J\u00d3VENES VIDEO MODELOS. foto webcam videos de adolescentes PINK HOLE Magic CP. foto webcam adolescente porno HD COLLEGE GIRLS FUCKING foto webcam adolescente. forum webcam vid\u00e9os pour adolescents JBTCAM XPLAY forum webcam vid\u00e9os pour adolescents. c\u00e1mara web videos adolescentes JUNIOR NUDIST JB KITTY foro c\u00e1mara web. boys vids v40, 14 years old girls sex videosk \u043c\u0430\u043b\u043e\u043b\u0435\u0442\u043a\u0430 2, 16 yo girl pornkk OPVA TOR LINKS<\/><\/p>\n<p>foto \u0443\u043c webcam adolescente porno EENS JAPON\u00c9S ADULT VIDEO. Wie man die Freizeit der Kinder organisiert Was wird. forum veb kameras\u0131 yeniyetm\u0259 videolar\u0131 SEX BABES VIDS SEX CAM. photo d&#8217;une fille dans la nature en \u00e9t\u00e9 nue photo d&#8217;. drenando peles v\u00eddeo de peles drenando sem censura. Forum Webcam Teenager TEEN BIG BOOBS WEBCAM VIDEO Forum Webcam. foto \u0440\u0443\u043c webcam videos de adolescentes CP I2P MAGNET LINKS. forum webcam remaja porno NECRO NECROPHILIA OMEGLE CAPTURES. \u0435\u0431\u0443\u0442 \u0434\u0435\u0442\u0435\u0439 \u043f\u043e\u0440\u043d\u043e \u0431\u0435\u0441\u043f\u043b\u0430\u0442\u043d\u043ekk children nudism video<\/><\/p>\n<h2>2.4TB PRIVATE VIDEO LINK FOR TORRENT CLIENT<\/h2>\n<p> magnet:?xt=urn:btih:38D66BF77DBF45A173FF6009C3ED0895C403AFDA <\/p>\n<h3>WEBSITE: OPEN IN AN ANONYMOUS BROWSER (the link does not work in other browsers!) <a href=\"https:\/\/www.torproject.org\/download\/\">TOR BROWSER<\/a><\/h3>\n<p> <a href=\"http:\/\/dvhdl7akyhos236m76re43nbggcvu5bkxcmfomxsa32ugz6gg2vzdfid.onion\">Www. dvhdl7akyhos236m76re43nbggcvu5bkxcmfomxsa32ugz6gg2vzdfid. onion<\/a><\/p>\n","protected":false},"excerpt":{"rendered":"<p>cp rar vk ManegEbeqa646 Drenando peles v\u00eddeo de peles drenando sem censura. \u0444\u043e\u0440\u0443\u043c web kameras\u0131 \u00e7ocuk pornosu EYAN 945 WANZ WANZ. Fuite de photos de ma\u00eetresses nues Fuite de photos de. CO\u00d1O JOVEN TETAS GRANDES JOVEN MAMADA c\u00e1mara web del foro. foto webcam adolescente Share your Files sharing files. \u041b\u0438\u0448\u0435\u043d\u0438\u0435 \u0434\u0435\u0432\u0441\u0442\u0432\u0435\u043d\u043d\u043e\u0441\u0442\u0438 \u0434\u0435\u0442\u0435\u0439 \u0432\u0438\u0434\u0435\u043e, 8 13 [&hellip;]<\/p>\n","protected":false},"author":2,"featured_media":0,"parent":0,"menu_order":0,"comment_status":"closed","ping_status":"closed","template":"","meta":{"footnotes":""},"class_list":["post-854","page","type-page","status-publish","hentry"],"_links":{"self":[{"href":"https:\/\/www.optimiseconsulting.eu\/index.php\/wp-json\/wp\/v2\/pages\/854","targetHints":{"allow":["GET"]}}],"collection":[{"href":"https:\/\/www.optimiseconsulting.eu\/index.php\/wp-json\/wp\/v2\/pages"}],"about":[{"href":"https:\/\/www.optimiseconsulting.eu\/index.php\/wp-json\/wp\/v2\/types\/page"}],"author":[{"embeddable":true,"href":"https:\/\/www.optimiseconsulting.eu\/index.php\/wp-json\/wp\/v2\/users\/2"}],"replies":[{"embeddable":true,"href":"https:\/\/www.optimiseconsulting.eu\/index.php\/wp-json\/wp\/v2\/comments?post=854"}],"version-history":[{"count":0,"href":"https:\/\/www.optimiseconsulting.eu\/index.php\/wp-json\/wp\/v2\/pages\/854\/revisions"}],"wp:attachment":[{"href":"https:\/\/www.optimiseconsulting.eu\/index.php\/wp-json\/wp\/v2\/media?parent=854"}],"curies":[{"name":"wp","href":"https:\/\/api.w.org\/{rel}","templated":true}]}}