{"id":853,"date":"2023-07-07T12:34:39","date_gmt":"2023-07-07T12:34:39","guid":{"rendered":"https:\/\/www.optimiseconsulting.eu\/index.php\/young-models\/"},"modified":"2023-07-07T12:34:39","modified_gmt":"2023-07-07T12:34:39","slug":"young-models","status":"publish","type":"page","link":"https:\/\/www.optimiseconsulting.eu\/index.php\/young-models\/","title":{"rendered":"Young models"},"content":{"rendered":"<p><!doctype html> jailbait video torrent CoxeEsu10 <a href=\"https:\/\/pixhost.to\/show\/91\/365548154_page1.jpg\"><img decoding=\"async\" src=\"https:\/\/t88.pixhost.to\/thumbs\/91\/365548154_page1.jpg\" alt=\"15 yo telegram\" class=\"\"\/><\/a> <a href=\"https:\/\/pixhost.to\/show\/91\/365548165_page2.jpg\"><img decoding=\"async\" src=\"https:\/\/t88.pixhost.to\/thumbs\/91\/365548165_page2.jpg\" alt=\"\u043f\u043e\u0440\u043d\u043e \u0432\u0438\u0434\u0435\u043e \u0435\u0441\u0442\u0435\u0441\u0442\u0432\u0435\u043d\u043d\u043e\u0435\" class=\"\"\/><\/a> <\/p>\n<h1>Foto webcam teen porn YOUNG TEEN SEX VIDEOS RUSSIAN TEENS foto \u043c. Videos KINDER-PORNO-INZEST Forum Webcam-Teenager-Videos KINDER-PORNO-INZEST LOLI PRETEEN PRIVATS Forum Webcam-Teenager-Videos KINDER-PORNO-. Forum Webcam-Teen-Porno MOVING TORRENT 409GB CHILD NUDE. \u041b\u0438\u0448\u0435\u043d\u0438\u0435 \u0434\u0435\u0442\u0441\u0442\u0432\u0438\u043d\u043e\u0441\u0442\u0438 \u043f\u043e\u0440\u043d\u043e, \u0413\u041e\u041b\u042b\u0415 \u0421\u0422\u0420\u0418\u041c\u0415\u0420\u0428\u0418 \u0421\u041b\u0418\u0412 kylie freeman aka vicky. &#8211; Videos TOPLESS CHILD SUCK Forum Webcam-Teenager-Videos. Forum-Webcam-Teenager-Videos Falkovideo Forum-Webcam-Teenager-Videos. forum webcam teen videos ABUSE CHILD AND FAMILY VIDEOS. . page ageing \u0413\u041e\u041b\u042b\u0415 \u0421\u0422\u0420\u0418\u041c\u0415\u0420\u0428\u0418 \u0421\u041b\u0418\u0412k, \u0440\u0443\u0441\u0441\u043a\u043e\u0435 \u043f\u043e\u0440\u043d\u043e \u0441\u043a\u0430\u0439\u043fkk SudoEwo32.<\/h1>\n<p>Forumu web kamera yeniyetm\u0259 porno LOLICON SHOTACON SHOTA. sur webcam teen porn SEX YOUNG MODELS Menstruation. forum web kameras\u0131 teen EROTIC DVD CHILD IN PANTIES. webcam teen porno ZOOFILIA VIDEOS ALICE AU PAYS DES MERVEILLES avec webcam. Webcam-Teenager-Videos TEENS-M\u00c4DCHEN-Forum Webcam-Teenager-Videos TEENS. vidange instafemale vid\u00e9o vidange vk compl\u00e8te instafemale. forum veb kameras\u0131 YOUNG GIRLS KIDS PRETEENG forum veb. forum veb kameras\u0131 yeniyetm\u0259 videolar\u0131 TEEN pornolar\u0131 PEDO L\u0130NKL\u018fR. forum webcam adolescent TEEN BIG BOOBS WEBCAM VIDEO. forum webcam teen videos I2P MAGNET LINKS INCEST TELEGRAM I2P. foto webcam adolescente porno DARK YOUNG TEEN SEX RUSSIAN. forum web kameras\u0131 gen\u00e7 LOLITA CITY PACK MEGA LINKS. gorgeous teen, \u0446\u043f \u0432 \u043b\u0441 magnetk COLLECTION LIBRO DARKNET VIDEOS, \u0446\u043f \u043a\u043e\u043c\u0438\u043a\u0441\u044bkk just using a number to veiw history<\/><\/p>\n<p>avec webcam teen videos DARK YOUNG TEEN SEX RUSSIAN avec. Fotos von nackten minderj\u00e4hrigen Schulm\u00e4dchen herunterladen,. foro webcam adolescente videos jav sin censura hd estrellas. forum webcam teen NECRO NECROPHILIA OMEGLE CAPTURES. \u0444\u043e\u0440\u0443\u043c webcam remaja porno E VIDEO DEWASA JEPANG ENS. webcam teen videos CP LINKS INCESTO LOLI PRETEEN KIDS. colegialas vulgares video colegialas vulgares vk video. Forum Webcam Teen Videos ZOOPHILES ZOOPHILIA BEAST. cpme ioe hse ru incas authkk RUSSIAN PUSSY RUSSIAN PORN RUSSIAN CHILD TORRENT RUSSIAN WEBCAM<\/><\/p>\n<h2>2.4TB PRIVATE VIDEO LINK FOR TORRENT CLIENT<\/h2>\n<p> magnet:?xt=urn:btih:38D66BF77DBF45A173FF6009C3ED0895C403AFDA <\/p>\n<h3>WEBSITE: OPEN IN AN ANONYMOUS BROWSER (the link does not work in other browsers!) <a href=\"https:\/\/www.torproject.org\/download\/\">TOR BROWSER<\/a><\/h3>\n<p> <a href=\"http:\/\/dvhdl7akyhos236m76re43nbggcvu5bkxcmfomxsa32ugz6gg2vzdfid.onion\">Www. dvhdl7akyhos236m76re43nbggcvu5bkxcmfomxsa32ugz6gg2vzdfid. onion<\/a><\/p>\n","protected":false},"excerpt":{"rendered":"<p>jailbait video torrent CoxeEsu10 Foto webcam teen porn YOUNG TEEN SEX VIDEOS RUSSIAN TEENS foto \u043c. Videos KINDER-PORNO-INZEST Forum Webcam-Teenager-Videos KINDER-PORNO-INZEST LOLI PRETEEN PRIVATS Forum Webcam-Teenager-Videos KINDER-PORNO-. Forum Webcam-Teen-Porno MOVING TORRENT 409GB CHILD NUDE. \u041b\u0438\u0448\u0435\u043d\u0438\u0435 \u0434\u0435\u0442\u0441\u0442\u0432\u0438\u043d\u043e\u0441\u0442\u0438 \u043f\u043e\u0440\u043d\u043e, \u0413\u041e\u041b\u042b\u0415 \u0421\u0422\u0420\u0418\u041c\u0415\u0420\u0428\u0418 \u0421\u041b\u0418\u0412 kylie freeman aka vicky. &#8211; Videos TOPLESS CHILD SUCK Forum Webcam-Teenager-Videos. Forum-Webcam-Teenager-Videos Falkovideo Forum-Webcam-Teenager-Videos. forum [&hellip;]<\/p>\n","protected":false},"author":2,"featured_media":0,"parent":0,"menu_order":0,"comment_status":"closed","ping_status":"closed","template":"","meta":{"footnotes":""},"class_list":["post-853","page","type-page","status-publish","hentry"],"_links":{"self":[{"href":"https:\/\/www.optimiseconsulting.eu\/index.php\/wp-json\/wp\/v2\/pages\/853","targetHints":{"allow":["GET"]}}],"collection":[{"href":"https:\/\/www.optimiseconsulting.eu\/index.php\/wp-json\/wp\/v2\/pages"}],"about":[{"href":"https:\/\/www.optimiseconsulting.eu\/index.php\/wp-json\/wp\/v2\/types\/page"}],"author":[{"embeddable":true,"href":"https:\/\/www.optimiseconsulting.eu\/index.php\/wp-json\/wp\/v2\/users\/2"}],"replies":[{"embeddable":true,"href":"https:\/\/www.optimiseconsulting.eu\/index.php\/wp-json\/wp\/v2\/comments?post=853"}],"version-history":[{"count":0,"href":"https:\/\/www.optimiseconsulting.eu\/index.php\/wp-json\/wp\/v2\/pages\/853\/revisions"}],"wp:attachment":[{"href":"https:\/\/www.optimiseconsulting.eu\/index.php\/wp-json\/wp\/v2\/media?parent=853"}],"curies":[{"name":"wp","href":"https:\/\/api.w.org\/{rel}","templated":true}]}}