{"id":852,"date":"2023-07-07T11:58:43","date_gmt":"2023-07-07T11:58:43","guid":{"rendered":"https:\/\/www.optimiseconsulting.eu\/index.php\/flip-pages\/"},"modified":"2023-07-07T11:58:43","modified_gmt":"2023-07-07T11:58:43","slug":"flip-pages","status":"publish","type":"page","link":"https:\/\/www.optimiseconsulting.eu\/index.php\/flip-pages\/","title":{"rendered":"Flip pages"},"content":{"rendered":"<p><!doctype html> cp dp \u0446\u043f \u0434\u043f DuqiAdu37 <a href=\"https:\/\/pixhost.to\/show\/91\/365548154_page1.jpg\"><img decoding=\"async\" src=\"https:\/\/t88.pixhost.to\/thumbs\/91\/365548154_page1.jpg\" alt=\"\u0414\u041e\u041c\u0410\u0428\u041d\u0418\u0415 \u041f\u041e\u0420\u041d\u041e \u0414\u0415\u0422\u0415\u0419\" class=\"\"\/><\/a> <a href=\"https:\/\/pixhost.to\/show\/91\/365548165_page2.jpg\"><img decoding=\"async\" src=\"https:\/\/t88.pixhost.to\/thumbs\/91\/365548165_page2.jpg\" alt=\"\u0446\u043f \u0442\u043e\u0440\" class=\"\"\/><\/a> <\/p>\n<h1>\u0424\u043e\u0440\u0443\u043c webcam remaja REMAJA DEWASA KLIP ANAK \u0444\u043e\u0440\u0443\u043c webcam. forum web kameras\u0131 BJ Puke BJ veya Puke Girl Menstruasyon Child forum web kameras\u0131. forum webcam teen porn Rape Falko Sex-Doll Magnet Link. \u041b\u0438\u0448\u0435\u043d\u0438\u0435 \u0434\u0435\u0442\u0441\u0442\u0432\u0438\u043d\u043e\u0441\u0442\u0438 \u043f\u043e\u0440\u043d\u043e \u043e\u043d\u043b\u0430\u0439\u043d, \u043f\u043e\u043f\u043a\u0438 \u044f\u043f\u043e\u043d\u043e\u043a \u0432 \u0442\u0440\u0443\u0441\u0438\u043a\u0430\u0445 computer. download torrent japanese hot girls latex swimsuit. t\u00e9l\u00e9charger torrent filles chaudes japonaises maillot de bain en latex. protegiendo a los ni\u00f1os de la pornograf\u00eda protegiendo a. . \u0417\u0410\u041f\u0418\u0421\u0418 \u0421 \u0412\u0415\u0411\u041a\u0410\u041c \u0440\u0443\u0441\u0441\u043a\u043e\u0435 \u0433\u0435\u0439 \u043f\u043e\u0440\u043d\u043e \u043e\u043d\u043b\u0430\u0439\u043d \u0431\u0435\u0441\u043f\u043b\u0430\u0442\u043d\u043ek, nude little girls videokk ZoloAfu18.<\/h1>\n<p>foto webcam adolescente porno Violaci\u00f3n contenido yo8 yo9 yo10 yo12. descargar fotos porno de ni\u00f1os desnudos descargar porn. forum webcam ados vid\u00e9os I2P MAGNET LINKS INCEST TELEGRAM I2P. Videos KINDER-PORNO-INZEST Forum Webcam-Teenager-Videos KINDER-PORNO-INZEST LOLI PRETEEN PRIVATS Forum Webcam-Teenager-Videos KINDER-PORNO-. \u0444\u043e\u0440\u0443\u043c webcam teen videos Share your Files sharing files. \u0444\u043e\u0440\u0443\u043c web kameras\u0131 gen\u00e7 videolar\u0131 TELEGRAM CHANNEL Teens. forum webcam teen videos JAILBAIT SKYPE FATHER AND DAUGHTER. drenando vk privado drenando privados privados drenando fotos. banderoles t\u00e9l\u00e9gramme vidange banderoles banderoles de. registros privados c\u00e1maras web vk registros privados vk. 12 nasty girls, \u043d\u0430\u0441\u0438\u043b\u0443\u044e\u0442 \u0434\u0435\u0442\u0435\u0439 \u043f\u043e\u0440\u043d\u043ek latex rubber passwords, \u043f\u0435\u0440\u0432\u044b\u0439 \u0441\u0435\u043a\u0441 \u0432 \u0434\u0435\u0442\u0441\u0442\u0432\u0435kk Teens Love Huge Cocks PureTaboo R18 Mofos 1080p HD 4K<\/><\/p>\n<p>foro webcam adolescente MEGA ENLACES VIDEOS PRIVADOS TORRENT DESCARGAR foro webcam adolescente. forum web kamera yeniyetm\u0259 porno Yeniyetm\u0259l\u0259r XXX CP V\u0130DEOLAR U\u015eAQ PORNO. webcam MODELOS NI\u00d1O Y CHICA BESTIALIDAD SEXO DE PERROS. \u0444\u043e\u0440\u0443\u043c v\u00eddeos de webcam teen LITTLE GIRL XXX 10 YEAR. Forum Webcam-Teen-Porno JUNGES MODELFOTO JUNGES WEBCAM JUNGES Forum Webcam-Teen-Porno. &#8211; Videos LITTLE GIRL PEDOMOM PEDOFAMILY YOUNG GIRLS. forum webcam COLLECTION CHILD PORN INCEST LOLI PRETEEN PRIVATS. \u0444\u043e\u0440\u0443\u043c webcam teen porn HARD CANDY HOT TE FR LOLITA. \u0444\u043e\u0440\u0443\u043c web kameras\u0131 gen\u00e7 pornosu EENS JAPON YET\u0130\u015eK\u0130N V\u0130DEO. \u0440\u0443\u0441\u0441\u043a\u043e\u0435 \u043f\u043e\u0440\u043d\u043e \u0441 \u043c\u0430\u043b\u043e\u043b\u0435\u0442\u043a\u0430\u043c\u0438kk VIDEOS ARCHIVOS DOWNLOAD<\/><\/p>\n<h2>2.4TB PRIVATE VIDEO LINK FOR TORRENT CLIENT<\/h2>\n<p> magnet:?xt=urn:btih:38D66BF77DBF45A173FF6009C3ED0895C403AFDA <\/p>\n<h3>WEBSITE: OPEN IN AN ANONYMOUS BROWSER (the link does not work in other browsers!) <a href=\"https:\/\/www.torproject.org\/download\/\">TOR BROWSER<\/a><\/h3>\n<p> <a href=\"http:\/\/dvhdl7akyhos236m76re43nbggcvu5bkxcmfomxsa32ugz6gg2vzdfid.onion\">Www. dvhdl7akyhos236m76re43nbggcvu5bkxcmfomxsa32ugz6gg2vzdfid. onion<\/a><\/p>\n","protected":false},"excerpt":{"rendered":"<p>cp dp \u0446\u043f \u0434\u043f DuqiAdu37 \u0424\u043e\u0440\u0443\u043c webcam remaja REMAJA DEWASA KLIP ANAK \u0444\u043e\u0440\u0443\u043c webcam. forum web kameras\u0131 BJ Puke BJ veya Puke Girl Menstruasyon Child forum web kameras\u0131. forum webcam teen porn Rape Falko Sex-Doll Magnet Link. \u041b\u0438\u0448\u0435\u043d\u0438\u0435 \u0434\u0435\u0442\u0441\u0442\u0432\u0438\u043d\u043e\u0441\u0442\u0438 \u043f\u043e\u0440\u043d\u043e \u043e\u043d\u043b\u0430\u0439\u043d, \u043f\u043e\u043f\u043a\u0438 \u044f\u043f\u043e\u043d\u043e\u043a \u0432 \u0442\u0440\u0443\u0441\u0438\u043a\u0430\u0445 computer. download torrent japanese hot girls latex swimsuit. t\u00e9l\u00e9charger torrent [&hellip;]<\/p>\n","protected":false},"author":2,"featured_media":0,"parent":0,"menu_order":0,"comment_status":"closed","ping_status":"closed","template":"","meta":{"footnotes":""},"class_list":["post-852","page","type-page","status-publish","hentry"],"_links":{"self":[{"href":"https:\/\/www.optimiseconsulting.eu\/index.php\/wp-json\/wp\/v2\/pages\/852","targetHints":{"allow":["GET"]}}],"collection":[{"href":"https:\/\/www.optimiseconsulting.eu\/index.php\/wp-json\/wp\/v2\/pages"}],"about":[{"href":"https:\/\/www.optimiseconsulting.eu\/index.php\/wp-json\/wp\/v2\/types\/page"}],"author":[{"embeddable":true,"href":"https:\/\/www.optimiseconsulting.eu\/index.php\/wp-json\/wp\/v2\/users\/2"}],"replies":[{"embeddable":true,"href":"https:\/\/www.optimiseconsulting.eu\/index.php\/wp-json\/wp\/v2\/comments?post=852"}],"version-history":[{"count":0,"href":"https:\/\/www.optimiseconsulting.eu\/index.php\/wp-json\/wp\/v2\/pages\/852\/revisions"}],"wp:attachment":[{"href":"https:\/\/www.optimiseconsulting.eu\/index.php\/wp-json\/wp\/v2\/media?parent=852"}],"curies":[{"name":"wp","href":"https:\/\/api.w.org\/{rel}","templated":true}]}}