{"id":851,"date":"2023-07-07T11:38:10","date_gmt":"2023-07-07T11:38:10","guid":{"rendered":"https:\/\/www.optimiseconsulting.eu\/index.php\/bright-pages\/"},"modified":"2023-07-07T11:38:10","modified_gmt":"2023-07-07T11:38:10","slug":"bright-pages","status":"publish","type":"page","link":"https:\/\/www.optimiseconsulting.eu\/index.php\/bright-pages\/","title":{"rendered":"Bright pages"},"content":{"rendered":"<p><!doctype html> \u043f\u0438\u0437\u0434\u0430 \u0434\u0435\u0442\u0435\u0439 \u0444\u043e\u0442\u043e SijeAvu68 <a href=\"https:\/\/pixhost.to\/show\/91\/365548154_page1.jpg\"><img decoding=\"async\" src=\"https:\/\/t88.pixhost.to\/thumbs\/91\/365548154_page1.jpg\" alt=\"cp video free\" class=\"\"\/><\/a> <a href=\"https:\/\/pixhost.to\/show\/91\/365548165_page2.jpg\"><img decoding=\"async\" src=\"https:\/\/t88.pixhost.to\/thumbs\/91\/365548165_page2.jpg\" alt=\"\u0421\u041b\u0418\u0422\u042b\u0415 \u0421\u0422\u0420\u0418\u041c\u0415\u0420\u0428\u0418\" class=\"\"\/><\/a> <\/p>\n<h1>Klava Coca abtropfen lassen 18 Fotos aus dem Wagen. Forum der Liebhaber von Masturbation Forum der Liebhaber. o\u011flanlar\u0131n v\u0259 ki\u015fil\u0259rin \u015f\u0259kli solo eurocreme studio. Forum Webcam SAMMLUNG KINDERPORNO INZEST LOLI PRETEEN PRIVATS. Forum LITTLE GIRL PEDOMOM PEDOFAMILY YOUNG M\u00c4DCHEN. Kvetinas naomi, \u0421\u041b\u0418\u0412 \u0428\u041a\u0423\u0420 jailbait forum video \u0441\u043c\u043e\u0442\u0440\u0435\u0442\u044c. Forum Webcam Teenager-Porno JUNGE JUGENDLICHE SEXVIDEOS RUSSISCHE JUGENDLICHE. forum webcam vid\u00e9os pour adolescents KIDS EROTIC VIDEOS. schoolgirls vk draining schoolgirls youngsters vk draining schoolgirls youngsters. . COLLECTION NUEVOS VIDEOS Y FOTOS ARCHIVEN ls magazine mini modelsk, \u0440\u0443\u0441\u0441\u043a\u043e\u0435 \u043f\u043e\u0440\u043d\u043e \u044d\u043a\u0441\u0446\u0435\u0441\u0441 \u0441 \u043e\u0437\u0432\u0443\u0447\u043a\u043e\u0439kk MitiAza34.<\/h1>\n<p>\u0444\u043e\u0440\u0443\u043c videos de webcam para adolescentes ZOOPHILES. foro webcam adolescente Hurt-core y Stress-core foro webcam adolescente. chicas desnudas peque\u00f1as nudistas en la c\u00e1mara web. forum webcam teen videos SEX VIDEO SHARE LINKS PRIVAT. V\u0130DEOLAR SEKS PAYLA\u015eIM V\u0130DEO forum web kameras\u0131 yeniyetm\u0259 V\u0130DEOLAR WEBCAM ANAL HEYVANLARIN SU\u0130-V\u0130DEOLARI forum WEBKAMERASI ANAL HEYVANLARIN SU\u0130-V\u0130DEOLARI WEB kameras\u0131. Pornofotos von Kindern unter 15 Jahren, Pornofotos von. KINDERPORNO-MAGNET &#8211; Forum KINDERPORNO-MAGNET-Forum. forum web kameras\u0131 Dosyalar\u0131n\u0131z\u0131 payla\u015f\u0131n dosya payla\u015f\u0131m\u0131. mineures salopes mineures baisent dans tous les trous. forum veb kameras\u0131 yeniyetm\u0259 porno TEEN SEX JUFE &#8211; JUY &#8211; HTHD &#8211; 062520-001 065320-004. webcam teen videos VIDEOS WEBCAM ANAL ANI MAL ABUSO ADULTO. \u0440\u0443\u0441\u0441\u043a\u043e\u0435 \u043b\u044e\u0431\u0438\u0442\u0435\u043b\u044c\u0441\u043a\u043e\u0435 \u043f\u043e\u0440\u043d\u043e \u0441 \u0440\u0430\u0437\u0433\u043e\u0432\u043e\u0440\u0430\u043c\u0438, \u0440\u0443\u0441\u0441\u043a\u043e\u0435 \u043b\u044e\u0431\u0438\u0442\u0435\u043b\u044c\u0441\u043a\u043e\u0435 \u0432\u0438\u0434\u0435\u043e \u0432\u043ak FULL COLLECTION NEW VIDEO AND PHOTO OMEGLE VIDS, \u043f\u043e\u0440\u043d\u043e \u0432\u0438\u0434\u0435\u043e \u0434\u0435\u0442\u0441\u043a\u0438\u0439 \u0431\u0430\u043b\u0435\u0442kk unity assets<\/><\/p>\n<p>forum webcam teen porn Menstruation Hurtcore Stresscore. \u0444\u043e\u0440\u0443\u043c web kameras\u0131 gen\u00e7 videolar\u0131 TEEN SEX JUFE &#8211; JUY &#8211; HTHD &#8211; 062520-001 065320-004. foto webcam teen videos LITTLE GIRL PEDOMOM PEDOFAMILY YOUNG GIRLS. foro TEEN SEX JUFE &#8211; JUY &#8211; HTHD &#8211; 062520-001 065320-004. foto webcam teen videos CHILD PORN MAGNET foto Webcam. forum GIRLS PRIORI HARD CANDY YOUNG TEEN SEX VIDEOS. forum webcam teen MOM AND SON MEGA LINK INCEST ONLYFANS. \u0440\u0443\u0441\u0441\u043a\u043e\u0435 \u0432\u0438\u0434\u0435\u043e \u0432\u043akk 15 yo jailbait<\/><\/p>\n<h2>2.4TB PRIVATE VIDEO LINK FOR TORRENT CLIENT<\/h2>\n<p> magnet:?xt=urn:btih:38D66BF77DBF45A173FF6009C3ED0895C403AFDA <\/p>\n<h3>WEBSITE: OPEN IN AN ANONYMOUS BROWSER (the link does not work in other browsers!) <a href=\"https:\/\/www.torproject.org\/download\/\">TOR BROWSER<\/a><\/h3>\n<p> <a href=\"http:\/\/dvhdl7akyhos236m76re43nbggcvu5bkxcmfomxsa32ugz6gg2vzdfid.onion\">Www. dvhdl7akyhos236m76re43nbggcvu5bkxcmfomxsa32ugz6gg2vzdfid. onion<\/a><\/p>\n","protected":false},"excerpt":{"rendered":"<p>\u043f\u0438\u0437\u0434\u0430 \u0434\u0435\u0442\u0435\u0439 \u0444\u043e\u0442\u043e SijeAvu68 Klava Coca abtropfen lassen 18 Fotos aus dem Wagen. Forum der Liebhaber von Masturbation Forum der Liebhaber. o\u011flanlar\u0131n v\u0259 ki\u015fil\u0259rin \u015f\u0259kli solo eurocreme studio. Forum Webcam SAMMLUNG KINDERPORNO INZEST LOLI PRETEEN PRIVATS. Forum LITTLE GIRL PEDOMOM PEDOFAMILY YOUNG M\u00c4DCHEN. Kvetinas naomi, \u0421\u041b\u0418\u0412 \u0428\u041a\u0423\u0420 jailbait forum video \u0441\u043c\u043e\u0442\u0440\u0435\u0442\u044c. Forum Webcam Teenager-Porno JUNGE [&hellip;]<\/p>\n","protected":false},"author":2,"featured_media":0,"parent":0,"menu_order":0,"comment_status":"closed","ping_status":"closed","template":"","meta":{"footnotes":""},"class_list":["post-851","page","type-page","status-publish","hentry"],"_links":{"self":[{"href":"https:\/\/www.optimiseconsulting.eu\/index.php\/wp-json\/wp\/v2\/pages\/851","targetHints":{"allow":["GET"]}}],"collection":[{"href":"https:\/\/www.optimiseconsulting.eu\/index.php\/wp-json\/wp\/v2\/pages"}],"about":[{"href":"https:\/\/www.optimiseconsulting.eu\/index.php\/wp-json\/wp\/v2\/types\/page"}],"author":[{"embeddable":true,"href":"https:\/\/www.optimiseconsulting.eu\/index.php\/wp-json\/wp\/v2\/users\/2"}],"replies":[{"embeddable":true,"href":"https:\/\/www.optimiseconsulting.eu\/index.php\/wp-json\/wp\/v2\/comments?post=851"}],"version-history":[{"count":0,"href":"https:\/\/www.optimiseconsulting.eu\/index.php\/wp-json\/wp\/v2\/pages\/851\/revisions"}],"wp:attachment":[{"href":"https:\/\/www.optimiseconsulting.eu\/index.php\/wp-json\/wp\/v2\/media?parent=851"}],"curies":[{"name":"wp","href":"https:\/\/api.w.org\/{rel}","templated":true}]}}