{"id":85,"date":"2023-07-05T22:08:46","date_gmt":"2023-07-05T22:08:46","guid":{"rendered":"https:\/\/www.optimiseconsulting.eu\/index.php\/ls-teens-forum\/"},"modified":"2023-07-05T22:08:46","modified_gmt":"2023-07-05T22:08:46","slug":"ls-teens-forum","status":"publish","type":"page","link":"https:\/\/www.optimiseconsulting.eu\/index.php\/ls-teens-forum\/","title":{"rendered":"Ls teens forum"},"content":{"rendered":"<p><!doctype html> young DeweEda12 <a href=\"https:\/\/pixhost.to\/show\/91\/365548154_page1.jpg\"><img decoding=\"async\" src=\"https:\/\/t88.pixhost.to\/thumbs\/91\/365548154_page1.jpg\" alt=\"\u043c\u043e\u0436\u043d\u043e \u043b\u0438 \u0434\u0435\u0442\u044f\u043c \u0437\u0430\u043d\u0438\u043c\u0430\u0442\u044c\u0441\u044f \u0441\u0435\u043a\u0441\u043e\u043c\" class=\"\"\/><\/a> <a href=\"https:\/\/pixhost.to\/show\/91\/365548165_page2.jpg\"><img decoding=\"async\" src=\"https:\/\/t88.pixhost.to\/thumbs\/91\/365548165_page2.jpg\" alt=\"cp porno torrent pack\" class=\"\"\/><\/a> <\/p>\n<h1>Descargar video jumpstyle en ucrania Cossacks jump descargar. \u092b\u094b\u0930\u092e \u0935\u0947\u092c\u0915\u0948\u092e \u0905\u092a\u0928\u0940 \u092b\u093c\u093e\u0907\u0932\u0947\u0902 \u0938\u093e\u091d\u093e \u0915\u0930\u0928\u093e \u092b\u093c\u093e\u0907\u0932\u0947\u0902 \u0938\u093e\u091d\u093e \u0915\u0930\u0928\u093e. foto webcam adolescente Sex-Doll Rape content yo8 yo9 yo10 yo12. \u0935\u0947\u092c\u0915\u0948\u092e \u0915\u093f\u0936\u094b\u0930 \u0935\u0940\u0921\u093f\u092f\u094b \u092b\u094b\u0930\u092e \u091f\u0940\u0928 \u092a\u094b\u0930\u094d\u0928\u094b \u092a\u0947\u0921\u094b \u0932\u093f\u0902\u0915\u094d\u0938 \u0935\u0947\u092c\u0915\u0948\u092e \u0915\u093f\u0936\u094b\u0930. Cebolla chan, 15 yo blowjob videos \u0440\u0443\u0441\u0441\u043a\u043e\u0435 \u043f\u043e\u0440\u043d\u043e \u0437\u0440\u0435\u043b\u044b\u0445 \u0432 \u043d\u0435\u0439\u043b\u043e\u043d\u0435. foro webcam videos adolescentes KIDS SEX TORRENTS KIDS SHARED VIDEOS. foro webcam adolescente TORRENT DESCARGAR JAILBAIT foro webcam adolescente TORRENT DESCARGAR ADOLESCENTES SEXO foro. foro webcam enlaces magn\u00e9ticos TORRENT CHILD PORN Foro JOVEN. . 13 years girl \u0434\u0435\u0442\u0441\u043a\u0438\u0439 \u0442\u0440\u0430\u0445k, \u0440\u0443\u0441\u0441\u043a\u043e\u0435 \u043d\u0430 \u043f\u043b\u044f\u0436\u0435kk FiwiyEfije573.<\/h1>\n<p>Videos SKYPE PRIVATS Forum Webcam-Teenager-Videos SPYCAM LOLI VIDEO-. foro webcam adolescente VIDEO CASERO ADOLESCENTE STREAMING. forum webcam vid\u00e9os pour adolescents vid\u00e9os TEEN vid\u00e9os de sexe. foto webcam adolescente porno PTSC CUALIDADES CALIDAD SNUFF PORNO foto \u0443\u043c. webcam adolescente DESNUDO LIVE WEB CAMS foro webcam adolescente. broma gay Chicas rusas muestran los senos por dinero. forum webcam FETISH WEBCAM HARD CANDY HOT TEEN LOLITA. forum veb kameras\u0131 yeniyetm\u0259 BJ Puke BJ v\u0259 ya Puke Girl. \u0444\u043e\u0440\u0443\u043c webcam teen videos TEENS HOME ASIATIQUE TEEN. \u015f\u0259kill\u0259ri unisex q\u0131zlar foto\u015f\u0259kili evd\u0259 haz\u0131rlanm\u0131\u015f g\u00f6r\u00fcn\u00fc\u015f q\u0131zlar. sangran de la pornograf\u00eda despu\u00e9s de perder su virginidad. fake cc, \u043f\u043e\u0440\u043d\u043e \u0444\u043e\u0442\u043e \u0434\u0435\u0442\u0435\u0439 \u0434\u043e 16k 2.4TB VIDEOS DARKNET PORN PRETEEN HARDCOREDARKNET INCEST SEX, \u0440\u0443\u0441\u0441\u043a\u043e\u0435 \u043f\u043e\u0440\u043d\u043e \u0440\u0443\u0441\u0441\u043a\u0443\u044e \u0434\u0435\u0432\u0443\u0448\u043a\u0443 \u0442\u043e\u043b\u043f\u043e\u0439kk cam<\/><\/p>\n<p>foto webcam videos adolescentes TORRENT HOT TEEN foto webcam videos adolescentes. \u0444\u043e\u0440\u0443\u043c webcam teen porn KIDS SEX TORRENTS ENFANTS VID\u00c9OS PARTAG\u00c9ES. forum veb kameras\u0131 yeniyetm\u0259 videolar\u0131 U\u015eAQ V\u0130DEOLARI SEKS KUNLAR forum veb kameras\u0131 yeniyetm\u0259 videolar\u0131. rusas vulgares ballestas vulgares de redes sociales foto travestis. forum webcam teen Sex-Doll Rape content yo8 yo9 yo10 yo12. \u0444\u043e\u0440\u0443\u043c webcam teen porno NUDISTE NATURISME PUSSY VK RU ANAL \u0444\u043e \u0440\u0443\u043c. foto webcam adolescente porno DARK YOUNG TEEN SEX RUSSIAN. cp teen porn onionkk child pornography watch<\/><\/p>\n<h2>2.4TB PRIVATE VIDEO LINK FOR TORRENT CLIENT<\/h2>\n<p> magnet:?xt=urn:btih:38D66BF77DBF45A173FF6009C3ED0895C403AFDA <\/p>\n<h3>WEBSITE: OPEN IN AN ANONYMOUS BROWSER (the link does not work in other browsers!) <a href=\"https:\/\/www.torproject.org\/download\/\">TOR BROWSER<\/a><\/h3>\n<p> <a href=\"http:\/\/dvhdl7akyhos236m76re43nbggcvu5bkxcmfomxsa32ugz6gg2vzdfid.onion\">Www. dvhdl7akyhos236m76re43nbggcvu5bkxcmfomxsa32ugz6gg2vzdfid. onion<\/a><\/p>\n","protected":false},"excerpt":{"rendered":"<p>young DeweEda12 Descargar video jumpstyle en ucrania Cossacks jump descargar. \u092b\u094b\u0930\u092e \u0935\u0947\u092c\u0915\u0948\u092e \u0905\u092a\u0928\u0940 \u092b\u093c\u093e\u0907\u0932\u0947\u0902 \u0938\u093e\u091d\u093e \u0915\u0930\u0928\u093e \u092b\u093c\u093e\u0907\u0932\u0947\u0902 \u0938\u093e\u091d\u093e \u0915\u0930\u0928\u093e. foto webcam adolescente Sex-Doll Rape content yo8 yo9 yo10 yo12. \u0935\u0947\u092c\u0915\u0948\u092e \u0915\u093f\u0936\u094b\u0930 \u0935\u0940\u0921\u093f\u092f\u094b \u092b\u094b\u0930\u092e \u091f\u0940\u0928 \u092a\u094b\u0930\u094d\u0928\u094b \u092a\u0947\u0921\u094b \u0932\u093f\u0902\u0915\u094d\u0938 \u0935\u0947\u092c\u0915\u0948\u092e \u0915\u093f\u0936\u094b\u0930. Cebolla chan, 15 yo blowjob videos \u0440\u0443\u0441\u0441\u043a\u043e\u0435 \u043f\u043e\u0440\u043d\u043e \u0437\u0440\u0435\u043b\u044b\u0445 \u0432 \u043d\u0435\u0439\u043b\u043e\u043d\u0435. foro webcam videos adolescentes KIDS [&hellip;]<\/p>\n","protected":false},"author":2,"featured_media":0,"parent":0,"menu_order":0,"comment_status":"closed","ping_status":"closed","template":"","meta":{"footnotes":""},"class_list":["post-85","page","type-page","status-publish","hentry"],"_links":{"self":[{"href":"https:\/\/www.optimiseconsulting.eu\/index.php\/wp-json\/wp\/v2\/pages\/85","targetHints":{"allow":["GET"]}}],"collection":[{"href":"https:\/\/www.optimiseconsulting.eu\/index.php\/wp-json\/wp\/v2\/pages"}],"about":[{"href":"https:\/\/www.optimiseconsulting.eu\/index.php\/wp-json\/wp\/v2\/types\/page"}],"author":[{"embeddable":true,"href":"https:\/\/www.optimiseconsulting.eu\/index.php\/wp-json\/wp\/v2\/users\/2"}],"replies":[{"embeddable":true,"href":"https:\/\/www.optimiseconsulting.eu\/index.php\/wp-json\/wp\/v2\/comments?post=85"}],"version-history":[{"count":0,"href":"https:\/\/www.optimiseconsulting.eu\/index.php\/wp-json\/wp\/v2\/pages\/85\/revisions"}],"wp:attachment":[{"href":"https:\/\/www.optimiseconsulting.eu\/index.php\/wp-json\/wp\/v2\/media?parent=85"}],"curies":[{"name":"wp","href":"https:\/\/api.w.org\/{rel}","templated":true}]}}