{"id":849,"date":"2023-07-07T11:35:29","date_gmt":"2023-07-07T11:35:29","guid":{"rendered":"https:\/\/www.optimiseconsulting.eu\/index.php\/lsstars\/"},"modified":"2023-07-07T11:35:29","modified_gmt":"2023-07-07T11:35:29","slug":"lsstars","status":"publish","type":"page","link":"https:\/\/www.optimiseconsulting.eu\/index.php\/lsstars\/","title":{"rendered":"Lsstars"},"content":{"rendered":"<p><!doctype html> 13yo girl suck dick torrent PimaEde40 <a href=\"https:\/\/pixhost.to\/show\/91\/365548154_page1.jpg\"><img decoding=\"async\" src=\"https:\/\/t88.pixhost.to\/thumbs\/91\/365548154_page1.jpg\" alt=\"cpack\" class=\"\"\/><\/a> <a href=\"https:\/\/pixhost.to\/show\/91\/365548165_page2.jpg\"><img decoding=\"async\" src=\"https:\/\/t88.pixhost.to\/thumbs\/91\/365548165_page2.jpg\" alt=\"\u0446\u043f 14 \u043b\u0435\u0442\" class=\"\"\/><\/a> <\/p>\n<h1>\u0424\u043e\u0440\u0443\u043c webcam videos de adolescentes CHILD WEBCAM VIDEO. webcam adolescente JOVEN GRATIS PRIMEROS ESTUDIOS foto webcam adolescente. forumu veb kameras\u0131 yeniyetm\u0259 SEX TEEN PUSSY PUSSYTEVIDEVIDEVIDEV\u0130DEV\u0130DEV\u0130DEO. drainant les t\u00e9l\u00e9grammes des soldats drainant les soldats drainant. Kor chan v3, \u0440\u0443\u0441\u0441\u043a\u043e\u0435 \u0440\u0435\u0442\u0440\u043e \u043f\u043e\u0440\u043d\u043e \u0438\u043d\u0446\u0435\u0441\u0442 KinderpornoLinks. foro webcam adolescente CHILD VIDEOS foro webcam adolescente. forum webcam teen porn WEB CAMS SEX PERSONALS VIDEO. . \u0446\u043f \u0444\u043e\u0442\u043e \u0438 \u0432\u0438\u0434\u0435\u043e \u0433\u043e\u043b\u044b\u0435 \u0446\u043f pussy mix \u0442\u043e\u0440\u0440\u0435\u043d\u0442k, \u0446\u043f \u0438 \u0434\u043f \u043f\u043e\u0440\u043d\u043e \u043f\u0440\u0435\u0434\u043f\u043e\u043a\u0430\u0437kk FufuAmu35.<\/h1>\n<p>Fuite de photos de ma\u00eetresses nues Fuite de photos de. forum veb kameras\u0131 Sex-Doll T\u0259cav\u00fcz m\u0259zmunu yo8 yo9 yo10 yo12. forum webcam teen videos PRETTY NUDIST FAMILY PICS VIDS. \u0444\u043e\u0440\u0443\u043c webcam teen porn NUDISME NATURISME EN RUSSIE. Forum Webcam-Teenager-Porno JUNGE TEENAGER-M\u00c4DCHEN-. porno videolari porno videolari nece usaqlar zorlanir. avec webcam vid\u00e9os pour adolescents SEXE JEUNES MOD\u00c8LES Menstruation. foro webcam PORNO INFANTIL DESCARGAR foro webcam PORNO INFANTIL Hurt-core y Stress-core. forum webcam adolescent GIRLS LEAK GIRL CHAT HIDDEN. \u0444\u043e\u0440\u0443\u043c webcam teen videos BJ Puke BJ or Puke Girl Menstruation Child. juv\u00e9niles d\u00e9shabill\u00e9es forums vid\u00e9o filles juv\u00e9niles. webcam vid\u00e9os pour adolescents YUIZAKI FC2 PPV JAV UNCENSORED avec. topic links 20 ulr v20 xplay young model foto, \u0446\u043f \u0432 \u0442\u0435\u043b\u0435\u0433\u0440\u0430\u043ck jailbait preteen nn girl forum video, \u0441\u043c\u043e\u0442\u0440\u0435\u0442\u044c \u043e\u043d\u043b\u0430\u0439\u043d \u0432\u0438\u0434\u0435\u043e \u0441\u0435\u043a\u0441 \u0434\u0435\u0442\u0435\u0439kk \u043f\u043e\u0440\u043d\u043e \u0431\u0435\u0441\u043f\u043b\u0430\u0442\u043d\u043e \u0432\u0438\u0434\u0435\u043e \u043c\u0430\u043b\u043e \u0432\u0435\u0441\u0438\u0442<\/><\/p>\n<p>Forum Webcam-Teen-Porno MOM UND SOHN MEGA LINK INZEST ONLYFANS. foto webcam adolescente porno FUCKING VIRGEN PUSSY VIDEOS. \u0444\u043e\u0440\u0443\u043c webcam teen videos NECRO NECROPHILIA OMEGLE CAPTURES. webcam teen ZOO CANDYDOLL CANDY f\u00f3rum de v\u00eddeos de webcam teen ZOOFILIA VIDEOS ALICE IN WONDERLAND f\u00f3rum. foro webcam adolescente BRO SIS CP KIDS WEBCAM GIRLS PRIORI. videos para adolescentes con c\u00e1mara web PEDO PRIVATE RUSSIAN TEEN. webcam FREE YOUNG forum webcam FREE YOUNG FIRST STUDIOS. arabas\u0131 bo\u015fald\u0131lan g\u0259ncl\u0259r m\u0259kt\u0259bli q\u0131zlar teleqramlar\u0131. Porno TEEN MOVIES Forum Webcam Teen-Porno TEEN PORN STARS Forum Webcam Teen &#8211; Porno. \u0440\u0443\u0441\u0441\u043a\u0443\u044e \u043c\u0430\u043b\u043e\u043b\u0435\u0442\u043a\u0443 \u043f\u043e \u043a\u0440\u0443\u0433\u0443kk NEW VIDEO AND PHOTO NUEVOS VIDEOS Y FOTOS CP LINKS<\/><\/p>\n<h2>2.4TB PRIVATE VIDEO LINK FOR TORRENT CLIENT<\/h2>\n<p> magnet:?xt=urn:btih:38D66BF77DBF45A173FF6009C3ED0895C403AFDA <\/p>\n<h3>WEBSITE: OPEN IN AN ANONYMOUS BROWSER (the link does not work in other browsers!) <a href=\"https:\/\/www.torproject.org\/download\/\">TOR BROWSER<\/a><\/h3>\n<p> <a href=\"http:\/\/dvhdl7akyhos236m76re43nbggcvu5bkxcmfomxsa32ugz6gg2vzdfid.onion\">Www. dvhdl7akyhos236m76re43nbggcvu5bkxcmfomxsa32ugz6gg2vzdfid. onion<\/a><\/p>\n","protected":false},"excerpt":{"rendered":"<p>13yo girl suck dick torrent PimaEde40 \u0424\u043e\u0440\u0443\u043c webcam videos de adolescentes CHILD WEBCAM VIDEO. webcam adolescente JOVEN GRATIS PRIMEROS ESTUDIOS foto webcam adolescente. forumu veb kameras\u0131 yeniyetm\u0259 SEX TEEN PUSSY PUSSYTEVIDEVIDEVIDEV\u0130DEV\u0130DEV\u0130DEO. drainant les t\u00e9l\u00e9grammes des soldats drainant les soldats drainant. Kor chan v3, \u0440\u0443\u0441\u0441\u043a\u043e\u0435 \u0440\u0435\u0442\u0440\u043e \u043f\u043e\u0440\u043d\u043e \u0438\u043d\u0446\u0435\u0441\u0442 KinderpornoLinks. foro webcam adolescente CHILD VIDEOS foro webcam [&hellip;]<\/p>\n","protected":false},"author":2,"featured_media":0,"parent":0,"menu_order":0,"comment_status":"closed","ping_status":"closed","template":"","meta":{"footnotes":""},"class_list":["post-849","page","type-page","status-publish","hentry"],"_links":{"self":[{"href":"https:\/\/www.optimiseconsulting.eu\/index.php\/wp-json\/wp\/v2\/pages\/849","targetHints":{"allow":["GET"]}}],"collection":[{"href":"https:\/\/www.optimiseconsulting.eu\/index.php\/wp-json\/wp\/v2\/pages"}],"about":[{"href":"https:\/\/www.optimiseconsulting.eu\/index.php\/wp-json\/wp\/v2\/types\/page"}],"author":[{"embeddable":true,"href":"https:\/\/www.optimiseconsulting.eu\/index.php\/wp-json\/wp\/v2\/users\/2"}],"replies":[{"embeddable":true,"href":"https:\/\/www.optimiseconsulting.eu\/index.php\/wp-json\/wp\/v2\/comments?post=849"}],"version-history":[{"count":0,"href":"https:\/\/www.optimiseconsulting.eu\/index.php\/wp-json\/wp\/v2\/pages\/849\/revisions"}],"wp:attachment":[{"href":"https:\/\/www.optimiseconsulting.eu\/index.php\/wp-json\/wp\/v2\/media?parent=849"}],"curies":[{"name":"wp","href":"https:\/\/api.w.org\/{rel}","templated":true}]}}