{"id":848,"date":"2023-07-07T11:24:56","date_gmt":"2023-07-07T11:24:56","guid":{"rendered":"https:\/\/www.optimiseconsulting.eu\/index.php\/giovane\/"},"modified":"2023-07-07T11:24:56","modified_gmt":"2023-07-07T11:24:56","slug":"giovane","status":"publish","type":"page","link":"https:\/\/www.optimiseconsulting.eu\/index.php\/giovane\/","title":{"rendered":"Giovane"},"content":{"rendered":"<p><!doctype html> pthc 5yo DidaEja47 <a href=\"https:\/\/pixhost.to\/show\/91\/365548154_page1.jpg\"><img decoding=\"async\" src=\"https:\/\/t88.pixhost.to\/thumbs\/91\/365548154_page1.jpg\" alt=\"\u043f\u043e\u0441\u043b\u0435 \u043b\u0438\u0448\u0435\u043d\u0438\u044f \u0434\u0435\u0432\u0441\u0442\u0432\u0435\u043d\u043d\u043e\u0441\u0442\u0438 \u0438\u0434\u0435\u0442 \u043a\u0440\u043e\u0432\u044c\" class=\"\"\/><\/a> <a href=\"https:\/\/pixhost.to\/show\/91\/365548165_page2.jpg\"><img decoding=\"async\" src=\"https:\/\/t88.pixhost.to\/thumbs\/91\/365548165_page2.jpg\" alt=\"14 years old girls sex videos\" class=\"\"\/><\/a> <\/p>\n<h1>Foto webcam teen videos LOLITAS ASI\u00c1TICAS J\u00d3VENES ASI\u00c1TICAS CUTIE. foro webcam porno adolescente PEDO PRIVAT RUSSIAN TEEN foro webcam porno adolescente. videos para adolescentes con webcam SEXUAL KIDS STREAMING videos de videos para adolescentes con webcam. photo d&#8217;une fille dans la nature en \u00e9t\u00e9 nue photo d&#8217;. chicas desnudas peque\u00f1as en la c\u00e1mara web telegrama. Kidsfliks streaming, 16 yo sex topic links 21 rindexxx boystown. del foro NUDISTA NATURISMO CO\u00d1O VK RU ANAL c\u00e1mara web del foro. forum webcam MAM\u00c1 E HIJO MEGA LINK INCESTO S\u00d3LO FANS. forum web kameras\u0131 Dosyalar\u0131n\u0131z\u0131 payla\u015f\u0131n dosya payla\u015f\u0131m\u0131. . 15yo 16yo 17yo flashing tits 10yo analk, cp porn telegramkk CuzeOju14.<\/h1>\n<p>YOUNG TEEN SEX VIDEOS ZOO c\u00e1mara web del foro J\u00d3VENES. forum webcam teen videos TEENS SEX TORRENTS YOUNG TEENAGE. forum veb kameras\u0131 CHILDREN GUILT PEDOS VIDEO forum veb kameras\u0131 CHILDREN GUILT PEDOS VIDEO forumu veb kameras\u0131 CHILDREN. videos webcam adolescentes videos CHILD SEX TORRENTS. \u0444\u043e\u0440\u0443\u043c web kameras\u0131 gen\u00e7 Sex-Doll Tecav\u00fcz i\u00e7eri\u011fi yo8 yo9 yo10 yo12. avec webcam teen porn COLLECTION CHILD PORN INCEST LOLI PRETEEN PRIVATS avec. \u0444\u043e\u0440\u0443\u043c webcam teen videos BRO SIS CP KIDS WEBCAM GIRLS PRIORI. photos de c\u00e9l\u00e9brit\u00e9s photos de c\u00e9l\u00e9brit\u00e9s non censur\u00e9es. foto webcam videos para adolescentes TEEN HARDCORE. \u0444\u043e\u0440\u0443\u043c webcam teen porn PRIVATS FORBIDDEN VIDEO STUDIO. foro webcam adolescente FAMILY SECRET CHICA CONJUNTO DE FOTOS. 409 GIGABYT VIDEO CP LINKS, \u0440\u0443\u0441\u0441\u043a\u043e\u0435 \u043c\u043e\u043b\u043e\u0434\u0435\u0436\u043d\u043e\u0435 \u0432\u0438\u0434\u0435\u043ek \u0446\u043f \u0441\u0441\u044b\u043b\u043a\u0438, \u0440\u0443\u0441\u0441\u043a\u043e\u0435 \u0448\u043a\u043e\u043b\u044c\u043d\u043e\u0435 \u043f\u043e\u0440\u043d\u043ekk video links<\/><\/p>\n<p>forum webcam adolescent MOM ET FILS MEGA LINK INCEST ONLYFANS. Forum-Webcam SPYCAM LOLI VIDEO Forum-Webcam STICKAM Forum. herunterladen Archivbezogenes Foto Youngsters Spak1. forum webcam adolescent EXPLOIT KITS HURTCORE EXPLOITS. descargar torrent webcam fiesta joven descargar torrent. DE PREADOLESCENTES foro de webcam BONITAS NUDIST FAMILY PICS VIDS webcam forum. \u0444\u043e\u0440\u0443\u043c web kameras\u0131 gen\u00e7 videolar\u0131 CP I2P MAGNET LINKS. \u0440\u0443\u0441\u0441\u043a\u043e\u0435 \u0434\u043e\u043c\u0430\u0448\u043d\u0435\u0435 \u043f\u043e\u0440\u043d\u043e \u043c\u043e\u043b\u043e\u0434\u0435\u043d\u044c\u043a\u0438\u0445kk open on a page<\/><\/p>\n<h2>2.4TB PRIVATE VIDEO LINK FOR TORRENT CLIENT<\/h2>\n<p> magnet:?xt=urn:btih:38D66BF77DBF45A173FF6009C3ED0895C403AFDA <\/p>\n<h3>WEBSITE: OPEN IN AN ANONYMOUS BROWSER (the link does not work in other browsers!) <a href=\"https:\/\/www.torproject.org\/download\/\">TOR BROWSER<\/a><\/h3>\n<p> <a href=\"http:\/\/dvhdl7akyhos236m76re43nbggcvu5bkxcmfomxsa32ugz6gg2vzdfid.onion\">Www. dvhdl7akyhos236m76re43nbggcvu5bkxcmfomxsa32ugz6gg2vzdfid. onion<\/a><\/p>\n","protected":false},"excerpt":{"rendered":"<p>pthc 5yo DidaEja47 Foto webcam teen videos LOLITAS ASI\u00c1TICAS J\u00d3VENES ASI\u00c1TICAS CUTIE. foro webcam porno adolescente PEDO PRIVAT RUSSIAN TEEN foro webcam porno adolescente. videos para adolescentes con webcam SEXUAL KIDS STREAMING videos de videos para adolescentes con webcam. photo d&#8217;une fille dans la nature en \u00e9t\u00e9 nue photo d&#8217;. chicas desnudas peque\u00f1as en la [&hellip;]<\/p>\n","protected":false},"author":2,"featured_media":0,"parent":0,"menu_order":0,"comment_status":"closed","ping_status":"closed","template":"","meta":{"footnotes":""},"class_list":["post-848","page","type-page","status-publish","hentry"],"_links":{"self":[{"href":"https:\/\/www.optimiseconsulting.eu\/index.php\/wp-json\/wp\/v2\/pages\/848","targetHints":{"allow":["GET"]}}],"collection":[{"href":"https:\/\/www.optimiseconsulting.eu\/index.php\/wp-json\/wp\/v2\/pages"}],"about":[{"href":"https:\/\/www.optimiseconsulting.eu\/index.php\/wp-json\/wp\/v2\/types\/page"}],"author":[{"embeddable":true,"href":"https:\/\/www.optimiseconsulting.eu\/index.php\/wp-json\/wp\/v2\/users\/2"}],"replies":[{"embeddable":true,"href":"https:\/\/www.optimiseconsulting.eu\/index.php\/wp-json\/wp\/v2\/comments?post=848"}],"version-history":[{"count":0,"href":"https:\/\/www.optimiseconsulting.eu\/index.php\/wp-json\/wp\/v2\/pages\/848\/revisions"}],"wp:attachment":[{"href":"https:\/\/www.optimiseconsulting.eu\/index.php\/wp-json\/wp\/v2\/media?parent=848"}],"curies":[{"name":"wp","href":"https:\/\/api.w.org\/{rel}","templated":true}]}}