{"id":847,"date":"2023-07-07T11:09:02","date_gmt":"2023-07-07T11:09:02","guid":{"rendered":"https:\/\/www.optimiseconsulting.eu\/index.php\/preteen-jailbait\/"},"modified":"2023-07-07T11:09:02","modified_gmt":"2023-07-07T11:09:02","slug":"preteen-jailbait","status":"publish","type":"page","link":"https:\/\/www.optimiseconsulting.eu\/index.php\/preteen-jailbait\/","title":{"rendered":"Preteen jailbait"},"content":{"rendered":"<p><!doctype html> \u043f\u043e\u0440\u043d\u043e \u0432\u0438\u0434\u0435\u043e \u0434\u043f \u0446\u043f WebeAvu87 <a href=\"https:\/\/pixhost.to\/show\/91\/365548154_page1.jpg\"><img decoding=\"async\" src=\"https:\/\/t88.pixhost.to\/thumbs\/91\/365548154_page1.jpg\" alt=\"\u0440\u0443\u0441\u0441\u043a\u043e\u0435 \u043d\u0430 \u043f\u043b\u044f\u0436\u0435\" class=\"\"\/><\/a> <a href=\"https:\/\/pixhost.to\/show\/91\/365548165_page2.jpg\"><img decoding=\"async\" src=\"https:\/\/t88.pixhost.to\/thumbs\/91\/365548165_page2.jpg\" alt=\"\u043f\u043e\u043f\u043a\u0438 \u0448\u043a\u043e\u043b\u044c\u043d\u0438\u0446 \u0441\u043b\u0438\u0432\" class=\"\"\/><\/a> <\/p>\n<h1>Schulm\u00e4dchen Abfluss 16 Schulm\u00e4dchen Abfluss Telegramm Schulm\u00e4dchen. foro webcam adolescente porno LOLI PREADOLESCENTES PRIVADOS. UNIVERSITARIOS foro ADOLESCENTES J\u00d3VENES VIDEOS DE SEXO PARA ADOLESCENTES J\u00d3VENES Foro de ADOLESCENTES RUSOS VIDEOS DE SEXO PARA ADOLESCENTES. leaking photos and videos of a Russian student forum. foro webcam videos adolescentes ONLYFANSCOM PREMIUM. KIDS PRETEEN PRIVATS BRO SIS KIDS YOUNG GIRLS PORN MOM SON PRETEEN HARDCORE, 10yo fuck look at the collection. \u0444\u043e\u0440\u0443\u043c webcam teen YOUNG MODEL FOTO YOUNG WEBCAM YOUNG. forum webcam teen videos NECRO NECROPHILIA OMEGLE CAPTURES. forum webcam adolescent MEGA LINKS PRIVATE T\u00c9L\u00c9CHARGEMENT DE VID\u00c9OS EN TORRENT. . pthc, pedo, lolita, PTSC, kids, teens \u0440\u0443\u0441\u0441\u043a\u043e\u0435 \u043f\u043e\u0440\u043d\u043e \u043c\u0430\u043b\u043e\u043b\u0435\u0442\u043e\u043a \u0432\u043a\u043e\u043d\u0442\u0430\u043a\u0442\u0435k, \u0440\u0443\u0441\u0441\u043a\u043e\u0435 \u043f\u043e\u0440\u043d\u043e \u0441 \u044e\u043d\u044b\u043c\u0438 \u0434\u0435\u0432\u043e\u0447\u043a\u0430\u043c\u0438kk NikifAnata936.<\/h1>\n<p>jovencitos porno en webcam video xxx jovencitos porno. violaci\u00f3n infantil en l\u00ednea historias de pornograf\u00eda infantil. F\u00f3rum de amantes de sexo oral F\u00f3rum de amantes de sexo oral. menguras siswi di pakaian dalam siswi menguras video. forum webcam teen videos Share your Files sharing files. photos de jeunes montrent des organes g\u00e9nitaux dans un chat vid\u00e9o. forum veb kameras\u0131 yeniyetm\u0259 videolar\u0131 LITTLE GIRL PEDOMOM PEDOMOM A\u0130L\u018f YOUNG GIRLS. drenando colegialas periscopio telegrama drenando colegialas. create pages, jailbait video forum online boys girlsk ilove, 12 year old girl modelkk \u043b\u0438\u0448\u0435\u043d\u0438\u0435 \u0434\u0435\u0432\u0441\u0442\u0432\u0435\u043d\u043d\u043e\u0441\u0442\u0438 \u0434\u0435\u0442\u0435\u0439 \u0432\u0438\u0434\u0435\u043e<\/><\/p>\n<p>foro webcam adolescente MAM\u00c1 HIJO INCESTO REAL foro. private Gruppen Telegramm-Austauschfotos Ehefrauen. foro webcam adolescente porno VIDEOS ER\u00d3TICOS LESBIANAS. forum veb kameras\u0131 yeniyetm\u0259 videolar\u0131 TEENS CHILD PORNO MY PRIVATS forum web kameras\u0131. von Fotos von Jugendlichen VK durchsickerndes Foto. foro webcam porno adolescente JUNIOR NUDISTA JB KITTY. \u0444\u043e\u0440\u0443\u043c web kameras\u0131 gen\u00e7 videolar\u0131 TEENS CHILD PORNO MY \u00d6ZEL H\u0130ZMETLER\u0130M. forum webcam teen videos NECRO NECROPHILIA OMEGLE CAPTURES. \u0421\u041b\u0418\u0412 \u041f\u041e\u0414\u0420\u041e\u0421\u0422\u041a\u041e\u0412 \u0422\u0415\u041b\u0415\u0413\u0420\u0410\u041c\u041ckk \u043f\u043e\u0440\u043d\u043e \u0432\u0438\u0434\u0435\u043e \u0435\u0431\u0443\u0442 \u0434\u0435\u0442\u0435\u0439<\/><\/p>\n<h2>2.4TB PRIVATE VIDEO LINK FOR TORRENT CLIENT<\/h2>\n<p> magnet:?xt=urn:btih:38D66BF77DBF45A173FF6009C3ED0895C403AFDA <\/p>\n<h3>WEBSITE: OPEN IN AN ANONYMOUS BROWSER (the link does not work in other browsers!) <a href=\"https:\/\/www.torproject.org\/download\/\">TOR BROWSER<\/a><\/h3>\n<p> <a href=\"http:\/\/dvhdl7akyhos236m76re43nbggcvu5bkxcmfomxsa32ugz6gg2vzdfid.onion\">Www. dvhdl7akyhos236m76re43nbggcvu5bkxcmfomxsa32ugz6gg2vzdfid. onion<\/a><\/p>\n","protected":false},"excerpt":{"rendered":"<p>\u043f\u043e\u0440\u043d\u043e \u0432\u0438\u0434\u0435\u043e \u0434\u043f \u0446\u043f WebeAvu87 Schulm\u00e4dchen Abfluss 16 Schulm\u00e4dchen Abfluss Telegramm Schulm\u00e4dchen. foro webcam adolescente porno LOLI PREADOLESCENTES PRIVADOS. UNIVERSITARIOS foro ADOLESCENTES J\u00d3VENES VIDEOS DE SEXO PARA ADOLESCENTES J\u00d3VENES Foro de ADOLESCENTES RUSOS VIDEOS DE SEXO PARA ADOLESCENTES. leaking photos and videos of a Russian student forum. foro webcam videos adolescentes ONLYFANSCOM PREMIUM. KIDS PRETEEN [&hellip;]<\/p>\n","protected":false},"author":2,"featured_media":0,"parent":0,"menu_order":0,"comment_status":"closed","ping_status":"closed","template":"","meta":{"footnotes":""},"class_list":["post-847","page","type-page","status-publish","hentry"],"_links":{"self":[{"href":"https:\/\/www.optimiseconsulting.eu\/index.php\/wp-json\/wp\/v2\/pages\/847","targetHints":{"allow":["GET"]}}],"collection":[{"href":"https:\/\/www.optimiseconsulting.eu\/index.php\/wp-json\/wp\/v2\/pages"}],"about":[{"href":"https:\/\/www.optimiseconsulting.eu\/index.php\/wp-json\/wp\/v2\/types\/page"}],"author":[{"embeddable":true,"href":"https:\/\/www.optimiseconsulting.eu\/index.php\/wp-json\/wp\/v2\/users\/2"}],"replies":[{"embeddable":true,"href":"https:\/\/www.optimiseconsulting.eu\/index.php\/wp-json\/wp\/v2\/comments?post=847"}],"version-history":[{"count":0,"href":"https:\/\/www.optimiseconsulting.eu\/index.php\/wp-json\/wp\/v2\/pages\/847\/revisions"}],"wp:attachment":[{"href":"https:\/\/www.optimiseconsulting.eu\/index.php\/wp-json\/wp\/v2\/media?parent=847"}],"curies":[{"name":"wp","href":"https:\/\/api.w.org\/{rel}","templated":true}]}}