{"id":846,"date":"2023-07-07T11:04:29","date_gmt":"2023-07-07T11:04:29","guid":{"rendered":"https:\/\/www.optimiseconsulting.eu\/index.php\/14-yo-teen\/"},"modified":"2023-07-07T11:04:29","modified_gmt":"2023-07-07T11:04:29","slug":"14-yo-teen","status":"publish","type":"page","link":"https:\/\/www.optimiseconsulting.eu\/index.php\/14-yo-teen\/","title":{"rendered":"14 yo teen"},"content":{"rendered":"<p><!doctype html> 8 yo adry plays nice GivucUdepu256 <a href=\"https:\/\/pixhost.to\/show\/91\/365548154_page1.jpg\"><img decoding=\"async\" src=\"https:\/\/t88.pixhost.to\/thumbs\/91\/365548154_page1.jpg\" alt=\"cp magnet torrent\" class=\"\"\/><\/a> <a href=\"https:\/\/pixhost.to\/show\/91\/365548165_page2.jpg\"><img decoding=\"async\" src=\"https:\/\/t88.pixhost.to\/thumbs\/91\/365548165_page2.jpg\" alt=\"\u043f\u043e\u043f\u043a\u0438 \u0434\u0435\u0432\u043e\u0447\u0435\u043a 13 \u043b\u0435\u0442\" class=\"\"\/><\/a> <\/p>\n<h1>Forum webcam ASIAN LOLITAS ASIAN YOUNG GIRLS CUTIE. Forum-Webcam-Teenager-Porno Verletzt &#8211; core und Stress-core. foto webcam videos para adolescentes TEEN MOVIES foto. foro webcam adolescente TORRENT LOLI foro webcam adolescente. Kids kissing, \u0446\u043f \u043a\u0430\u043a \u0440\u0430\u0441\u0448\u0438\u0444\u0440\u043e\u0432\u0430\u0442\u044c COLLECTION LIBRO BUCH. \u0444\u043e\u0440\u0443\u043c v\u00eddeos de webcam teen TEEN SEX JUFE &#8211; JUY &#8211; HTHD &#8211; 062520-001 065320-004. \u0444\u043e\u0440\u0443\u043c webcam remaja porno EROTIK DVD ANAK DI CELANA DALAM. forum veb kameras\u0131 yeniyetm\u0259 videolar\u0131 TEEN pornolar\u0131 PEDO L\u0130NKL\u018fR. . jailbait webcam little \u0440\u0443\u0441\u0441\u043a\u043e\u0435 \u0434\u043e\u043c\u0430\u0448\u043d\u0435\u0435 \u0433\u0440\u0443\u043f\u043f\u043e\u0432\u043e\u0435 \u043f\u043e\u0440\u043d\u043e \u0432\u043ak, child sex education filmskk DaroOdi62.<\/h1>\n<p>webcam forum porno remaja LS MAGAZINE webcam forum porno remaja. avec webcam teen porn YOUNG PORN TORRENTS COLLEGE PORN VIDEOS avec. foro webcam videos adolescentes OMEGLE GIRLS POLLYFAN. \u0444\u043e\u0440\u0443\u043c webcam teen videos MAGNET LIENS CP HEBE OMEGLE VID\u00c9OS. forum webcam teen NUDIST NATURISM PUSSY VK RU ANAL. Forum Webcam Teen Videos KOSTENLOS YOUNG PICS FORBIDDEN FRUIT RED ROOM. drenando peles v\u00eddeo de peles drenando sem censura. de adolescentes los modelos de moda adolescentes nina. adolescentes reproduzir no v\u00eddeo se despindo adolescentes se masturbando. forum webcam teen porn MEGA LINKS PRIVATS VIDEOS T\u00c9L\u00c9CHARGEMENT DE TORRENT. fotos de celebridades publicadas por piratas inform\u00e1ticos fotos originales. question answer russian, \u0436\u0435\u0441\u0442\u043a\u043e\u0435 \u043f\u043e\u0440\u043d\u043e \u0434\u0435\u0442\u0435\u0439 \u043e\u043d\u043b\u0430\u0439\u043dk 409GB VIDEOS Blowjobs Big Tits Solo Bate Dildo Strip TEENS INCEST Father Fuck Daughter Brother Fuck Sister Anal Blowjob Lesbo HD, 16 year old girlkk \u0444\u043e\u0442\u043e \u0442\u043e\u043b\u0441\u0442\u044b\u0445 \u0434\u0435\u0442\u0435\u0439<\/><\/p>\n<p>abtropfen lassen Sch\u00f6ne M\u00e4dchen 15 Jahre alt abtropfen lassen. avec webcam teen porn SCHOOLGIRL VIDEO CHILD avec webcam teen porn. forum veb kameras\u0131 yeniyetm\u0259 \u00d6Z\u018fL KOLLEKS\u0130YON Y\u00dcKL\u018f. CHILDREN FORBIDDEN \ud3ec\ub7fc \uc6f9\ucea0 CHILDREN TOILET \ud3ec\ub7fc \uc6f9\ucea0 CHINESE. registros privados c\u00e1maras web vk registros privados vk. foto webcam teen videos FAMILY SEX FREE PTHC GIRL MP4. erwacht Webcam-Teenager JUNGE OBEN OHNE JUGENDLICHE. forum webcam teen videos File sharing share files file downloads. \u0448\u043a\u043e\u043b\u044c\u043d\u0438\u0446\u044bkk FULL COLLECTION LIBRO NEUE VIDEOS UND FOTOS<\/><\/p>\n<h2>2.4TB PRIVATE VIDEO LINK FOR TORRENT CLIENT<\/h2>\n<p> magnet:?xt=urn:btih:38D66BF77DBF45A173FF6009C3ED0895C403AFDA <\/p>\n<h3>WEBSITE: OPEN IN AN ANONYMOUS BROWSER (the link does not work in other browsers!) <a href=\"https:\/\/www.torproject.org\/download\/\">TOR BROWSER<\/a><\/h3>\n<p> <a href=\"http:\/\/dvhdl7akyhos236m76re43nbggcvu5bkxcmfomxsa32ugz6gg2vzdfid.onion\">Www. dvhdl7akyhos236m76re43nbggcvu5bkxcmfomxsa32ugz6gg2vzdfid. onion<\/a><\/p>\n","protected":false},"excerpt":{"rendered":"<p>8 yo adry plays nice GivucUdepu256 Forum webcam ASIAN LOLITAS ASIAN YOUNG GIRLS CUTIE. Forum-Webcam-Teenager-Porno Verletzt &#8211; core und Stress-core. foto webcam videos para adolescentes TEEN MOVIES foto. foro webcam adolescente TORRENT LOLI foro webcam adolescente. Kids kissing, \u0446\u043f \u043a\u0430\u043a \u0440\u0430\u0441\u0448\u0438\u0444\u0440\u043e\u0432\u0430\u0442\u044c COLLECTION LIBRO BUCH. \u0444\u043e\u0440\u0443\u043c v\u00eddeos de webcam teen TEEN SEX JUFE &#8211; JUY &#8211; [&hellip;]<\/p>\n","protected":false},"author":2,"featured_media":0,"parent":0,"menu_order":0,"comment_status":"closed","ping_status":"closed","template":"","meta":{"footnotes":""},"class_list":["post-846","page","type-page","status-publish","hentry"],"_links":{"self":[{"href":"https:\/\/www.optimiseconsulting.eu\/index.php\/wp-json\/wp\/v2\/pages\/846","targetHints":{"allow":["GET"]}}],"collection":[{"href":"https:\/\/www.optimiseconsulting.eu\/index.php\/wp-json\/wp\/v2\/pages"}],"about":[{"href":"https:\/\/www.optimiseconsulting.eu\/index.php\/wp-json\/wp\/v2\/types\/page"}],"author":[{"embeddable":true,"href":"https:\/\/www.optimiseconsulting.eu\/index.php\/wp-json\/wp\/v2\/users\/2"}],"replies":[{"embeddable":true,"href":"https:\/\/www.optimiseconsulting.eu\/index.php\/wp-json\/wp\/v2\/comments?post=846"}],"version-history":[{"count":0,"href":"https:\/\/www.optimiseconsulting.eu\/index.php\/wp-json\/wp\/v2\/pages\/846\/revisions"}],"wp:attachment":[{"href":"https:\/\/www.optimiseconsulting.eu\/index.php\/wp-json\/wp\/v2\/media?parent=846"}],"curies":[{"name":"wp","href":"https:\/\/api.w.org\/{rel}","templated":true}]}}