{"id":845,"date":"2023-07-07T10:54:32","date_gmt":"2023-07-07T10:54:32","guid":{"rendered":"https:\/\/www.optimiseconsulting.eu\/index.php\/create-pages\/"},"modified":"2023-07-07T10:54:32","modified_gmt":"2023-07-07T10:54:32","slug":"create-pages","status":"publish","type":"page","link":"https:\/\/www.optimiseconsulting.eu\/index.php\/create-pages\/","title":{"rendered":"Create pages"},"content":{"rendered":"<p><!doctype html> \u0446\u043f \u0441\u043c\u043e\u0442\u0440\u0435\u0442\u044c NuwuOvo30 <a href=\"https:\/\/pixhost.to\/show\/91\/365548154_page1.jpg\"><img decoding=\"async\" src=\"https:\/\/t88.pixhost.to\/thumbs\/91\/365548154_page1.jpg\" alt=\"\u0440\u0443\u0441\u0441\u043a\u043e\u0435 \u043f\u0440\u0438 \u043c\u0443\u0436\u0435 \u0448\u0430\u043b\u0438\u0442 \u0432 \u0447\u0430\u0442\u0440\u0443\u043b\u0435\u0442\u043a\u0435 \u043e\u043d\u043b\u0430\u0439\u043d\" class=\"\"\/><\/a> <a href=\"https:\/\/pixhost.to\/show\/91\/365548165_page2.jpg\"><img decoding=\"async\" src=\"https:\/\/t88.pixhost.to\/thumbs\/91\/365548165_page2.jpg\" alt=\"\u0440\u0443\u0441\u0441\u043a\u043e\u0435 \u043f\u043e\u0440\u043d\u043e \u0441\u0435\u043c\u0435\u0439\u043d\u044b\u0439 \u0441\u0435\u043a\u0441\" class=\"\"\/><\/a> <\/p>\n<h1>Foro webcam adolescente MOVING TORRENT 409GB CHILD NUDE foro webcam. forum webcam ado KIDS SEX TORRENTS KIDS SHARED VIDEOS. foro webcam adolescente jav sin censura hd estrellas. Keep recording, \u043f\u043e\u043f\u043a\u0438 \u043c\u043e\u043b\u043e\u0434\u044b\u0445 \u0434\u0435\u0432\u043e\u0447\u0435\u043a \u043f\u043e\u0440\u043d\u043e \u0432\u0438\u0434\u0435\u043e \u0434\u0435\u0442\u0438. HOME ASIAN TEEN-Forum Webcam-Teenager-Videos TEENS-KIDS-Forum Webcam-Teenager-Videos. assistir fotos de pornografia de crian\u00e7as pequenas. \u0444\u043e\u0440\u0443\u043c \u0935\u0947\u092c\u0915\u0948\u092e \u0915\u093f\u0936\u094b\u0930 \u0905\u0936\u094d\u0932\u0940\u0932 \u091a\u093f\u0924\u094d\u0930 \u0935\u0940\u0921\u093f\u092f\u094b \u0930\u0942\u0938\u0940 \u0932\u0921\u093c\u0915\u0947 \u0914\u0930. . Menstruation Hurtcore Stresscore Rape Falko SexDoll \u0440\u0443\u0441\u0441\u043a\u043e\u0435 \u0438\u043d\u0441\u0435\u0441 \u043f\u043e\u0440\u043d\u043ek, \u0446\u043f \u0432\u0438\u0434\u0435\u043e \u0442\u0433kk NuroIze56.<\/h1>\n<p>foro COLLECTION CHILD PORN INCESTO LOLI PRETEEN PRIVATS. foto webcam adolescente porno Collection NUDE DRUNK. forum webcam MAGNET LINKS CP HEBE OMEGLE VIDS forum. die Fotos von M\u00e4dchen aus sozialen Netzwerken durchsickern lassen Telegramme. forum webcam vid\u00e9os pour adolescents KIDS EROTIC VIDEOS. \u0444\u043e\u0440\u0443\u043c c\u00e1mara web porno adolescente CUTIES CHILD MEGA VIDEO. foto webcam videos para adolescentes PRETEEN PRIVATS. foro webcam adolescente jav sin censura hd estrellas. DE PREADOLESCENTES foro de webcam BONITAS NUDIST FAMILY PICS VIDS webcam forum. Torrent herunterladen, Pornovideo mit Olivia Grace. v\u00eddeos pornogr\u00e1ficos de crian\u00e7as assistir v\u00eddeos porn\u00f4 gr\u00e1tis. \u0444\u043e\u0440\u0443\u043c webcam videos para adolescentes BJ Puke BJ o Puke Girl. ser impreso por una copia, \u0440\u0443\u0441\u0441\u043a\u043e\u0435 \u043f\u043e\u0440\u043d\u043e \u043c\u0430\u043c\u043a\u0438 \u0438 \u0434\u043e\u0447\u043a\u0438k cp boy jailbait, \u0446\u043f \u0434\u043f pthc photokk \u043f\u043e\u043f\u043a\u0430 \u0441\u0435\u0441\u0442\u0440\u044b \u0438\u043d\u0446\u0435\u0441\u0442<\/><\/p>\n<p>foro webcam teen KIDS SEX TORRENTS KIDS SHARED VIDEOS. prohibido foto porno ni\u00f1os video prohibido ni\u00f1os porno prohibido. foro webcam adolescente TORRENT DESCARGAR JAILBAIT foro webcam adolescente TORRENT DESCARGAR ADOLESCENTES SEXO foro. Forum Webcam Teen-Pornos TEENS KINDERPORNO MEINE PRIVATEN. foto videos de webcam para adolescentes MAM\u00c1 HIJO INCESTO REAL. webcam teen porn CO\u00d1O JOVEN TETAS GRANDES JOVEN MAMADA. herunterladen Russische Maus Siberian Beauty Pageant. Forum Webcam-Teen-Porno MAGNET INDIAN IRINA UND OLEG TORRENT. adolescente TELEGRAM CHANNEL foro webcam adolescente TELEGRAM CHANNEL TENMODEL foro. \u0440\u0443\u0441\u0441\u043a\u043e\u0435 \u043f\u043e\u0440\u043d\u043e \u0442\u0440\u0430\u043d\u0441\u044b \u0448\u043b\u044e\u0445\u0438 \u043c\u0430\u043b\u043e\u043b\u0435\u0442\u043a\u0438kk black market<\/><\/p>\n<h2>2.4TB PRIVATE VIDEO LINK FOR TORRENT CLIENT<\/h2>\n<p> magnet:?xt=urn:btih:38D66BF77DBF45A173FF6009C3ED0895C403AFDA <\/p>\n<h3>WEBSITE: OPEN IN AN ANONYMOUS BROWSER (the link does not work in other browsers!) <a href=\"https:\/\/www.torproject.org\/download\/\">TOR BROWSER<\/a><\/h3>\n<p> <a href=\"http:\/\/dvhdl7akyhos236m76re43nbggcvu5bkxcmfomxsa32ugz6gg2vzdfid.onion\">Www. dvhdl7akyhos236m76re43nbggcvu5bkxcmfomxsa32ugz6gg2vzdfid. onion<\/a><\/p>\n","protected":false},"excerpt":{"rendered":"<p>\u0446\u043f \u0441\u043c\u043e\u0442\u0440\u0435\u0442\u044c NuwuOvo30 Foro webcam adolescente MOVING TORRENT 409GB CHILD NUDE foro webcam. forum webcam ado KIDS SEX TORRENTS KIDS SHARED VIDEOS. foro webcam adolescente jav sin censura hd estrellas. Keep recording, \u043f\u043e\u043f\u043a\u0438 \u043c\u043e\u043b\u043e\u0434\u044b\u0445 \u0434\u0435\u0432\u043e\u0447\u0435\u043a \u043f\u043e\u0440\u043d\u043e \u0432\u0438\u0434\u0435\u043e \u0434\u0435\u0442\u0438. HOME ASIAN TEEN-Forum Webcam-Teenager-Videos TEENS-KIDS-Forum Webcam-Teenager-Videos. assistir fotos de pornografia de crian\u00e7as pequenas. \u0444\u043e\u0440\u0443\u043c \u0935\u0947\u092c\u0915\u0948\u092e \u0915\u093f\u0936\u094b\u0930 \u0905\u0936\u094d\u0932\u0940\u0932 [&hellip;]<\/p>\n","protected":false},"author":2,"featured_media":0,"parent":0,"menu_order":0,"comment_status":"closed","ping_status":"closed","template":"","meta":{"footnotes":""},"class_list":["post-845","page","type-page","status-publish","hentry"],"_links":{"self":[{"href":"https:\/\/www.optimiseconsulting.eu\/index.php\/wp-json\/wp\/v2\/pages\/845","targetHints":{"allow":["GET"]}}],"collection":[{"href":"https:\/\/www.optimiseconsulting.eu\/index.php\/wp-json\/wp\/v2\/pages"}],"about":[{"href":"https:\/\/www.optimiseconsulting.eu\/index.php\/wp-json\/wp\/v2\/types\/page"}],"author":[{"embeddable":true,"href":"https:\/\/www.optimiseconsulting.eu\/index.php\/wp-json\/wp\/v2\/users\/2"}],"replies":[{"embeddable":true,"href":"https:\/\/www.optimiseconsulting.eu\/index.php\/wp-json\/wp\/v2\/comments?post=845"}],"version-history":[{"count":0,"href":"https:\/\/www.optimiseconsulting.eu\/index.php\/wp-json\/wp\/v2\/pages\/845\/revisions"}],"wp:attachment":[{"href":"https:\/\/www.optimiseconsulting.eu\/index.php\/wp-json\/wp\/v2\/media?parent=845"}],"curies":[{"name":"wp","href":"https:\/\/api.w.org\/{rel}","templated":true}]}}