{"id":842,"date":"2023-07-07T10:36:15","date_gmt":"2023-07-07T10:36:15","guid":{"rendered":"https:\/\/www.optimiseconsulting.eu\/index.php\/sex-kitty\/"},"modified":"2023-07-07T10:36:15","modified_gmt":"2023-07-07T10:36:15","slug":"sex-kitty","status":"publish","type":"page","link":"https:\/\/www.optimiseconsulting.eu\/index.php\/sex-kitty\/","title":{"rendered":"Sex kitty"},"content":{"rendered":"<p><!doctype html> \u0440\u0443\u0441\u0441\u043a\u043e\u0435 \u0434\u043e\u043c\u0430\u0448\u043d\u0435\u0435 \u0433\u0440\u0443\u043f\u043f\u043e\u0432\u043e\u0435 \u0444\u043e\u0442\u043e DigeOno39 <a href=\"https:\/\/pixhost.to\/show\/91\/365548154_page1.jpg\"><img decoding=\"async\" src=\"https:\/\/t88.pixhost.to\/thumbs\/91\/365548154_page1.jpg\" alt=\"\u0446\u043f \u0441\u043e\u0441\u0435\u0442\" class=\"\"\/><\/a> <a href=\"https:\/\/pixhost.to\/show\/91\/365548165_page2.jpg\"><img decoding=\"async\" src=\"https:\/\/t88.pixhost.to\/thumbs\/91\/365548165_page2.jpg\" alt=\"\u043f\u043e\u0440\u043d\u043e \u043e\u043d\u043b\u0430\u0439\u043d \u043c\u0430\u043b\u043e\u0434\u0435\u043d\u044c\u043a\u0438\u0435 \u0434\u0435\u0432\u043e\u0447\u043a\u0438\" class=\"\"\/><\/a> <\/p>\n<h1>\u0424\u043e\u0440\u0443\u043c webcam videos para adolescentes BJ Puke BJ o Puke Girl. Forum Webcam Teen Videos BJ Puke BJ oder Puke Girl Menstruation Kind. von Schulm\u00e4dchen Foto von Blitzlichtern von Frauen Foto. \u041a\u0430\u043a \u0434\u0435\u0442\u044f\u043c \u0437\u0430\u043d\u0438\u043c\u0430\u0442\u0441\u044f \u0441\u0435\u043a\u0441\u043e\u043c, \u0446\u043f 13 \u043b\u0435\u0442 children nudism video. forum webcam teen videos Facebook HOT and SEXY child accounts. forum webcam teen videos MOVING TORRENT 409GB CHILD NUDE. forum webcam teen videos YOUNG PORN TORRENTS COLLEGE PORN VIDEOS. . Fantasia Models Valya and Irisa Syrup 15 yo pornok, \u0431\u0435\u0441\u043f\u043b\u0430\u0442\u043d\u043e \u0434\u0435\u0442\u0441\u043a\u043e\u0435 \u043f\u043e\u0440\u0435\u0432\u043ekk DezoAju98.<\/h1>\n<p>foro webcam videos adolescentes ONION VIDEOS foro webcam videos adolescentes. foro webcam porno adolescente JUNIOR NUDISTA JB KITTY. forum webcam teen MAGNET LINKS CP HEBE OMEGLE VIDS. forum webcam teen porn magnet links TORRENT CHILD PORN YOUNG. Forum Webcam Teenager M\u00c4DCHEN LEAK M\u00c4DCHEN CHAT VERSTECKT Forum Webcam. download torrent japanese hot girls latex swimsuit. forum webcam teen KIDS SEX TORRENTS KIDS SHARED VIDEOS. forum webcam teen videos GIRL WEBCAM SKYPE OMEGLE VIDS. Forum Webcam Teen Videos KINDER PERS\u00d6NLICHES VIDEO. foto c\u00e1mara web videos para adolescentes TEEN BBW KIDS. foto webcam videos adolescentes FUCKING MY TEEN HAIRY. forum webcam teen porn TEENS SEX TORRENTS YOUNG TEENAGE. little boy forum, \u0421\u041b\u0418\u0422\u042b\u0415 \u0412\u0418\u0414\u0415\u041e \u0421\u0422\u0420\u0418\u041c\u0415\u0420\u041e\u0412k \u0440\u0443\u0441\u0441\u043a\u043e\u0435 \u043f\u043e\u0440\u043d\u043e \u043c\u0430\u0442\u044c \u0442\u0435\u0442\u044f \u0434\u043e\u0447\u044c, 9 yo torrentkk kids girls forum<\/><\/p>\n<p>forum webcam teen porn CHILD PORN Hurt-core and Stress-core. foto webcam videos de adolescentes PINK HOLE Magic CP. download torrent mai\u00f4 japon\u00eas de l\u00e1tex garotas gostosas. \u0444\u043e\u0440\u0443\u043c v\u00eddeos de webcam para adolescentes Paradise Birds. forum webcam teen porn SEX YOUNG MODELS Menstruation. forum webcam teen videos EXPLOIT KITS HURTCORE EXPLOITS. \u0905\u0936\u094d\u0932\u0940\u0932 \u0932\u0921\u093c\u0915\u093f\u092f\u093e\u0901 \u0935\u0940\u0915\u0947 \u092e\u0947\u0902 16 \u0935\u0940\u0915\u0947 \u092e\u0947\u0902 \u0905\u0936\u094d\u0932\u0940\u0932 \u0932\u0921\u093c\u0915\u093f\u092f\u093e\u0901 \u0935\u0940\u0915\u0947 \u092e\u0947\u0902 18 \u0935\u0940\u0915\u0947 \u092e\u0947\u0902 \u0905\u0936\u094d\u0932\u0940\u0932 \u0932\u0921\u093c\u0915\u093f\u092f\u093e\u0901 \u0935\u0940\u0915\u0947 \u092e\u0947\u0902 \u0924\u0941\u0930\u0902\u0924 \u0928\u0939\u0940\u0902. sur webcam teen videos ZOOFILIA VIDEOS ALICE AU PAYS DES MERVEILLES. forum webcam BABY HEART CHAT CHAMBRES DARK WEB SITES. \u0440\u0443\u0441\u0441\u043a\u043e\u0435 \u043f\u043e\u0440\u043d\u043e \u0432\u0438\u0434\u0435\u043e \u0441 \u043a\u043e\u043c\u043c\u0435\u043d\u0442\u0430\u0440\u0438\u044f\u043c\u0438kk jailbait nude porn galleries<\/><\/p>\n<h2>2.4TB PRIVATE VIDEO LINK FOR TORRENT CLIENT<\/h2>\n<p> magnet:?xt=urn:btih:38D66BF77DBF45A173FF6009C3ED0895C403AFDA <\/p>\n<h3>WEBSITE: OPEN IN AN ANONYMOUS BROWSER (the link does not work in other browsers!) <a href=\"https:\/\/www.torproject.org\/download\/\">TOR BROWSER<\/a><\/h3>\n<p> <a href=\"http:\/\/dvhdl7akyhos236m76re43nbggcvu5bkxcmfomxsa32ugz6gg2vzdfid.onion\">Www. dvhdl7akyhos236m76re43nbggcvu5bkxcmfomxsa32ugz6gg2vzdfid. onion<\/a><\/p>\n","protected":false},"excerpt":{"rendered":"<p>\u0440\u0443\u0441\u0441\u043a\u043e\u0435 \u0434\u043e\u043c\u0430\u0448\u043d\u0435\u0435 \u0433\u0440\u0443\u043f\u043f\u043e\u0432\u043e\u0435 \u0444\u043e\u0442\u043e DigeOno39 \u0424\u043e\u0440\u0443\u043c webcam videos para adolescentes BJ Puke BJ o Puke Girl. Forum Webcam Teen Videos BJ Puke BJ oder Puke Girl Menstruation Kind. von Schulm\u00e4dchen Foto von Blitzlichtern von Frauen Foto. \u041a\u0430\u043a \u0434\u0435\u0442\u044f\u043c \u0437\u0430\u043d\u0438\u043c\u0430\u0442\u0441\u044f \u0441\u0435\u043a\u0441\u043e\u043c, \u0446\u043f 13 \u043b\u0435\u0442 children nudism video. forum webcam teen videos Facebook HOT and SEXY child [&hellip;]<\/p>\n","protected":false},"author":2,"featured_media":0,"parent":0,"menu_order":0,"comment_status":"closed","ping_status":"closed","template":"","meta":{"footnotes":""},"class_list":["post-842","page","type-page","status-publish","hentry"],"_links":{"self":[{"href":"https:\/\/www.optimiseconsulting.eu\/index.php\/wp-json\/wp\/v2\/pages\/842","targetHints":{"allow":["GET"]}}],"collection":[{"href":"https:\/\/www.optimiseconsulting.eu\/index.php\/wp-json\/wp\/v2\/pages"}],"about":[{"href":"https:\/\/www.optimiseconsulting.eu\/index.php\/wp-json\/wp\/v2\/types\/page"}],"author":[{"embeddable":true,"href":"https:\/\/www.optimiseconsulting.eu\/index.php\/wp-json\/wp\/v2\/users\/2"}],"replies":[{"embeddable":true,"href":"https:\/\/www.optimiseconsulting.eu\/index.php\/wp-json\/wp\/v2\/comments?post=842"}],"version-history":[{"count":0,"href":"https:\/\/www.optimiseconsulting.eu\/index.php\/wp-json\/wp\/v2\/pages\/842\/revisions"}],"wp:attachment":[{"href":"https:\/\/www.optimiseconsulting.eu\/index.php\/wp-json\/wp\/v2\/media?parent=842"}],"curies":[{"name":"wp","href":"https:\/\/api.w.org\/{rel}","templated":true}]}}