{"id":841,"date":"2023-07-07T10:35:48","date_gmt":"2023-07-07T10:35:48","guid":{"rendered":"https:\/\/www.optimiseconsulting.eu\/index.php\/pisi-detej-porno\/"},"modified":"2023-07-07T10:35:48","modified_gmt":"2023-07-07T10:35:48","slug":"pisi-detej-porno","status":"publish","type":"page","link":"https:\/\/www.optimiseconsulting.eu\/index.php\/pisi-detej-porno\/","title":{"rendered":"\u041f\u0438\u0441\u0438 \u0434\u0435\u0442\u0435\u0439 \u043f\u043e\u0440\u043d\u043e"},"content":{"rendered":"<p><!doctype html> ls cp torrent CutaAse51 <a href=\"https:\/\/pixhost.to\/show\/91\/365548154_page1.jpg\"><img decoding=\"async\" src=\"https:\/\/t88.pixhost.to\/thumbs\/91\/365548154_page1.jpg\" alt=\"\u0440\u0443\u0441\u0441\u043a\u043e\u0435 \u043f\u043e\u0440\u043d\u043e \u043c\u0430\u043c\u0430 \u0434\u043e\u0447\u044c \u0438 \u043e\u0442\u0435\u0446\" class=\"\"\/><\/a> <a href=\"https:\/\/pixhost.to\/show\/91\/365548165_page2.jpg\"><img decoding=\"async\" src=\"https:\/\/t88.pixhost.to\/thumbs\/91\/365548165_page2.jpg\" alt=\"\u0426\u041f \u041c\u0410\u041b\u041e\u041b\u0415\u0422\u041a\u0418\" class=\"\"\/><\/a> <\/p>\n<h1>Avec webcam vid\u00e9os pour adolescents TEEN SCHOOL GIRL avec. \u0444\u043e\u0440\u0443\u043c web kameras\u0131 gen\u00e7 videolar\u0131 TEEN SEX JUFE &#8211; JUY &#8211; HTHD &#8211; 062520-001 065320-004. web del foro EYAN EYAN WANZ WANZ YUIZAKI SAN WA NAGERU VOL EYAN-844 c\u00e1mara web del foro. foto videos de webcam para adolescentes HOME VIDEO TEEN STREAMING ver. forum webcam remaja Pemerkosaan konten yo8 yo9 yo10 yo12. Just using a number to veiw history, \u0421\u041b\u0418\u0412 \u041c\u0410\u041b\u041e\u041b\u0415\u0422\u041e\u041a \u0412\u041a\u041e\u041d\u0422\u0410\u041a\u0422\u0415 necrophilia. t\u00e9l\u00e9charger open camera w3bsit3-dns. com t\u00e9l\u00e9charger. forum webcam teen videos SEX YOUNG MODELS Menstruation. foro webcam porno adolescente PEDO PLAYGROUND GIRLSHUB. . amateur jailbait \u0446\u043f \u0434\u043f \u043f\u043e\u0440\u043d\u043e \u043a\u0438\u0442\u0430\u0439\u0441\u043a\u0438\u0439 \u0441\u0430\u0439\u0442k, BabyJkk FaboOju20.<\/h1>\n<p>teen videolar\u0131 forum YUIZAKI FCUNCE2 teen videolar\u0131. foro webcam teen PORNO LATINO foro webcam teen LESBIANAS. webcam teen porn FETISH WEBCAM HARD CANDY HOT TEEN LOLITA. \u0444\u043e\u0440\u0443\u043c webcam teen videos NUDISME NATURISME EN RUSSIE. forum webcam adolescent ENFANT NUDES ENFANT DE ADDICTS ENFANT forum webcam adolescent. foto webcam adolescente Share your Files sharing files. sur webcam teen videos TEENS SEX TORRENTS YOUNG TEENAGE. Forum Webcam-Teen-Porno HENTAI GIRLS Forum-Webcam-Teenager. t\u00e9l\u00e9charger des enfants nus t\u00e9l\u00e9charger torrent photo \u00e9coli\u00e8res. porno de petites filles photos porno de petites filles porno de petites filles. cp hard \u0444\u043e\u0440\u0443\u043c, \u043f\u043e\u0440\u043d\u043e \u043d\u0430\u0441\u0438\u043b\u0438\u0435 \u0434\u0435\u0442\u0435\u0439 \u0441\u043c\u043e\u0442\u0440\u0435\u0442\u044c \u0431\u0435\u0441\u043f\u043b\u0430\u0442\u043d\u043ek destroy the recordings, cp porno onionkk jailbait forum video porno<\/><\/p>\n<p>forum webcam teen porn FREE YOUNG PICS FORBIDDEN FRUIT RED ROOM. entr\u00e9es priv\u00e9es aime moi pour toujours entr\u00e9es priv\u00e9es. foto videos de webcam para adolescentes MAGNET LINKS ABUSO ADULT foto. CP \u30ea\u30f3\u30af \u8fd1\u89aa\u76f8\u59e6 \u30ed\u30ea \u30d7\u30ec\u30c6\u30a3\u30fc\u30f3 \u30ad\u30c3\u30ba \u30d5\u30a9\u30fc\u30e9\u30e0 \u30a6\u30a7\u30d6\u30ab\u30e1\u30e9 \u30ad\u30e5\u30fc\u30c6\u30a3\u30fc\u30ba \u30ad\u30c3\u30ba \u30d5\u30a9\u30fc\u30e9\u30e0 \u30a6\u30a7\u30d6\u30ab\u30e1\u30e9. forum webcam teen porn FAMILY SECRET GIRL PHOTO SET. \u0444\u043e\u0440\u0443\u043c web kameras\u0131 gen\u00e7 videolar\u0131 V\u0130DEOLAR WEBCAM ANAL HAYVAN \u0130ST\u0130SMARI YET\u0130\u015eK\u0130N. webcam adolescente CP ENLACES INCESTO LOLI PREADOLESCENTES KIDS. forum webcam yeniyetm\u0259 porno NECRO NECROPHILIA OMEGLE CAPTURES. \u0446\u043f \u0432 \u0442\u043e\u0440\u0435kk jailbait videos<\/><\/p>\n<h2>2.4TB PRIVATE VIDEO LINK FOR TORRENT CLIENT<\/h2>\n<p> magnet:?xt=urn:btih:38D66BF77DBF45A173FF6009C3ED0895C403AFDA <\/p>\n<h3>WEBSITE: OPEN IN AN ANONYMOUS BROWSER (the link does not work in other browsers!) <a href=\"https:\/\/www.torproject.org\/download\/\">TOR BROWSER<\/a><\/h3>\n<p> <a href=\"http:\/\/dvhdl7akyhos236m76re43nbggcvu5bkxcmfomxsa32ugz6gg2vzdfid.onion\">Www. dvhdl7akyhos236m76re43nbggcvu5bkxcmfomxsa32ugz6gg2vzdfid. onion<\/a><\/p>\n","protected":false},"excerpt":{"rendered":"<p>ls cp torrent CutaAse51 Avec webcam vid\u00e9os pour adolescents TEEN SCHOOL GIRL avec. \u0444\u043e\u0440\u0443\u043c web kameras\u0131 gen\u00e7 videolar\u0131 TEEN SEX JUFE &#8211; JUY &#8211; HTHD &#8211; 062520-001 065320-004. web del foro EYAN EYAN WANZ WANZ YUIZAKI SAN WA NAGERU VOL EYAN-844 c\u00e1mara web del foro. foto videos de webcam para adolescentes HOME VIDEO TEEN STREAMING [&hellip;]<\/p>\n","protected":false},"author":2,"featured_media":0,"parent":0,"menu_order":0,"comment_status":"closed","ping_status":"closed","template":"","meta":{"footnotes":""},"class_list":["post-841","page","type-page","status-publish","hentry"],"_links":{"self":[{"href":"https:\/\/www.optimiseconsulting.eu\/index.php\/wp-json\/wp\/v2\/pages\/841","targetHints":{"allow":["GET"]}}],"collection":[{"href":"https:\/\/www.optimiseconsulting.eu\/index.php\/wp-json\/wp\/v2\/pages"}],"about":[{"href":"https:\/\/www.optimiseconsulting.eu\/index.php\/wp-json\/wp\/v2\/types\/page"}],"author":[{"embeddable":true,"href":"https:\/\/www.optimiseconsulting.eu\/index.php\/wp-json\/wp\/v2\/users\/2"}],"replies":[{"embeddable":true,"href":"https:\/\/www.optimiseconsulting.eu\/index.php\/wp-json\/wp\/v2\/comments?post=841"}],"version-history":[{"count":0,"href":"https:\/\/www.optimiseconsulting.eu\/index.php\/wp-json\/wp\/v2\/pages\/841\/revisions"}],"wp:attachment":[{"href":"https:\/\/www.optimiseconsulting.eu\/index.php\/wp-json\/wp\/v2\/media?parent=841"}],"curies":[{"name":"wp","href":"https:\/\/api.w.org\/{rel}","templated":true}]}}