{"id":840,"date":"2023-07-07T10:31:59","date_gmt":"2023-07-07T10:31:59","guid":{"rendered":"https:\/\/www.optimiseconsulting.eu\/index.php\/buy\/"},"modified":"2023-07-07T10:31:59","modified_gmt":"2023-07-07T10:31:59","slug":"buy","status":"publish","type":"page","link":"https:\/\/www.optimiseconsulting.eu\/index.php\/buy\/","title":{"rendered":"Buy"},"content":{"rendered":"<p><!doctype html> 12 yo xxx VomuUma56 <a href=\"https:\/\/pixhost.to\/show\/91\/365548154_page1.jpg\"><img decoding=\"async\" src=\"https:\/\/t88.pixhost.to\/thumbs\/91\/365548154_page1.jpg\" alt=\"\u043f\u043e\u0440\u043d\u043e \u0444\u043e\u0442\u043e \u0434\u0435\u0442\u0435\u0439 \u043d\u0430\u0441\u0438\u043b\u0438\u0435\" class=\"\"\/><\/a> <a href=\"https:\/\/pixhost.to\/show\/91\/365548165_page2.jpg\"><img decoding=\"async\" src=\"https:\/\/t88.pixhost.to\/thumbs\/91\/365548165_page2.jpg\" alt=\"16 shots \u043f\u0435\u0440\u0435\u0432\u043e\u0434\" class=\"\"\/><\/a> <\/p>\n<h1>Foro webcam adolescente Porno NI\u00d1OS JAPON\u00c9S ADOLESCENTE. \u0444\u043e\u0440\u0443\u043c web kameras\u0131 gen\u00e7 videolar\u0131 V\u0130DEOLAR WEBCAM ANAL HAYVAN \u0130ST\u0130SMARI YET\u0130\u015eK\u0130N. foro webcam videos adolescentes I2P MAGNET LINKS INCESTO TELEGRAM I2P foro. Forum Webcam Teenager TEEN BIG BOOBS WEBCAM VIDEO Forum Webcam. Joven, \u0444\u0438\u0441\u0442\u0438\u043d\u0433 \u043c\u0430\u043b\u043e\u043b\u0435\u0442\u043e\u043a boyvids v40 2023. foto webcam adolescente porno PRETTY NUDIST FAMILY PICS VIDS foto \u043c. Forum Webcam KINDER TOILETTE Forum Webcam KINDER SPIELEN Forum. foto webcam adolescente porno TEEN pornos PEDO LINKS. . ARCHIVE ARCHIVE 8yo 9yo 10yo 11yo \u0440\u0443\u0441\u0441\u043a\u043e\u0435 \u0432\u0438\u0434\u0435\u043e \u0432 \u043a\u043e\u043d\u0442\u0430\u043a\u0442\u0435k, 13 yo sexkk LokaIli54.<\/h1>\n<p>foto webcam adolescente porno Violaci\u00f3n Falko Sex-Doll. \u0444\u043e\u0440\u0443\u043c webcam videos de adolescentes ABUSO DE NI\u00d1OS TORRENT. forum webcam teen videos RUSSIAN COLLECTION TOR FORBIDDEN FRUIT. foro webcam adolescente CHILD VIDEOS foro webcam adolescente. videos de adolescentes MODELOS INFANTILES DESCARGAR. sangran de la pornograf\u00eda despu\u00e9s de perder su virginidad. sur webcam teen videos TEENS SEX TORRENTS YOUNG TEENAGE. \u0444\u043e\u0440\u0443\u043c webcam vid\u00e9os pour adolescents VID\u00c9OS DE FLUX D&#8217;ENFANTS. \u0444\u043e\u0440\u0443\u043c webcam teen Sex-Doll Rape content yo8 yo9 yo10 yo12. forum webcam remaja EXPLOIT KITS HURTCORE EXPLOITS. forum veb kameras\u0131 yeniyetm\u0259 BJ Puke BJ v\u0259 ya Puke Girl. \u0921\u094d\u0930\u0947\u0928\u093f\u0902\u0917 \u090f\u0915 \u0932\u0921\u093c\u0915\u0940 \u0915\u0947 \u0938\u093e\u0925 \u0917\u0928\u0935\u0947\u0938\u094d\u091f\u093e \u0935\u0940\u0921\u093f\u092f\u094b \u092a\u0942\u0930\u094d\u0923 \u0921\u094d\u0930\u0947\u0928\u093f\u0902\u0917. PRETTY NUDIST FAMILY PICS VIDS REAL SNUFF REAL GORE RINDEXX GIRLS HURT MEH, 16 y o sexk previous pages, \u0433\u043e\u043b\u044b\u0435 \u043f\u0430\u0440\u043d\u0438 \u043e\u0434\u0435\u0442\u044b\u0435 \u0434\u0435\u0432\u0443\u0448\u043a\u0438 \u0444\u043e\u0442\u043ekk pza boy story<\/><\/p>\n<p>\u0905\u0936\u094d\u0932\u0940\u0932 \u0932\u0921\u093c\u0915\u093f\u092f\u093e\u0901 \u0935\u0940\u0915\u0947 \u092e\u0947\u0902 16 \u0935\u0940\u0915\u0947 \u092e\u0947\u0902 \u0905\u0936\u094d\u0932\u0940\u0932 \u0932\u0921\u093c\u0915\u093f\u092f\u093e\u0901 \u0935\u0940\u0915\u0947 \u092e\u0947\u0902 18 \u0935\u0940\u0915\u0947 \u092e\u0947\u0902 \u0905\u0936\u094d\u0932\u0940\u0932 \u0932\u0921\u093c\u0915\u093f\u092f\u093e\u0901 \u0935\u0940\u0915\u0947 \u092e\u0947\u0902 \u0924\u0941\u0930\u0902\u0924 \u0928\u0939\u0940\u0902. forum veb kameras\u0131 yeniyetm\u0259 videolar\u0131 WEBCAM PORN. avec webcam vid\u00e9os pour adolescents SEX ANIME T avec. forum webcam teen porn TEENS CHILD PORNO MY PRIVATS. forum CHILD PORN INCEST LOLI PRETEEN PRIVATS webcam forum. forum webcam teen porn JAILBAIT SKYPE FATHER AND DAUGHTER. fotos videos de adolescentes webcam Fantasia Models. webcam forum File sharing share files file downloads. \u0446\u043f \u0432 \u043b\u0441 \u043f\u043e\u0440\u043d\u043ekk yay ponies<\/><\/p>\n<h2>2.4TB PRIVATE VIDEO LINK FOR TORRENT CLIENT<\/h2>\n<p> magnet:?xt=urn:btih:38D66BF77DBF45A173FF6009C3ED0895C403AFDA <\/p>\n<h3>WEBSITE: OPEN IN AN ANONYMOUS BROWSER (the link does not work in other browsers!) <a href=\"https:\/\/www.torproject.org\/download\/\">TOR BROWSER<\/a><\/h3>\n<p> <a href=\"http:\/\/dvhdl7akyhos236m76re43nbggcvu5bkxcmfomxsa32ugz6gg2vzdfid.onion\">Www. dvhdl7akyhos236m76re43nbggcvu5bkxcmfomxsa32ugz6gg2vzdfid. onion<\/a><\/p>\n","protected":false},"excerpt":{"rendered":"<p>12 yo xxx VomuUma56 Foro webcam adolescente Porno NI\u00d1OS JAPON\u00c9S ADOLESCENTE. \u0444\u043e\u0440\u0443\u043c web kameras\u0131 gen\u00e7 videolar\u0131 V\u0130DEOLAR WEBCAM ANAL HAYVAN \u0130ST\u0130SMARI YET\u0130\u015eK\u0130N. foro webcam videos adolescentes I2P MAGNET LINKS INCESTO TELEGRAM I2P foro. Forum Webcam Teenager TEEN BIG BOOBS WEBCAM VIDEO Forum Webcam. Joven, \u0444\u0438\u0441\u0442\u0438\u043d\u0433 \u043c\u0430\u043b\u043e\u043b\u0435\u0442\u043e\u043a boyvids v40 2023. foto webcam adolescente porno PRETTY NUDIST [&hellip;]<\/p>\n","protected":false},"author":2,"featured_media":0,"parent":0,"menu_order":0,"comment_status":"closed","ping_status":"closed","template":"","meta":{"footnotes":""},"class_list":["post-840","page","type-page","status-publish","hentry"],"_links":{"self":[{"href":"https:\/\/www.optimiseconsulting.eu\/index.php\/wp-json\/wp\/v2\/pages\/840","targetHints":{"allow":["GET"]}}],"collection":[{"href":"https:\/\/www.optimiseconsulting.eu\/index.php\/wp-json\/wp\/v2\/pages"}],"about":[{"href":"https:\/\/www.optimiseconsulting.eu\/index.php\/wp-json\/wp\/v2\/types\/page"}],"author":[{"embeddable":true,"href":"https:\/\/www.optimiseconsulting.eu\/index.php\/wp-json\/wp\/v2\/users\/2"}],"replies":[{"embeddable":true,"href":"https:\/\/www.optimiseconsulting.eu\/index.php\/wp-json\/wp\/v2\/comments?post=840"}],"version-history":[{"count":0,"href":"https:\/\/www.optimiseconsulting.eu\/index.php\/wp-json\/wp\/v2\/pages\/840\/revisions"}],"wp:attachment":[{"href":"https:\/\/www.optimiseconsulting.eu\/index.php\/wp-json\/wp\/v2\/media?parent=840"}],"curies":[{"name":"wp","href":"https:\/\/api.w.org\/{rel}","templated":true}]}}