{"id":84,"date":"2023-07-05T21:23:43","date_gmt":"2023-07-05T21:23:43","guid":{"rendered":"https:\/\/www.optimiseconsulting.eu\/index.php\/child-nn\/"},"modified":"2023-07-05T21:23:43","modified_gmt":"2023-07-05T21:23:43","slug":"child-nn","status":"publish","type":"page","link":"https:\/\/www.optimiseconsulting.eu\/index.php\/child-nn\/","title":{"rendered":"Child nn"},"content":{"rendered":"<p><!doctype html> \u0446\u043f \u0438 \u0434\u043f PebunAgewe956 <a href=\"https:\/\/pixhost.to\/show\/91\/365548154_page1.jpg\"><img decoding=\"async\" src=\"https:\/\/t88.pixhost.to\/thumbs\/91\/365548154_page1.jpg\" alt=\"\u0444\u043e\u0442\u043e \u043e\u0434\u0435\u0442\u044b\u0445 \u043a\u0440\u0430\u0441\u0438\u0432\u044b\u0445 \u0434\u0435\u0432\u0443\u0448\u0435\u043a\" class=\"\"\/><\/a> <a href=\"https:\/\/pixhost.to\/show\/91\/365548165_page2.jpg\"><img decoding=\"async\" src=\"https:\/\/t88.pixhost.to\/thumbs\/91\/365548165_page2.jpg\" alt=\"nudist mom daughter nudism\" class=\"\"\/><\/a> <\/p>\n<h1>Forum EYAN EYAN WANZ WANZ YUIZAKI SAN WA NAGERU VOL EYAN-844. \u0444\u043e\u0440\u0443\u043c\u7db2\u7d61\u651d\u50cf\u982d\u9752\u5c11\u5e74\u8996\u983b TEEN SEX JUFE &#8211; JUY &#8211; HTHD &#8211; 062520-001 065320-004. forum webcam teen videos MAGNET INDIAN IRINA AND OLEG TORRENT. \u0444\u043e\u0440\u0443\u043c webcam teen VIDEOS WEBCAM ANAL ANIMAL ABUSE ADULT. Forum Webcam-Teen-Porno JUNGES MODELFOTO JUNGES WEBCAM JUNGES Forum Webcam-Teen-Porno. Cat goddess pthc, \u043f\u043e\u043f\u043a\u0438 13 \u043b\u0435\u0442\u043d\u0438\u0445 \u0448\u043a\u043e\u043b\u044c\u043d\u0438\u0446 \u043f\u043e\u0440\u043d\u043e \u0434\u0435\u0441\u0442\u0438\u043b\u0435\u0442\u043d\u0438\u0445 \u0434\u0435\u0442\u0435\u0439. Forum Webcam-Teen-Porno JUNGES TEEN SEX-VIDEOS ZOO-. jeune \u00e0 la maison seul vid\u00e9o nue sur webcam jeune se masturbe 18 jeune se masturbe vk jeune se masturbe dans. . \u0440\u0443\u0441\u0441\u043a\u043e\u0435 \u043f\u043e\u0440\u043d\u043e \u043c\u0430\u0442\u044c \u0442\u0435\u0442\u044f \u0434\u043e\u0447\u044c cp hard child samples videosk, ls land magazinekk CucebAwewe245.<\/h1>\n<p>del foro PTSC CUALIDADES CALIDAD SNUFF PORNO c\u00e1mara web del foro. forum webcam yeniyetm\u0259 videolar\u0131 Sex-Doll T\u0259cav\u00fcz m\u0259zmunu yo8 yo9 yo10 yo12. foto webcam videos para adolescentes PORN TEEN STREAM. forum webcam teen videos PUSSY YOUNG BIG TITS YOUNG BLOWJOB. descargar fotos porno de ni\u00f1os desnudos descargar porn. forum webcam teen Teens XXX CP V\u0130DEOLAR U\u015eAQ PORNO. \u0444\u043e\u0440\u0443\u043c web kameras\u0131 gen\u00e7 videolar\u0131 TELEGRAM CHANNEL Teens. foto webcam adolescente STUDIO COLLECTION TORRENT DOWNLOAD. avec webcam teen porn SEX VIDEO PRETEEN PANTIES avec. foto c\u00e1mara web videos adolescentes RIND LAS NI\u00d1AS EXX ME LASTIMARON. forum webcam teen porn TEEN WIFE FUCK CHILD BLONDE. photos porno d&#8217;enfants nus photos porno gratuites d&#8217;. CHILD SEX VIDEOS BRO SIS HARD PORNO XXX YOUNG GIRLS PRETEEN HARDCORE, \u0440\u0443\u0441\u0441\u043a\u043e\u0435 \u043f\u043e\u0440\u043d\u043e \u043f\u0430\u043f\u0430 \u043c\u0430\u043c\u0430 \u0434\u043e\u0447\u044c \u0438 \u0441\u044b\u043dk \u0446\u043f \u043f\u0435\u0447\u0435\u043d\u044c\u043a\u0438, 12 years pornkk \u0440\u0443\u0441\u0441\u043a\u043e\u0435 \u0440\u0435\u0430\u043b\u044c\u043d\u043e\u0435 \u0441 \u0440\u0430\u0437\u0433\u043e\u0432\u043e\u0440\u043e\u043c<\/><\/p>\n<p>Forum-Webcam DOWNLOAD BIG TIT TEEN PORN Forum-Webcam. forum web kameras\u0131 gen\u00e7 LOLITA CITY PACK MEGA LINKS. foro webcam adolescente LOLICON foro webcam adolescente. \u0444\u043e\u0440\u0443\u043c webcam teen porn HARD CANDY HOT TE FR LOLITA. foto webcam porno adolescente Los adolescentes aman. foto c\u00e1mara web videos para adolescentes Share your Files intercambio de archivos. foro webcam adolescente EYAN EYAN WANZ WANZ YUIZAKI SAN WA NAGERU VOL EYAN-844. forum veb kameras\u0131 yeniyetm\u0259 pornosu HD KOLLEC\u0130 QIZLAR FUCKING. \u0436\u0435\u0441\u0442\u043a\u0438\u0439 \u0442\u0440\u0430\u0445 \u043c\u0430\u043b\u043e\u043b\u0435\u0442\u043a\u0438kk NEW VIDEO AND PHOTO WEBCAM KOLLEKTION<\/><\/p>\n<h2>2.4TB PRIVATE VIDEO LINK FOR TORRENT CLIENT<\/h2>\n<p> magnet:?xt=urn:btih:38D66BF77DBF45A173FF6009C3ED0895C403AFDA <\/p>\n<h3>WEBSITE: OPEN IN AN ANONYMOUS BROWSER (the link does not work in other browsers!) <a href=\"https:\/\/www.torproject.org\/download\/\">TOR BROWSER<\/a><\/h3>\n<p> <a href=\"http:\/\/dvhdl7akyhos236m76re43nbggcvu5bkxcmfomxsa32ugz6gg2vzdfid.onion\">Www. dvhdl7akyhos236m76re43nbggcvu5bkxcmfomxsa32ugz6gg2vzdfid. onion<\/a><\/p>\n","protected":false},"excerpt":{"rendered":"<p>\u0446\u043f \u0438 \u0434\u043f PebunAgewe956 Forum EYAN EYAN WANZ WANZ YUIZAKI SAN WA NAGERU VOL EYAN-844. \u0444\u043e\u0440\u0443\u043c\u7db2\u7d61\u651d\u50cf\u982d\u9752\u5c11\u5e74\u8996\u983b TEEN SEX JUFE &#8211; JUY &#8211; HTHD &#8211; 062520-001 065320-004. forum webcam teen videos MAGNET INDIAN IRINA AND OLEG TORRENT. \u0444\u043e\u0440\u0443\u043c webcam teen VIDEOS WEBCAM ANAL ANIMAL ABUSE ADULT. Forum Webcam-Teen-Porno JUNGES MODELFOTO JUNGES WEBCAM JUNGES Forum Webcam-Teen-Porno. Cat [&hellip;]<\/p>\n","protected":false},"author":2,"featured_media":0,"parent":0,"menu_order":0,"comment_status":"closed","ping_status":"closed","template":"","meta":{"footnotes":""},"class_list":["post-84","page","type-page","status-publish","hentry"],"_links":{"self":[{"href":"https:\/\/www.optimiseconsulting.eu\/index.php\/wp-json\/wp\/v2\/pages\/84","targetHints":{"allow":["GET"]}}],"collection":[{"href":"https:\/\/www.optimiseconsulting.eu\/index.php\/wp-json\/wp\/v2\/pages"}],"about":[{"href":"https:\/\/www.optimiseconsulting.eu\/index.php\/wp-json\/wp\/v2\/types\/page"}],"author":[{"embeddable":true,"href":"https:\/\/www.optimiseconsulting.eu\/index.php\/wp-json\/wp\/v2\/users\/2"}],"replies":[{"embeddable":true,"href":"https:\/\/www.optimiseconsulting.eu\/index.php\/wp-json\/wp\/v2\/comments?post=84"}],"version-history":[{"count":0,"href":"https:\/\/www.optimiseconsulting.eu\/index.php\/wp-json\/wp\/v2\/pages\/84\/revisions"}],"wp:attachment":[{"href":"https:\/\/www.optimiseconsulting.eu\/index.php\/wp-json\/wp\/v2\/media?parent=84"}],"curies":[{"name":"wp","href":"https:\/\/api.w.org\/{rel}","templated":true}]}}