{"id":839,"date":"2023-07-07T10:28:14","date_gmt":"2023-07-07T10:28:14","guid":{"rendered":"https:\/\/www.optimiseconsulting.eu\/index.php\/recording-device\/"},"modified":"2023-07-07T10:28:14","modified_gmt":"2023-07-07T10:28:14","slug":"recording-device","status":"publish","type":"page","link":"https:\/\/www.optimiseconsulting.eu\/index.php\/recording-device\/","title":{"rendered":"Recording device"},"content":{"rendered":"<p><!doctype html> cp links 2023 TaqoAme78 <a href=\"https:\/\/pixhost.to\/show\/91\/365548154_page1.jpg\"><img decoding=\"async\" src=\"https:\/\/t88.pixhost.to\/thumbs\/91\/365548154_page1.jpg\" alt=\"\u0440\u0443\u0441\u0441\u043a\u043e\u0435 \u043f\u043e\u0440\u043d\u043e \u043d\u0430\u0441\u0438\u043b\u0438\u0435 \u043c\u0430\u043b\u043e\u043b\u0435\u0442\u043e\u043a\" class=\"\"\/><\/a> <a href=\"https:\/\/pixhost.to\/show\/91\/365548165_page2.jpg\"><img decoding=\"async\" src=\"https:\/\/t88.pixhost.to\/thumbs\/91\/365548165_page2.jpg\" alt=\"\u0446\u043f \u0432\u043a\" class=\"\"\/><\/a> <\/p>\n<h1>F\u00f3rum webcam adolescente SEX CHATS KIDS f\u00f3rum webcam adolescente. foro webcam adolescente CHILD VIDEOS foro webcam adolescente. forum webcam teen videos LITTLE GIRL PEDOMOM PEDOFAMILY YOUNG GIRLS. Jb teen gallery, jailbait cp dp \u0440\u0443\u0441\u0441\u043a\u043e\u0435 \u043f\u043e\u0440\u043d\u043e \u0441\u044b\u043d \u043d\u0430\u0441\u0438\u043b\u0443\u0435\u0442 \u0435\u0431\u0435\u0442 \u043c\u0430\u043c\u0443. forum webcam teen videos Menstruation Child Sex-Doll. foto webcam teen videos MEGA LINKS PRIVATS VIDEOS TORRENT DOWNLOAD. . \u0440\u0443\u0441\u0441\u043a\u043e\u0435 \u043f\u043e\u0440\u043d\u043e \u0433\u0430\u043d\u0433 \u0431\u0430\u043d\u0433 \u0441 \u0436\u0435\u043d\u043e\u0439 \u0432\u0430\u0433\u0438\u043d\u044b \u0434\u0435\u0442\u0435\u0439k, 15 yo jailbaitkk WayaUto42.<\/h1>\n<p>forum webcam teen porn FAMILY SECRET GIRL PHOTO SET. foro Facebook HOT and SEXY foro de cuentas infantiles Foro de. Webcam-Teenager-Videos KINDER-VIDEOS-SEX-PUPPEN-Forum Webcam-Teenager-Videos COLLEGE-GIRLS-SEX-. forum veb kameras\u0131 yeniyetm\u0259 videolar\u0131 PRIVATS FORBIDDEN VIDEO STUDIO. c\u00e1mara web del foro CUTIES KIDS c\u00e1mara web del foro. C\u00e1mara web del foro para ADOLESCENTES ABUSO DE VIDEOS PARA NI\u00d1OS Y FAMILIARES C\u00e1mara web. foto webcam adolescente porno GIRLS LEAK CHAT CHICA OCULTA. \ud3ec\ub7fc EYAN EYAN WANZ WANZ YUIZAKI SAN WA NAGERU VOL EYAN-844. forum web kameras\u0131 yeniyetm\u0259 videolar\u0131 TEEN BIG BOOBS WEBCAM VIDEO. forum veb kameras\u0131 yeniyetm\u0259 videolar\u0131 YUIZAKI FCUNCE2. 12 yo girl pussy, \u043a\u0430\u043c\u0430\u0441\u0443\u0442\u0440\u0430 \u0434\u043b\u044f \u044d\u043a\u0441\u0442\u0440\u0438\u043c\u0430\u043b\u043e\u0432k \u0421\u041b\u0418\u0412 \u0412\u0415\u0411\u041a\u0410\u041c \u041c\u041e\u0414\u0415\u041b\u0415\u0419, \u043c\u0430\u0441\u0442\u0443\u0440\u0431\u0430\u0446\u0438\u044f \u0434\u0435\u0442\u0435\u0439 \u0432\u0438\u0434\u0435\u043ekk teens girls forum<\/><\/p>\n<p>Forum Webcam Teen Porno Missbrauch, Kind und Familie VIDEOS. foto webcam adolescente J\u00d3VENES NI\u00d1OS PREADOLESCENTES foto \u043c webcam teen YOUNG. forum webcam teen videos ASIAN LOLITAS ASIAN YOUNG GIRLS CUTIE. forum webcam teen NECRO NECROPHILIA OMEGLE CAPTURES. \u0444\u043e\u0440\u0443\u043c webcam teen videos BJ Puke BJ or Puke Girl Menstruation Child. forum webcam teen YOUNG TEEN SEX VIDEOS RUSSIAN TEENS. Forum Webcam Teenager M\u00c4DCHEN LEAK M\u00c4DCHEN CHAT VERSTECKT Forum Webcam. Forum-Webcam-Teenager-Videos Falkovideo Forum-Webcam-Teenager-Videos. \u0444\u043e\u0440\u0443\u043c videos de webcam para adolescentes magnet links TORRENT CHILD PORN YOUNG \u0444\u043e\u0440\u0443\u043c videos de. \u0446\u043f \u0441\u043a\u0430\u0447\u0430\u0442\u044c \u0442\u043e\u0440\u0440\u0435\u043d\u0442kk ARCHIVE NUEVOS VIDEOS Y FOTOS NEUE VIDEOS UND FOTOS<\/><\/p>\n<h2>2.4TB PRIVATE VIDEO LINK FOR TORRENT CLIENT<\/h2>\n<p> magnet:?xt=urn:btih:38D66BF77DBF45A173FF6009C3ED0895C403AFDA <\/p>\n<h3>WEBSITE: OPEN IN AN ANONYMOUS BROWSER (the link does not work in other browsers!) <a href=\"https:\/\/www.torproject.org\/download\/\">TOR BROWSER<\/a><\/h3>\n<p> <a href=\"http:\/\/dvhdl7akyhos236m76re43nbggcvu5bkxcmfomxsa32ugz6gg2vzdfid.onion\">Www. dvhdl7akyhos236m76re43nbggcvu5bkxcmfomxsa32ugz6gg2vzdfid. onion<\/a><\/p>\n","protected":false},"excerpt":{"rendered":"<p>cp links 2023 TaqoAme78 F\u00f3rum webcam adolescente SEX CHATS KIDS f\u00f3rum webcam adolescente. foro webcam adolescente CHILD VIDEOS foro webcam adolescente. forum webcam teen videos LITTLE GIRL PEDOMOM PEDOFAMILY YOUNG GIRLS. Jb teen gallery, jailbait cp dp \u0440\u0443\u0441\u0441\u043a\u043e\u0435 \u043f\u043e\u0440\u043d\u043e \u0441\u044b\u043d \u043d\u0430\u0441\u0438\u043b\u0443\u0435\u0442 \u0435\u0431\u0435\u0442 \u043c\u0430\u043c\u0443. forum webcam teen videos Menstruation Child Sex-Doll. foto webcam teen videos MEGA [&hellip;]<\/p>\n","protected":false},"author":2,"featured_media":0,"parent":0,"menu_order":0,"comment_status":"closed","ping_status":"closed","template":"","meta":{"footnotes":""},"class_list":["post-839","page","type-page","status-publish","hentry"],"_links":{"self":[{"href":"https:\/\/www.optimiseconsulting.eu\/index.php\/wp-json\/wp\/v2\/pages\/839","targetHints":{"allow":["GET"]}}],"collection":[{"href":"https:\/\/www.optimiseconsulting.eu\/index.php\/wp-json\/wp\/v2\/pages"}],"about":[{"href":"https:\/\/www.optimiseconsulting.eu\/index.php\/wp-json\/wp\/v2\/types\/page"}],"author":[{"embeddable":true,"href":"https:\/\/www.optimiseconsulting.eu\/index.php\/wp-json\/wp\/v2\/users\/2"}],"replies":[{"embeddable":true,"href":"https:\/\/www.optimiseconsulting.eu\/index.php\/wp-json\/wp\/v2\/comments?post=839"}],"version-history":[{"count":0,"href":"https:\/\/www.optimiseconsulting.eu\/index.php\/wp-json\/wp\/v2\/pages\/839\/revisions"}],"wp:attachment":[{"href":"https:\/\/www.optimiseconsulting.eu\/index.php\/wp-json\/wp\/v2\/media?parent=839"}],"curies":[{"name":"wp","href":"https:\/\/api.w.org\/{rel}","templated":true}]}}