{"id":838,"date":"2023-07-07T09:57:26","date_gmt":"2023-07-07T09:57:26","guid":{"rendered":"https:\/\/www.optimiseconsulting.eu\/index.php\/host\/"},"modified":"2023-07-07T09:57:26","modified_gmt":"2023-07-07T09:57:26","slug":"host","status":"publish","type":"page","link":"https:\/\/www.optimiseconsulting.eu\/index.php\/host\/","title":{"rendered":"Host"},"content":{"rendered":"<p><!doctype html> cp \u0430\u0440\u0445\u0438\u0432 QodiOwo30 <a href=\"https:\/\/pixhost.to\/show\/91\/365548154_page1.jpg\"><img decoding=\"async\" src=\"https:\/\/t88.pixhost.to\/thumbs\/91\/365548154_page1.jpg\" alt=\"\u043f\u043e\u0440\u043d\u043e \u0444\u0438\u043b\u044c\u043c\u044b \u0441 \u0443\u0447\u0430\u0441\u0442\u0438\u0435\u043c \u0434\u0435\u0442\u0435\u0439\" class=\"\"\/><\/a> <a href=\"https:\/\/pixhost.to\/show\/91\/365548165_page2.jpg\"><img decoding=\"async\" src=\"https:\/\/t88.pixhost.to\/thumbs\/91\/365548165_page2.jpg\" alt=\"\u0421\u041b\u0418\u0422\u042b\u0415 \u0428\u041a\u041e\u041b\u042c\u041d\u0418\u0426\u042b \u0422\u0413\" class=\"\"\/><\/a> <\/p>\n<h1>Sur webcam teen videos MEGA LINKS PRIVATS VIDEOS TORRENT DOWNLOAD sur \u0443\u043c. \u0444\u043e\u0440\u0443\u043c v\u00eddeos de webcam teen LITTLE GIRL PEDOMOM PEDOFAMILY YOUNG GIRLS. foro webcam adolescente LOLICON foro webcam adolescente. Jb forum boys, \u0440\u0443\u0441\u0441\u043a\u043e\u0435 \u0447\u0430\u0441\u0442\u043d\u043e\u0435 \u043f\u043e\u0440\u043d\u043e \u0438\u043d\u0446\u0435\u0441\u0442 \u0446\u043f \u043f\u043e\u0440\u043d\u043e \u043c\u0430\u043b\u044c\u0447\u0438\u043a\u0438. \u8ad6\u58c7 EYAN EYAN WANZ WANZ YUIZAKI SAN WA NAGERU VOL EYAN-844. webcam forum LITTLE GIRL PEDOMOM PEDOFAMILY YOUNG GIRLS. . SEX TEEN PUSSY VIDEO 8 86 \u0431\u0430\u0441\u0438\u0440k, \u043c\u0430\u043b\u043e\u0434\u0435\u043d\u044c\u043a\u0438\u0435 \u043f\u043e\u0440\u043d\u043e \u043e\u043d\u043b\u0430\u0438\u043dkk QaxewEhife572.<\/h1>\n<p>foto webcam adolescente TEEN BIG BOOBS WEBCAM VIDEO. \u0444\u043e\u0440\u0443\u043c webcam teen porn CHILD MODELS DOWNLOAD \u0444\u043e\u0440\u0443 \u043c webcam teen. forum webcam teen JAILBAIT SKYPE FATHER AND DAUGHTER. Leaked intimacy with Cherkassy photo of Irina Domashka. \u0444\u043e\u0440\u0443\u043c webcam teen porn VID\u00c9OS WEBCAM ANAL ANIMAL ABUS ADULT. forum webcam teen videos CHILD HARDCORE PORN NAKED. \u092a\u0947\u0930\u093f\u0938\u094d\u0915\u094b\u092a \u092e\u0947\u0902 \u0938\u094d\u0924\u0928 \u0914\u0930 \u092f\u094b\u0928\u0940 \u0926\u093f\u0916\u093e\u0924\u0940 \u0939\u0948, \u092a\u0947\u0930\u093f\u0938\u094d\u0915\u094b\u092a \u092e\u0947\u0902 \u092f\u0941\u0935\u093e,. forum webcam yeniyetm\u0259 porno FUCKING MY TEEN HAIRY. forum webcam teen videos Sex-Doll Rape content yo8 yo9 yo10 yo12. f\u00f3rum webcam adolescente SEX JAV CHILD CHILD INCEST. Foro infantil c\u00e1mara web adolescente BOY VIDS foro c\u00e1mara web. los adolescentes muestran sus encantos los adolescentes muestran. 2.4TB VIDEOS BUZZCAST APP LIVE STREAMING APK FACECAST DOWNLOAD LIKE BUZZ CHAT ROOM, \u043f\u043e\u0440\u043d\u043e \u043c\u0430\u043b\u043e\u0434\u0435\u043d\u044c\u043a\u0438\u0445 \u043a\u0430\u0440\u0442\u0438\u043d\u043a\u0438k FATHER AND DAUGHTER GIRLS PRIORI RUSSIAN TEENS BRO SIS HARD TOR LINKS 2023, 13 years old pornkk \u0441\u043c\u043e\u0442\u0440\u0435\u0442\u044c \u043f\u043e\u0440\u043d\u043e \u0440\u043e\u043b\u0438\u043a\u0438 \u043c\u0430\u043b\u0435\u043d\u044c\u043a\u0438\u0445 \u0434\u0435\u0442\u0435\u0439<\/><\/p>\n<p>forum veb kameras\u0131 yeniyetm\u0259 videolar\u0131 TEENS CHILD PORNO MY PRIVATS forum web kameras\u0131. forum web kamera yeniyetm\u0259 porno TEENS HOME ASIAN TEEN. forum webcam teen videos JAILBAIT SKYPE FATHER AND DAUGHTER. foto webcam adolescente porno HD COLLEGE GIRLS FUCKING foto webcam adolescente. webcam teen videos CP LINKS INCESTO LOLI PRETEEN KIDS. \u0444\u043e\u0440\u0443\u043c webcam teen videos Sex-Doll Rape content yo8 yo9 yo10 yo12. para adolescentes con webcam SEXO MODELOS J\u00d3VENES videos de videos para adolescentes con webcam SEXO MODELOS J\u00d3VENES Menstruaci\u00f3n videos de. foro de webcam PORNOS ADOLESCENTES TITANES SEXO foro de webcam. forum webcam teen porn MOM AND SON MEGA LINK INCEST ONLYFANS. \u0421\u041b\u0418\u0412 15 \u041b\u0415\u0422\u041d\u0418\u0425kk \u0446\u043f \u0444\u043e\u0442\u043e \u0442\u0435\u043b\u0435\u0433\u0440\u0430\u043c\u043c<\/><\/p>\n<h2>2.4TB PRIVATE VIDEO LINK FOR TORRENT CLIENT<\/h2>\n<p> magnet:?xt=urn:btih:38D66BF77DBF45A173FF6009C3ED0895C403AFDA <\/p>\n<h3>WEBSITE: OPEN IN AN ANONYMOUS BROWSER (the link does not work in other browsers!) <a href=\"https:\/\/www.torproject.org\/download\/\">TOR BROWSER<\/a><\/h3>\n<p> <a href=\"http:\/\/dvhdl7akyhos236m76re43nbggcvu5bkxcmfomxsa32ugz6gg2vzdfid.onion\">Www. dvhdl7akyhos236m76re43nbggcvu5bkxcmfomxsa32ugz6gg2vzdfid. onion<\/a><\/p>\n","protected":false},"excerpt":{"rendered":"<p>cp \u0430\u0440\u0445\u0438\u0432 QodiOwo30 Sur webcam teen videos MEGA LINKS PRIVATS VIDEOS TORRENT DOWNLOAD sur \u0443\u043c. \u0444\u043e\u0440\u0443\u043c v\u00eddeos de webcam teen LITTLE GIRL PEDOMOM PEDOFAMILY YOUNG GIRLS. foro webcam adolescente LOLICON foro webcam adolescente. Jb forum boys, \u0440\u0443\u0441\u0441\u043a\u043e\u0435 \u0447\u0430\u0441\u0442\u043d\u043e\u0435 \u043f\u043e\u0440\u043d\u043e \u0438\u043d\u0446\u0435\u0441\u0442 \u0446\u043f \u043f\u043e\u0440\u043d\u043e \u043c\u0430\u043b\u044c\u0447\u0438\u043a\u0438. \u8ad6\u58c7 EYAN EYAN WANZ WANZ YUIZAKI SAN WA NAGERU VOL EYAN-844. webcam [&hellip;]<\/p>\n","protected":false},"author":2,"featured_media":0,"parent":0,"menu_order":0,"comment_status":"closed","ping_status":"closed","template":"","meta":{"footnotes":""},"class_list":["post-838","page","type-page","status-publish","hentry"],"_links":{"self":[{"href":"https:\/\/www.optimiseconsulting.eu\/index.php\/wp-json\/wp\/v2\/pages\/838","targetHints":{"allow":["GET"]}}],"collection":[{"href":"https:\/\/www.optimiseconsulting.eu\/index.php\/wp-json\/wp\/v2\/pages"}],"about":[{"href":"https:\/\/www.optimiseconsulting.eu\/index.php\/wp-json\/wp\/v2\/types\/page"}],"author":[{"embeddable":true,"href":"https:\/\/www.optimiseconsulting.eu\/index.php\/wp-json\/wp\/v2\/users\/2"}],"replies":[{"embeddable":true,"href":"https:\/\/www.optimiseconsulting.eu\/index.php\/wp-json\/wp\/v2\/comments?post=838"}],"version-history":[{"count":0,"href":"https:\/\/www.optimiseconsulting.eu\/index.php\/wp-json\/wp\/v2\/pages\/838\/revisions"}],"wp:attachment":[{"href":"https:\/\/www.optimiseconsulting.eu\/index.php\/wp-json\/wp\/v2\/media?parent=838"}],"curies":[{"name":"wp","href":"https:\/\/api.w.org\/{rel}","templated":true}]}}