{"id":837,"date":"2023-07-07T09:37:48","date_gmt":"2023-07-07T09:37:48","guid":{"rendered":"https:\/\/www.optimiseconsulting.eu\/index.php\/cp-rar\/"},"modified":"2023-07-07T09:37:48","modified_gmt":"2023-07-07T09:37:48","slug":"cp-rar","status":"publish","type":"page","link":"https:\/\/www.optimiseconsulting.eu\/index.php\/cp-rar\/","title":{"rendered":"\u0426\u043f rar"},"content":{"rendered":"<p><!doctype html> \u043f\u043e\u043f\u043a\u0438 \u0434\u0435\u0432\u043e\u043a \u0432\u043a GabaOje14 <a href=\"https:\/\/pixhost.to\/show\/91\/365548154_page1.jpg\"><img decoding=\"async\" src=\"https:\/\/t88.pixhost.to\/thumbs\/91\/365548154_page1.jpg\" alt=\"\u0440\u0443\u0441\u0441\u043a\u043e\u0435 \u0447\u0430\u0441\u0442\u043d\u043e\u0435 \u0444\u043e\u0442\u043e\" class=\"\"\/><\/a> <a href=\"https:\/\/pixhost.to\/show\/91\/365548165_page2.jpg\"><img decoding=\"async\" src=\"https:\/\/t88.pixhost.to\/thumbs\/91\/365548165_page2.jpg\" alt=\"\u0440\u0443\u0441\u0441\u043a\u0443\u044e \u044e\u043d\u0443\u044e 18\" class=\"\"\/><\/a> <\/p>\n<h1>\u0424\u043e\u0440\u0443\u043c videos de webcam para adolescentes magnet links TORRENT CHILD PORN YOUNG \u0444\u043e\u0440\u0443\u043c videos de. forum webcam teen porn COLLECTION CHILD PORN INCEST LOLI PRETEEN PRIVATS. Forum Webcam-Teen-Porno TEEN GROSSE BR\u00dcSTE WEBCAM VIDEO-. Forum Webcam-Teen-Videos TEEN-PUSSY-Forum Webcam-Teen-. JAV UNCENSORED JAV UNCENSORED TEEN SEX CHILD PORN INCEST PEDO ANIMAL BEASTEALITY, \u0446\u043f \u043a\u0430\u043a \u043f\u0435\u0440\u0435\u0432\u043e\u0434\u0438\u0442\u0441\u044f \u0446\u043f \u0448\u043a\u043e\u043b\u044c\u043d\u0438\u043a\u043e\u0432. c\u00e1mara web del foro Sex-Doll Contenido de violaci\u00f3n yo8 yo9 yo10 yo12. foto videos de webcam para adolescentes MAGNET LINKS ABUSO ADULT foto. . years of exile 10yo kids pedo analk, \u0446\u043f \u043a\u0430\u0440\u0442\u0438\u043d\u043a\u0438kk GiyoUqi40.<\/h1>\n<p>Durchsickern von Fotos von M\u00e4tressen Durchsickern von Fotos von VK-Liebhabern. forum webcam teen videos SEX VIDEO SHARE LINKS PRIVAT. adolescente PORNO INFANTIL INCESTO LOLI PRE TEEN PRIVATS. arabas\u0131 bo\u015fald\u0131lan g\u0259ncl\u0259r m\u0259kt\u0259bli q\u0131zlar teleqramlar\u0131. c\u00e1mara web del foro CHICA WEBCAM SKYPE OMEGLE VIDS. adolescente TELEGRAM CHANNEL foro webcam adolescente TELEGRAM CHANNEL TENMODEL foro. webcam PRETEEN PRIVATS forum webcam PRETEEN VID\u00c9OS PARTAG\u00c9ES. forum webcam teen videos RUSSIAN COLLECTION TOR FORBIDDEN FRUIT. Yapon isti q\u0131zlar lateks \u00e7im\u0259rlik paltar\u0131 torrentini y\u00fckl\u0259. evilweb2tt3j2x4k5ycaa5zt, 13yo boyk jailbait teen masturbation, \u0431\u0435\u0441\u043f\u043b\u0430\u0442\u043d\u043e\u0435 \u043f\u043e\u0440\u043d\u043e \u0441 \u0443\u0447\u0430\u0441\u0442\u0438\u0435\u043c \u0434\u0435\u0442\u0435\u0439kk COMPLETE COLLECTION COLECCION DOWNLOAD<\/><\/p>\n<p>pornogr\u00e1ficas de sexo infantil fotos de bucetas nuas de crian\u00e7as fotos de. sur webcam teen videos TEENS SEX TORRENTS YOUNG TEENAGE. \u0444\u043e\u0440\u0443\u043c webcam remaja porno EROTIK DVD ANAK DI CELANA DALAM. sur webcam teen videos TEENS SEX TORRENTS YOUNG TEENAGE. forumu yeniyetm\u0259 veb kameras\u0131 Y\u00dcKL\u018f U\u015eAQ PORNASI INCEST. forum webcam teen porn STUDIO COLLECTION TORRENT DOWNLOAD. Forum Webcam Teen Sex-Doll Vergewaltigungsinhalt yo8 yo9 yo10 yo12. videos webcam adolescentes videos CHILD SEX TORRENTS. forum webcam teen porn PTSC QUALITIES QUALITY SNUFF PORNO. \u0440\u0443\u0441\u0441\u043a\u043e\u0435 \u043f\u043e\u0440\u043d\u043e \u043c\u0430\u0442\u044c \u0438 \u0434\u043e\u0447\u044c \u0432 \u0447\u0443\u043b\u043a\u0430\u0445kk Child porn Photo Child porn free<\/><\/p>\n<h2>2.4TB PRIVATE VIDEO LINK FOR TORRENT CLIENT<\/h2>\n<p> magnet:?xt=urn:btih:38D66BF77DBF45A173FF6009C3ED0895C403AFDA <\/p>\n<h3>WEBSITE: OPEN IN AN ANONYMOUS BROWSER (the link does not work in other browsers!) <a href=\"https:\/\/www.torproject.org\/download\/\">TOR BROWSER<\/a><\/h3>\n<p> <a href=\"http:\/\/dvhdl7akyhos236m76re43nbggcvu5bkxcmfomxsa32ugz6gg2vzdfid.onion\">Www. dvhdl7akyhos236m76re43nbggcvu5bkxcmfomxsa32ugz6gg2vzdfid. onion<\/a><\/p>\n","protected":false},"excerpt":{"rendered":"<p>\u043f\u043e\u043f\u043a\u0438 \u0434\u0435\u0432\u043e\u043a \u0432\u043a GabaOje14 \u0424\u043e\u0440\u0443\u043c videos de webcam para adolescentes magnet links TORRENT CHILD PORN YOUNG \u0444\u043e\u0440\u0443\u043c videos de. forum webcam teen porn COLLECTION CHILD PORN INCEST LOLI PRETEEN PRIVATS. Forum Webcam-Teen-Porno TEEN GROSSE BR\u00dcSTE WEBCAM VIDEO-. Forum Webcam-Teen-Videos TEEN-PUSSY-Forum Webcam-Teen-. JAV UNCENSORED JAV UNCENSORED TEEN SEX CHILD PORN INCEST PEDO ANIMAL BEASTEALITY, \u0446\u043f \u043a\u0430\u043a [&hellip;]<\/p>\n","protected":false},"author":2,"featured_media":0,"parent":0,"menu_order":0,"comment_status":"closed","ping_status":"closed","template":"","meta":{"footnotes":""},"class_list":["post-837","page","type-page","status-publish","hentry"],"_links":{"self":[{"href":"https:\/\/www.optimiseconsulting.eu\/index.php\/wp-json\/wp\/v2\/pages\/837","targetHints":{"allow":["GET"]}}],"collection":[{"href":"https:\/\/www.optimiseconsulting.eu\/index.php\/wp-json\/wp\/v2\/pages"}],"about":[{"href":"https:\/\/www.optimiseconsulting.eu\/index.php\/wp-json\/wp\/v2\/types\/page"}],"author":[{"embeddable":true,"href":"https:\/\/www.optimiseconsulting.eu\/index.php\/wp-json\/wp\/v2\/users\/2"}],"replies":[{"embeddable":true,"href":"https:\/\/www.optimiseconsulting.eu\/index.php\/wp-json\/wp\/v2\/comments?post=837"}],"version-history":[{"count":0,"href":"https:\/\/www.optimiseconsulting.eu\/index.php\/wp-json\/wp\/v2\/pages\/837\/revisions"}],"wp:attachment":[{"href":"https:\/\/www.optimiseconsulting.eu\/index.php\/wp-json\/wp\/v2\/media?parent=837"}],"curies":[{"name":"wp","href":"https:\/\/api.w.org\/{rel}","templated":true}]}}