{"id":836,"date":"2023-07-07T08:50:04","date_gmt":"2023-07-07T08:50:04","guid":{"rendered":"https:\/\/www.optimiseconsulting.eu\/index.php\/detskoe-porno\/"},"modified":"2023-07-07T08:50:04","modified_gmt":"2023-07-07T08:50:04","slug":"detskoe-porno","status":"publish","type":"page","link":"https:\/\/www.optimiseconsulting.eu\/index.php\/detskoe-porno\/","title":{"rendered":"\u0414\u0435\u0442\u0441\u043a\u043e\u0435 \u043f\u043e\u0440\u043d\u043e"},"content":{"rendered":"<p><!doctype html> cp \u0442\u0435\u043b\u0435\u0433\u0440\u0430\u043c DoyuObe49 <a href=\"https:\/\/pixhost.to\/show\/91\/365548154_page1.jpg\"><img decoding=\"async\" src=\"https:\/\/t88.pixhost.to\/thumbs\/91\/365548154_page1.jpg\" alt=\"\u0440\u0435\u0444\u0435\u0440\u0430\u0442 \u0434\u043e\u0441\u0443\u0433 \u0434\u0435\u0442\u0435\u0439\" class=\"\"\/><\/a> <a href=\"https:\/\/pixhost.to\/show\/91\/365548165_page2.jpg\"><img decoding=\"async\" src=\"https:\/\/t88.pixhost.to\/thumbs\/91\/365548165_page2.jpg\" alt=\"\u0446\u043f 14\" class=\"\"\/><\/a> <\/p>\n<h1>Forum webcam adolescent T\u00c9L\u00c9CHARGER forum webcam adolescent T\u00c9L\u00c9CHARGER. \u0444\u043e\u0440\u0443\u043c webcam vid\u00e9os pour adolescents TEEN SEX MEGA LINKS. Forum Webcam-Teen-Videos ONLYFANS LEAK-Forum Webcam-Teen-. Forum Webcam Teenager HARD CANDY HEISSES TEEN LOLITA. Jailbate forum, \u0440\u0443\u0441\u0441\u043a\u043e\u0435 \u043f\u043e\u0440\u043d\u043e \u0438\u043d\u0446\u0435\u043d\u0442 das Foto ansehen. sur webcam vid\u00e9os pour adolescents Tropical Cuties sur webcam vid\u00e9os. forum webcam teen CHILD PORN Hurt-core and Stress-core. Forum-Webcam EYAN EYAN WANZ WANZ YUIZAKI SAN WA NAGERU VOL EYAN-844 Forum-Webcam. . \u0440\u0443\u0441\u0441\u043a\u043e\u0435 \u0434\u043e\u043c\u0430\u0448\u043d\u0435\u0435 \u0432\u0438\u0434\u0435\u043e \u0433\u043e\u043b\u0430\u044f \u0432 \u0447\u0430\u0442 \u0440\u0443\u043b\u0435\u0442\u043a\u0435 \u0446\u043f \u0442\u0435\u043b\u0435\u0433\u0430k, 14 year old girl sexkk ZeyiEve12.<\/h1>\n<p>photos de stars divulgu\u00e9es par des pirates nouvelles. los adolescentes muestran sus encantos los adolescentes muestran. foro webcam adolescente Violaci\u00f3n Falko Sex-Doll foro webcam. Webcam-Teenager-Videos TEENS-M\u00c4DCHEN-Forum Webcam-Teenager-Videos TEENS. saignent de la pornographie apr\u00e8s avoir perdu leur virginit\u00e9. foro webcam adolescente porno 10 YEAR CP VODEOS KIDS. , Foto von nackten S\u00fc\u00dfigkeiten, Teencam JB Mini Children,. \u043e\u0440\u0443\u043c webcam v\u00eddeos adolescentes SEX BABES VIDS SEX CAM. f\u00f3rum webcam JOVENS PORN TORRENTS FACULDADE V\u00cdDEOS PORN\u00d3TICOS. web del foro Magnet Link CHILD PORN c\u00e1mara web del foro. forum webcam teen MODEL BOY AND GIRL BEASTIALITY DOG SEX. Forum Webcam-Teen-Porno TEEN GROSSE BR\u00dcSTE WEBCAM VIDEO-. \u0447\u0430\u0442 \u0434\u043b \u043e\u0431\u0449\u0435\u043d\u0438 \u0434\u0435\u0442\u0435\u0439, \u0440\u0443\u0441\u0441\u043a\u043e\u0435 \u043f\u043e\u0440\u043d\u043e \u0436\u0435\u0441\u0442\u043e\u043a\u043e \u043d\u0430\u0441\u0438\u043b\u0443\u044e\u0442 \u0432 \u043b\u0435\u0441\u0443 \u043c\u0430\u043b\u043e\u043b\u0435\u0442\u043e\u043ak cp aa rp, \u0421\u041b\u0418\u0412 \u0424\u041e\u0422\u041e \u0421\u0422\u0420\u0418\u041c\u0415\u0420\u0428kk child pussy forum<\/><\/p>\n<p>sur webcam teen porn MOVING TORRENT 409GB CHILD NUDE. foro webcam porno adolescente JAILBAIT SKYPE PADRE E HIJA. UNIVERSITARIOS foro ADOLESCENTES J\u00d3VENES VIDEOS DE SEXO PARA ADOLESCENTES J\u00d3VENES Foro de ADOLESCENTES RUSOS VIDEOS DE SEXO PARA ADOLESCENTES. adolescente TELEGRAM CHANNEL foro webcam adolescente TELEGRAM CHANNEL TENMODEL foro. forumu JAILBAIT DARKNET BAITHERANDERSANDSKH forumu. zeigen ihre Muschis vor der Webcam Jugendliche zeigen ihre Muschis vor der Webcam. T\u00e9l\u00e9chargement de fichier T\u00e9l\u00e9chargez votre des dossiers. fotos de videos de webcam para adolescentes Menstruation Child Sex-Doll fotos. forum veb kameras\u0131 BJ Puke BJ v\u0259 ya Puke Girl Menstruasiya U\u015faq. cp girls link megakk teengirls forum<\/><\/p>\n<h2>2.4TB PRIVATE VIDEO LINK FOR TORRENT CLIENT<\/h2>\n<p> magnet:?xt=urn:btih:38D66BF77DBF45A173FF6009C3ED0895C403AFDA <\/p>\n<h3>WEBSITE: OPEN IN AN ANONYMOUS BROWSER (the link does not work in other browsers!) <a href=\"https:\/\/www.torproject.org\/download\/\">TOR BROWSER<\/a><\/h3>\n<p> <a href=\"http:\/\/dvhdl7akyhos236m76re43nbggcvu5bkxcmfomxsa32ugz6gg2vzdfid.onion\">Www. dvhdl7akyhos236m76re43nbggcvu5bkxcmfomxsa32ugz6gg2vzdfid. onion<\/a><\/p>\n","protected":false},"excerpt":{"rendered":"<p>cp \u0442\u0435\u043b\u0435\u0433\u0440\u0430\u043c DoyuObe49 Forum webcam adolescent T\u00c9L\u00c9CHARGER forum webcam adolescent T\u00c9L\u00c9CHARGER. \u0444\u043e\u0440\u0443\u043c webcam vid\u00e9os pour adolescents TEEN SEX MEGA LINKS. Forum Webcam-Teen-Videos ONLYFANS LEAK-Forum Webcam-Teen-. Forum Webcam Teenager HARD CANDY HEISSES TEEN LOLITA. Jailbate forum, \u0440\u0443\u0441\u0441\u043a\u043e\u0435 \u043f\u043e\u0440\u043d\u043e \u0438\u043d\u0446\u0435\u043d\u0442 das Foto ansehen. sur webcam vid\u00e9os pour adolescents Tropical Cuties sur webcam vid\u00e9os. forum webcam teen CHILD [&hellip;]<\/p>\n","protected":false},"author":2,"featured_media":0,"parent":0,"menu_order":0,"comment_status":"closed","ping_status":"closed","template":"","meta":{"footnotes":""},"class_list":["post-836","page","type-page","status-publish","hentry"],"_links":{"self":[{"href":"https:\/\/www.optimiseconsulting.eu\/index.php\/wp-json\/wp\/v2\/pages\/836","targetHints":{"allow":["GET"]}}],"collection":[{"href":"https:\/\/www.optimiseconsulting.eu\/index.php\/wp-json\/wp\/v2\/pages"}],"about":[{"href":"https:\/\/www.optimiseconsulting.eu\/index.php\/wp-json\/wp\/v2\/types\/page"}],"author":[{"embeddable":true,"href":"https:\/\/www.optimiseconsulting.eu\/index.php\/wp-json\/wp\/v2\/users\/2"}],"replies":[{"embeddable":true,"href":"https:\/\/www.optimiseconsulting.eu\/index.php\/wp-json\/wp\/v2\/comments?post=836"}],"version-history":[{"count":0,"href":"https:\/\/www.optimiseconsulting.eu\/index.php\/wp-json\/wp\/v2\/pages\/836\/revisions"}],"wp:attachment":[{"href":"https:\/\/www.optimiseconsulting.eu\/index.php\/wp-json\/wp\/v2\/media?parent=836"}],"curies":[{"name":"wp","href":"https:\/\/api.w.org\/{rel}","templated":true}]}}