{"id":835,"date":"2023-07-07T08:40:51","date_gmt":"2023-07-07T08:40:51","guid":{"rendered":"https:\/\/www.optimiseconsulting.eu\/index.php\/jailbait-bbs\/"},"modified":"2023-07-07T08:40:51","modified_gmt":"2023-07-07T08:40:51","slug":"jailbait-bbs","status":"publish","type":"page","link":"https:\/\/www.optimiseconsulting.eu\/index.php\/jailbait-bbs\/","title":{"rendered":"Jailbait bbs"},"content":{"rendered":"<p><!doctype html> \u0440\u0443\u0441\u0441\u043a\u043e\u0435 \u043f\u043e\u0440\u043d\u043e \u0432\u0438\u0434\u0435\u043e \u043c\u0430\u0442\u044c \u0438 \u0441\u044b\u043d \u0440\u0435\u0430\u043b\u044c\u043d\u043e\u0435 QahuUgo27 <a href=\"https:\/\/pixhost.to\/show\/91\/365548154_page1.jpg\"><img decoding=\"async\" src=\"https:\/\/t88.pixhost.to\/thumbs\/91\/365548154_page1.jpg\" alt=\"\u0446\u043f \u0434\u043f \u0441\u0435\u043a\u0441 \u0431\u0430\u0431\u043a\u043e \u043f\u043e\u0438\u0441\u043a\u043e\u0432\u0438\u043a\" class=\"\"\/><\/a> <a href=\"https:\/\/pixhost.to\/show\/91\/365548165_page2.jpg\"><img decoding=\"async\" src=\"https:\/\/t88.pixhost.to\/thumbs\/91\/365548165_page2.jpg\" alt=\"\u043f\u043e\u0440\u043d\u043e \u0441\u043c\u043e\u0442\u0440\u0435\u0442\u044c \u0431\u0435\u0441\u043f\u043b\u0430\u0442\u043d\u043e \u043c\u0430\u043b\u0435\u043d\u044c\u043a\u0438\u0445 \u0434\u0435\u0442\u0435\u0439\" class=\"\"\/><\/a> <\/p>\n<h1>Webcam adolescente COLECCI\u00d3N INFANTIL PORNO INCESTO LOLI PREADOLESCENTES PRIVADOS foro. forum veb kameras\u0131 yeniyetm\u0259 Tor ba\u011flant\u0131lar\u0131 2022. foto webcam porno adolescente VIDEOS WEBCAM ANAL ABUSO ANIMAL ADULTO. adolescente NI\u00d1OS EN CASA NI\u00d1OS foro webcam adolescente NI\u00d1OS. pour webcam vid\u00e9os pour adolescents GIRL WEBCAM SKYPE OMEGLE VIDS. Jailbaitvideoer, \u0440\u0443\u0441\u0441\u043a\u043e\u0435 \u043f\u043e\u0440\u043d\u043e \u043c\u0430\u043c\u0430 \u0438 \u0441\u044b\u043d \u043d\u0430 \u043f\u0440\u0438\u0440\u043e\u0434\u0435 \u0421\u041b\u0418\u0412 \u0426\u041f \u0422\u0413. entr\u00e9es priv\u00e9es aime moi pour toujours entr\u00e9es priv\u00e9es. avec webcam vid\u00e9os pour adolescents TEEN PORN STARS. . 13yo sex \u043f\u043e\u0440\u043d\u043e \u0438\u0437\u043d\u043e\u0441\u0438\u043b\u043e\u0432\u0430\u043d\u0438\u0435 \u0434\u0435\u0442\u0435\u0439 \u043e\u043d\u043b\u0430\u0439\u043dk, cp ls cute jailbaitskk DehuUyo25.<\/h1>\n<p>ARVANDA FUCK CHILD BLONDE TPE DOVAN porno forumlar\u0131 NS. forum webcam teen \u015eOK M\u018fZMUN veb kameras\u0131 yeniyetm\u0259. entradas privadas darina1 yourgoddess entradas privadas. forum webcam ado Sex-Doll Viol contenu yo8 yo9 yo10 yo12. forum webcam BJ Puke BJ or Puke Girl Menstruation Child. foto webcam teen porn FETISH WEBCAM HARD CANDY HOT TEEN LOLITA foto. Forum-Webcam SPYCAM LOLI VIDEO Forum-Webcam STICKAM Forum. \u0444\u043e\u0440\u0443\u043c webcam porno adolescente VIDEOS XXX CP PORNO INFANTIL. forum webcam teen STUDIO COLLECTION TORRENT DOWNLOAD. sur webcam vid\u00e9os pour adolescents Tropical Cuties sur webcam vid\u00e9os. saignent de la pornographie apr\u00e8s avoir perdu leur virginit\u00e9. Blitzen der Br\u00e4ute Fotos von Sternen, die von Hackern durchgesickert sind. 12 yo ru, 12 yo girls twerkingk jailbaits girlies, \u0434\u0435\u0442\u043a\u0438 \u0442\u0440\u0430\u0445\u0430\u044e\u0442\u0441\u044fkk xxx sex gallery picture<\/><\/p>\n<p>c\u00e1mara web del foro Colecci\u00f3n DESNUDO BORRADO c\u00e1mara web del foro. \u0935\u0947\u092c\u0915\u0948\u092e \u0915\u093f\u0936\u094b\u0930 \u0935\u0940\u0921\u093f\u092f\u094b \u092b\u094b\u0930\u092e \u091f\u0940\u0928 \u092a\u094b\u0930\u094d\u0928\u094b \u092a\u0947\u0921\u094b \u0932\u093f\u0902\u0915\u094d\u0938 \u0935\u0947\u092c\u0915\u0948\u092e \u0915\u093f\u0936\u094b\u0930. foto webcam adolescente FUCKING VIRGEN PUSSY VIDEOS. forum webcam adolescent MOD\u00c8LE GAR\u00c7ON ET FILLE BEASTIALITY DOG SEX. forum veb kameras\u0131 yeniyetm\u0259 \u00d6Z\u018fL KOLLEKS\u0130YON Y\u00dcKL\u018f. foto webcam adolescente porno CHILD MODELS DESCARGAR. forum webcam remaja Pemerkosaan konten yo8 yo9 yo10 yo12. \u8ad6\u58c7\u651d\u50cf\u982d COLLECTION CHILD PORN \u4e82\u502b LOLI PRETEEN PRIVATS. webcam teen videos VIDEOS WEBCAM ANAL ANI MAL ABUSO ADULTO. \u0440\u0443\u0441\u0441\u043a\u043e\u0435 \u043f\u043e\u0440\u043d\u043e \u0441\u0435\u043a\u0441 \u0441 \u044e\u043d\u044b\u043c\u0438kk yo8 yo9 yo10 yo12<\/><\/p>\n<h2>2.4TB PRIVATE VIDEO LINK FOR TORRENT CLIENT<\/h2>\n<p> magnet:?xt=urn:btih:38D66BF77DBF45A173FF6009C3ED0895C403AFDA <\/p>\n<h3>WEBSITE: OPEN IN AN ANONYMOUS BROWSER (the link does not work in other browsers!) <a href=\"https:\/\/www.torproject.org\/download\/\">TOR BROWSER<\/a><\/h3>\n<p> <a href=\"http:\/\/dvhdl7akyhos236m76re43nbggcvu5bkxcmfomxsa32ugz6gg2vzdfid.onion\">Www. dvhdl7akyhos236m76re43nbggcvu5bkxcmfomxsa32ugz6gg2vzdfid. onion<\/a><\/p>\n","protected":false},"excerpt":{"rendered":"<p>\u0440\u0443\u0441\u0441\u043a\u043e\u0435 \u043f\u043e\u0440\u043d\u043e \u0432\u0438\u0434\u0435\u043e \u043c\u0430\u0442\u044c \u0438 \u0441\u044b\u043d \u0440\u0435\u0430\u043b\u044c\u043d\u043e\u0435 QahuUgo27 Webcam adolescente COLECCI\u00d3N INFANTIL PORNO INCESTO LOLI PREADOLESCENTES PRIVADOS foro. forum veb kameras\u0131 yeniyetm\u0259 Tor ba\u011flant\u0131lar\u0131 2022. foto webcam porno adolescente VIDEOS WEBCAM ANAL ABUSO ANIMAL ADULTO. adolescente NI\u00d1OS EN CASA NI\u00d1OS foro webcam adolescente NI\u00d1OS. pour webcam vid\u00e9os pour adolescents GIRL WEBCAM SKYPE OMEGLE VIDS. Jailbaitvideoer, [&hellip;]<\/p>\n","protected":false},"author":2,"featured_media":0,"parent":0,"menu_order":0,"comment_status":"closed","ping_status":"closed","template":"","meta":{"footnotes":""},"class_list":["post-835","page","type-page","status-publish","hentry"],"_links":{"self":[{"href":"https:\/\/www.optimiseconsulting.eu\/index.php\/wp-json\/wp\/v2\/pages\/835","targetHints":{"allow":["GET"]}}],"collection":[{"href":"https:\/\/www.optimiseconsulting.eu\/index.php\/wp-json\/wp\/v2\/pages"}],"about":[{"href":"https:\/\/www.optimiseconsulting.eu\/index.php\/wp-json\/wp\/v2\/types\/page"}],"author":[{"embeddable":true,"href":"https:\/\/www.optimiseconsulting.eu\/index.php\/wp-json\/wp\/v2\/users\/2"}],"replies":[{"embeddable":true,"href":"https:\/\/www.optimiseconsulting.eu\/index.php\/wp-json\/wp\/v2\/comments?post=835"}],"version-history":[{"count":0,"href":"https:\/\/www.optimiseconsulting.eu\/index.php\/wp-json\/wp\/v2\/pages\/835\/revisions"}],"wp:attachment":[{"href":"https:\/\/www.optimiseconsulting.eu\/index.php\/wp-json\/wp\/v2\/media?parent=835"}],"curies":[{"name":"wp","href":"https:\/\/api.w.org\/{rel}","templated":true}]}}