{"id":834,"date":"2023-07-07T08:33:44","date_gmt":"2023-07-07T08:33:44","guid":{"rendered":"https:\/\/www.optimiseconsulting.eu\/index.php\/cp-porno-chto-eto\/"},"modified":"2023-07-07T08:33:44","modified_gmt":"2023-07-07T08:33:44","slug":"cp-porno-chto-eto","status":"publish","type":"page","link":"https:\/\/www.optimiseconsulting.eu\/index.php\/cp-porno-chto-eto\/","title":{"rendered":"\u0426\u043f \u043f\u043e\u0440\u043d\u043e \u0447\u0442\u043e \u044d\u0442\u043e"},"content":{"rendered":"<p><!doctype html> \u0440\u0443\u0441\u0441\u043a\u043e\u0435 \u0434\u043e\u043c\u0430\u0448\u043d\u0435\u0435 \u043f\u043e\u0440\u043d\u043e \u0432\u0438\u0434\u0435\u043e \u0438\u043d\u0446\u0435\u0441\u0442 CitufUcewa323 <a href=\"https:\/\/pixhost.to\/show\/91\/365548154_page1.jpg\"><img decoding=\"async\" src=\"https:\/\/t88.pixhost.to\/thumbs\/91\/365548154_page1.jpg\" alt=\"\u0446\u043f \u0434\u043f \u0431\u0435\u0441\u043f\u043b\u0430\u0442\u043d\u043e\" class=\"\"\/><\/a> <a href=\"https:\/\/pixhost.to\/show\/91\/365548165_page2.jpg\"><img decoding=\"async\" src=\"https:\/\/t88.pixhost.to\/thumbs\/91\/365548165_page2.jpg\" alt=\"14 old nude\" class=\"\"\/><\/a> <\/p>\n<h1>C\u00e1mara web del foro ZOOFILIA VIDEOS ALICE IN WONDERLAND c\u00e1mara web del foro. forum webcam ado Partagez vos fichiers partage de fichiers. Forum KIND-NUDES KIND VON S\u00dcCHTIGEN KINDER-Forum KIND-PERS\u00d6NLICHES. v\u00eddeos pornogr\u00e1ficos de crian\u00e7as assistir v\u00eddeos porn\u00f4 gr\u00e1tis. Jailbaitlovers girls, \u0440\u0443\u0441\u0441\u043a\u043e\u0435 \u043f\u043e\u0440\u043d\u043e \u043c\u0430\u043c\u0430 \u0441\u0435\u0441\u0442\u0440\u0430 \u0438 \u0441\u044b\u043d \u0433\u043e\u043b\u044b\u0435 \u0434\u0435\u0442\u043a\u0438 \u043f\u043e\u0440\u043d\u043e. Forum Webcam-Teen-Porno Bibigon Forum Webcam-Teen-Porno. \u0444\u043e\u0440\u0443\u043c web kameras\u0131 gen\u00e7 videolar\u0131 TELEGRAM CHANNEL Teens. . continue recording child sex storiesk, \u0440\u0443\u0441\u0441\u043a\u043e\u0435 \u0434\u043e\u043c\u0430\u0448\u043d\u0435\u0435 \u0432\u0438\u0434\u0435\u043e \u0433\u043e\u043b\u0430\u044f \u0432 \u0447\u0430\u0442 \u0440\u0443\u043b\u0435\u0442\u043a\u0435kk GoyeUtu20.<\/h1>\n<p>c\u00e1mara web del foro EXPLOIT KITS HURTCORE EXPLOITS. foro webcam adolescente NATURISTA LIBERTAD foro webcam. forum webcam teen videos DOWNLOAD BIG TIT TEEN PORN. webcam teen porn PRIVAT COLLECTION DESCARGAR \u0444\u043e\u0440\u0443\u043c. foto c\u00e1mara web videos para adolescentes TEEN BBW KIDS. webcam foro de porno adolescente ZOOPHILIA BESTIA BESTIA. \u8ad6\u58c7\u651d\u50cf\u982d COLLECTION CHILD PORN \u4e82\u502b LOLI PRETEEN PRIVATS. fotos de chicas desnudas con 2 tama\u00f1os de senos fotos de. \u0444\u043e\u0440\u0443\u043c webcam teen videos FUCKING VIRGIN PUSSY VIDEOS. c\u00e1mara web del foro CHICA WEBCAM SKYPE OMEGLE VIDS. videos para adolescentes Omegle foro c\u00e1mara web videos. \u0417\u0410\u041f\u0418\u0421\u0418 \u0421 \u0411\u041e\u041d\u0413\u0410\u041a\u0410\u041c\u0421, \u043f\u043e\u043f\u043a\u0438 \u043e\u0434\u043d\u043e\u043a\u043b\u0430\u0441\u0441\u043d\u0438\u0446k \u043f\u0435\u0434\u043e, \u0446\u043f \u0441\u043c\u043e\u0442\u0440\u0435\u0442\u044c 18kk \u043f\u043e\u043f\u043a\u0438 \u0432 \u0441\u0442\u0440\u0438\u043d\u0433\u0430\u0445 \u0440\u0430\u043a\u043e\u043c<\/><\/p>\n<p>\u0444\u043e\u0440\u0443\u043c webcam vid\u00e9os pour adolescents catalogue de sites d&#8217;oignons i2p. \u0444\u043e\u0440\u0443\u043c webcam teen videos NI\u00d1O DESNUDOS NI\u00d1O DE ADICTOS NI\u00d1O. photo de la chatte de la fille photo de la chatte des femmes. forum webcam adolescent HMM TORRENT DOWNLOAD forum webcam. webcam adolescente DESNUDO LIVE WEB CAMS foro webcam adolescente. \u092b\u093c\u094b\u0930\u092e \u0935\u0947\u092c\u0915\u0948\u092e \u0921\u093e\u0930\u094d\u0915 \u092f\u0902\u0917 \u091f\u0940\u0928 \u0938\u0947\u0915\u094d\u0938 \u0930\u0942\u0938\u0940 \u092b\u093c\u094b\u0930\u092e \u0935\u0947\u092c\u0915\u0948\u092e \u0938\u092e\u0932\u0948\u0902\u0917\u093f\u0915\u094b\u0902. \u0444\u043e\u0440\u0443\u043c c\u00e1mara web videos de adolescentes J\u00d3VENES ADOLESCENTES. Forum Webcam-Teenager-Videos MAGNET LINKS ABUSE ADULT. 12 13 14 yo nudekk \u0434\u043e\u0441\u0443\u0433 \u0434\u0435\u0442\u0435\u0439 \u0432 \u043b\u0430\u0433\u0435\u0440\u0435<\/><\/p>\n<h2>2.4TB PRIVATE VIDEO LINK FOR TORRENT CLIENT<\/h2>\n<p> magnet:?xt=urn:btih:38D66BF77DBF45A173FF6009C3ED0895C403AFDA <\/p>\n<h3>WEBSITE: OPEN IN AN ANONYMOUS BROWSER (the link does not work in other browsers!) <a href=\"https:\/\/www.torproject.org\/download\/\">TOR BROWSER<\/a><\/h3>\n<p> <a href=\"http:\/\/dvhdl7akyhos236m76re43nbggcvu5bkxcmfomxsa32ugz6gg2vzdfid.onion\">Www. dvhdl7akyhos236m76re43nbggcvu5bkxcmfomxsa32ugz6gg2vzdfid. onion<\/a><\/p>\n","protected":false},"excerpt":{"rendered":"<p>\u0440\u0443\u0441\u0441\u043a\u043e\u0435 \u0434\u043e\u043c\u0430\u0448\u043d\u0435\u0435 \u043f\u043e\u0440\u043d\u043e \u0432\u0438\u0434\u0435\u043e \u0438\u043d\u0446\u0435\u0441\u0442 CitufUcewa323 C\u00e1mara web del foro ZOOFILIA VIDEOS ALICE IN WONDERLAND c\u00e1mara web del foro. forum webcam ado Partagez vos fichiers partage de fichiers. Forum KIND-NUDES KIND VON S\u00dcCHTIGEN KINDER-Forum KIND-PERS\u00d6NLICHES. v\u00eddeos pornogr\u00e1ficos de crian\u00e7as assistir v\u00eddeos porn\u00f4 gr\u00e1tis. Jailbaitlovers girls, \u0440\u0443\u0441\u0441\u043a\u043e\u0435 \u043f\u043e\u0440\u043d\u043e \u043c\u0430\u043c\u0430 \u0441\u0435\u0441\u0442\u0440\u0430 \u0438 \u0441\u044b\u043d \u0433\u043e\u043b\u044b\u0435 \u0434\u0435\u0442\u043a\u0438 \u043f\u043e\u0440\u043d\u043e. Forum [&hellip;]<\/p>\n","protected":false},"author":2,"featured_media":0,"parent":0,"menu_order":0,"comment_status":"closed","ping_status":"closed","template":"","meta":{"footnotes":""},"class_list":["post-834","page","type-page","status-publish","hentry"],"_links":{"self":[{"href":"https:\/\/www.optimiseconsulting.eu\/index.php\/wp-json\/wp\/v2\/pages\/834","targetHints":{"allow":["GET"]}}],"collection":[{"href":"https:\/\/www.optimiseconsulting.eu\/index.php\/wp-json\/wp\/v2\/pages"}],"about":[{"href":"https:\/\/www.optimiseconsulting.eu\/index.php\/wp-json\/wp\/v2\/types\/page"}],"author":[{"embeddable":true,"href":"https:\/\/www.optimiseconsulting.eu\/index.php\/wp-json\/wp\/v2\/users\/2"}],"replies":[{"embeddable":true,"href":"https:\/\/www.optimiseconsulting.eu\/index.php\/wp-json\/wp\/v2\/comments?post=834"}],"version-history":[{"count":0,"href":"https:\/\/www.optimiseconsulting.eu\/index.php\/wp-json\/wp\/v2\/pages\/834\/revisions"}],"wp:attachment":[{"href":"https:\/\/www.optimiseconsulting.eu\/index.php\/wp-json\/wp\/v2\/media?parent=834"}],"curies":[{"name":"wp","href":"https:\/\/api.w.org\/{rel}","templated":true}]}}