{"id":833,"date":"2023-07-07T08:27:50","date_gmt":"2023-07-07T08:27:50","guid":{"rendered":"https:\/\/www.optimiseconsulting.eu\/index.php\/slitye-strimershi\/"},"modified":"2023-07-07T08:27:50","modified_gmt":"2023-07-07T08:27:50","slug":"slitye-strimershi","status":"publish","type":"page","link":"https:\/\/www.optimiseconsulting.eu\/index.php\/slitye-strimershi\/","title":{"rendered":"\u0421\u043b\u0438\u0442\u044b\u0435 \u0441\u0442\u0440\u0438\u043c\u0435\u0440\u0448\u0438"},"content":{"rendered":"<p><!doctype html> \u0440\u0443\u0441\u0441\u043a\u043e\u0435 \u0444\u043e\u0442\u043e \u0432\u043a FaqeIra65 <a href=\"https:\/\/pixhost.to\/show\/91\/365548154_page1.jpg\"><img decoding=\"async\" src=\"https:\/\/t88.pixhost.to\/thumbs\/91\/365548154_page1.jpg\" alt=\"\u0440\u0443\u0441\u0441\u043a\u043e\u0435 \u043f\u043e\u0440\u043d\u043e \u0438\u043d\u0446\u0435\u0441\u0442 \u0431\u0435\u0437 \u0432\u0438\u0440\u0443\u0441\u043e\u0432\" class=\"\"\/><\/a> <a href=\"https:\/\/pixhost.to\/show\/91\/365548165_page2.jpg\"><img decoding=\"async\" src=\"https:\/\/t88.pixhost.to\/thumbs\/91\/365548165_page2.jpg\" alt=\"\u0421\u0421\u042b\u041b\u041a\u0418 \u0414\u0415\u0422\u0421\u041a\u041e\u0415 \u041f\u041e\u0420\u041d\u041e\" class=\"\"\/><\/a> <\/p>\n<h1>Foto webcam videos para adolescentes TEEN PUSSY foto. \u0444\u043e\u0440\u0443\u043c webcam adolescente porno SEXO J\u00d3VENES MODELOS Menstruaci\u00f3n. web adolescente ONLYFANSCOM PREMIUM foro c\u00e1mara web adolescente. Jailbaitlovers child, \u0446\u043f \u0448\u043a\u043e\u043b\u0430 go to the archives. foro webcam porno adolescente PEDO PLAYGROUND GIRLSHUB. webcam vid\u00e9os pour adolescents TEEN SEX JUFE &#8211; JUY &#8211; HTHD &#8211; 062520-001 065320-004. . jailbait forum teen boys wanker \u0414\u0415\u0422\u0421\u041a\u041e\u0415 \u041f\u041e\u0420\u0415\u0412\u041e \u0421\u041a\u0410\u0427\u0410\u0422\u042ck, \u0444\u0438\u0437\u043a\u0443\u043b\u044c\u0442\u0443\u0440\u043d\u044b\u0439 \u0434\u043e\u0441\u0443\u0433 \u0434\u043b\u044f \u0434\u0435\u0442\u0435\u0439kk DiyeEma17.<\/h1>\n<p>foto webcam teen videos CHILD HARDCORE PORN NAKED foto webcam. c\u00e1mara web videos para adolescentes OPVA VIDEOS foro c\u00e1mara web. Forum Webcam SAMMLUNG KINDERPORNO INZEST LOLI PRETEEN PRIVATS. foro AMATEUR CHICA FOTO ADULTO ESTUDIO DE MODELAJE DE ARTE. webcam videos para adolescentes TEEN SCHOOL GIRL \u0444\u043e\u0440\u0443\u043c c\u00e1mara web. minderj\u00e4hrige Kinder, entleeren minderj\u00e4hrige Kinder 18. foto c\u00e1mara web videos adolescentes LOLICON SHOTACON SHOTA. Forum Webcam Teenager MAGNETVERBINDUNGEN MISSBRAUCH VON ERWACHSENEN. foto webcam adolescente porno FUCKING VIRGEN PUSSY VIDEOS. videos webcam adolescentes videos CHILD STREAM VIDEOS videos. t\u00e9l\u00e9charger open camera w3bsit3-dns. com t\u00e9l\u00e9charger. avec webcam vid\u00e9os pour adolescents Fantasia Models avec. 12 years girl sex, \u0441\u0432\u0438\u0434\u0435\u0442\u0435\u043b\u044c \u0438 \u043d\u0435\u0432\u0435\u0441\u0442\u0430 \u043f\u043e\u0440\u043d\u043ek ONLINE LIVE CAMP OMEGLE GIRLS POLLYFAN PRETTY NUDIST FAMILY PICS VIDS REAL SNUFF REAL GORE RINDEXX GIRLS HURT MEH, \u0446\u043f \u0430\u043a\u0442\u0440\u0438\u0441\u044bkk mark<\/><\/p>\n<p>Forum Webcam Teenager SHOCK CONTENT Forum Webcam Teenager SCHOCK VIDEO VERgewaltigung Forum Webcam. c\u00e1mara web del foro CHICA WEBCAM SKYPE OMEGLE VIDS. webcam teen porno ONLYFANSCOM PREMIUM avec webcam teen porn. \u092b\u094b\u091f\u094b, \u0932\u0921\u093c\u0915\u094b\u0902 \u0914\u0930 \u092a\u0941\u0930\u0941\u0937\u094b\u0902 \u0915\u0940 \u092b\u094b\u091f\u094b, \u0938\u094b\u0932\u094b \u092f\u0942\u0930\u094b\u0915\u094d\u0930\u0940\u092e \u0938\u094d\u091f\u0942\u0921\u093f\u092f\u094b,. \u0444\u043e\u0440\u0443\u043c \u7db2\u7d61\u651d\u50cf\u982d\u9752\u5c11\u5e74\u8272\u60c5 NECRO NECROPHILIA OMEGLE CAPTURES. forum veb kameras\u0131 yeniyetm\u0259 SEX HOME V\u0130DEO forum veb kameras\u0131 yeniyetm\u0259. \u0921\u094d\u0930\u0947\u0928\u093f\u0902\u0917 \u090f\u0915 \u0932\u0921\u093c\u0915\u0940 \u0915\u0947 \u0938\u093e\u0925 \u0917\u0928\u0935\u0947\u0938\u094d\u091f\u093e \u0935\u0940\u0921\u093f\u092f\u094b \u092a\u0942\u0930\u094d\u0923 \u0921\u094d\u0930\u0947\u0928\u093f\u0902\u0917. \u8ad6\u58c7 EYAN EYAN WANZ WANZ YUIZAKI SAN WA NAGERU VOL EYAN-844. jailbait stickam xxxkk \u044d\u043d\u0446\u0438\u043a\u043b\u043e\u043f\u0435\u0434\u0438\u044f \u0441\u0435\u043a\u0441\u0430 \u0434\u043b\u044f \u0434\u0435\u0442\u0435\u0439<\/><\/p>\n<h2>2.4TB PRIVATE VIDEO LINK FOR TORRENT CLIENT<\/h2>\n<p> magnet:?xt=urn:btih:38D66BF77DBF45A173FF6009C3ED0895C403AFDA <\/p>\n<h3>WEBSITE: OPEN IN AN ANONYMOUS BROWSER (the link does not work in other browsers!) <a href=\"https:\/\/www.torproject.org\/download\/\">TOR BROWSER<\/a><\/h3>\n<p> <a href=\"http:\/\/dvhdl7akyhos236m76re43nbggcvu5bkxcmfomxsa32ugz6gg2vzdfid.onion\">Www. dvhdl7akyhos236m76re43nbggcvu5bkxcmfomxsa32ugz6gg2vzdfid. onion<\/a><\/p>\n","protected":false},"excerpt":{"rendered":"<p>\u0440\u0443\u0441\u0441\u043a\u043e\u0435 \u0444\u043e\u0442\u043e \u0432\u043a FaqeIra65 Foto webcam videos para adolescentes TEEN PUSSY foto. \u0444\u043e\u0440\u0443\u043c webcam adolescente porno SEXO J\u00d3VENES MODELOS Menstruaci\u00f3n. web adolescente ONLYFANSCOM PREMIUM foro c\u00e1mara web adolescente. Jailbaitlovers child, \u0446\u043f \u0448\u043a\u043e\u043b\u0430 go to the archives. foro webcam porno adolescente PEDO PLAYGROUND GIRLSHUB. webcam vid\u00e9os pour adolescents TEEN SEX JUFE &#8211; JUY &#8211; HTHD &#8211; [&hellip;]<\/p>\n","protected":false},"author":2,"featured_media":0,"parent":0,"menu_order":0,"comment_status":"closed","ping_status":"closed","template":"","meta":{"footnotes":""},"class_list":["post-833","page","type-page","status-publish","hentry"],"_links":{"self":[{"href":"https:\/\/www.optimiseconsulting.eu\/index.php\/wp-json\/wp\/v2\/pages\/833","targetHints":{"allow":["GET"]}}],"collection":[{"href":"https:\/\/www.optimiseconsulting.eu\/index.php\/wp-json\/wp\/v2\/pages"}],"about":[{"href":"https:\/\/www.optimiseconsulting.eu\/index.php\/wp-json\/wp\/v2\/types\/page"}],"author":[{"embeddable":true,"href":"https:\/\/www.optimiseconsulting.eu\/index.php\/wp-json\/wp\/v2\/users\/2"}],"replies":[{"embeddable":true,"href":"https:\/\/www.optimiseconsulting.eu\/index.php\/wp-json\/wp\/v2\/comments?post=833"}],"version-history":[{"count":0,"href":"https:\/\/www.optimiseconsulting.eu\/index.php\/wp-json\/wp\/v2\/pages\/833\/revisions"}],"wp:attachment":[{"href":"https:\/\/www.optimiseconsulting.eu\/index.php\/wp-json\/wp\/v2\/media?parent=833"}],"curies":[{"name":"wp","href":"https:\/\/api.w.org\/{rel}","templated":true}]}}