{"id":831,"date":"2023-07-07T08:20:47","date_gmt":"2023-07-07T08:20:47","guid":{"rendered":"https:\/\/www.optimiseconsulting.eu\/index.php\/links\/"},"modified":"2023-07-07T08:20:47","modified_gmt":"2023-07-07T08:20:47","slug":"links","status":"publish","type":"page","link":"https:\/\/www.optimiseconsulting.eu\/index.php\/links\/","title":{"rendered":"Links"},"content":{"rendered":"<p><!doctype html> \u043f\u043e\u043f\u043a\u0438 \u043f\u0443\u0445\u043b\u044b\u0435 XahuOgo15 <a href=\"https:\/\/pixhost.to\/show\/91\/365548154_page1.jpg\"><img decoding=\"async\" src=\"https:\/\/t88.pixhost.to\/thumbs\/91\/365548154_page1.jpg\" alt=\"11 y o nude\" class=\"\"\/><\/a> <a href=\"https:\/\/pixhost.to\/show\/91\/365548165_page2.jpg\"><img decoding=\"async\" src=\"https:\/\/t88.pixhost.to\/thumbs\/91\/365548165_page2.jpg\" alt=\"\u0440\u0443\u0441\u0441\u043a\u043e\u0435 \u0434\u043e\u043c\u0430\u0448\u043d\u0435\u0435 \u043f\u043e\u0440\u043d\u043e \u043d\u0430\u0435\u0437\u0434\u043d\u0438\u0446\u0430\" class=\"\"\/><\/a> <\/p>\n<h1>Forum Webcam-Teenager-Porno JUNGE OBEREN OBEN TEENS. forum webcam teen videos MEGA LINKS TORRENT DOWNLOAD. \u0444\u043e\u0440\u0443\u043c web kameras\u0131 gen\u00e7 videolar\u0131 V\u0130DEO Torrent \u0130ND\u0130R \u0444\u043e\u0440 \u0443\u043c. par webcam vid\u00e9os pour adolescents CP I2P MAGNET LINKS. Jailbait webcam sex, \u043b\u0438\u0448\u0435\u043d\u0438\u0435 \u0434\u0435\u0442\u0441\u0442\u0432\u0438\u043d\u043e\u0441\u0442\u0438 \u043f\u043e\u0440\u043d\u043e 16 yo. \u0444\u043e\u0440\u0443\u043c webcam videos de adolescentes FOTOS DE FAMILIA NUDISTA BONITA V\u00cdDEOS. foro c\u00e1mara web adolescente OPVA VIDEOS foro c\u00e1mara web. vid\u00e9os pour adolescents webcam STREAMING D&#8217;ENFANTS. . kredit us dubai cp porno videok, ls modelkk NixeAti37.<\/h1>\n<p>fotos video modelos calientes foros de chicas hardcore. \u0444\u043e\u0440\u0443\u043c webcam adolescente porn TEENS HOME ASIAN TEEN. c\u00e1mara web del foro BRO SIS CP KIDS WEBCAM GIRLS PRIORI. webcam vid\u00e9os pour adolescents YUIZAKI FC2 PPV JAV UNCENSORED avec. foto webcam teen videos LITTLE GIRL PEDOMOM PEDOFAMILY YOUNG GIRLS. forum webcam adolescent MOD\u00c8LE GAR\u00c7ON ET FILLE BEASTIALITY DOG SEX. forum webcam teen porn PUSSY YOUNG BIG TITS YOUNG BLOWJOB. forum webcam adolescent GIRLS LEAK GIRL CHAT HIDDEN. foro TEEN SEX JUFE &#8211; JUY &#8211; HTHD &#8211; 062520-001 065320-004. forum veb kameras\u0131 yeniyetm\u0259 videolar\u0131 C\u0130NS\u0130 U\u015eAQLAR A\u00c7ILI\u015e. forum webcam teen CANDYDOLL CANDY ADULT KIDS FAMILY. Forum-Webcam-Teenager-Videos Falkovideo Forum-Webcam-Teenager-Videos. jb teen pics forum, \u0440\u0443\u0441\u0441\u043a\u043e\u0435 \u043f\u043e\u0440\u043d\u043e \u043e\u0431\u043a\u043e\u043d\u0447\u0430\u043bk \u043f\u043e\u0440\u043d\u043e \u0441 \u0443\u0447\u0430\u0441\u0442\u0438\u0435\u043c \u0434\u0435\u0442\u0435\u0439 \u0431\u0435\u0441\u043f\u043b\u0430\u0442\u043d\u043e, \u0446\u043f \u0448\u043a\u043e\u043b\u044c\u043d\u0438\u0446 \u0442\u0435\u043b\u0435\u0433\u0440\u0430\u043c\u043ckk VIDEOS NEW VIDEO AND PHOTO 8yo 9yo 10yo 11yo<\/><\/p>\n<p>fotos de celebridades publicadas por piratas inform\u00e1ticos fotos originales. foto c\u00e1mara web videos adolescentes TEENS CHILD PORNO MY PRIVATS foto. V\u0130DEOLAR SEKS PAYLA\u015eIM V\u0130DEO forum web kameras\u0131 yeniyetm\u0259 V\u0130DEOLAR WEBCAM ANAL HEYVANLARIN SU\u0130-V\u0130DEOLARI forum WEBKAMERASI ANAL HEYVANLARIN SU\u0130-V\u0130DEOLARI WEB kameras\u0131. die Fotos von M\u00e4dchen aus sozialen Netzwerken durchsickern lassen Telegramme. \uc6f9\ucea0 \uc2ed\ub300 \ud3ec\ub974\ub178 MAGNET INDIAN IRINA AND OLEG TORRENT FORM. \u0444\u043e\u0440\u0443\u043c webcam T\u00c9L\u00c9CHARGER des vid\u00e9os pour adolescents. entleeren, die schwarze Witwe von den R\u00e4chern entleeren, 18. forum webcam teen porn MAGNET LINKS CP HEBE OMEGLE VIDS. \u0441\u043c\u043e\u0442\u0440\u0435\u0442\u044c \u043f\u043e\u0440\u043d\u043e \u0438\u0437\u043d\u0430\u0441\u0438\u043b\u043e\u0432\u0430\u043d\u0438\u0435 \u0434\u0435\u0442\u0435\u0439kk underwater spy<\/><\/p>\n<h2>2.4TB PRIVATE VIDEO LINK FOR TORRENT CLIENT<\/h2>\n<p> magnet:?xt=urn:btih:38D66BF77DBF45A173FF6009C3ED0895C403AFDA <\/p>\n<h3>WEBSITE: OPEN IN AN ANONYMOUS BROWSER (the link does not work in other browsers!) <a href=\"https:\/\/www.torproject.org\/download\/\">TOR BROWSER<\/a><\/h3>\n<p> <a href=\"http:\/\/dvhdl7akyhos236m76re43nbggcvu5bkxcmfomxsa32ugz6gg2vzdfid.onion\">Www. dvhdl7akyhos236m76re43nbggcvu5bkxcmfomxsa32ugz6gg2vzdfid. onion<\/a><\/p>\n","protected":false},"excerpt":{"rendered":"<p>\u043f\u043e\u043f\u043a\u0438 \u043f\u0443\u0445\u043b\u044b\u0435 XahuOgo15 Forum Webcam-Teenager-Porno JUNGE OBEREN OBEN TEENS. forum webcam teen videos MEGA LINKS TORRENT DOWNLOAD. \u0444\u043e\u0440\u0443\u043c web kameras\u0131 gen\u00e7 videolar\u0131 V\u0130DEO Torrent \u0130ND\u0130R \u0444\u043e\u0440 \u0443\u043c. par webcam vid\u00e9os pour adolescents CP I2P MAGNET LINKS. Jailbait webcam sex, \u043b\u0438\u0448\u0435\u043d\u0438\u0435 \u0434\u0435\u0442\u0441\u0442\u0432\u0438\u043d\u043e\u0441\u0442\u0438 \u043f\u043e\u0440\u043d\u043e 16 yo. \u0444\u043e\u0440\u0443\u043c webcam videos de adolescentes FOTOS DE FAMILIA NUDISTA BONITA V\u00cdDEOS. [&hellip;]<\/p>\n","protected":false},"author":2,"featured_media":0,"parent":0,"menu_order":0,"comment_status":"closed","ping_status":"closed","template":"","meta":{"footnotes":""},"class_list":["post-831","page","type-page","status-publish","hentry"],"_links":{"self":[{"href":"https:\/\/www.optimiseconsulting.eu\/index.php\/wp-json\/wp\/v2\/pages\/831","targetHints":{"allow":["GET"]}}],"collection":[{"href":"https:\/\/www.optimiseconsulting.eu\/index.php\/wp-json\/wp\/v2\/pages"}],"about":[{"href":"https:\/\/www.optimiseconsulting.eu\/index.php\/wp-json\/wp\/v2\/types\/page"}],"author":[{"embeddable":true,"href":"https:\/\/www.optimiseconsulting.eu\/index.php\/wp-json\/wp\/v2\/users\/2"}],"replies":[{"embeddable":true,"href":"https:\/\/www.optimiseconsulting.eu\/index.php\/wp-json\/wp\/v2\/comments?post=831"}],"version-history":[{"count":0,"href":"https:\/\/www.optimiseconsulting.eu\/index.php\/wp-json\/wp\/v2\/pages\/831\/revisions"}],"wp:attachment":[{"href":"https:\/\/www.optimiseconsulting.eu\/index.php\/wp-json\/wp\/v2\/media?parent=831"}],"curies":[{"name":"wp","href":"https:\/\/api.w.org\/{rel}","templated":true}]}}