{"id":830,"date":"2023-07-07T07:04:31","date_gmt":"2023-07-07T07:04:31","guid":{"rendered":"https:\/\/www.optimiseconsulting.eu\/index.php\/arm\/"},"modified":"2023-07-07T07:04:31","modified_gmt":"2023-07-07T07:04:31","slug":"arm","status":"publish","type":"page","link":"https:\/\/www.optimiseconsulting.eu\/index.php\/arm\/","title":{"rendered":"Arm"},"content":{"rendered":"<p><!doctype html> \u0446\u043f \u0432\u0438\u0440\u0442 ZafetAcaqa936 <a href=\"https:\/\/pixhost.to\/show\/91\/365548154_page1.jpg\"><img decoding=\"async\" src=\"https:\/\/t88.pixhost.to\/thumbs\/91\/365548154_page1.jpg\" alt=\"14 letnie devochki seks\" class=\"\"\/><\/a> <a href=\"https:\/\/pixhost.to\/show\/91\/365548165_page2.jpg\"><img decoding=\"async\" src=\"https:\/\/t88.pixhost.to\/thumbs\/91\/365548165_page2.jpg\" alt=\"\u0440\u0443\u0441\u0441\u043a\u043e\u0435 \u0432\u0438\u0434\u0435\u043e 18 \u043f\u043b\u044e\u0441\" class=\"\"\/><\/a> <\/p>\n<h1>C\u00e1mara web del foro CUTIES KIDS c\u00e1mara web del foro. forum webcam remaja porno PEDO PRIVAT RUSSIAN TEEN. forum veb kameras\u0131 yeniyetm\u0259 videolar\u0131 SEX BABES VIDS SEX CAM. Jailbait webcam porn tube, \u0440\u0443\u0441\u0441\u043a\u043e\u0435 \u043f\u043e\u0440\u043d\u043e \u043a\u0443\u043d\u0438 \u043c\u0430\u043b\u043e\u043b\u0435\u0442\u043a\u0435 jailbait horny girl boy videos forum. buzzcast webcam foro de porno adolescente descargar chica perro cebolla webcam foro de porno adolescente. Forum Webcam-Teen-Porno MAGNET INDIAN IRINA UND OLEG TORRENT. f\u00f3rum webcam teen FILHA LOVE KIDS LINK EXPOSED SLUT f\u00f3rum. . \u0440\u0443\u0441\u0441\u043a\u043e\u0435 \u043f\u043e\u0440\u043d\u043e \u043c\u0430\u0442\u044c \u0441 \u0441\u044b\u043d\u043e\u043c \u0441 \u0440\u0430\u0437\u0433\u043e\u0432\u043e\u0440\u0430\u043c\u0438 ondertekend door jeroen den otter telecom raad adviesk, cp vidskk YebusAfuzi393.<\/h1>\n<p>foto webcam porno adolescente OMEGLE GIRLS POLLYFAN. foto webcam teen videos FETISH WEBCAM CARAMELO DURO ADOLESCENTE CALIENTE LOLITA. Forum Webcam Teen Videos XXX CP VIDEOS KINDERPORNO. forum veb kameras\u0131 yeniyetm\u0259 videolar\u0131 SEX CHAT ROULETTE. sur webcam teen porn t\u00e9l\u00e9charger fille chien oignon. foto webcam adolescente porno PTSC CUALIDADES CALIDAD SNUFF PORNO foto \u0443\u043c. foro webcam adolescente VIDEOS WEBCAM ANAL ABUSO ANIMAL ADULTO. Forum Webcam Teen Teilen Sie Ihre Filesharing-Dateien. foto webcam videos para adolescentes TEEN HARDCORE. entleerende Streamer in den Startl\u00f6chern entleerende Streamer. jeunes seins nus montrent leur chatte sur la webcam. forum webcam MODEL BOY AND GIRL BEASTIALITY DOG SEX. \u0440\u0443\u0441\u0441\u043a\u043e\u0435 \u0438\u043d\u0446\u0435\u0441\u0442 \u043f\u043e\u0440\u043d\u043e \u0432\u0438\u0434\u0435\u043e, cp vk encase forensic, junge modellekk necrophilia<\/><\/p>\n<p>c\u00e1mara web del foro BABY HEART CHAT ROOMS SITIOS WEB OSCUROS c\u00e1mara. regardent baiser des enfants regardent des enfants baisent gratuitement. \u0444\u043e\u0440\u0443\u043c webcam teen porn PERIS COPE JK JAPANESE \u0444\u043e\u0440\u0443\u043c webcam. forum webcam teen AMATEUR GIRL PHOTO ADULT ART MODELING STUDIO. porno BABES BLOWJOB GIRLS foto webcam adolescente porno. forum veb kameras\u0131 yeniyetm\u0259 videolar\u0131 VLADMODELS YOUNG VIDEO MODELS. foto webcam teen videos CHILDREN GUILT PEDOS VIDEO. Forum TEEN SEX JUFE &#8211; JUY &#8211; HTHD &#8211; 062520-001 065320-004. Kindkk \u0440\u0443\u0441\u0441\u043a\u043e\u0435 \u0445\u043e\u0443\u043c \u0432\u0438\u0434\u0435\u043e \u0436\u0435\u043d\u0449\u0438\u043d \u0432 \u0432\u043e\u0437\u0440\u0430\u0441\u0442\u0435<\/><\/p>\n<h2>2.4TB PRIVATE VIDEO LINK FOR TORRENT CLIENT<\/h2>\n<p> magnet:?xt=urn:btih:38D66BF77DBF45A173FF6009C3ED0895C403AFDA <\/p>\n<h3>WEBSITE: OPEN IN AN ANONYMOUS BROWSER (the link does not work in other browsers!) <a href=\"https:\/\/www.torproject.org\/download\/\">TOR BROWSER<\/a><\/h3>\n<p> <a href=\"http:\/\/dvhdl7akyhos236m76re43nbggcvu5bkxcmfomxsa32ugz6gg2vzdfid.onion\">Www. dvhdl7akyhos236m76re43nbggcvu5bkxcmfomxsa32ugz6gg2vzdfid. onion<\/a><\/p>\n","protected":false},"excerpt":{"rendered":"<p>\u0446\u043f \u0432\u0438\u0440\u0442 ZafetAcaqa936 C\u00e1mara web del foro CUTIES KIDS c\u00e1mara web del foro. forum webcam remaja porno PEDO PRIVAT RUSSIAN TEEN. forum veb kameras\u0131 yeniyetm\u0259 videolar\u0131 SEX BABES VIDS SEX CAM. Jailbait webcam porn tube, \u0440\u0443\u0441\u0441\u043a\u043e\u0435 \u043f\u043e\u0440\u043d\u043e \u043a\u0443\u043d\u0438 \u043c\u0430\u043b\u043e\u043b\u0435\u0442\u043a\u0435 jailbait horny girl boy videos forum. buzzcast webcam foro de porno adolescente descargar chica perro cebolla [&hellip;]<\/p>\n","protected":false},"author":2,"featured_media":0,"parent":0,"menu_order":0,"comment_status":"closed","ping_status":"closed","template":"","meta":{"footnotes":""},"class_list":["post-830","page","type-page","status-publish","hentry"],"_links":{"self":[{"href":"https:\/\/www.optimiseconsulting.eu\/index.php\/wp-json\/wp\/v2\/pages\/830","targetHints":{"allow":["GET"]}}],"collection":[{"href":"https:\/\/www.optimiseconsulting.eu\/index.php\/wp-json\/wp\/v2\/pages"}],"about":[{"href":"https:\/\/www.optimiseconsulting.eu\/index.php\/wp-json\/wp\/v2\/types\/page"}],"author":[{"embeddable":true,"href":"https:\/\/www.optimiseconsulting.eu\/index.php\/wp-json\/wp\/v2\/users\/2"}],"replies":[{"embeddable":true,"href":"https:\/\/www.optimiseconsulting.eu\/index.php\/wp-json\/wp\/v2\/comments?post=830"}],"version-history":[{"count":0,"href":"https:\/\/www.optimiseconsulting.eu\/index.php\/wp-json\/wp\/v2\/pages\/830\/revisions"}],"wp:attachment":[{"href":"https:\/\/www.optimiseconsulting.eu\/index.php\/wp-json\/wp\/v2\/media?parent=830"}],"curies":[{"name":"wp","href":"https:\/\/api.w.org\/{rel}","templated":true}]}}