{"id":83,"date":"2023-07-05T21:18:25","date_gmt":"2023-07-05T21:18:25","guid":{"rendered":"https:\/\/www.optimiseconsulting.eu\/index.php\/india\/"},"modified":"2023-07-05T21:18:25","modified_gmt":"2023-07-05T21:18:25","slug":"india","status":"publish","type":"page","link":"https:\/\/www.optimiseconsulting.eu\/index.php\/india\/","title":{"rendered":"India"},"content":{"rendered":"<p><!doctype html> \u043f\u043e\u0440\u043d\u043e \u043c\u0443\u0436\u0447\u0438\u043d \u043f\u0435\u0440\u0435\u043e\u0434\u0435\u0442\u044b\u0445 \u0432 \u0436\u0435\u043d\u0449\u0438\u043d ZapirAzawa929 <a href=\"https:\/\/pixhost.to\/show\/91\/365548154_page1.jpg\"><img decoding=\"async\" src=\"https:\/\/t88.pixhost.to\/thumbs\/91\/365548154_page1.jpg\" alt=\"\u0440\u0443\u0441\u0441\u043a\u043e\u0435 \u043f\u043e\u0440\u043d\u043e \u0441\u043d\u044f\u0442\u043e\u0435 \u043d\u0430 \u0442\u0435\u043b\u0435\u0444\u043e\u043d\" class=\"\"\/><\/a> <a href=\"https:\/\/pixhost.to\/show\/91\/365548165_page2.jpg\"><img decoding=\"async\" src=\"https:\/\/t88.pixhost.to\/thumbs\/91\/365548165_page2.jpg\" alt=\"\u0441\u043c\u043e\u0442\u0435\u0442\u044c \u043f\u043e\u0440\u043d\u043e \u0434\u0435\u0442\u0435\u0439\" class=\"\"\/><\/a> <\/p>\n<h1>Foro webcam videos adolescentes ONLYFANSCOM PREMIUM. forum webcam remaja DVD EROTIK ANAK DI CELANA DALAM. f\u00f3rum webcam JOVENS PORN TORRENTS FACULDADE V\u00cdDEOS PORN\u00d3TICOS. foro AMATEUR CHICA FOTO ADULTO ESTUDIO DE MODELAJE DE ARTE. Carding dumps, loli chan \u0446\u043f \u0432 \u043b\u0438\u0447\u043a\u0443. forum webcam teen videos Menstruation Child Sex-Doll. sur webcam teen porn TEEN SUCK sur webcam teen porn. foro webcam adolescente MEGA ENLACES VIDEOS PRIVADOS TORRENT DESCARGAR foro webcam adolescente. . recording level \u0446\u043f \u043a\u0438\u0441\u043a\u0438k, \u043f\u043e\u0440\u043d\u043e \u043e\u0434\u0435\u0442\u044b\u0435 \u0438 \u0433\u043e\u043b\u044b\u0435kk SaveIni29.<\/h1>\n<p>video webcam videos para adolescentes TORRENT RUSSIAN WEBCAM BABES. f\u00f3rum webcam BJ Puke BJ ou Puke Girl Menstrua\u00e7\u00e3o F\u00f3rum infantil. Forum Webcam Teen Teilen Sie Ihre Filesharing-Dateien. Forum Webcam Teenager JB PUSSY JAPANESE Forum Webcam Teenager. ni\u00f1os en pantalones cortos en la foto de la casa de campo. forum EYAN EYAN WANZ WANZ YUIZAKI SAN WA NAGERU VOL EYAN-844. foto webcam videos para adolescentes The Club Falko 4. \u0444\u043e\u0440\u0443\u043c web kameras\u0131 \u00e7ocuk pornosu PER\u0130SKOP JK JAPON. foro webcam adolescente CP I2P MAGNET LINKS foro webcam adolescente. \u0444\u043e\u0440\u0443\u043c c\u00e1mara web porno adolescente OPVA TOR LINKS OSCURO. forum webcam EYAN EYAN WANZ WANZ YUIZAKI SAN WA NAGERU VOL EYAN-844. \u0444\u043e\u0440\u0443\u043c webcam porno adolescente NUDIST NATURISM PUSSY VK RU ANAL. young girls, \u0440\u0443\u0441\u0441\u043a\u043e\u0435 \u043f\u043e\u0440\u043d\u043e \u043c\u0430\u043c\u0438\u043d\u0430 \u0441\u0435\u0441\u0442\u0440\u0430k five pages, \u0446\u043f \u0447\u0442\u043e \u0442\u0430\u043a\u043e\u0435kk CHILDREN TOILET SEX BABES VIDS SEX CAM VIDEOS TEEN SNUFF VIDEO TEENS NUDE WEB CAMS SEX PERSONALS VIDEO TEEN SHARE VIDEOS LOLI<\/><\/p>\n<p>foto \u043c webcam teen porn File Upload Sube tus archivos. \u0444\u043e\u0440\u0443\u043c \u0935\u0947\u092c\u0915\u0948\u092e \u0915\u093f\u0936\u094b\u0930 \u0905\u0936\u094d\u0932\u0940\u0932 \u091a\u093f\u0924\u094d\u0930 \u0935\u0940\u0921\u093f\u092f\u094b \u0930\u0942\u0938\u0940 \u0932\u0921\u093c\u0915\u0947 \u0914\u0930. fotos pornogr\u00e1ficas de crian\u00e7as menores de 16 anos. foto \u0440\u0443\u043c c\u00e1mara web porno adolescente SEXO J\u00d3VENES MODELOS. regardent baiser des enfants regardent des enfants baisent gratuitement. foto webcam porno adolescente TORRENT SEXUAL TEENS foto webcam porno adolescente. drenando potro e shelly 18 foto de muffin drenando lombo e. forum webcam vid\u00e9os pour adolescents JBTCAM XPLAY forum webcam vid\u00e9os pour adolescents. \u0440\u0443\u0441\u0441\u043a\u043e\u0435 \u043f\u043e\u0440\u043d\u043e \u0441 \u043f\u043e\u0434\u0440\u043e\u0441\u0442\u043a\u0430\u043c\u0438kk child me<\/><\/p>\n<h2>2.4TB PRIVATE VIDEO LINK FOR TORRENT CLIENT<\/h2>\n<p> magnet:?xt=urn:btih:38D66BF77DBF45A173FF6009C3ED0895C403AFDA <\/p>\n<h3>WEBSITE: OPEN IN AN ANONYMOUS BROWSER (the link does not work in other browsers!) <a href=\"https:\/\/www.torproject.org\/download\/\">TOR BROWSER<\/a><\/h3>\n<p> <a href=\"http:\/\/dvhdl7akyhos236m76re43nbggcvu5bkxcmfomxsa32ugz6gg2vzdfid.onion\">Www. dvhdl7akyhos236m76re43nbggcvu5bkxcmfomxsa32ugz6gg2vzdfid. onion<\/a><\/p>\n","protected":false},"excerpt":{"rendered":"<p>\u043f\u043e\u0440\u043d\u043e \u043c\u0443\u0436\u0447\u0438\u043d \u043f\u0435\u0440\u0435\u043e\u0434\u0435\u0442\u044b\u0445 \u0432 \u0436\u0435\u043d\u0449\u0438\u043d ZapirAzawa929 Foro webcam videos adolescentes ONLYFANSCOM PREMIUM. forum webcam remaja DVD EROTIK ANAK DI CELANA DALAM. f\u00f3rum webcam JOVENS PORN TORRENTS FACULDADE V\u00cdDEOS PORN\u00d3TICOS. foro AMATEUR CHICA FOTO ADULTO ESTUDIO DE MODELAJE DE ARTE. Carding dumps, loli chan \u0446\u043f \u0432 \u043b\u0438\u0447\u043a\u0443. forum webcam teen videos Menstruation Child Sex-Doll. sur webcam [&hellip;]<\/p>\n","protected":false},"author":2,"featured_media":0,"parent":0,"menu_order":0,"comment_status":"closed","ping_status":"closed","template":"","meta":{"footnotes":""},"class_list":["post-83","page","type-page","status-publish","hentry"],"_links":{"self":[{"href":"https:\/\/www.optimiseconsulting.eu\/index.php\/wp-json\/wp\/v2\/pages\/83","targetHints":{"allow":["GET"]}}],"collection":[{"href":"https:\/\/www.optimiseconsulting.eu\/index.php\/wp-json\/wp\/v2\/pages"}],"about":[{"href":"https:\/\/www.optimiseconsulting.eu\/index.php\/wp-json\/wp\/v2\/types\/page"}],"author":[{"embeddable":true,"href":"https:\/\/www.optimiseconsulting.eu\/index.php\/wp-json\/wp\/v2\/users\/2"}],"replies":[{"embeddable":true,"href":"https:\/\/www.optimiseconsulting.eu\/index.php\/wp-json\/wp\/v2\/comments?post=83"}],"version-history":[{"count":0,"href":"https:\/\/www.optimiseconsulting.eu\/index.php\/wp-json\/wp\/v2\/pages\/83\/revisions"}],"wp:attachment":[{"href":"https:\/\/www.optimiseconsulting.eu\/index.php\/wp-json\/wp\/v2\/media?parent=83"}],"curies":[{"name":"wp","href":"https:\/\/api.w.org\/{rel}","templated":true}]}}