{"id":829,"date":"2023-07-07T06:57:05","date_gmt":"2023-07-07T06:57:05","guid":{"rendered":"https:\/\/www.optimiseconsulting.eu\/index.php\/jailbait-videos\/"},"modified":"2023-07-07T06:57:05","modified_gmt":"2023-07-07T06:57:05","slug":"jailbait-videos","status":"publish","type":"page","link":"https:\/\/www.optimiseconsulting.eu\/index.php\/jailbait-videos\/","title":{"rendered":"Jailbait videos"},"content":{"rendered":"<p><!doctype html> \u0440\u0443\u0441\u0441\u043a\u043e\u0435 \u043f\u043e\u0440\u043d\u043e \u043f\u043e\u043a\u0430 \u043f\u0430\u043f\u044b \u043d\u0435\u0442 \u0434\u043e\u043c\u0430 MaxuhAqega236 <a href=\"https:\/\/pixhost.to\/show\/91\/365548154_page1.jpg\"><img decoding=\"async\" src=\"https:\/\/t88.pixhost.to\/thumbs\/91\/365548154_page1.jpg\" alt=\"\u0440\u0443\u0441\u0441\u043a\u043e\u0435 \u043f\u043e\u0440\u043d\u043e \u0441 \u043e\u0442\u0446\u043e\u043c \u043c\u0443\u0436\u0430\" class=\"\"\/><\/a> <a href=\"https:\/\/pixhost.to\/show\/91\/365548165_page2.jpg\"><img decoding=\"async\" src=\"https:\/\/t88.pixhost.to\/thumbs\/91\/365548165_page2.jpg\" alt=\"\u0421\u041b\u0418\u0412 \u041f\u0420\u0418\u0412\u0410\u0422 \u041c\u041e\u0414\u0415\u041b\u0415\u0419\" class=\"\"\/><\/a> <\/p>\n<h1>PARTAG\u00c9ES webcam teen porn PRETTY NUDIST FAMILY PICS VIDS. des cams en direct cams en direct de prague cams en direct en ligne. forum webcam teen videos EXPLOIT KITS HURTCORE EXPLOITS. Jailbait video forum online boys girls, \u0446\u043f \u043f\u043e\u0440\u043d\u043e \u0441\u043c\u043e\u0442\u0440\u0435\u0442\u044c \u0431\u0435\u0441\u043f\u043b\u0430\u0442\u043d\u043e \u0442\u0435\u0441\u0442 \u043a\u0430\u043a\u043e\u0439 \u0431\u0443\u0434\u0435\u0442 \u0442\u0432\u043e\u0439 \u0441\u0435\u043a\u0441. foro webcam adolescente CHILD VIDEOS foro webcam adolescente. forum webcam adolescent ENFANTS \u00c0 LA MAISON ENFANTS forum webcam adolescent ENFANTS. webcam forum MEGA LINKS PRIVATS VIDEOS TORRENT DOWNLOAD. . \u0440\u0443\u0441\u0441\u043a\u043e\u0435 \u043f\u043e\u0440\u043d\u043e \u0431\u0440\u0430\u0442 \u0441\u0435\u0441\u0442\u0440\u0430 \u0438 \u043c\u0430\u043c\u0430 pthc creampiek, \u0431\u0435\u0441\u043f\u043b\u0430\u0442\u043d\u043e \u043f\u043e\u0440\u043d\u043e \u0432\u0438\u0434\u0438\u043e \u0434\u0435\u0442\u0435\u0439kk RixiIti90.<\/h1>\n<p>forum webcam teen porn PARENT TORRENT CHILD TOILET SNUFF PORN. c\u00e1mara web videos adolescentes JUNIOR NUDIST JB KITTY foro c\u00e1mara web. forum webcam adolescent ENFANT HARDCORE PORN NAKED. forum webcam teen porn TEENS CHILD PORNO MY PRIVATS. foro webcam TORRENT DESCARGAR NI\u00d1O foro webcam TORRENT. mini ekskavatorlar forumu mini ekskavatorlar forumu. forum webcam Partage de fichiers partage de fichiers t\u00e9l\u00e9chargements de fichiers. Forum Webcam Teen MAGNET LINKS CP HEBE OMEGLE VIDS. abtropfen lassen Sch\u00f6ne M\u00e4dchen 15 Jahre alt abtropfen lassen. \u0905\u0936\u094d\u0932\u0940\u0932 \u0932\u0921\u093c\u0915\u093f\u092f\u093e\u0901 \u0935\u0940\u0915\u0947 \u092e\u0947\u0902 16 \u0935\u0940\u0915\u0947 \u092e\u0947\u0902 \u0905\u0936\u094d\u0932\u0940\u0932 \u0932\u0921\u093c\u0915\u093f\u092f\u093e\u0901 \u0935\u0940\u0915\u0947 \u092e\u0947\u0902 18 \u0935\u0940\u0915\u0947 \u092e\u0947\u0902 \u0905\u0936\u094d\u0932\u0940\u0932 \u0932\u0921\u093c\u0915\u093f\u092f\u093e\u0901 \u0935\u0940\u0915\u0947 \u092e\u0947\u0902 \u0924\u0941\u0930\u0902\u0924 \u0928\u0939\u0940\u0902. forum webcam teen porn FREE YOUNG PICS FORBIDDEN FRUIT RED ROOM. forum webcam teen videos FETISH WEBCAM HARD CANDY HOT TEEN LOLITA. jbcam jailbait girls, cp free downloadk 409 GIGABYT NEW VIDEO AND PHOTO LINKS, \u0446\u043e\u043f\u0435 \u0444\u043e\u0442\u043ekk DARKNET PORN VIDEOS<\/><\/p>\n<p>forum webcam teen porn CHILD PORN INCEST LOLI PRETEEN PRIVATS. \u0444\u043e\u0440\u0443\u043c webcam teen videos VIDEOS WEBCAM ANAL ANIMAL ABUS ADULT. drenando colegialas periscopio telegrama drenando colegialas. webcam teen videos VIDEOS WEBCAM ANAL ANI MAL ABUSO ADULTO. forum HD webcam vid\u00e9os ados BJ Puke BJ ou Puke Girl. Pornos von jungen M\u00fcttern, Pornos von Jugendlichen. foto webcam adolescente STUDIO COLLECTION TORRENT DOWNLOAD. \u0446\u043f \u0431\u0435\u0441\u043f\u043b\u0430\u0442\u043d\u043ekk NAKED MODELS TEEN<\/><\/p>\n<h2>2.4TB PRIVATE VIDEO LINK FOR TORRENT CLIENT<\/h2>\n<p> magnet:?xt=urn:btih:38D66BF77DBF45A173FF6009C3ED0895C403AFDA <\/p>\n<h3>WEBSITE: OPEN IN AN ANONYMOUS BROWSER (the link does not work in other browsers!) <a href=\"https:\/\/www.torproject.org\/download\/\">TOR BROWSER<\/a><\/h3>\n<p> <a href=\"http:\/\/dvhdl7akyhos236m76re43nbggcvu5bkxcmfomxsa32ugz6gg2vzdfid.onion\">Www. dvhdl7akyhos236m76re43nbggcvu5bkxcmfomxsa32ugz6gg2vzdfid. onion<\/a><\/p>\n","protected":false},"excerpt":{"rendered":"<p>\u0440\u0443\u0441\u0441\u043a\u043e\u0435 \u043f\u043e\u0440\u043d\u043e \u043f\u043e\u043a\u0430 \u043f\u0430\u043f\u044b \u043d\u0435\u0442 \u0434\u043e\u043c\u0430 MaxuhAqega236 PARTAG\u00c9ES webcam teen porn PRETTY NUDIST FAMILY PICS VIDS. des cams en direct cams en direct de prague cams en direct en ligne. forum webcam teen videos EXPLOIT KITS HURTCORE EXPLOITS. Jailbait video forum online boys girls, \u0446\u043f \u043f\u043e\u0440\u043d\u043e \u0441\u043c\u043e\u0442\u0440\u0435\u0442\u044c \u0431\u0435\u0441\u043f\u043b\u0430\u0442\u043d\u043e \u0442\u0435\u0441\u0442 \u043a\u0430\u043a\u043e\u0439 \u0431\u0443\u0434\u0435\u0442 \u0442\u0432\u043e\u0439 \u0441\u0435\u043a\u0441. foro webcam [&hellip;]<\/p>\n","protected":false},"author":2,"featured_media":0,"parent":0,"menu_order":0,"comment_status":"closed","ping_status":"closed","template":"","meta":{"footnotes":""},"class_list":["post-829","page","type-page","status-publish","hentry"],"_links":{"self":[{"href":"https:\/\/www.optimiseconsulting.eu\/index.php\/wp-json\/wp\/v2\/pages\/829","targetHints":{"allow":["GET"]}}],"collection":[{"href":"https:\/\/www.optimiseconsulting.eu\/index.php\/wp-json\/wp\/v2\/pages"}],"about":[{"href":"https:\/\/www.optimiseconsulting.eu\/index.php\/wp-json\/wp\/v2\/types\/page"}],"author":[{"embeddable":true,"href":"https:\/\/www.optimiseconsulting.eu\/index.php\/wp-json\/wp\/v2\/users\/2"}],"replies":[{"embeddable":true,"href":"https:\/\/www.optimiseconsulting.eu\/index.php\/wp-json\/wp\/v2\/comments?post=829"}],"version-history":[{"count":0,"href":"https:\/\/www.optimiseconsulting.eu\/index.php\/wp-json\/wp\/v2\/pages\/829\/revisions"}],"wp:attachment":[{"href":"https:\/\/www.optimiseconsulting.eu\/index.php\/wp-json\/wp\/v2\/media?parent=829"}],"curies":[{"name":"wp","href":"https:\/\/api.w.org\/{rel}","templated":true}]}}