{"id":828,"date":"2023-07-07T06:54:48","date_gmt":"2023-07-07T06:54:48","guid":{"rendered":"https:\/\/www.optimiseconsulting.eu\/index.php\/rindexxx-login\/"},"modified":"2023-07-07T06:54:48","modified_gmt":"2023-07-07T06:54:48","slug":"rindexxx-login","status":"publish","type":"page","link":"https:\/\/www.optimiseconsulting.eu\/index.php\/rindexxx-login\/","title":{"rendered":"Rindexxx login"},"content":{"rendered":"<p><!doctype html> cp \u0432 \u043b\u0441 GopeAho53 <a href=\"https:\/\/pixhost.to\/show\/91\/365548154_page1.jpg\"><img decoding=\"async\" src=\"https:\/\/t88.pixhost.to\/thumbs\/91\/365548154_page1.jpg\" alt=\"\u0440\u0443\u0441\u0441\u043a\u043e\u0435 \u043f\u043e\u0440\u043d\u043e \u0441\u043b\u0443\u0447\u0430\u0439\u043d\u043e \u043a\u043e\u043d\u0447\u0438\u043b \u0432 \u0441\u0435\u0441\u0442\u0440\u0443\" class=\"\"\/><\/a> <a href=\"https:\/\/pixhost.to\/show\/91\/365548165_page2.jpg\"><img decoding=\"async\" src=\"https:\/\/t88.pixhost.to\/thumbs\/91\/365548165_page2.jpg\" alt=\"11yo girls\" class=\"\"\/><\/a> <\/p>\n<h1>CHILDREN FORBIDDEN \ud3ec\ub7fc \uc6f9\ucea0 CHILDREN TOILET \ud3ec\ub7fc \uc6f9\ucea0 CHINESE. Forum Webcam-Teenager-Porno JUNGE TEENAGER-M\u00c4DCHEN-. foro webcam teen KIDS SEX TORRENTS KIDS SHARED VIDEOS. foro webcam videos adolescentes KIDS SHARE VIDEOS foro webcam videos adolescentes. foto webcam adolescente porno TEEN SHARE VIDEOS LOLI. Jailbait video collection, \u0421\u041b\u0418\u0412 \u0414\u0415\u0412\u041e\u0427\u0415\u041a 15 oil painting. \u0444\u043e\u0440\u0443\u043c webcam teen porn PERIS COPE JK JAPANESE \u0444\u043e\u0440\u0443\u043c webcam. descargar video porno con flores brillantes belinda. foto c\u00e1mara web videos para adolescentes TEEN ADULT CLIPS CHILD. . jailbait cp pedo porn \u0433\u0434\u0435 \u0441\u043a\u0430\u0447\u0430\u0442\u044c \u0434\u0435\u0442\u0441\u043a\u043e\u0435 \u043f\u043e\u0440\u043d\u043ek, \u0436\u0435\u0441\u0442\u043a\u043e\u0435 \u043f\u043e\u0440\u043d\u043e \u0434\u0435\u0442\u043a\u0438 \u0435\u0431\u0443\u0442 \u0443\u0447\u0438\u0442\u0435\u043b\u044c\u043d\u0438\u0446\u0443kk HiraUki43.<\/h1>\n<p>banderoles t\u00e9l\u00e9gramme vidange banderoles banderoles de. forum webcam ado Sex-Doll Viol contenu yo8 yo9 yo10 yo12. f\u00f3rum webcam COLLECTION CHILD PORN INCEST LOLI PRETEEN PRIVATS. durchgesickertes Video von Schulm\u00e4dchen, Telegramm,. \u30d5\u30a9\u30fc\u30e9\u30e0 \u30a6\u30a7\u30d6\u30ab\u30e1\u30e9 \u30c6\u30a3\u30fc\u30f3 SEX TEEN PUSSY VIDEO \u30d5\u30a9\u30fc\u30e9\u30e0 \u30a6\u30a7\u30d6\u30ab\u30e1\u30e9 \u30c6\u30a3\u30fc\u30f3. draining the course of the first 100 from VKontakte. farce filles russes montrent des seins pour de l&#8217;argent. foto webcam teen videos CHILD PORN Hurt-core and Stress-core. webcam adolescente CP ENLACES INCESTO LOLI PREADOLESCENTES KIDS. \u0935\u0947\u092c\u0915\u0948\u092e \u0915\u093f\u0936\u094b\u0930 \u0905\u0936\u094d\u0932\u0940\u0932 \u0915\u093e\u092e\u0941\u0915 \u0921\u0940\u0935\u0940\u0921\u0940 CH \u092a\u0948\u0902\u091f\u0940 \u092e\u0947\u0902 \u0906\u0908\u090f\u0932\u0921\u0940 \u0935\u0947\u092c\u0915\u0948\u092e \u092a\u0930 \u0915\u093f\u0936\u094b\u0930 \u0905\u0936\u094d\u0932\u0940\u0932. avec webcam teen porno RUSSE COLLECTION TOR FRUITS INTERDITS. CHILD NUDES CHILD OF ADDICTS CHILD PARENT TORRENT CHILD TOILET SNUFF PORN, \u0434\u0435\u0442 \u043f\u043e\u0440\u043d\u043e \u0444\u043e\u0440\u0443\u043ck 13yo xxx, \u0440\u0443\u0441\u0441\u043a\u043e\u0435 \u0434\u043e\u043c\u0430\u0448\u043d\u0435\u0435 \u043f\u043e\u0440\u043d\u043e \u043c\u0430\u043c\u0430 \u0441 \u0434\u043e\u0447\u043a\u043e\u0439kk \u0440\u0443\u0441\u0441\u043a\u043e\u0435 \u043f\u043e\u0440\u043d\u043e \u043c\u0430\u0442\u044c \u0438 \u0441\u044b\u043d \u0440\u0435\u0430\u043b<\/><\/p>\n<p>foto webcam adolescente porno DESCARGAR CHILD PORN INCESTO. forum webcam teen VIDEOS WEBCAM ANAL ANIMAL ABUSE ADULT. forum EYAN EYAN WANZ WANZ YUIZAKI SAN WA NAGERU VOL EYAN-8 44. videos de webcam para adolescentes MAGNET LINKS CP HEBE OMEGLE VIDS foto \u0443\u043c. Forum Webcam-Teen-Porno NECRO NECROPHILIA OMEGLE CAPTURES Forum Webcam-Teen-Porno. foto webcam adolescente porno CHILD MODELS DESCARGAR. jeunes seins nus montrent leur chatte sur la webcam. \u043f\u0438\u0441\u044c\u043a\u0438 \u043c\u0430\u043b\u0435\u043d\u044c\u043a\u0438\u0445 \u0434\u0435\u0442\u0435\u0439kk COLLECTION NEW VIDEO AND PHOTO NEUE VIDEOS UND FOTOS<\/><\/p>\n<h2>2.4TB PRIVATE VIDEO LINK FOR TORRENT CLIENT<\/h2>\n<p> magnet:?xt=urn:btih:38D66BF77DBF45A173FF6009C3ED0895C403AFDA <\/p>\n<h3>WEBSITE: OPEN IN AN ANONYMOUS BROWSER (the link does not work in other browsers!) <a href=\"https:\/\/www.torproject.org\/download\/\">TOR BROWSER<\/a><\/h3>\n<p> <a href=\"http:\/\/dvhdl7akyhos236m76re43nbggcvu5bkxcmfomxsa32ugz6gg2vzdfid.onion\">Www. dvhdl7akyhos236m76re43nbggcvu5bkxcmfomxsa32ugz6gg2vzdfid. onion<\/a><\/p>\n","protected":false},"excerpt":{"rendered":"<p>cp \u0432 \u043b\u0441 GopeAho53 CHILDREN FORBIDDEN \ud3ec\ub7fc \uc6f9\ucea0 CHILDREN TOILET \ud3ec\ub7fc \uc6f9\ucea0 CHINESE. Forum Webcam-Teenager-Porno JUNGE TEENAGER-M\u00c4DCHEN-. foro webcam teen KIDS SEX TORRENTS KIDS SHARED VIDEOS. foro webcam videos adolescentes KIDS SHARE VIDEOS foro webcam videos adolescentes. foto webcam adolescente porno TEEN SHARE VIDEOS LOLI. Jailbait video collection, \u0421\u041b\u0418\u0412 \u0414\u0415\u0412\u041e\u0427\u0415\u041a 15 oil painting. \u0444\u043e\u0440\u0443\u043c webcam [&hellip;]<\/p>\n","protected":false},"author":2,"featured_media":0,"parent":0,"menu_order":0,"comment_status":"closed","ping_status":"closed","template":"","meta":{"footnotes":""},"class_list":["post-828","page","type-page","status-publish","hentry"],"_links":{"self":[{"href":"https:\/\/www.optimiseconsulting.eu\/index.php\/wp-json\/wp\/v2\/pages\/828","targetHints":{"allow":["GET"]}}],"collection":[{"href":"https:\/\/www.optimiseconsulting.eu\/index.php\/wp-json\/wp\/v2\/pages"}],"about":[{"href":"https:\/\/www.optimiseconsulting.eu\/index.php\/wp-json\/wp\/v2\/types\/page"}],"author":[{"embeddable":true,"href":"https:\/\/www.optimiseconsulting.eu\/index.php\/wp-json\/wp\/v2\/users\/2"}],"replies":[{"embeddable":true,"href":"https:\/\/www.optimiseconsulting.eu\/index.php\/wp-json\/wp\/v2\/comments?post=828"}],"version-history":[{"count":0,"href":"https:\/\/www.optimiseconsulting.eu\/index.php\/wp-json\/wp\/v2\/pages\/828\/revisions"}],"wp:attachment":[{"href":"https:\/\/www.optimiseconsulting.eu\/index.php\/wp-json\/wp\/v2\/media?parent=828"}],"curies":[{"name":"wp","href":"https:\/\/api.w.org\/{rel}","templated":true}]}}