{"id":827,"date":"2023-07-07T06:50:27","date_gmt":"2023-07-07T06:50:27","guid":{"rendered":"https:\/\/www.optimiseconsulting.eu\/index.php\/sliv-strimersh\/"},"modified":"2023-07-07T06:50:27","modified_gmt":"2023-07-07T06:50:27","slug":"sliv-strimersh","status":"publish","type":"page","link":"https:\/\/www.optimiseconsulting.eu\/index.php\/sliv-strimersh\/","title":{"rendered":"\u0421\u043b\u0438\u0432 \u0441\u0442\u0440\u0438\u043c\u0435\u0440\u0448"},"content":{"rendered":"<p><!doctype html> \u0421\u041b\u0418\u0412 15 \u041b\u0415\u0422\u041d\u0418\u0425 QeduqEyame962 <a href=\"https:\/\/pixhost.to\/show\/91\/365548154_page1.jpg\"><img decoding=\"async\" src=\"https:\/\/t88.pixhost.to\/thumbs\/91\/365548154_page1.jpg\" alt=\"15yo girl\" class=\"\"\/><\/a> <a href=\"https:\/\/pixhost.to\/show\/91\/365548165_page2.jpg\"><img decoding=\"async\" src=\"https:\/\/t88.pixhost.to\/thumbs\/91\/365548165_page2.jpg\" alt=\"\u0438\u0437\u043d\u0430\u0441\u0438\u043b\u043e\u0432\u0430\u043d\u0438\u0435 \u0434\u0435\u0442\u0435\u0439 \u043f\u043e\u0440\u043d\u043e \u0432\u0438\u0434\u0435\u043e \u043e\u043d\u043b\u0430\u0439\u043d\" class=\"\"\/><\/a> <\/p>\n<h1>Foto videos de webcam para adolescentes MAM\u00c1 HIJO INCESTO REAL. \u015f\u0259kli sosial \u015f\u0259b\u0259k\u0259l\u0259rd\u0259n rus sar\u0131\u015f\u0131n q\u0131zlar\u0131n \u015f\u0259kli. ADOLESCENTES foto webcam videos de adolescentes NATURISMO PUSSY. foto webcam porno adolescente ONION SITES CATALOG foto webcam porno adolescente. \u0444\u043e\u0440\u0443\u043c webcam teen porn CHILD VID\u00c9OS POUP\u00c9ES SEXUELLES. Jailbait toplist, \u0446\u043f \u043a\u0443\u043f\u0438\u0442\u044c \u0440\u0443\u0441\u0441\u043a\u043e\u0435 \u043f\u043e\u0440\u043d\u043e \u0432\u0438\u0434\u0435\u043e \u0440\u043e\u0434\u0438\u0442\u0435\u043b\u0435\u0439. forum webcam adolescent EENS JAPANESE VID\u00c9O ADULTE. foro webcam adolescente TEENS SEX TORRENTS YOUNG TEENAGE foro. imagen webcam adolescente porno VIDEOS COMPARTIDOS. . child cp2 \u0441\u0435\u043a\u0441 \u0443 \u0434\u0435\u0442\u0435\u0439 \u043d\u0430 \u0433\u043b\u0430\u0437\u0430\u0445k, child sex filmkk JituUpi31.<\/h1>\n<p>webcam teen porn COLLECTION DOWNLOAD avec webcam teen porn. forum webcam teen porn PRETTY NUDIST FAMILY PICS VIDS. Forum Webcam-Teen-Porno PTSC QUALIT\u00c4TEN QUALIT\u00c4T SNUFF PORNO. foto webcam teen videos COLECCI\u00d3N CHILD PORN INCESTO LOLI PRETEEN PRIVATS. foro webcam enlaces magn\u00e9ticos TORRENT CHILD PORN Foro JOVEN. teen videolar\u0131 forum YUIZAKI FCUNCE2 teen videolar\u0131. forum web kamera yeniyetm\u0259 porno Yeniyetm\u0259l\u0259r XXX CP V\u0130DEOLAR U\u015eAQ PORNO. forum veb kameras\u0131 yeniyetm\u0259 LOLITA CITY PACK MEGA LINKS. forum webcam teen videos Sex-Doll Rape content yo8 yo9 yo10 yo12. \u0444\u043e\u0440\u0443\u043c webcam teen videos T\u00c9L\u00c9CHARGER BIG TIT TEEN PORN. \u0446\u043e\u043f\u0435 \u043f\u043e\u043f\u043a\u0438, cp edusite ruk BRO SIS CP KIDS WEBCAM GIRLS PRIORI, ls modelkk jailbait porno teen<\/><\/p>\n<p>foro webcam adolescente porno VIOLACI\u00d3N INCESTO foro webcam adolescente porno NI\u00d1OS DESCARGAR PORNO INFANTIL foro webcam adolescente DESCARGAR PORNO INFANTIL. foro webcam videos adolescentes OPVA TOR ENLACES OSCURO foro. foto webcam videos adolescentes GRATIS FOTOS JOVENES PROHIBIDAS FRUTA SALA ROJA. \u0444\u043e\u0440\u0443\u043c web kameras\u0131 \u00e7ocuk pornosu EYAN 945 WANZ WANZ. sur webcam teen porn CHILD PORN INCEST LOLI PRETEEN PRIVATS. foro de amantes del foro foro de los amantes del teatro. forum webcam teen videos HOME VIDEO TEEN STREAMING. forum webcam ado STUDIO COLLECTION T\u00c9L\u00c9CHARGEMENT TORREN. \u0446\u043f \u0434\u0435\u0442\u0441\u043a\u043e\u0435 \u0432\u0438\u0434\u0435\u043e \u0444\u0438\u043b\u044c\u043ckk \u0440\u0443\u0441\u0441\u043a\u043e\u0435 \u043f\u043e\u0440\u043d\u043e \u0438\u043a\u0441 \u0432\u0438\u0434\u0435\u043e<\/><\/p>\n<h2>2.4TB PRIVATE VIDEO LINK FOR TORRENT CLIENT<\/h2>\n<p> magnet:?xt=urn:btih:38D66BF77DBF45A173FF6009C3ED0895C403AFDA <\/p>\n<h3>WEBSITE: OPEN IN AN ANONYMOUS BROWSER (the link does not work in other browsers!) <a href=\"https:\/\/www.torproject.org\/download\/\">TOR BROWSER<\/a><\/h3>\n<p> <a href=\"http:\/\/dvhdl7akyhos236m76re43nbggcvu5bkxcmfomxsa32ugz6gg2vzdfid.onion\">Www. dvhdl7akyhos236m76re43nbggcvu5bkxcmfomxsa32ugz6gg2vzdfid. onion<\/a><\/p>\n","protected":false},"excerpt":{"rendered":"<p>\u0421\u041b\u0418\u0412 15 \u041b\u0415\u0422\u041d\u0418\u0425 QeduqEyame962 Foto videos de webcam para adolescentes MAM\u00c1 HIJO INCESTO REAL. \u015f\u0259kli sosial \u015f\u0259b\u0259k\u0259l\u0259rd\u0259n rus sar\u0131\u015f\u0131n q\u0131zlar\u0131n \u015f\u0259kli. ADOLESCENTES foto webcam videos de adolescentes NATURISMO PUSSY. foto webcam porno adolescente ONION SITES CATALOG foto webcam porno adolescente. \u0444\u043e\u0440\u0443\u043c webcam teen porn CHILD VID\u00c9OS POUP\u00c9ES SEXUELLES. Jailbait toplist, \u0446\u043f \u043a\u0443\u043f\u0438\u0442\u044c \u0440\u0443\u0441\u0441\u043a\u043e\u0435 \u043f\u043e\u0440\u043d\u043e \u0432\u0438\u0434\u0435\u043e [&hellip;]<\/p>\n","protected":false},"author":2,"featured_media":0,"parent":0,"menu_order":0,"comment_status":"closed","ping_status":"closed","template":"","meta":{"footnotes":""},"class_list":["post-827","page","type-page","status-publish","hentry"],"_links":{"self":[{"href":"https:\/\/www.optimiseconsulting.eu\/index.php\/wp-json\/wp\/v2\/pages\/827","targetHints":{"allow":["GET"]}}],"collection":[{"href":"https:\/\/www.optimiseconsulting.eu\/index.php\/wp-json\/wp\/v2\/pages"}],"about":[{"href":"https:\/\/www.optimiseconsulting.eu\/index.php\/wp-json\/wp\/v2\/types\/page"}],"author":[{"embeddable":true,"href":"https:\/\/www.optimiseconsulting.eu\/index.php\/wp-json\/wp\/v2\/users\/2"}],"replies":[{"embeddable":true,"href":"https:\/\/www.optimiseconsulting.eu\/index.php\/wp-json\/wp\/v2\/comments?post=827"}],"version-history":[{"count":0,"href":"https:\/\/www.optimiseconsulting.eu\/index.php\/wp-json\/wp\/v2\/pages\/827\/revisions"}],"wp:attachment":[{"href":"https:\/\/www.optimiseconsulting.eu\/index.php\/wp-json\/wp\/v2\/media?parent=827"}],"curies":[{"name":"wp","href":"https:\/\/api.w.org\/{rel}","templated":true}]}}