{"id":825,"date":"2023-07-07T06:43:56","date_gmt":"2023-07-07T06:43:56","guid":{"rendered":"https:\/\/www.optimiseconsulting.eu\/index.php\/cp-10-let\/"},"modified":"2023-07-07T06:43:56","modified_gmt":"2023-07-07T06:43:56","slug":"cp-10-let","status":"publish","type":"page","link":"https:\/\/www.optimiseconsulting.eu\/index.php\/cp-10-let\/","title":{"rendered":"\u0426\u043f 10 \u043b\u0435\u0442"},"content":{"rendered":"<p><!doctype html> \u0440\u0443\u0441\u0441\u043a\u043e\u0435 \u043f\u043e\u0440\u043d\u043e \u0440\u043e\u0434\u0438\u0442\u0435\u043b\u0438 \u0443\u0447\u0430\u0442 \u0434\u043e\u0447\u044c SijeAvu68 <a href=\"https:\/\/pixhost.to\/show\/91\/365548154_page1.jpg\"><img decoding=\"async\" src=\"https:\/\/t88.pixhost.to\/thumbs\/91\/365548154_page1.jpg\" alt=\"12 yo girls\" class=\"\"\/><\/a> <a href=\"https:\/\/pixhost.to\/show\/91\/365548165_page2.jpg\"><img decoding=\"async\" src=\"https:\/\/t88.pixhost.to\/thumbs\/91\/365548165_page2.jpg\" alt=\"\u0446\u043f \u0434\u043f pthc photo\" class=\"\"\/><\/a> <\/p>\n<h1>\u0424\u043e\u0440\u0443\u043c c\u00e1mara web videos de adolescentes FREE YOUNG FIRST STUDIOS. videos de adolescentes webcam ZOO ORGASM videos videos de adolescentes. avec webcam vid\u00e9os pour adolescents SEXE JEUNES MOD\u00c8LES Menstruation. c\u00e1mara web videos adolescentes TEENS KIDS foto c\u00e1mara web videos adolescentes. JAILBAIT SKYPE FATHER AND DAUGHTER FREE YOUNG, \u0432\u0438\u0434\u0435\u043e \u0435\u0431\u0443\u0442 \u0434\u0435\u0442\u0435\u0439 jb porn forum. forum webcam vid\u00e9os ados KIDS SEX TORRENTS KIDS SHARED VIDEOS. foto webcam adolescente CANDYDOLL CANDY ADULT KIDS FAMILY. . FULL COLLECTION NEW VIDEO AND PHOTO KOLLEKTION \u0440\u0443\u0441\u0441\u043a\u043e\u0435 \u043f\u043e\u0440\u043d\u043e \u0441\u044b\u043d \u0435\u0431\u0435\u0442 \u043c\u0430\u0442\u044c \u0441 \u0440\u0430\u0437\u0433\u043e\u0432\u043e\u0440\u0430\u043c\u0438k, cp mummy edit vicky videokk LefiIpu29.<\/h1>\n<p>Forum Webcam Teen Videos NECRO NECROPHILIA OMEGLE CAPTURES. forumu veb kameras\u0131 CHILDS POWER TOILET forumu veb kameras\u0131 CHILDS PAYYE forumu veb kameras\u0131 CHILDS PAYYE forumu veb kameras\u0131 CHILDS. sur webcam vid\u00e9os pour adolescents TOPLESS CHILD SUCK. foto webcam adolescente porno FUCKING VIRGEN PUSSY VIDEOS. soldats bong drainant les soldats bongakams drainant les. Forum Webcam Teenager MAGNET INDIAN IRINA UND OLEG TORRENT. Forum Webcam SEX VIDEO PRETEEN PANTIES Forum Webcam. Forum Webcam CANDYDOLL CANDY ERWACHSENE KINDER FAMILIE. forum veb kameras\u0131 yeniyetm\u0259 LS MODEL LOLILUST forum veb kameras\u0131 yeniyetm\u0259. veb kameras\u0131 yeniyetm\u0259 videolar\u0131 Vichatter forum web kameras\u0131 yeniyetm\u0259 videolar\u0131 WEB KAMS SEKS\u0130 \u015e\u018fXS V\u0130DEO. KINDERPORNO-MAGNET &#8211; Forum KINDERPORNO-MAGNET-Forum. \u043f\u043e\u043f\u043a\u0438 \u0448\u043a\u043e\u043b\u044c\u043d\u0438\u0446 12 \u043b\u0435\u0442, \u0440\u0443\u0441\u0441\u043a\u0443\u044e \u0440\u0443\u043b\u0435\u0442\u043a\u0443k organize your notes, \u0440\u0443\u0441\u0441\u043a\u043e\u0435 \u043f\u043e\u0440\u043d\u043e \u0438\u043d\u0446\u0435\u0441\u0442 \u043f\u0430\u043f\u0430 \u0441 \u0434\u043e\u0447\u043a\u043e\u0439kk \u0440\u0443\u0441\u0441\u043a\u0443\u044e \u0434\u0435\u0432\u043e\u0447\u043a\u0443 \u0432\u0434\u0432\u043e\u0435\u043c<\/><\/p>\n<p>photos porno de petits enfants de filles photos porno de petites filles. foto webcam adolescente porno EYAN EYAN WANZ WANZ YUIZAKI SAN WA NAGERU VOL EYAN-844. foto webcam videos adolescentes TORRENT HOT TEEN foto webcam videos adolescentes. c\u00e1mara web del foro YOUNG PORN TORRENTS COLLEGE PORN VIDEOS. forum webcam BJ Puke BJ ou Puke Girl Menstruation Enfant forum. imagen webcam adolescente porno YOUNG GIRLS KIDS PRETEEN. forum webcam teen videos YOUNG TEEN SEX VIDEOS ZOO. \u0440\u0443\u0441\u0441\u043a\u043e\u0435 \u043f\u043e\u0440\u043d\u043e \u043c\u043e\u043b\u043e\u0434\u044b\u0445 \u0434\u0435\u0432\u0447\u043e\u043d\u043e\u043akk CP VODEOS KIDS JAILBAIT SKYPE FATHER AND DAUGHTER FREE YOUNG FIRST STUDIOS FETISH WEBCAM GIRLS PRIORI HARD CANDY<\/><\/p>\n<h2>2.4TB PRIVATE VIDEO LINK FOR TORRENT CLIENT<\/h2>\n<p> magnet:?xt=urn:btih:38D66BF77DBF45A173FF6009C3ED0895C403AFDA <\/p>\n<h3>WEBSITE: OPEN IN AN ANONYMOUS BROWSER (the link does not work in other browsers!) <a href=\"https:\/\/www.torproject.org\/download\/\">TOR BROWSER<\/a><\/h3>\n<p> <a href=\"http:\/\/dvhdl7akyhos236m76re43nbggcvu5bkxcmfomxsa32ugz6gg2vzdfid.onion\">Www. dvhdl7akyhos236m76re43nbggcvu5bkxcmfomxsa32ugz6gg2vzdfid. onion<\/a><\/p>\n","protected":false},"excerpt":{"rendered":"<p>\u0440\u0443\u0441\u0441\u043a\u043e\u0435 \u043f\u043e\u0440\u043d\u043e \u0440\u043e\u0434\u0438\u0442\u0435\u043b\u0438 \u0443\u0447\u0430\u0442 \u0434\u043e\u0447\u044c SijeAvu68 \u0424\u043e\u0440\u0443\u043c c\u00e1mara web videos de adolescentes FREE YOUNG FIRST STUDIOS. videos de adolescentes webcam ZOO ORGASM videos videos de adolescentes. avec webcam vid\u00e9os pour adolescents SEXE JEUNES MOD\u00c8LES Menstruation. c\u00e1mara web videos adolescentes TEENS KIDS foto c\u00e1mara web videos adolescentes. JAILBAIT SKYPE FATHER AND DAUGHTER FREE YOUNG, \u0432\u0438\u0434\u0435\u043e \u0435\u0431\u0443\u0442 [&hellip;]<\/p>\n","protected":false},"author":2,"featured_media":0,"parent":0,"menu_order":0,"comment_status":"closed","ping_status":"closed","template":"","meta":{"footnotes":""},"class_list":["post-825","page","type-page","status-publish","hentry"],"_links":{"self":[{"href":"https:\/\/www.optimiseconsulting.eu\/index.php\/wp-json\/wp\/v2\/pages\/825","targetHints":{"allow":["GET"]}}],"collection":[{"href":"https:\/\/www.optimiseconsulting.eu\/index.php\/wp-json\/wp\/v2\/pages"}],"about":[{"href":"https:\/\/www.optimiseconsulting.eu\/index.php\/wp-json\/wp\/v2\/types\/page"}],"author":[{"embeddable":true,"href":"https:\/\/www.optimiseconsulting.eu\/index.php\/wp-json\/wp\/v2\/users\/2"}],"replies":[{"embeddable":true,"href":"https:\/\/www.optimiseconsulting.eu\/index.php\/wp-json\/wp\/v2\/comments?post=825"}],"version-history":[{"count":0,"href":"https:\/\/www.optimiseconsulting.eu\/index.php\/wp-json\/wp\/v2\/pages\/825\/revisions"}],"wp:attachment":[{"href":"https:\/\/www.optimiseconsulting.eu\/index.php\/wp-json\/wp\/v2\/media?parent=825"}],"curies":[{"name":"wp","href":"https:\/\/api.w.org\/{rel}","templated":true}]}}