{"id":823,"date":"2023-07-07T06:02:30","date_gmt":"2023-07-07T06:02:30","guid":{"rendered":"https:\/\/www.optimiseconsulting.eu\/index.php\/sex-teens-forum\/"},"modified":"2023-07-07T06:02:30","modified_gmt":"2023-07-07T06:02:30","slug":"sex-teens-forum","status":"publish","type":"page","link":"https:\/\/www.optimiseconsulting.eu\/index.php\/sex-teens-forum\/","title":{"rendered":"Sex teens forum"},"content":{"rendered":"<p><!doctype html> \u0441\u0435\u043a\u0441 \u0434\u0435\u0442\u0435\u0439 \u0432\u0438\u0434\u0435\u043e \u0431\u0435\u0441\u043f\u043b\u0430\u0442\u043d\u043e \u0441\u043c\u043e\u0442\u0440\u0435\u0442\u044c VawugAsini963 <a href=\"https:\/\/pixhost.to\/show\/91\/365548154_page1.jpg\"><img decoding=\"async\" src=\"https:\/\/t88.pixhost.to\/thumbs\/91\/365548154_page1.jpg\" alt=\"ls model video torrent\" class=\"\"\/><\/a> <a href=\"https:\/\/pixhost.to\/show\/91\/365548165_page2.jpg\"><img decoding=\"async\" src=\"https:\/\/t88.pixhost.to\/thumbs\/91\/365548165_page2.jpg\" alt=\"child sex telegram\" class=\"\"\/><\/a> <\/p>\n<h1>Porn\u00f4 estupro de crian\u00e7as assistir porn\u00f4 estupro de crian\u00e7as. foto webcam adolescente porno EYAN EYAN WANZ WANZ YUIZAKI SAN WA NAGERU VOL EYAN-844. forum veb kameras\u0131 yeniyetm\u0259 videolar\u0131 TELEGRAM CHANNEL TEENMODEL. foro webcam adolescente HIJA AMOR NI\u00d1OS ENLACE PUTA EXPUESTA foro. Yapon isti q\u0131zlar lateks \u00e7im\u0259rlik paltar\u0131 torrentini y\u00fckl\u0259. Jailbait sex porn, \u043f\u043e\u0440\u043d\u043e \u0432\u0438\u0434\u0435\u043e \u0434\u0435\u0442\u0435\u0439 \u0431\u0435\u0437 \u0441\u043c\u0441 \u0441\u0435\u043a\u0441 \u0432 \u043f\u0440\u0438\u0441\u0443\u0442\u0441\u0442\u0432\u0438\u0438 \u0434\u0435\u0442\u0435\u0439. draining schoolchildren 14 years old telegram privat. foto webcam teen videos CHILD PORN Hurt-core and Stress-core. photos porno d&#8217;enfants nus photos porno gratuites d&#8217;. . 2023 private collection buzz chat \u0446\u043f \u0432\u0438\u0434\u0435\u043e \u0441\u043c\u043e\u0442\u0440\u0435\u0442\u044ck, \u0446\u043f \u0432 \u043b\u0441 cp v ls telegramkk QotoUxi40.<\/h1>\n<p>descargar video porno con flores brillantes belinda. photo de la chatte de la fille photo de la chatte des femmes. forum web kameras\u0131 yeniyetm\u0259 porno KOLLEKS\u0130YASI U\u015eAQ PORNOSI INCEST LOLI PRETEEN PRIVATS forum. die Fotos von M\u00e4dchen aus sozialen Netzwerken durchsickern lassen Telegramme. forum webcam teen EYAN EYAN WANZ WANZ YUIZAKI SAN WA NAGERU VOL EYAN-844. Kostenloses Foto herunterladen erotische M\u00e4dchen Teenager lolihentai18. sur webcam teen porn Menstruation Hurtcore Stresscore. foro webcam adolescente 409GB SEXO ADOLESCENTE ADOLESCENTES. forum webcam teen videos EYAN EYAN WANZ WANZ YUIZAKI SAN WA NAGERU VOL EYAN-844. print file, pthc, pedo, lolita, PTSC, kids, teensk COLLECTION NUEVOS VIDEOS Y FOTOS OMEGLE VIDS, \u0446\u043f \u0432\u0438\u0434\u0435\u043bkk \u0421\u041b\u0418\u0422\u042b\u0415 \u0428\u041a\u041e\u041b\u042c\u041d\u0418\u0426\u042b \u0422\u0415\u041b\u0415\u0413\u0420\u0410\u041c<\/><\/p>\n<p>foto webcam adolescente ADOLESCENTES EN CASA ASIAN TEEN. foto c\u00e1mara web videos adolescentes TEENS CHILD PORNO MY PRIVATS foto. foto videos de webcam para adolescentes SKYPE PRIVATS. forum webcam teen COLLECTION CHILD PORN INCEST LOLI PRETEEN PRIVATS. forum veb kameras\u0131 yeniyetm\u0259 \u00d6Z\u018fL KOLLEKS\u0130YON Y\u00dcKL\u018f. forum webcam ado CANDYDOLL CANDY ADULTE ENFANTS FAMILLE. forum webcam teen videos NUDIST NATURISM PUSSY VK RU ANAL. \u0444\u043e\u0440\u0443\u043c \u0935\u0947\u092c\u0915\u0948\u092e \u0915\u093f\u0936\u094b\u0930 \u0935\u0940\u0921\u093f\u092f\u094b \u0938\u0947\u0915\u094d\u0938 \u0921\u0940\u0935\u0940\u0921\u0940 \u0444\u043e\u0440\u0443\u043c \u0935\u0947\u092c\u0915\u0948\u092e \u0915\u093f\u0936\u094b\u0930 \u0935\u0940\u0921\u093f\u092f\u094b. foto webcam videos adolescentes TORRENT DOWNLOAD JAILBAIT. \u0421\u041b\u0418\u0412 15 \u041b\u0415\u0422kk COMPLETE COLLECTION VIDEO TOR LINKS<\/><\/p>\n<h2>2.4TB PRIVATE VIDEO LINK FOR TORRENT CLIENT<\/h2>\n<p> magnet:?xt=urn:btih:38D66BF77DBF45A173FF6009C3ED0895C403AFDA <\/p>\n<h3>WEBSITE: OPEN IN AN ANONYMOUS BROWSER (the link does not work in other browsers!) <a href=\"https:\/\/www.torproject.org\/download\/\">TOR BROWSER<\/a><\/h3>\n<p> <a href=\"http:\/\/dvhdl7akyhos236m76re43nbggcvu5bkxcmfomxsa32ugz6gg2vzdfid.onion\">Www. dvhdl7akyhos236m76re43nbggcvu5bkxcmfomxsa32ugz6gg2vzdfid. onion<\/a><\/p>\n","protected":false},"excerpt":{"rendered":"<p>\u0441\u0435\u043a\u0441 \u0434\u0435\u0442\u0435\u0439 \u0432\u0438\u0434\u0435\u043e \u0431\u0435\u0441\u043f\u043b\u0430\u0442\u043d\u043e \u0441\u043c\u043e\u0442\u0440\u0435\u0442\u044c VawugAsini963 Porn\u00f4 estupro de crian\u00e7as assistir porn\u00f4 estupro de crian\u00e7as. foto webcam adolescente porno EYAN EYAN WANZ WANZ YUIZAKI SAN WA NAGERU VOL EYAN-844. forum veb kameras\u0131 yeniyetm\u0259 videolar\u0131 TELEGRAM CHANNEL TEENMODEL. foro webcam adolescente HIJA AMOR NI\u00d1OS ENLACE PUTA EXPUESTA foro. Yapon isti q\u0131zlar lateks \u00e7im\u0259rlik paltar\u0131 torrentini y\u00fckl\u0259. [&hellip;]<\/p>\n","protected":false},"author":2,"featured_media":0,"parent":0,"menu_order":0,"comment_status":"closed","ping_status":"closed","template":"","meta":{"footnotes":""},"class_list":["post-823","page","type-page","status-publish","hentry"],"_links":{"self":[{"href":"https:\/\/www.optimiseconsulting.eu\/index.php\/wp-json\/wp\/v2\/pages\/823","targetHints":{"allow":["GET"]}}],"collection":[{"href":"https:\/\/www.optimiseconsulting.eu\/index.php\/wp-json\/wp\/v2\/pages"}],"about":[{"href":"https:\/\/www.optimiseconsulting.eu\/index.php\/wp-json\/wp\/v2\/types\/page"}],"author":[{"embeddable":true,"href":"https:\/\/www.optimiseconsulting.eu\/index.php\/wp-json\/wp\/v2\/users\/2"}],"replies":[{"embeddable":true,"href":"https:\/\/www.optimiseconsulting.eu\/index.php\/wp-json\/wp\/v2\/comments?post=823"}],"version-history":[{"count":0,"href":"https:\/\/www.optimiseconsulting.eu\/index.php\/wp-json\/wp\/v2\/pages\/823\/revisions"}],"wp:attachment":[{"href":"https:\/\/www.optimiseconsulting.eu\/index.php\/wp-json\/wp\/v2\/media?parent=823"}],"curies":[{"name":"wp","href":"https:\/\/api.w.org\/{rel}","templated":true}]}}