{"id":822,"date":"2023-07-07T05:54:23","date_gmt":"2023-07-07T05:54:23","guid":{"rendered":"https:\/\/www.optimiseconsulting.eu\/index.php\/cp-pedo-tube\/"},"modified":"2023-07-07T05:54:23","modified_gmt":"2023-07-07T05:54:23","slug":"cp-pedo-tube","status":"publish","type":"page","link":"https:\/\/www.optimiseconsulting.eu\/index.php\/cp-pedo-tube\/","title":{"rendered":"Cp pedo tube"},"content":{"rendered":"<p><!doctype html> cp chan LeyiEje76 <a href=\"https:\/\/pixhost.to\/show\/91\/365548154_page1.jpg\"><img decoding=\"async\" src=\"https:\/\/t88.pixhost.to\/thumbs\/91\/365548154_page1.jpg\" alt=\"\u0446\u043f \u0432\u0438\u0434\u0435\u043e \u0442\u0435\u043b\u0435\u0433\u0440\u0430\u043c\u043c\" class=\"\"\/><\/a> <a href=\"https:\/\/pixhost.to\/show\/91\/365548165_page2.jpg\"><img decoding=\"async\" src=\"https:\/\/t88.pixhost.to\/thumbs\/91\/365548165_page2.jpg\" alt=\"\u0446\u043f \u043f\u0435\u0447\u0435\u043d\u044c\u0435 \u0442\u0435\u043b\u0435\u0433\u0440\u0430\u043c\u043c\" class=\"\"\/><\/a> <\/p>\n<h1>Forum webcam teen porn ASIAN LOLITAS ASIAN YOUNG GIRLS CUTIE. Forum Webcam Teen MISSBRAUCH KIND UND FAMILIE VIDEOS. forum webcam teen videos BJ Puke BJ or Puke Girl Menstruation Child. Jailbait sandra kisterskaya porno, 9yo girls kopiert. foro webcam adolescente CHILD STREAM VIDEOS foro webcam adolescente. forum web kameras\u0131 teen EROTIC DVD CHILD IN PANTIES. C\u00e1maras en l\u00ednea de Praga Ver en tiempo real C\u00e1maras. . 409 GIGABYT WEBCAM OMEGLE VIDS \u0446\u043f \u0434\u043f \u043b\u043e\u043b\u0438k, \u043f\u043e\u0440\u043d\u043e \u0440\u043e\u0434\u0438\u0442\u0435\u043b\u0438 \u0435\u0431\u0443\u0442 \u0434\u0435\u0442\u0435\u0439kk MewoIze18.<\/h1>\n<p>Forum Webcam-Teen-Porno WEB-CAMS SEX PERSONALS VIDEO-. v\u00eddeos de webcam f\u00f3rum YUIZAKI FC2 PPV JAV UNCENSORED. forum webcam teen videos LOLITA CITY PACK MEGA LINKS. foro webcam adolescente Child Play foro webcam adolescente. von Kindern Kostenlosen Pornos von Kindern ansehen Kostenlosen Kinderpornos ansehen. video webcam videos para adolescentes TORRENT RUSSIAN WEBCAM BABES. forum webcam adolescent GIRLS PRIORI HARD CANDY YOUNG TEEN SEX VIDEOS. forum web kameras\u0131 BRO SIS CP KIDS WEBCAM GIRLS PRIORI forum web kameras\u0131. forum webcam vid\u00e9os pour adolescents KIDS EROTIC VIDEOS. forum webcam teen YOUNG TEEN SEX VIDEOS RUSSIAN TEENS. EYAN844 EYAN945 WANZ2956 WANZ4957, \u043f\u043e\u0447\u0435\u043c\u0443 \u043f\u043e\u0441\u043b\u0435 \u0441\u0435\u043a\u0441\u0430 \u0438\u0434\u0435\u0442 \u043a\u0440\u043e\u0432\u044ck 409GB VIDEOS CHILD PORN STUDIOS MetArt FTV Girls Femjoy JAVHD Duga Tokyo Hot Teens Love Huge Cocks PureTaboo R18 Mofos 1080p HD 4K, cp video hd 2019 pthc lolikk read the last page<\/><\/p>\n<p>Forum Webcam Teen-Porno SAMMLUNG KINDERPORNO INZEST LOLI PRETEEN PRIVATS Forum Webcam Teen-Porno. forum webcam adolescent Menstruation Hurtcore Stresscore. forum webcam teen videos PRETTY NUDIST FAMILY PICS VIDS. \u0444\u043e\u0440\u0443\u043c webcam vid\u00e9os pour adolescents catalogue de sites d&#8217;oignons i2p. \u0444\u043e\u0440\u0443\u043c webcam teen videos LOLITA CITY PACK MEGA LINKS. Forum Webcam Teen-Porno SAMMLUNG KINDERPORNO INZEST LOLI PRETEEN PRIVATS Forum Webcam Teen-Porno. foto de una chica en la naturaleza en verano desnuda foto de. forumu veb kameras\u0131 yeniyetm\u0259 AMATUR QIZ FOTO ADULT ART MODELING STUDIO. foto webcam teen videos AMATEUR GIRL PHOTO ADULT ART MODELING STUDIO. \u0414\u041e\u041c\u0410\u0428\u041d\u0415\u0415 \u041f\u041e\u0420\u041d\u041e \u0424\u041e\u0422\u041e \u0414\u0415\u0422\u0415\u0419kk asian boys 11yo and 7yo have fun with adult woman<\/><\/p>\n<h2>2.4TB PRIVATE VIDEO LINK FOR TORRENT CLIENT<\/h2>\n<p> magnet:?xt=urn:btih:38D66BF77DBF45A173FF6009C3ED0895C403AFDA <\/p>\n<h3>WEBSITE: OPEN IN AN ANONYMOUS BROWSER (the link does not work in other browsers!) <a href=\"https:\/\/www.torproject.org\/download\/\">TOR BROWSER<\/a><\/h3>\n<p> <a href=\"http:\/\/dvhdl7akyhos236m76re43nbggcvu5bkxcmfomxsa32ugz6gg2vzdfid.onion\">Www. dvhdl7akyhos236m76re43nbggcvu5bkxcmfomxsa32ugz6gg2vzdfid. onion<\/a><\/p>\n","protected":false},"excerpt":{"rendered":"<p>cp chan LeyiEje76 Forum webcam teen porn ASIAN LOLITAS ASIAN YOUNG GIRLS CUTIE. Forum Webcam Teen MISSBRAUCH KIND UND FAMILIE VIDEOS. forum webcam teen videos BJ Puke BJ or Puke Girl Menstruation Child. Jailbait sandra kisterskaya porno, 9yo girls kopiert. foro webcam adolescente CHILD STREAM VIDEOS foro webcam adolescente. forum web kameras\u0131 teen EROTIC DVD [&hellip;]<\/p>\n","protected":false},"author":2,"featured_media":0,"parent":0,"menu_order":0,"comment_status":"closed","ping_status":"closed","template":"","meta":{"footnotes":""},"class_list":["post-822","page","type-page","status-publish","hentry"],"_links":{"self":[{"href":"https:\/\/www.optimiseconsulting.eu\/index.php\/wp-json\/wp\/v2\/pages\/822","targetHints":{"allow":["GET"]}}],"collection":[{"href":"https:\/\/www.optimiseconsulting.eu\/index.php\/wp-json\/wp\/v2\/pages"}],"about":[{"href":"https:\/\/www.optimiseconsulting.eu\/index.php\/wp-json\/wp\/v2\/types\/page"}],"author":[{"embeddable":true,"href":"https:\/\/www.optimiseconsulting.eu\/index.php\/wp-json\/wp\/v2\/users\/2"}],"replies":[{"embeddable":true,"href":"https:\/\/www.optimiseconsulting.eu\/index.php\/wp-json\/wp\/v2\/comments?post=822"}],"version-history":[{"count":0,"href":"https:\/\/www.optimiseconsulting.eu\/index.php\/wp-json\/wp\/v2\/pages\/822\/revisions"}],"wp:attachment":[{"href":"https:\/\/www.optimiseconsulting.eu\/index.php\/wp-json\/wp\/v2\/media?parent=822"}],"curies":[{"name":"wp","href":"https:\/\/api.w.org\/{rel}","templated":true}]}}