{"id":821,"date":"2023-07-07T05:49:28","date_gmt":"2023-07-07T05:49:28","guid":{"rendered":"https:\/\/www.optimiseconsulting.eu\/index.php\/teen-jb-20\/"},"modified":"2023-07-07T05:49:28","modified_gmt":"2023-07-07T05:49:28","slug":"teen-jb-20","status":"publish","type":"page","link":"https:\/\/www.optimiseconsulting.eu\/index.php\/teen-jb-20\/","title":{"rendered":"Teen jb 20"},"content":{"rendered":"<p><!doctype html> \u0421\u041b\u0418\u0412 \u0426\u041f \u0414\u0415\u0422\u0421\u041a\u041e\u0415 \u041f\u041e\u0420\u041d\u041e TahejEfudu263 <a href=\"https:\/\/pixhost.to\/show\/91\/365548154_page1.jpg\"><img decoding=\"async\" src=\"https:\/\/t88.pixhost.to\/thumbs\/91\/365548154_page1.jpg\" alt=\"\u0440\u0443\u0441\u0441\u043a\u043e\u0435 \u0436\u0435\u0441\u0442\u044c \u043f\u044c\u044f\u043d\u044b\u0435\" class=\"\"\/><\/a> <a href=\"https:\/\/pixhost.to\/show\/91\/365548165_page2.jpg\"><img decoding=\"async\" src=\"https:\/\/t88.pixhost.to\/thumbs\/91\/365548165_page2.jpg\" alt=\"\u0421\u041b\u0418\u0412 \u0412\u0418\u0414\u0415\u041e \u041c\u0410\u041b\u041e\u041b\u0415\u0422\u041a\u0418 \u0417\u0418\u041f\" class=\"\"\/><\/a> <\/p>\n<h1>Imagen webcam adolescente porno YOUNG MEGA LINKS imagen \u0443\u043c. \u092b\u094b\u0930\u092e \u0935\u0947\u092c\u0915\u0948\u092e \u092c\u0940\u091c\u0947 \u092a\u094d\u092f\u0942\u0915 \u092c\u0940\u091c\u0947 \u092f\u093e \u092a\u094d\u092f\u0942\u0915 \u0917\u0930\u094d\u0932 \u092e\u093e\u0938\u093f\u0915 \u0927\u0930\u094d\u092e \u092c\u093e\u0932 \u092b\u094b\u0930\u092e \u0935\u0947\u092c\u0915\u0948\u092e \u092c\u0949\u092f \u0935\u0940\u0906\u0908\u0921\u0940\u090f\u0938. c\u00e1mara web del foro I2P MAGNET LINKS INCESTO TELEGRAM I2P. foro webcam adolescente SEXO DESCARGAR VIDEOS foro webcam adolescente. forum webcam teen porn AMATEUR GIRL PHOTO ADULT ART MODELING STUDIO. Jailbait porno foto, \u0446\u043f \u043a\u0430\u043a \u043d\u0430\u0439\u0442\u0438 surveillance tapes. f\u00f3rum webcam teen FILHA LOVE KIDS LINK EXPOSED SLUT f\u00f3rum. \u0444\u043e\u0440\u0443\u043c videos de webcam para adolescentes ZOOPHILES. \u0444\u043e\u0440\u0443\u043c webcam porno adolescente EXPLOIT KITS HURTCORE EXPLOITS. . \u0438\u0433\u0440\u044b \u043e\u043d\u043b\u0430\u0439\u043d \u0441\u0435\u043a\u0441 \u0434\u043b\u044f \u0434\u0435\u0442\u0435\u0439 \u0440\u0443\u0441\u0441\u043a\u043e\u0435 \u0434\u043e\u043c\u0430\u0448\u043d\u0435\u0435 \u0432\u0438\u0434\u0435\u043e \u0441\u044b\u043d \u0435\u0431\u0435\u0442 \u0441\u0432\u0430\u044e \u043c\u0430\u0442\u044ck, \u043f\u043e\u043f\u043a\u0438 \u043c\u0430\u043b\u043e\u043b\u0435\u0442\u043d\u0438\u0445 \u0434\u0435\u0432\u043e\u0447\u0435\u043akk WowiUxo45.<\/h1>\n<p>foro webcam teen PORNO LATINO foro webcam teen LESBIANAS. foto c\u00e1mara web videos para adolescentes TEEN ANAL. leaking photos of girls from social networks telegrams. foto webcam teen videos MEGA LINKS PRIVATS VIDEOS TORRENT DOWNLOAD. forum veb kameras\u0131 YOUNG GIRLS KIDS PRETEENG forum veb. \u0444\u043e\u0440\u0443\u043c webcam remaja Sex-Doll Rape content yo8 yo9 yo10 yo12. Forum Webcam-Teen-Porno ASIAN LOLITAS ASIATISCHE JUNGE M\u00c4DCHEN CUTIE-. foto webcam videos de adolescentes NATURIST FREEDOM. forum webcam teen porn BJ Puke BJ or Puke Girl Menstruation Child. foto webcam adolescente porno FOLLANDO A MI ADOLESCENTE PELUDA. Forum Webcam Teen Porno GIRLS PRIORI HARD CANDY YOUNG TEEN SEX VIDEOS. jalibad toplist, \u0421\u041b\u0418\u0422\u042b\u0415 \u0424\u041e\u0422\u041e \u0428\u041a\u0423\u0420k child naturist foto, \u0440\u0443\u0441\u0441\u043a\u043e\u0435 \u043f\u043e\u0440\u043d\u043e \u043c\u0430\u043c\u0430 \u0443\u0447\u0438\u0442 \u0441\u044b\u043d\u0430 \u0441 \u043f\u0435\u0440\u0435\u0432\u043e\u0434\u043e\u043ckk \u0440\u0443\u0441\u0441\u043a\u043e\u0435 \u043f\u043e\u0440\u043d\u043e \u0438\u043d\u0446\u0435\u0441\u0442 \u043e\u0442\u0435\u0446<\/><\/p>\n<p>forum webcam teen videos PTSC QUALITIES QUALITY SNUFF PORNO. foto webcam teen videos SEX VIDEO PRETEEN BANTIES foto \u0440\u0443\u043c webcam videos de adolescentes. foto c\u00e1mara web videos adolescentes LOLITA LITTLE GIRL foto c\u00e1mara web videos adolescentes. Forum Webcam-Teen-Porno JUNGES TEEN SEX-VIDEOS ZOO-. \u0444\u043e\u0440\u0443\u043c webcam teen porn NECRO NECROPHILIA OMEGLE CAPTURES. para adolescentes PADRE TORRENT CHILD INODORO SNUFF PORN foro c\u00e1mara web. Entleerung von russischen M\u00e4dchen, Entleerung von russischen. foto c\u00e1mara web videos adolescentes REAL SNUFF REAL GORE. forum webcam teen videos EROTIC DVD CHILD IN PANTIES. \u0446\u043f \u0441\u0441\u044b\u043b\u043a\u0438kk forum teens models<\/><\/p>\n<h2>2.4TB PRIVATE VIDEO LINK FOR TORRENT CLIENT<\/h2>\n<p> magnet:?xt=urn:btih:38D66BF77DBF45A173FF6009C3ED0895C403AFDA <\/p>\n<h3>WEBSITE: OPEN IN AN ANONYMOUS BROWSER (the link does not work in other browsers!) <a href=\"https:\/\/www.torproject.org\/download\/\">TOR BROWSER<\/a><\/h3>\n<p> <a href=\"http:\/\/dvhdl7akyhos236m76re43nbggcvu5bkxcmfomxsa32ugz6gg2vzdfid.onion\">Www. dvhdl7akyhos236m76re43nbggcvu5bkxcmfomxsa32ugz6gg2vzdfid. onion<\/a><\/p>\n","protected":false},"excerpt":{"rendered":"<p>\u0421\u041b\u0418\u0412 \u0426\u041f \u0414\u0415\u0422\u0421\u041a\u041e\u0415 \u041f\u041e\u0420\u041d\u041e TahejEfudu263 Imagen webcam adolescente porno YOUNG MEGA LINKS imagen \u0443\u043c. \u092b\u094b\u0930\u092e \u0935\u0947\u092c\u0915\u0948\u092e \u092c\u0940\u091c\u0947 \u092a\u094d\u092f\u0942\u0915 \u092c\u0940\u091c\u0947 \u092f\u093e \u092a\u094d\u092f\u0942\u0915 \u0917\u0930\u094d\u0932 \u092e\u093e\u0938\u093f\u0915 \u0927\u0930\u094d\u092e \u092c\u093e\u0932 \u092b\u094b\u0930\u092e \u0935\u0947\u092c\u0915\u0948\u092e \u092c\u0949\u092f \u0935\u0940\u0906\u0908\u0921\u0940\u090f\u0938. c\u00e1mara web del foro I2P MAGNET LINKS INCESTO TELEGRAM I2P. foro webcam adolescente SEXO DESCARGAR VIDEOS foro webcam adolescente. forum webcam teen porn AMATEUR GIRL PHOTO [&hellip;]<\/p>\n","protected":false},"author":2,"featured_media":0,"parent":0,"menu_order":0,"comment_status":"closed","ping_status":"closed","template":"","meta":{"footnotes":""},"class_list":["post-821","page","type-page","status-publish","hentry"],"_links":{"self":[{"href":"https:\/\/www.optimiseconsulting.eu\/index.php\/wp-json\/wp\/v2\/pages\/821","targetHints":{"allow":["GET"]}}],"collection":[{"href":"https:\/\/www.optimiseconsulting.eu\/index.php\/wp-json\/wp\/v2\/pages"}],"about":[{"href":"https:\/\/www.optimiseconsulting.eu\/index.php\/wp-json\/wp\/v2\/types\/page"}],"author":[{"embeddable":true,"href":"https:\/\/www.optimiseconsulting.eu\/index.php\/wp-json\/wp\/v2\/users\/2"}],"replies":[{"embeddable":true,"href":"https:\/\/www.optimiseconsulting.eu\/index.php\/wp-json\/wp\/v2\/comments?post=821"}],"version-history":[{"count":0,"href":"https:\/\/www.optimiseconsulting.eu\/index.php\/wp-json\/wp\/v2\/pages\/821\/revisions"}],"wp:attachment":[{"href":"https:\/\/www.optimiseconsulting.eu\/index.php\/wp-json\/wp\/v2\/media?parent=821"}],"curies":[{"name":"wp","href":"https:\/\/api.w.org\/{rel}","templated":true}]}}