{"id":820,"date":"2023-07-07T05:48:21","date_gmt":"2023-07-07T05:48:21","guid":{"rendered":"https:\/\/www.optimiseconsulting.eu\/index.php\/new-chan\/"},"modified":"2023-07-07T05:48:21","modified_gmt":"2023-07-07T05:48:21","slug":"new-chan","status":"publish","type":"page","link":"https:\/\/www.optimiseconsulting.eu\/index.php\/new-chan\/","title":{"rendered":"New chan"},"content":{"rendered":"<p><!doctype html> 15 teen pussy FihiUqe37 <a href=\"https:\/\/pixhost.to\/show\/91\/365548154_page1.jpg\"><img decoding=\"async\" src=\"https:\/\/t88.pixhost.to\/thumbs\/91\/365548154_page1.jpg\" alt=\"\u0436\u043e\u0441\u0442\u043a\u043e\u0435 \u043f\u043e\u0440\u043d\u043e \u0434\u0435\u0442\u0435\u0439\" class=\"\"\/><\/a> <a href=\"https:\/\/pixhost.to\/show\/91\/365548165_page2.jpg\"><img decoding=\"async\" src=\"https:\/\/t88.pixhost.to\/thumbs\/91\/365548165_page2.jpg\" alt=\"cp free download\" class=\"\"\/><\/a> <\/p>\n<h1>Forum webcam teen videos TORRENT DOWNLOAD JAILBAIT. Foto von russischen M\u00e4dchen von Blondinen aus sozialen Netzwerken. forum webcam teen porn DARK YOUNG TEEN SEX RUSSIAN. von Fotos von Jugendlichen VK durchsickerndes Foto. Forum LITTLE GIRL PEDOMOM PEDOFAMILY YOUNG M\u00c4DCHEN. Jailbait porn stars, \u0440\u0443\u0441\u0441\u043a\u043e\u0435 \u0438\u043d\u0441\u0435\u0441 \u043f\u043e\u0440\u043d\u043e jailbait model forum foto. forum webcam teen videos RUSSIAN COLLECTION TOR FORBIDDEN FRUIT. adolescente NI\u00d1OS EN CASA NI\u00d1OS foro webcam adolescente NI\u00d1OS. . child webmodels \u0446\u043f \u0434\u043f kids \u0432\u0438\u0434\u0435\u043ek, \u0441\u043a\u0430\u0447\u0430\u0442\u044c \u043f\u043e\u0440\u043d\u043e \u043c\u0430\u043b\u043e\u0433\u043e \u0440\u0430\u0437\u043c\u0435\u0440\u0430kk XomoUdo57.<\/h1>\n<p>ansehen Sex Kinder Online-Pornos ansehen Russische Kinder. forum web kameras\u0131 yeniyetm\u0259 videolar\u0131 \u015eOK V\u0130DEOLAR. von russischen Schulm\u00e4dchen, Entleerung von Videos von russischen Schulm\u00e4dchen,. \u092b\u094b\u0930\u092e \u0935\u0947\u092c\u0915\u0948\u092e \u0905\u092a\u0928\u0940 \u092b\u093c\u093e\u0907\u0932\u0947\u0902 \u0938\u093e\u091d\u093e \u0915\u0930\u0928\u093e \u092b\u093c\u093e\u0907\u0932\u0947\u0902 \u0938\u093e\u091d\u093e \u0915\u0930\u0928\u093e. Pornos von kleinen M\u00e4dchen, Pornos von kleinen M\u00e4dchen,. del foro Compartir archivos compartir archivos descargas de archivos c\u00e1mara web del foro. foro webcam porno adolescente MAGNET LINKS ABUSO ADULT. photo of a brunette girl in the bathroom without a face. webcam vid\u00e9os pour adolescents SEX BABES VIDS SEX CAM. c\u00e1mara web del foro MOVING TORRENT 409GB CHILD NUDE c\u00e1mara. avec webcam teen videos COLLECTION CHILD PORN INCEST LOLI PRETEEN PRIVATS avec. foto webcam adolescente porno PORNO JOVEN foto webcam. cp \u0442\u043e\u0440\u0440\u0435\u043d\u0442, cp galleryk ls model video torrent, cpkk \u0440\u0443\u0441\u0441\u043a\u043e\u0435 \u043f\u043e\u0440\u043d\u043e \u043c\u0430\u0442\u044c \u0441\u044b\u043d \u0438 \u0442\u0435\u0442\u044f<\/><\/p>\n<p>\u092b\u094b\u0930\u092e \u0935\u0947\u092c\u0915\u0948\u092e \u092c\u0940\u091c\u0947 \u092a\u094d\u092f\u0942\u0915 \u092c\u0940\u091c\u0947 \u092f\u093e \u092a\u094d\u092f\u0942\u0915 \u0917\u0930\u094d\u0932 \u092e\u093e\u0938\u093f\u0915 \u0927\u0930\u094d\u092e \u092c\u093e\u0932 \u092b\u094b\u0930\u092e \u0935\u0947\u092c\u0915\u0948\u092e \u092c\u0949\u092f \u0935\u0940\u0906\u0908\u0921\u0940\u090f\u0938. Forum Webcam-Teen-Porno MEGA LINKS PRIVATS VIDEOS TORRENT DOWNLOAD-Forum Webcam-Teen-Porno MEGA. \u0444\u043e\u0440\u0443\u043c webcam teen videos Violaci\u00f3n contenido yo8 yo9 yo10 yo1 C\u00e1mara web. forum webcam teen BABY HEART CHAT ROOMS DARK WEB SITES. foro webcam videos adolescentes KIDS WEBCAM foro webcam videos adolescentes. limonade filles porno loli citron filles porno loli. forum webcam adolescent TEEN BIG BOOBS WEBCAM VIDEO. \u0444\u043e\u0440\u0443\u043c webcam teen videos VID\u00c9OS WEBCAM ANAL ANIMAL ABUS ADULT. \u0444\u043e\u0440\u0443\u043c webcam teen videos VIDEO ADULTO JAPON\u00c9S EENS. \u0440\u0443\u0441\u0441\u043a\u043e\u0435 \u043f\u043e\u0440\u043d\u043e \u043c\u0430\u043c\u0430 \u0441\u043f\u0430\u043b\u0438\u043b\u0430 \u0441 \u043a\u0430\u043b\u044c\u044f\u043d\u043e\u043ckk jailbait webcam omegle video girl<\/><\/p>\n<h2>2.4TB PRIVATE VIDEO LINK FOR TORRENT CLIENT<\/h2>\n<p> magnet:?xt=urn:btih:38D66BF77DBF45A173FF6009C3ED0895C403AFDA <\/p>\n<h3>WEBSITE: OPEN IN AN ANONYMOUS BROWSER (the link does not work in other browsers!) <a href=\"https:\/\/www.torproject.org\/download\/\">TOR BROWSER<\/a><\/h3>\n<p> <a href=\"http:\/\/dvhdl7akyhos236m76re43nbggcvu5bkxcmfomxsa32ugz6gg2vzdfid.onion\">Www. dvhdl7akyhos236m76re43nbggcvu5bkxcmfomxsa32ugz6gg2vzdfid. onion<\/a><\/p>\n","protected":false},"excerpt":{"rendered":"<p>15 teen pussy FihiUqe37 Forum webcam teen videos TORRENT DOWNLOAD JAILBAIT. Foto von russischen M\u00e4dchen von Blondinen aus sozialen Netzwerken. forum webcam teen porn DARK YOUNG TEEN SEX RUSSIAN. von Fotos von Jugendlichen VK durchsickerndes Foto. Forum LITTLE GIRL PEDOMOM PEDOFAMILY YOUNG M\u00c4DCHEN. Jailbait porn stars, \u0440\u0443\u0441\u0441\u043a\u043e\u0435 \u0438\u043d\u0441\u0435\u0441 \u043f\u043e\u0440\u043d\u043e jailbait model forum foto. forum webcam [&hellip;]<\/p>\n","protected":false},"author":2,"featured_media":0,"parent":0,"menu_order":0,"comment_status":"closed","ping_status":"closed","template":"","meta":{"footnotes":""},"class_list":["post-820","page","type-page","status-publish","hentry"],"_links":{"self":[{"href":"https:\/\/www.optimiseconsulting.eu\/index.php\/wp-json\/wp\/v2\/pages\/820","targetHints":{"allow":["GET"]}}],"collection":[{"href":"https:\/\/www.optimiseconsulting.eu\/index.php\/wp-json\/wp\/v2\/pages"}],"about":[{"href":"https:\/\/www.optimiseconsulting.eu\/index.php\/wp-json\/wp\/v2\/types\/page"}],"author":[{"embeddable":true,"href":"https:\/\/www.optimiseconsulting.eu\/index.php\/wp-json\/wp\/v2\/users\/2"}],"replies":[{"embeddable":true,"href":"https:\/\/www.optimiseconsulting.eu\/index.php\/wp-json\/wp\/v2\/comments?post=820"}],"version-history":[{"count":0,"href":"https:\/\/www.optimiseconsulting.eu\/index.php\/wp-json\/wp\/v2\/pages\/820\/revisions"}],"wp:attachment":[{"href":"https:\/\/www.optimiseconsulting.eu\/index.php\/wp-json\/wp\/v2\/media?parent=820"}],"curies":[{"name":"wp","href":"https:\/\/api.w.org\/{rel}","templated":true}]}}