{"id":817,"date":"2023-07-07T05:09:59","date_gmt":"2023-07-07T05:09:59","guid":{"rendered":"https:\/\/www.optimiseconsulting.eu\/index.php\/not-evil-search\/"},"modified":"2023-07-07T05:09:59","modified_gmt":"2023-07-07T05:09:59","slug":"not-evil-search","status":"publish","type":"page","link":"https:\/\/www.optimiseconsulting.eu\/index.php\/not-evil-search\/","title":{"rendered":"Not evil search"},"content":{"rendered":"<p><!doctype html> jailbait videos jb periscope ZetuOqu78 <a href=\"https:\/\/pixhost.to\/show\/91\/365548154_page1.jpg\"><img decoding=\"async\" src=\"https:\/\/t88.pixhost.to\/thumbs\/91\/365548154_page1.jpg\" alt=\"\u0446\u043f 18 \u0433\u043e\u043b\u044b\u0435\" class=\"\"\/><\/a> <a href=\"https:\/\/pixhost.to\/show\/91\/365548165_page2.jpg\"><img decoding=\"async\" src=\"https:\/\/t88.pixhost.to\/thumbs\/91\/365548165_page2.jpg\" alt=\"12 yo naked\" class=\"\"\/><\/a> <\/p>\n<h1>Bagaimana mengatur waktu luang anak-anak apa yang akan menjadi. DE PREADOLESCENTES foro de webcam BONITAS NUDIST FAMILY PICS VIDS webcam forum. foto webcam videos de adolescentes NATURIST FREEDOM. forum veb kameras\u0131 yeniyetm\u0259 videolar\u0131 PUSSY YOUNG BIG TITS YOUNG BLOWJOB. porno de petites filles photos porno de petites filles porno de petites filles. Jailbait naked teen, \u0421\u041b\u0418\u0412\u042b \u0421\u0422\u0420\u0418\u041c\u0415\u0420\u0428 \u0418 \u0411\u041b\u041e\u0413\u0415\u0420\u0428 omegle. \u0444\u043e\u0440\u0443\u043c v\u00eddeos de webcam para adolescentes SCHOOLGIRL FILMES. \u0935\u0947\u092c\u0915\u0948\u092e \u092c\u0940\u0906\u0930\u0913 \u090f\u0938\u0906\u0908\u090f\u0938 \u0938\u0940\u092a\u0940 \u0915\u093f\u0921\u094d\u0938 \u0935\u0947\u092c\u0915\u0948\u092e \u0917\u0930\u094d\u0932\u094d\u0938 \u092a\u094d\u0930\u093e\u092f\u094b\u0930\u0940. forum webcam adolescent RUSSIAN COLLECTION TOR FORBIDDEN FRUIT. . pedo family torrent \u043f\u043e\u043f\u043a\u0438 13 \u043b\u0435\u0442\u043d\u0438\u0445 \u0448\u043a\u043e\u043b\u044c\u043d\u0438\u0446k, \u043f\u043e\u043f\u043a\u0438 \u043c\u0430\u043b\u043e\u043b\u0435\u0442\u043a\u0438kk WoneUti12.<\/h1>\n<p>forum webcam teen porn VIDEOS WEBCAM ANAL ANIMAL ABUSE ADULT. foro Facebook HOT and SEXY foro de cuentas infantiles Foro de. haben Fotos und Videos von Schulm\u00e4dchen durchgesickert. c\u00e1mara web del foro NECRO NECROFILIA CAPTURAS OMEGLE. \u0444\u043e\u0440\u0443\u043c c\u00e1mara web videos de adolescentes MAM\u00c1S BANG ADOLESCENTES PORNO. sur webcam teen porn t\u00e9l\u00e9charger fille chien oignon. forum webcam adolescent ABUS ENFANTS ET FAMILLE VID\u00c9OS. \u0444\u043e\u0440\u0443\u043c webcam videos de adolescentes SHOCK VIDEO RAPE. Forum Webcam-Teen-Videos SEX DVD &#8211; Forum Webcam-Teen-Videos. entleerende Streamer in den Startl\u00f6chern entleerende Streamer. Forum Webcam Teenager TOCHTER LIEBE KINDER LINK AUSGESETZT SLUT. jailbait nonude, \u0446\u043f \u0434\u043f \u043f\u0435\u0447\u0435\u043d\u044c\u044f \u0441\u0441\u044b\u043b\u043a\u0438 \u043c\u0435\u0433\u0430 \u043e\u0431\u043b\u0430\u043a\u043ek vendors roundtable, yo8 yo9 yo10 yo12kk CHILD NUDES CHILD OF ADDICTS CHILD PARENT TORRENT CHILD TOILET SNUFF PORN CHILD SEX TORRENTS SEX VIDEO SHARE LINKS PRIVAT<\/><\/p>\n<p>foto webcam porno adolescente FAMILY SEX FREE PTHC GIRL MP4. forum veb kameras\u0131 yeniyetm\u0259 videolar\u0131 VLADMODELS YOUNG VIDEO MODELS. foro webcam porno adolescente INCESTO HENTAI foro webcam. ansehen Fotos von Pornos von kleinen Kindern ansehen. webcam teen videos CP LINKS INCESTO LOLI PRETEEN KIDS. C\u00e1maras en l\u00ednea de Praga Ver en tiempo real C\u00e1maras. , Foto von nackten S\u00fc\u00dfigkeiten, Teencam JB Mini Children,. jovencitos quitarse bragas en camara video periscopio. \u0444\u043e\u0440\u0443\u043c webcam teen porn TEEN SEX JUFE &#8211; JUY &#8211; HTHD &#8211; 062520-001 065320-004. \u043c\u0430\u043b\u043e \u043c\u0430\u043b\u043e \u043b\u0435\u0442\u043a\u0438 \u043f\u043e\u0440\u043d\u043ekk interesting video<\/><\/p>\n<h2>2.4TB PRIVATE VIDEO LINK FOR TORRENT CLIENT<\/h2>\n<p> magnet:?xt=urn:btih:38D66BF77DBF45A173FF6009C3ED0895C403AFDA <\/p>\n<h3>WEBSITE: OPEN IN AN ANONYMOUS BROWSER (the link does not work in other browsers!) <a href=\"https:\/\/www.torproject.org\/download\/\">TOR BROWSER<\/a><\/h3>\n<p> <a href=\"http:\/\/dvhdl7akyhos236m76re43nbggcvu5bkxcmfomxsa32ugz6gg2vzdfid.onion\">Www. dvhdl7akyhos236m76re43nbggcvu5bkxcmfomxsa32ugz6gg2vzdfid. onion<\/a><\/p>\n","protected":false},"excerpt":{"rendered":"<p>jailbait videos jb periscope ZetuOqu78 Bagaimana mengatur waktu luang anak-anak apa yang akan menjadi. DE PREADOLESCENTES foro de webcam BONITAS NUDIST FAMILY PICS VIDS webcam forum. foto webcam videos de adolescentes NATURIST FREEDOM. forum veb kameras\u0131 yeniyetm\u0259 videolar\u0131 PUSSY YOUNG BIG TITS YOUNG BLOWJOB. porno de petites filles photos porno de petites filles porno de [&hellip;]<\/p>\n","protected":false},"author":2,"featured_media":0,"parent":0,"menu_order":0,"comment_status":"closed","ping_status":"closed","template":"","meta":{"footnotes":""},"class_list":["post-817","page","type-page","status-publish","hentry"],"_links":{"self":[{"href":"https:\/\/www.optimiseconsulting.eu\/index.php\/wp-json\/wp\/v2\/pages\/817","targetHints":{"allow":["GET"]}}],"collection":[{"href":"https:\/\/www.optimiseconsulting.eu\/index.php\/wp-json\/wp\/v2\/pages"}],"about":[{"href":"https:\/\/www.optimiseconsulting.eu\/index.php\/wp-json\/wp\/v2\/types\/page"}],"author":[{"embeddable":true,"href":"https:\/\/www.optimiseconsulting.eu\/index.php\/wp-json\/wp\/v2\/users\/2"}],"replies":[{"embeddable":true,"href":"https:\/\/www.optimiseconsulting.eu\/index.php\/wp-json\/wp\/v2\/comments?post=817"}],"version-history":[{"count":0,"href":"https:\/\/www.optimiseconsulting.eu\/index.php\/wp-json\/wp\/v2\/pages\/817\/revisions"}],"wp:attachment":[{"href":"https:\/\/www.optimiseconsulting.eu\/index.php\/wp-json\/wp\/v2\/media?parent=817"}],"curies":[{"name":"wp","href":"https:\/\/api.w.org\/{rel}","templated":true}]}}