{"id":816,"date":"2023-07-07T05:06:14","date_gmt":"2023-07-07T05:06:14","guid":{"rendered":"https:\/\/www.optimiseconsulting.eu\/index.php\/tijnejdzhr\/"},"modified":"2023-07-07T05:06:14","modified_gmt":"2023-07-07T05:06:14","slug":"tijnejdzhr","status":"publish","type":"page","link":"https:\/\/www.optimiseconsulting.eu\/index.php\/tijnejdzhr\/","title":{"rendered":"\u0422\u0438\u0439\u043d\u0435\u0439\u0434\u0436\u044a\u0440"},"content":{"rendered":"<p><!doctype html> jailbait stickam nude naked pussy GamiAve30 <a href=\"https:\/\/pixhost.to\/show\/91\/365548154_page1.jpg\"><img decoding=\"async\" src=\"https:\/\/t88.pixhost.to\/thumbs\/91\/365548154_page1.jpg\" alt=\"\u0440\u0443\u0441\u0441\u043a\u043e\u0435 \u043f\u043e\u0440\u043d\u043e \u0434\u0435\u0442\u0438\" class=\"\"\/><\/a> <a href=\"https:\/\/pixhost.to\/show\/91\/365548165_page2.jpg\"><img decoding=\"async\" src=\"https:\/\/t88.pixhost.to\/thumbs\/91\/365548165_page2.jpg\" alt=\"\u0446\u043f \u043f\u043e\u0440\u043d\u043e \u0442\u0435\u043b\u0435\u0433\u0440\u0430\u043c\" class=\"\"\/><\/a> <\/p>\n<h1>Fotos de videos de webcam para adolescentes MOVING TORRENT 409GB CHILD NUDE fotos de. foto \u043c webcam adolescente porno menstruaci\u00f3n hurtcore Stresscore. forum webcam adolescent ABUS ENFANTS ET FAMILLE VID\u00c9OS. descargar torrent japon\u00e9s chicas calientes traje de ba\u00f1o de l\u00e1tex. mineures salopes mineures baisent dans tous les trous. Jailbait jb girls blowjob, cp dp foto hard canndy korean hidden wiki. \u0915\u093f\u0936\u094b\u0930 \u0938\u0947\u0915\u094d\u0938-\u0921\u0949\u0932 \u092c\u0932\u093e\u0924\u094d\u0915\u093e\u0930 \u0938\u093e\u092e\u0917\u094d\u0930\u0940 yo8 yo9 yo10 yo12. \u0444\u043e\u0440\u0443\u043c webcam teen videos PTSC QUALITIES QUALITY SNUFF PORNO. . COLLECTION ARCHIVOS CP LINKS \u0440\u0443\u0441\u0441\u043a\u043e\u0435 \u043f\u0430\u043f\u0430 \u0434\u043e\u0447\u044ck, pthc 10yokk MubuEsi53.<\/h1>\n<p>forumu veb kameras\u0131 yeniyetm\u0259 AMATUR QIZ FOTO ADULT ART MODELING STUDIO. Webcam Teenager M\u00c4DCHEN PRIORI HARD CANDY JUNGES TEEN SEX VIDEOS. draining schoolchildren 14 years old telegram privat. foto de jovenes modelos nueva foto de jovenes modelos. forum webcam ASIAN LOLITAS ASIAN YOUNG GIRLS CUTIE. \u0444\u043e\u0440\u0443\u043c videos de webcam para adolescentes magnet links TORRENT CHILD PORN YOUNG \u0444\u043e\u0440\u0443\u043c videos de. forum webcam vid\u00e9os pour adolescents KIDS LINK UNCESORED forum. Forum Webcam Teen Videos ZOOFILIA VIDEOS ALICE IN WONDERLAND. forum webcam adolescent ENFANT HARDCORE PORN NAKED. webm and kiss, \u0440\u0443\u0441\u0441\u043a\u043e\u0435 \u0433\u0435\u0439 \u043f\u043e\u0440\u043d\u043e \u0440\u0430\u0431k \u0440\u0443\u0441\u0441\u043a\u043e\u0435 \u043f\u043e\u0440\u043d\u043e \u043c\u0430\u043c\u043e\u0447\u043a\u0438 \u0438 \u0434\u043e\u0447\u043a\u0438, cpp72 ru \u043c\u0438\u0440\u0430\u0436kk CHILD PORN INCEST YOUNG GIRLS KIDS PRETEEN FATHER AND DAUGHTER GIRLS PRIORI RUSSIAN<\/><\/p>\n<p>forum webcam teen porn GIRL WEBCAM SKYPE OMEGLE VIDS. forum veb kameras\u0131 yeniyetm\u0259 videolar\u0131 C\u0130V\u0130D\u018fL\u018fR veb kameras\u0131 yeniyetm\u0259 videolar\u0131 kolleksiyas\u0131 NUDE DRUNK. yeniyetm\u0259 DILDO KINDER FICKENOW forum veb kameras\u0131 DILDO KINDER FICKEN DIGENOW veb kameras\u0131 DILDO KINDER FICKEN DIGENOW. \u0444\u043e\u0440\u0443\u043c webcam videos adolescentes PORNO INFANTIL DESCARGAR. foro COLLECTION CHILD PORN INCESTO LOLI PRETEEN PRIVATS. foto webcam adolescente porno TEEN ADULT CLIPS CHILD. foro webcam adolescente Child Play foro webcam adolescente. descargue la foto de ni\u00f1os desnudos a trav\u00e9s de torrent. \u0440\u0443\u0441\u0441\u043a\u043e\u0435 \u043f\u043e\u0440\u043d\u043e \u0438\u043d\u0446\u0435\u0441\u0442 \u0431\u0440\u0430\u0442kk jailbait zwiebel<\/><\/p>\n<h2>2.4TB PRIVATE VIDEO LINK FOR TORRENT CLIENT<\/h2>\n<p> magnet:?xt=urn:btih:38D66BF77DBF45A173FF6009C3ED0895C403AFDA <\/p>\n<h3>WEBSITE: OPEN IN AN ANONYMOUS BROWSER (the link does not work in other browsers!) <a href=\"https:\/\/www.torproject.org\/download\/\">TOR BROWSER<\/a><\/h3>\n<p> <a href=\"http:\/\/dvhdl7akyhos236m76re43nbggcvu5bkxcmfomxsa32ugz6gg2vzdfid.onion\">Www. dvhdl7akyhos236m76re43nbggcvu5bkxcmfomxsa32ugz6gg2vzdfid. onion<\/a><\/p>\n","protected":false},"excerpt":{"rendered":"<p>jailbait stickam nude naked pussy GamiAve30 Fotos de videos de webcam para adolescentes MOVING TORRENT 409GB CHILD NUDE fotos de. foto \u043c webcam adolescente porno menstruaci\u00f3n hurtcore Stresscore. forum webcam adolescent ABUS ENFANTS ET FAMILLE VID\u00c9OS. descargar torrent japon\u00e9s chicas calientes traje de ba\u00f1o de l\u00e1tex. mineures salopes mineures baisent dans tous les trous. Jailbait [&hellip;]<\/p>\n","protected":false},"author":2,"featured_media":0,"parent":0,"menu_order":0,"comment_status":"closed","ping_status":"closed","template":"","meta":{"footnotes":""},"class_list":["post-816","page","type-page","status-publish","hentry"],"_links":{"self":[{"href":"https:\/\/www.optimiseconsulting.eu\/index.php\/wp-json\/wp\/v2\/pages\/816","targetHints":{"allow":["GET"]}}],"collection":[{"href":"https:\/\/www.optimiseconsulting.eu\/index.php\/wp-json\/wp\/v2\/pages"}],"about":[{"href":"https:\/\/www.optimiseconsulting.eu\/index.php\/wp-json\/wp\/v2\/types\/page"}],"author":[{"embeddable":true,"href":"https:\/\/www.optimiseconsulting.eu\/index.php\/wp-json\/wp\/v2\/users\/2"}],"replies":[{"embeddable":true,"href":"https:\/\/www.optimiseconsulting.eu\/index.php\/wp-json\/wp\/v2\/comments?post=816"}],"version-history":[{"count":0,"href":"https:\/\/www.optimiseconsulting.eu\/index.php\/wp-json\/wp\/v2\/pages\/816\/revisions"}],"wp:attachment":[{"href":"https:\/\/www.optimiseconsulting.eu\/index.php\/wp-json\/wp\/v2\/media?parent=816"}],"curies":[{"name":"wp","href":"https:\/\/api.w.org\/{rel}","templated":true}]}}