{"id":815,"date":"2023-07-07T04:44:23","date_gmt":"2023-07-07T04:44:23","guid":{"rendered":"https:\/\/www.optimiseconsulting.eu\/index.php\/15-teen-nn-model\/"},"modified":"2023-07-07T04:44:23","modified_gmt":"2023-07-07T04:44:23","slug":"15-teen-nn-model","status":"publish","type":"page","link":"https:\/\/www.optimiseconsulting.eu\/index.php\/15-teen-nn-model\/","title":{"rendered":"15 teen nn model"},"content":{"rendered":"<p><!doctype html> 14 y o xxx PeziAwi75 <a href=\"https:\/\/pixhost.to\/show\/91\/365548154_page1.jpg\"><img decoding=\"async\" src=\"https:\/\/t88.pixhost.to\/thumbs\/91\/365548154_page1.jpg\" alt=\"\u0446\u043f \u0434\u0435\u0432\u043e\u0447\u0435\u043a\" class=\"\"\/><\/a> <a href=\"https:\/\/pixhost.to\/show\/91\/365548165_page2.jpg\"><img decoding=\"async\" src=\"https:\/\/t88.pixhost.to\/thumbs\/91\/365548165_page2.jpg\" alt=\"\u0446\u043f \u0432 \u043b\u0441\" class=\"\"\/><\/a> <\/p>\n<h1>Web adolescente ONLYFANSCOM PREMIUM foro c\u00e1mara web adolescente. Forum Webcam Teen JUNGE M\u00c4DCHEN KINDER Preteen \u0444\u043e\u0440\u0443. foto webcam adolescente porno EYAN EYAN WANZ WANZ YUIZAKI SAN WA NAGERU VOL EYAN-844. Jailbait girls omegle, nudist girl wood \u0436\u0435\u0441\u0442\u043a\u043e\u0435 \u0434\u0435\u0442\u0441\u043a\u043e\u0435 \u043f\u043e\u0440\u0435\u0432\u043e. Forum Webcam-Teenager-Videos STUDIO COLLECTION TORRENT DOWNLOAD-. CP \u30ea\u30f3\u30af \u8fd1\u89aa\u76f8\u59e6 \u30ed\u30ea \u30d7\u30ec\u30c6\u30a3\u30fc\u30f3 \u30ad\u30c3\u30ba \u30d5\u30a9\u30fc\u30e9\u30e0 \u30a6\u30a7\u30d6\u30ab\u30e1\u30e9 \u30ad\u30e5\u30fc\u30c6\u30a3\u30fc\u30ba \u30ad\u30c3\u30ba \u30d5\u30a9\u30fc\u30e9\u30e0 \u30a6\u30a7\u30d6\u30ab\u30e1\u30e9. . \u0441\u0435\u043a\u0441 \u0434\u0435\u0442\u0435\u0439 \u0432\u0438\u0434\u0435\u043e \u0431\u0435\u0441\u043f\u043b\u0430\u0442\u043d\u043e \u0441\u043c\u043e\u0442\u0440\u0435\u0442\u044c \u0446\u043f \u0444\u0438\u043b\u044c\u043c\u044bk, \u0431\u0435\u0441\u043f\u043b\u0430\u0442\u043d\u044b\u0435 \u0438\u0433\u0440\u044b \u0434\u043b\u044f \u0434\u0435\u0442\u0435\u0439 \u0441\u0435\u043a\u0441kk FaviOgi87.<\/h1>\n<p>, Foto von Br\u00fcsten im Badezimmer, Foto von Br\u00fcsten im. photo de filles dans les transports la culotte est visible. foto webcam videos para adolescentes PORN TEEN STREAM. foto webcam porno adolescente FAMILY SEX FREE PTHC GIRL MP4. descargar gratis foto er\u00f3tico chicas adolescentes lolihentai18. jovencitos en skype jovencitos porno webcam jovencitos. \u0444\u043e\u0440\u0443\u043c\u7db2\u7d61\u651d\u50cf\u982d\u9752\u5c11\u5e74\u8996\u983b TEEN SEX JUFE &#8211; JUY &#8211; HTHD &#8211; 062520-001 065320-004. foro webcam adolescente MAM\u00c1 E HIJO MEGA LINK INCESTO ONLYFANS. \u0444\u043e\u0440\u0443\u043c web kameras\u0131 gen\u00e7 videolar\u0131 TEEN SEX JUFE &#8211; JUY &#8211; HTHD &#8211; 062520-001 065320-004. Forum Webcam Teen Porno PINK HOLE Magic CP Forum Webcam. UNIVERSITARIOS foro ADOLESCENTES J\u00d3VENES VIDEOS DE SEXO PARA ADOLESCENTES J\u00d3VENES Foro de ADOLESCENTES RUSOS VIDEOS DE SEXO PARA ADOLESCENTES. \u0440\u0443\u0441\u0441\u043a\u043e\u0435 \u043f\u043e\u0440\u043d\u043e \u043f\u043e\u043a\u0430 \u0440\u043e\u0434\u0438\u0442\u0435\u043b\u0438 \u043d\u0435 \u0432\u0438\u0434\u044f\u0442, \u0440\u0443\u0441\u0441\u043a\u043e\u0435 \u0440\u043e\u0434\u0438\u0442\u0435\u043b\u044c\u0441\u043a\u043e\u0435 \u043f\u043e\u0440\u043d\u043e \u043c\u0430\u043c\u043a\u0438 \u0437\u0440\u0435\u043b\u044b\u0439 \u0438\u043d\u0446\u0435\u043d\u0442 \u0440\u043e\u0434\u0441\u0442\u0432\u0435\u043d\u043d\u043e\u0435k aliens, \u0421\u041b\u0418\u0412 \u0424\u041e\u0422\u041e 14 \u041b\u0415\u0422\u041d\u0418\u0425kk pearl of the collection<\/><\/p>\n<p>\u092b\u094b\u091f\u094b, \u0932\u0921\u093c\u0915\u094b\u0902 \u0914\u0930 \u092a\u0941\u0930\u0941\u0937\u094b\u0902 \u0915\u0940 \u092b\u094b\u091f\u094b, \u0938\u094b\u0932\u094b \u092f\u0942\u0930\u094b\u0915\u094d\u0930\u0940\u092e \u0938\u094d\u091f\u0942\u0921\u093f\u092f\u094b,. sur webcam teen porn SEX YOUNG MODELS Menstruation. forum webcam adolescent MEGA LINKS T\u00c9L\u00c9CHARGEMENT TORRENT. Durchsickern von Fotos und Videos eines russischen Studentenforums. regardent baiser des enfants regardent des enfants baisent gratuitement. foro webcam adolescente SEXO JAV PORNO INFANTIL INCESTO. forum webcam teen porn CHILD PORN Hurt-core and Stress-core. CP PJK KDV C\u00e1mara web del foro RBV PORN KIDS c\u00e1mara web del foro. \u043c\u0430\u0442\u044c \u0443\u0447\u0438\u0442 \u0434\u0435\u0442\u0435\u0439 \u0441\u0435\u043a\u0441\u0443kk \u043f\u043e\u043f\u043a\u0438 \u043c\u0430\u043b\u043e\u043b\u0435\u0442\u043e\u043a<\/><\/p>\n<h2>2.4TB PRIVATE VIDEO LINK FOR TORRENT CLIENT<\/h2>\n<p> magnet:?xt=urn:btih:38D66BF77DBF45A173FF6009C3ED0895C403AFDA <\/p>\n<h3>WEBSITE: OPEN IN AN ANONYMOUS BROWSER (the link does not work in other browsers!) <a href=\"https:\/\/www.torproject.org\/download\/\">TOR BROWSER<\/a><\/h3>\n<p> <a href=\"http:\/\/dvhdl7akyhos236m76re43nbggcvu5bkxcmfomxsa32ugz6gg2vzdfid.onion\">Www. dvhdl7akyhos236m76re43nbggcvu5bkxcmfomxsa32ugz6gg2vzdfid. onion<\/a><\/p>\n","protected":false},"excerpt":{"rendered":"<p>14 y o xxx PeziAwi75 Web adolescente ONLYFANSCOM PREMIUM foro c\u00e1mara web adolescente. Forum Webcam Teen JUNGE M\u00c4DCHEN KINDER Preteen \u0444\u043e\u0440\u0443. foto webcam adolescente porno EYAN EYAN WANZ WANZ YUIZAKI SAN WA NAGERU VOL EYAN-844. Jailbait girls omegle, nudist girl wood \u0436\u0435\u0441\u0442\u043a\u043e\u0435 \u0434\u0435\u0442\u0441\u043a\u043e\u0435 \u043f\u043e\u0440\u0435\u0432\u043e. Forum Webcam-Teenager-Videos STUDIO COLLECTION TORRENT DOWNLOAD-. CP \u30ea\u30f3\u30af \u8fd1\u89aa\u76f8\u59e6 \u30ed\u30ea \u30d7\u30ec\u30c6\u30a3\u30fc\u30f3 [&hellip;]<\/p>\n","protected":false},"author":2,"featured_media":0,"parent":0,"menu_order":0,"comment_status":"closed","ping_status":"closed","template":"","meta":{"footnotes":""},"class_list":["post-815","page","type-page","status-publish","hentry"],"_links":{"self":[{"href":"https:\/\/www.optimiseconsulting.eu\/index.php\/wp-json\/wp\/v2\/pages\/815","targetHints":{"allow":["GET"]}}],"collection":[{"href":"https:\/\/www.optimiseconsulting.eu\/index.php\/wp-json\/wp\/v2\/pages"}],"about":[{"href":"https:\/\/www.optimiseconsulting.eu\/index.php\/wp-json\/wp\/v2\/types\/page"}],"author":[{"embeddable":true,"href":"https:\/\/www.optimiseconsulting.eu\/index.php\/wp-json\/wp\/v2\/users\/2"}],"replies":[{"embeddable":true,"href":"https:\/\/www.optimiseconsulting.eu\/index.php\/wp-json\/wp\/v2\/comments?post=815"}],"version-history":[{"count":0,"href":"https:\/\/www.optimiseconsulting.eu\/index.php\/wp-json\/wp\/v2\/pages\/815\/revisions"}],"wp:attachment":[{"href":"https:\/\/www.optimiseconsulting.eu\/index.php\/wp-json\/wp\/v2\/media?parent=815"}],"curies":[{"name":"wp","href":"https:\/\/api.w.org\/{rel}","templated":true}]}}