{"id":814,"date":"2023-07-07T04:26:44","date_gmt":"2023-07-07T04:26:44","guid":{"rendered":"https:\/\/www.optimiseconsulting.eu\/index.php\/privat-video\/"},"modified":"2023-07-07T04:26:44","modified_gmt":"2023-07-07T04:26:44","slug":"privat-video","status":"publish","type":"page","link":"https:\/\/www.optimiseconsulting.eu\/index.php\/privat-video\/","title":{"rendered":"\u041f\u0440\u0438\u0432\u0430\u0442 \u0432\u0438\u0434\u0435\u043e"},"content":{"rendered":"<p><!doctype html> \u0440\u0443\u0441\u0441\u043a\u043e\u0435 \u043f\u043e\u0440\u043d\u043e \u043f\u043e\u0436\u0430\u043b\u0443\u0439\u0441\u0442\u0430 \u043d\u0435 \u043d\u0430\u0434\u043e SoluEde93 <a href=\"https:\/\/pixhost.to\/show\/91\/365548154_page1.jpg\"><img decoding=\"async\" src=\"https:\/\/t88.pixhost.to\/thumbs\/91\/365548154_page1.jpg\" alt=\"\u0440\u0443\u0441\u0441\u043a\u043e\u0435 \u043f\u043e\u0440\u043d\u043e \u0441\u044b\u043d \u0435\u0431\u0435\u0442 \u043c\u0430\u0442\u044c \u043e\u0442\u0435\u0446 \u0441\u043c\u043e\u0442\u0440\u0438\u0442\" class=\"\"\/><\/a> <a href=\"https:\/\/pixhost.to\/show\/91\/365548165_page2.jpg\"><img decoding=\"async\" src=\"https:\/\/t88.pixhost.to\/thumbs\/91\/365548165_page2.jpg\" alt=\"\u0440\u0443\u0441\u0441\u043a\u043e\u0435 \u0434\u043e\u043c\u0430\u0448\u043d\u0435\u0435 \u043f\u043e\u0440\u043d\u043e \u043d\u0430\u0435\u0437\u0434\u043d\u0438\u0446\u0430\" class=\"\"\/><\/a> <\/p>\n<h1>\u092a\u0947\u0930\u093f\u0938\u094d\u0915\u094b\u092a \u092e\u0947\u0902 \u0938\u094d\u0924\u0928 \u0914\u0930 \u092f\u094b\u0928\u0940 \u0926\u093f\u0916\u093e\u0924\u0940 \u0939\u0948, \u092a\u0947\u0930\u093f\u0938\u094d\u0915\u094b\u092a \u092e\u0947\u0902 \u092f\u0941\u0935\u093e,. forum veb kameras\u0131 yeniyetm\u0259 porno TEEN SEX JUFE &#8211; JUY &#8211; HTHD &#8211; 062520-001 065320-004. videos videos de adolescentes webcam GIRL WEBCAM SKYPE OMEGLE VIDS. forum webcam teen porn TORRENT CHILDREN PRIVATE VIDEO. Forum Webcam-Teenager-Videos DARK YOUNG TEEN SEX RUSSIAN. Jailbait gay forum, pedo links onion \u0440\u0443\u0441\u0441\u043a\u043e\u0435 \u043f\u043e\u0440\u043d\u043e \u0441\u043e \u0437\u0440\u0435\u043b\u044b\u043c\u0438 \u0436\u0435\u043d\u0449\u0438\u043d\u0430\u043c\u0438 \u0437\u0430 45. forum webcam teen porn MAGNET LINKS CP HEBE OMEGLE VIDS. \u0444\u043e\u0440\u0443\u043c webcam teen videos SEX JAV CHILD PORN INCEST. Forum Webcam Teenager HARD CANDY HEISSES TEEN LOLITA. . \u0440\u0443\u0441\u0441\u043a\u043e\u0435 \u043f\u043e\u0440\u043d\u043e \u0432\u0438\u0434\u0435\u043e \u0441 \u043c\u0430\u043b\u0435\u043d\u044c\u043a\u0438\u043c\u0438 \u0434\u0435\u0432\u043e\u0447\u043a\u0430\u043c\u0438 \u0440\u0443\u0441\u0441\u043a\u043e\u0435 \u0434\u0435\u0442\u0441\u043a\u043e\u0435 \u043f\u043e\u0440\u043d\u043ek, \u043f\u043e\u043f\u043a\u0438 \u044e\u043d\u044b\u0445 \u0434\u0435\u0432\u043e\u0447\u0435\u043akk ViweEhi64.<\/h1>\n<p>co\u00f1o peque\u00f1o vladmodel cp ls adolescentes peque\u00f1os. foro webcam teen PORNO LATINO foro webcam teen LESBIANAS. Forum Webcam Teen Videos WEB CAMS SEX PERSONALS VIDEO. \u0444\u043e\u0440\u0443\u043c web kameras\u0131 gen\u00e7 pornosu EROTIC DVD CHILD IN PANTIES \u0444\u043e\u0440\u0443\u043c. forum veb kameras\u0131 COLLECTION CHILD PORN INCEST LOLI PRETEEN PRIVATS. \u0444\u043e\u0440\u0443\u043c videos de webcam para adolescentes ZOOPHILES ZOOPHILIA BEAST. \u0444\u043e\u0440\u0443\u043c webcam videos de adolescentes DARKNET VIDEOS. \u0444\u043e\u0440\u0443\u043c webcam porno adolescente VIDEOS XXX CP PORNO INFANTIL. \u0444\u043e\u0440\u0443\u043c web kameras\u0131 gen\u00e7 Sex-Doll Tecav\u00fcz i\u00e7eri\u011fi yo8 yo9 yo10 yo12. gay hd, \u043f\u0435\u0434\u043ek NEW VIDEO AND PHOTO VIDEO ARCHIVEN, \u0444\u043e\u0442\u043e \u043f\u0438\u0441\u044c\u043a\u0438 \u043c\u0430\u043b\u0435\u043d\u044c\u043a\u0438\u0445 \u0434\u0435\u0442\u0435\u0439kk black pages<\/><\/p>\n<p>videos de adolescentes MAM\u00c1 E HIJO MEGA LINK INCESTO ONLYFANS. forum webcam ado NUDISTE NATURISME CHATTE VK RU ANAL. c\u00e1mara web del foro TEEN FUCKED c\u00e1mara web del foro TEEN. de uma menina de 18 anos de uma menina de 19 anos sem rosto. avec webcam teen videos PRIVAT COLLECTION DOWNLOAD avec. forum webcam teen porn MOM AND SON MEGA LINK INCEST ONLYFANS. videos de adolescentes MODELOS INFANTILES DESCARGAR. webcam PRETEEN PRIVATS forum webcam PRETEEN VID\u00c9OS PARTAG\u00c9ES. \u041f\u041e\u0420\u041d\u041e \u0421 \u041c\u0410\u041b\u041e\u041b\u0415\u0422\u041a\u0410\u041c\u0418kk 2.4TB ARCHIVOS BUCH<\/><\/p>\n<h2>2.4TB PRIVATE VIDEO LINK FOR TORRENT CLIENT<\/h2>\n<p> magnet:?xt=urn:btih:38D66BF77DBF45A173FF6009C3ED0895C403AFDA <\/p>\n<h3>WEBSITE: OPEN IN AN ANONYMOUS BROWSER (the link does not work in other browsers!) <a href=\"https:\/\/www.torproject.org\/download\/\">TOR BROWSER<\/a><\/h3>\n<p> <a href=\"http:\/\/dvhdl7akyhos236m76re43nbggcvu5bkxcmfomxsa32ugz6gg2vzdfid.onion\">Www. dvhdl7akyhos236m76re43nbggcvu5bkxcmfomxsa32ugz6gg2vzdfid. onion<\/a><\/p>\n","protected":false},"excerpt":{"rendered":"<p>\u0440\u0443\u0441\u0441\u043a\u043e\u0435 \u043f\u043e\u0440\u043d\u043e \u043f\u043e\u0436\u0430\u043b\u0443\u0439\u0441\u0442\u0430 \u043d\u0435 \u043d\u0430\u0434\u043e SoluEde93 \u092a\u0947\u0930\u093f\u0938\u094d\u0915\u094b\u092a \u092e\u0947\u0902 \u0938\u094d\u0924\u0928 \u0914\u0930 \u092f\u094b\u0928\u0940 \u0926\u093f\u0916\u093e\u0924\u0940 \u0939\u0948, \u092a\u0947\u0930\u093f\u0938\u094d\u0915\u094b\u092a \u092e\u0947\u0902 \u092f\u0941\u0935\u093e,. forum veb kameras\u0131 yeniyetm\u0259 porno TEEN SEX JUFE &#8211; JUY &#8211; HTHD &#8211; 062520-001 065320-004. videos videos de adolescentes webcam GIRL WEBCAM SKYPE OMEGLE VIDS. forum webcam teen porn TORRENT CHILDREN PRIVATE VIDEO. Forum Webcam-Teenager-Videos DARK YOUNG TEEN SEX [&hellip;]<\/p>\n","protected":false},"author":2,"featured_media":0,"parent":0,"menu_order":0,"comment_status":"closed","ping_status":"closed","template":"","meta":{"footnotes":""},"class_list":["post-814","page","type-page","status-publish","hentry"],"_links":{"self":[{"href":"https:\/\/www.optimiseconsulting.eu\/index.php\/wp-json\/wp\/v2\/pages\/814","targetHints":{"allow":["GET"]}}],"collection":[{"href":"https:\/\/www.optimiseconsulting.eu\/index.php\/wp-json\/wp\/v2\/pages"}],"about":[{"href":"https:\/\/www.optimiseconsulting.eu\/index.php\/wp-json\/wp\/v2\/types\/page"}],"author":[{"embeddable":true,"href":"https:\/\/www.optimiseconsulting.eu\/index.php\/wp-json\/wp\/v2\/users\/2"}],"replies":[{"embeddable":true,"href":"https:\/\/www.optimiseconsulting.eu\/index.php\/wp-json\/wp\/v2\/comments?post=814"}],"version-history":[{"count":0,"href":"https:\/\/www.optimiseconsulting.eu\/index.php\/wp-json\/wp\/v2\/pages\/814\/revisions"}],"wp:attachment":[{"href":"https:\/\/www.optimiseconsulting.eu\/index.php\/wp-json\/wp\/v2\/media?parent=814"}],"curies":[{"name":"wp","href":"https:\/\/api.w.org\/{rel}","templated":true}]}}