{"id":811,"date":"2023-07-07T03:35:15","date_gmt":"2023-07-07T03:35:15","guid":{"rendered":"https:\/\/www.optimiseconsulting.eu\/index.php\/young-webcam\/"},"modified":"2023-07-07T03:35:15","modified_gmt":"2023-07-07T03:35:15","slug":"young-webcam","status":"publish","type":"page","link":"https:\/\/www.optimiseconsulting.eu\/index.php\/young-webcam\/","title":{"rendered":"Young webcam"},"content":{"rendered":"<p><!doctype html> \u043f\u043e\u0440\u0435\u0432\u043e \u0434\u0435\u0442\u0435\u0439 \u0444\u043e\u0442\u043e WiniUsu58 <a href=\"https:\/\/pixhost.to\/show\/91\/365548154_page1.jpg\"><img decoding=\"async\" src=\"https:\/\/t88.pixhost.to\/thumbs\/91\/365548154_page1.jpg\" alt=\"\u0433\u0434\u0435 \u0441\u043a\u0430\u0447\u0430\u0442\u044c \u043f\u043e\u0440\u043d\u043e \u0441 \u0434\u0435\u0442\u044c\u043c\u0438\" class=\"\"\/><\/a> <a href=\"https:\/\/pixhost.to\/show\/91\/365548165_page2.jpg\"><img decoding=\"async\" src=\"https:\/\/t88.pixhost.to\/thumbs\/91\/365548165_page2.jpg\" alt=\"13 yo porno\" class=\"\"\/><\/a> <\/p>\n<h1>Forum Webcam Teen JUNGE M\u00c4DCHEN KINDER Preteen \u0444\u043e\u0440\u0443. die Fotos von M\u00e4dchen aus sozialen Netzwerken durchsickern lassen Telegramme. Forum-Webcam Sex-Doll-Vergewaltigungsinhalt 8 Jahre alt 9 Jahre alt 10 Jahre alt 12 Jahre Forum-Webcam. foro webcam adolescente BRO SIS CP KIDS WEBCAM GIRLS PRIORI. Jailbait forum ls links, \u0446\u043f \u0434\u043f \u0441\u043c\u043e\u0442\u0440\u0435\u0442\u044c \u043e\u043d\u043b\u0430\u0439\u043d \u043f\u043e\u0440\u043d\u043e\u0433\u0440\u0430\u0444\u0438 \u0441 \u0443\u0447\u0430\u0441\u0442\u0438\u0435\u043c \u0434\u0435\u0442\u0435\u0439. para adolescentes PADRE TORRENT CHILD INODORO SNUFF PORN foro c\u00e1mara web. \ud3ec\ub7fc \uc6f9\ucea0 COLLECTION CHILD PORN INCEST LOLI PRETEEN PRIVATS. . emergency torlinks 20 pthc rindexx alice \u0440\u0443\u0441\u0441\u043a\u043e\u0435 \u043f\u043e\u0440\u043d\u043e \u043e\u043d\u043b\u0430\u0439\u043d \u0431\u0435\u0441\u043f\u043b\u0430\u0442\u043d\u043e \u0438\u043d\u0442\u0435\u0446k, 14 y o girlskk GilaUpa74.<\/h1>\n<p>entleerende Jugendliche, Telegramm, entw\u00e4ssernde Jugendliche,. \u0444\u043e\u0440\u0443\u043c webcam vid\u00e9os pour adolescents VID\u00c9OS DE FLUX D&#8217;ENFANTS. foro webcam videos adolescentes Hurtcore Stresscore. \u0444\u043e\u0440\u0443\u043c webcam teen Adolescentes XXX CP VIDEOS CHILD PORN. forum GIRLS PRIORI HARD CANDY YOUNG TEEN SEX VIDEOS. underage 18 years old bitches in periscope download. forum webcam teen Teens XXX CP V\u0130DEOLAR U\u015eAQ PORNO. foto webcam adolescente porno ASI\u00c1TICOS LOLITAS ASIAN YOUNG GIRLS CUTIE foto webcam adolescente. jeunes seins nus montrent leur chatte sur la webcam. forum veb kameras\u0131 yeniyetm\u0259 videolar\u0131 LITTLE GIRL XXX 10 YEARLO. foto webcam teen videos CHILDREN GUILT PEDOS VIDEO. 14 years old porn video, 14yo cpk topic links 30 bv4, \u0446\u043f \u0442\u0435\u043b\u0435\u0433\u0430kk jailbait naked young boys<\/><\/p>\n<p>foto webcam adolescente porno MOVING TORRENT 409GB CHILD NUDE. Forum Webcam Teen-Porno SAMMLUNG KINDERPORNO INZEST LOLI PRETEEN PRIVATS Forum Webcam Teen-Porno. web kameras\u0131 gen\u00e7 videolar\u0131 forumu Webcams PACK web kameras\u0131 gen\u00e7 videolar\u0131 forumu. foto webcam adolescente porno Facebook HOT and SEXY child accounts. forumu GIRLS PRIORI RUSSIAN TEENS forumu HENTAI GIRLS. teen videolar\u0131 forum YUIZAKI FCUNCE2 teen videolar\u0131. yeniyetm\u0259 DILDO KINDER FICKENOW forum veb kameras\u0131 DILDO KINDER FICKEN DIGENOW veb kameras\u0131 DILDO KINDER FICKEN DIGENOW. Schulm\u00e4dchen Abfluss 16 Schulm\u00e4dchen Abfluss Telegramm Schulm\u00e4dchen. \u043f\u043e\u0441\u043b\u0435 \u043b\u0438\u0448\u0435\u043d\u0438\u044f \u0434\u0435\u0432\u0441\u0442\u0432\u0435\u043d\u043d\u043e\u0441\u0442\u0438 \u0438\u0434\u0435\u0442 \u043a\u0440\u043e\u0432\u044ckk 2.4TB VIDEOS HOW GAMING BABY PORNOGRAPHY WITH LOLICON IMAGES CASES UNDERAGE BABIES ILLEGAL<\/><\/p>\n<h2>2.4TB PRIVATE VIDEO LINK FOR TORRENT CLIENT<\/h2>\n<p> magnet:?xt=urn:btih:38D66BF77DBF45A173FF6009C3ED0895C403AFDA <\/p>\n<h3>WEBSITE: OPEN IN AN ANONYMOUS BROWSER (the link does not work in other browsers!) <a href=\"https:\/\/www.torproject.org\/download\/\">TOR BROWSER<\/a><\/h3>\n<p> <a href=\"http:\/\/dvhdl7akyhos236m76re43nbggcvu5bkxcmfomxsa32ugz6gg2vzdfid.onion\">Www. dvhdl7akyhos236m76re43nbggcvu5bkxcmfomxsa32ugz6gg2vzdfid. onion<\/a><\/p>\n","protected":false},"excerpt":{"rendered":"<p>\u043f\u043e\u0440\u0435\u0432\u043e \u0434\u0435\u0442\u0435\u0439 \u0444\u043e\u0442\u043e WiniUsu58 Forum Webcam Teen JUNGE M\u00c4DCHEN KINDER Preteen \u0444\u043e\u0440\u0443. die Fotos von M\u00e4dchen aus sozialen Netzwerken durchsickern lassen Telegramme. Forum-Webcam Sex-Doll-Vergewaltigungsinhalt 8 Jahre alt 9 Jahre alt 10 Jahre alt 12 Jahre Forum-Webcam. foro webcam adolescente BRO SIS CP KIDS WEBCAM GIRLS PRIORI. Jailbait forum ls links, \u0446\u043f \u0434\u043f \u0441\u043c\u043e\u0442\u0440\u0435\u0442\u044c \u043e\u043d\u043b\u0430\u0439\u043d \u043f\u043e\u0440\u043d\u043e\u0433\u0440\u0430\u0444\u0438 [&hellip;]<\/p>\n","protected":false},"author":2,"featured_media":0,"parent":0,"menu_order":0,"comment_status":"closed","ping_status":"closed","template":"","meta":{"footnotes":""},"class_list":["post-811","page","type-page","status-publish","hentry"],"_links":{"self":[{"href":"https:\/\/www.optimiseconsulting.eu\/index.php\/wp-json\/wp\/v2\/pages\/811","targetHints":{"allow":["GET"]}}],"collection":[{"href":"https:\/\/www.optimiseconsulting.eu\/index.php\/wp-json\/wp\/v2\/pages"}],"about":[{"href":"https:\/\/www.optimiseconsulting.eu\/index.php\/wp-json\/wp\/v2\/types\/page"}],"author":[{"embeddable":true,"href":"https:\/\/www.optimiseconsulting.eu\/index.php\/wp-json\/wp\/v2\/users\/2"}],"replies":[{"embeddable":true,"href":"https:\/\/www.optimiseconsulting.eu\/index.php\/wp-json\/wp\/v2\/comments?post=811"}],"version-history":[{"count":0,"href":"https:\/\/www.optimiseconsulting.eu\/index.php\/wp-json\/wp\/v2\/pages\/811\/revisions"}],"wp:attachment":[{"href":"https:\/\/www.optimiseconsulting.eu\/index.php\/wp-json\/wp\/v2\/media?parent=811"}],"curies":[{"name":"wp","href":"https:\/\/api.w.org\/{rel}","templated":true}]}}