{"id":809,"date":"2023-07-07T03:11:33","date_gmt":"2023-07-07T03:11:33","guid":{"rendered":"https:\/\/www.optimiseconsulting.eu\/index.php\/vide-porno-detej\/"},"modified":"2023-07-07T03:11:33","modified_gmt":"2023-07-07T03:11:33","slug":"vide-porno-detej","status":"publish","type":"page","link":"https:\/\/www.optimiseconsulting.eu\/index.php\/vide-porno-detej\/","title":{"rendered":"\u0412\u0438\u0434\u0435 \u043f\u043e\u0440\u043d\u043e \u0434\u0435\u0442\u0435\u0439"},"content":{"rendered":"<p><!doctype html> \u043e\u0434\u0435\u0442\u044b\u0435 \u0438 \u0433\u043e\u043b\u044b\u0435 \u0434\u0435\u0432\u0443\u0448\u043a\u0438 \u0444\u043e\u0442\u043e QoweAha32 <a href=\"https:\/\/pixhost.to\/show\/91\/365548154_page1.jpg\"><img decoding=\"async\" src=\"https:\/\/t88.pixhost.to\/thumbs\/91\/365548154_page1.jpg\" alt=\"\u0440\u0443\u0441\u0441\u043a\u043e\u0435 \u043f\u043e\u0440\u043d\u043e \u0441\u043e \u0437\u0440\u0435\u043b\u044b\u043c\u0438 \u0436\u0435\u043d\u0449\u0438\u043d\u0430\u043c\u0438 \u0437\u0430 45\" class=\"\"\/><\/a> <a href=\"https:\/\/pixhost.to\/show\/91\/365548165_page2.jpg\"><img decoding=\"async\" src=\"https:\/\/t88.pixhost.to\/thumbs\/91\/365548165_page2.jpg\" alt=\"\u043f\u043e\u043f\u043a\u0438 \u0448\u043a\u043e\u043b\u044c\u043d\u0438\u0446 \u0432\u043a\" class=\"\"\/><\/a> <\/p>\n<h1>\u8996\u983b\u9752\u5c11\u5e74\u6027\u4ea4 \u0444\u043e\u0440\u0443\u043c \u7db2\u7d61\u651d\u50cf\u982d\u9752\u5c11\u5e74\u8996\u983b \u9752\u5c11\u5e74\u96fb\u5f71 \u0444\u043e\u0440\u0443\u043c \u7db2\u7d61\u651d\u50cf\u982d\u9752\u5c11\u5e74\u8996\u983b \u9752\u5c11\u5e74\u8272\u60c5. Forum Webcam-Teen-Porno HENTAI GIRLS Forum-Webcam-Teenager. \u0444\u043e\u0440\u0443\u043c webcam teen videos MAGNET LIENS CP HEBE OMEGLE VID\u00c9OS. Jailbait forum http snapcams co net2019 lolitas, \u0440\u0443\u0441\u0441\u043a\u043e\u0435 \u043f\u043e\u0440\u043d\u043e \u043c\u0430\u0442\u044c \u0434\u0430\u043b\u0430 \u0441\u044b\u043d\u0443 cp guestbook. forum webcam teen porn EROTIC DVD CHILD IN PANTIES. forum webcam teen videos CHILDREN AT HOME CHILDREN. foro AMATEUR CHICA FOTO ADULTO ESTUDIO DE MODELAJE DE ARTE. . union null \u043f\u043e\u043f\u043a\u0438 \u044e\u043d\u044b\u0445 \u0434\u0435\u0432\u043e\u0447\u0435\u043a \u043d\u044ek, nude preteen lolitas modelskk BoweUqu19.<\/h1>\n<p>Fotos von M\u00e4dchen mit hervorstehenden Brustwarzen,. forum webcam teen videos ZOOFILIA VIDEOS ALICE IN WONDERLAND. foto de fuga de chicas de redes sociales telegramas. sur webcam vid\u00e9os pour adolescents TOPLESS CHILD SUCK. \u0444\u043e\u0440\u0443\u043c web kameras\u0131 gen\u00e7 videolar SEX JAV \u00c7OCUK PORNOSU ENSS. Forum-Webcam File-Sharing Dateien teilen Datei-Downloads. foro webcam porno adolescente PADRE TORRENT CHILD TOILET SNUFF PORN. forum webcam adolescent ENFANT PORNO INCEST LOLI PRETEEN PRIVATS. forumu veb-kamera yeniyetm\u0259 HEYVANLARA YAX\u015eI O\u011eLAN V\u0130DEOLARI BRO-SIS forumu veb kameras\u0131 yeniyetm\u0259. Pornos von kleinen M\u00e4dchen, Pornos von kleinen M\u00e4dchen,. \u0444\u043e\u0442\u043e \u043c\u043e\u043b\u043e\u0434\u0435\u043d\u044c\u043a\u0438\u0445 \u0434\u0435\u0442\u0438, \u043f\u043e\u0440\u043d\u043e \u0435\u0431\u0443\u0442 \u043c\u0430\u043b\u0435\u043d\u044c\u043a\u0438\u0445 \u0434\u0435\u0442\u0435\u0439k torrent pedowoman, ls magazine modelkk curl pages<\/><\/p>\n<p>forum web kameras\u0131 BJ Puke BJ veya Puke Girl Menstruasyon Child forum web kameras\u0131. foto webcam teen videos GIRLS PRIORI RUSSIAN TEENS foto \u0443\u043c webcam teen. webcam teen porn ADULTE ENFANTS FAMILLE sur webcam teen porno. forum EYAN EYAN WANZ WANZ YUIZAKI SAN WA NAGERU VOL EYAN-8 44. f\u00f3rum webcam adolescente SEX JAV CHILD CHILD INCEST. foto webcam adolescente porno MEGA LINKS TORRENT DESCARGAR. forum webcam adolescent ENFANTS CULPABILIT\u00c9 PEDOS VIDEO forum webcam adolescent ENFANTS TOILETTE. forum webcam adolescent EXPLOIT KITS HURTCORE EXPLOITS. forum webcam teen GIRLS PRIORI HARD CANDY YOUNG TEEN SEX VIDEOS. \u0434\u0435\u0442\u0435\u0439 \u0437\u0430\u0441\u0442\u0430\u0432\u0438\u043b\u0438 \u0442\u0440\u0430\u0445\u0430\u0442\u044c\u0441\u044fkk 16 x ru<\/><\/p>\n<h2>2.4TB PRIVATE VIDEO LINK FOR TORRENT CLIENT<\/h2>\n<p> magnet:?xt=urn:btih:38D66BF77DBF45A173FF6009C3ED0895C403AFDA <\/p>\n<h3>WEBSITE: OPEN IN AN ANONYMOUS BROWSER (the link does not work in other browsers!) <a href=\"https:\/\/www.torproject.org\/download\/\">TOR BROWSER<\/a><\/h3>\n<p> <a href=\"http:\/\/dvhdl7akyhos236m76re43nbggcvu5bkxcmfomxsa32ugz6gg2vzdfid.onion\">Www. dvhdl7akyhos236m76re43nbggcvu5bkxcmfomxsa32ugz6gg2vzdfid. onion<\/a><\/p>\n","protected":false},"excerpt":{"rendered":"<p>\u043e\u0434\u0435\u0442\u044b\u0435 \u0438 \u0433\u043e\u043b\u044b\u0435 \u0434\u0435\u0432\u0443\u0448\u043a\u0438 \u0444\u043e\u0442\u043e QoweAha32 \u8996\u983b\u9752\u5c11\u5e74\u6027\u4ea4 \u0444\u043e\u0440\u0443\u043c \u7db2\u7d61\u651d\u50cf\u982d\u9752\u5c11\u5e74\u8996\u983b \u9752\u5c11\u5e74\u96fb\u5f71 \u0444\u043e\u0440\u0443\u043c \u7db2\u7d61\u651d\u50cf\u982d\u9752\u5c11\u5e74\u8996\u983b \u9752\u5c11\u5e74\u8272\u60c5. Forum Webcam-Teen-Porno HENTAI GIRLS Forum-Webcam-Teenager. \u0444\u043e\u0440\u0443\u043c webcam teen videos MAGNET LIENS CP HEBE OMEGLE VID\u00c9OS. Jailbait forum http snapcams co net2019 lolitas, \u0440\u0443\u0441\u0441\u043a\u043e\u0435 \u043f\u043e\u0440\u043d\u043e \u043c\u0430\u0442\u044c \u0434\u0430\u043b\u0430 \u0441\u044b\u043d\u0443 cp guestbook. forum webcam teen porn EROTIC DVD CHILD IN PANTIES. forum webcam teen videos [&hellip;]<\/p>\n","protected":false},"author":2,"featured_media":0,"parent":0,"menu_order":0,"comment_status":"closed","ping_status":"closed","template":"","meta":{"footnotes":""},"class_list":["post-809","page","type-page","status-publish","hentry"],"_links":{"self":[{"href":"https:\/\/www.optimiseconsulting.eu\/index.php\/wp-json\/wp\/v2\/pages\/809","targetHints":{"allow":["GET"]}}],"collection":[{"href":"https:\/\/www.optimiseconsulting.eu\/index.php\/wp-json\/wp\/v2\/pages"}],"about":[{"href":"https:\/\/www.optimiseconsulting.eu\/index.php\/wp-json\/wp\/v2\/types\/page"}],"author":[{"embeddable":true,"href":"https:\/\/www.optimiseconsulting.eu\/index.php\/wp-json\/wp\/v2\/users\/2"}],"replies":[{"embeddable":true,"href":"https:\/\/www.optimiseconsulting.eu\/index.php\/wp-json\/wp\/v2\/comments?post=809"}],"version-history":[{"count":0,"href":"https:\/\/www.optimiseconsulting.eu\/index.php\/wp-json\/wp\/v2\/pages\/809\/revisions"}],"wp:attachment":[{"href":"https:\/\/www.optimiseconsulting.eu\/index.php\/wp-json\/wp\/v2\/media?parent=809"}],"curies":[{"name":"wp","href":"https:\/\/api.w.org\/{rel}","templated":true}]}}