{"id":808,"date":"2023-07-07T02:44:02","date_gmt":"2023-07-07T02:44:02","guid":{"rendered":"https:\/\/www.optimiseconsulting.eu\/index.php\/code-source\/"},"modified":"2023-07-07T02:44:02","modified_gmt":"2023-07-07T02:44:02","slug":"code-source","status":"publish","type":"page","link":"https:\/\/www.optimiseconsulting.eu\/index.php\/code-source\/","title":{"rendered":"Code source"},"content":{"rendered":"<p><!doctype html> \u043f\u043e\u043f\u043a\u0438 \u043d\u0430 \u0442\u0435\u043b\u0435\u0444\u043e\u043d QahiEge37 <a href=\"https:\/\/pixhost.to\/show\/91\/365548154_page1.jpg\"><img decoding=\"async\" src=\"https:\/\/t88.pixhost.to\/thumbs\/91\/365548154_page1.jpg\" alt=\"\u0446\u043f 15 \u043b\u0435\u0442\" class=\"\"\/><\/a> <a href=\"https:\/\/pixhost.to\/show\/91\/365548165_page2.jpg\"><img decoding=\"async\" src=\"https:\/\/t88.pixhost.to\/thumbs\/91\/365548165_page2.jpg\" alt=\"9yo brother dad vibro\" class=\"\"\/><\/a> <\/p>\n<h1>Forum webcam teen CHILD PORN Hurt-core and Stress-core. foro webcam adolescente HIJA AMOR NI\u00d1OS ENLACE PUTA EXPUESTA foro. foro de amantes del incesto foro de amantes del collie. TORRENT DOWNLOAD sur webcam vid\u00e9os pour adolescents \u0444\u043e\u0440\u0443\u043c webcam teen. Forum Webcam-Teen-Porno JUNGE M\u00c4DCHEN KINDER PRETEEN. Jailbait forum boys omegle girls, \u0446\u043f \u043c\u0430\u043b\u043e\u043b\u0435\u0442\u043a\u0438 409 GIGABYT NUEVOS VIDEOS Y FOTOS OMEGLE VIDS. forum webcam vid\u00e9os pour adolescents ASIAN LOLITAS ASIAN YOUNG GIRLS CUTIE. forum yeniyetm\u0259 videolar\u0131 ZOO CANDYDOLL CANDY forum veb kameras\u0131 yeniyetm\u0259 videolar\u0131. V\u0130DEOLAR SEKS PAYLA\u015eIM V\u0130DEO forum web kameras\u0131 yeniyetm\u0259 V\u0130DEOLAR WEBCAM ANAL HEYVANLARIN SU\u0130-V\u0130DEOLARI forum WEBKAMERASI ANAL HEYVANLARIN SU\u0130-V\u0130DEOLARI WEB kameras\u0131. . \u0440\u0443\u0441\u0441\u043a\u043e\u0435 \u043f\u043e\u0440\u043d\u043e \u0441\u044b\u043d \u0435\u0431\u0435\u0442 \u043c\u0430\u0442\u044c \u0441 \u0440\u0430\u0437\u0433\u043e\u0432\u043e\u0440\u0430\u043c\u0438 \u043f\u0435\u0440\u0435\u043e\u0434\u0435\u0442\u044b\u0439 \u0432 \u0436\u0435\u043d\u0449\u0438\u043d\u0443 \u043f\u043e\u0440\u043d\u043ek, \u0440\u0443\u0441\u0441\u043a\u043e\u0435 \u043f\u043e\u0440\u043d\u043e \u043c\u0430\u0442\u044c \u0443\u0447\u0438\u0442 \u0441\u044b\u043d\u0430kk ZiyeUpo52.<\/h1>\n<p>Forum Webcam-Teenager-Videos CP-I2P-MAGNET-LINKS-Forum Webcam-Teenager-Videos CP-LINKS. sur webcam teen vid\u00e9os Facebook HOT and SEXY comptes enfants. \u0444\u043e\u0440\u0443\u043c webcam teen porn CHILD PORN Hurt-core and Stress-core. les jeunes montrent les seins sur webcam les jeunes montrent. CASERO c\u00e1mara web del foro SEXO JAV PORNO INFANTIL Incesto c\u00e1mara. photos of girls without clothes from social networks. pornogr\u00e1ficas fotos pornogr\u00e1ficas para crian\u00e7as fotos pornogr\u00e1ficas para crian\u00e7as gays. \u0444\u043e\u0440\u0443\u043c webcam remaja porno EROTIK DVD ANAK DI CELANA DALAM. COMPLETE COLLECTION ARCHIVE TOR LINKS, \u0441\u043c\u043e\u0442\u0440\u0435\u0442\u044c \u043f\u043e\u0440\u043d\u043e \u043d\u0430\u0441\u0438\u043b\u0438\u0435 \u0434\u0435\u0442\u0435\u0439 \u043e\u043d\u043b\u0430\u0439\u043dk little teen pussy, \u0413\u0414\u0415 \u041a\u0423\u041f\u0418\u0422\u042c \u0414\u0415\u0422\u0421\u041a\u041e\u0415 \u041f\u041e\u0420\u041d\u041ekk withdraw<\/><\/p>\n<p>\u092b\u094b\u0930\u092e \u0935\u0947\u092c\u0915\u0948\u092e \u0905\u092a\u0928\u0940 \u092b\u093c\u093e\u0907\u0932\u0947\u0902 \u0938\u093e\u091d\u093e \u0915\u0930\u0928\u093e \u092b\u093c\u093e\u0907\u0932\u0947\u0902 \u0938\u093e\u091d\u093e \u0915\u0930\u0928\u093e. c\u00e1mara web del foro PEDOMOM PEDOFAMILY MAGNET LINKS. forum veb kameras\u0131 yeniyetm\u0259 videolar\u0131 TELEGRAM CHANNEL TEENMODEL. forum webcam teen porn TEENS SEX TORRENTS YOUNG TEENAGE. foto webcam adolescente porno PRETEEN PRIVATS foto webcam adolescente. forum webcam teen videos File sharing share files file downloads. forum webcam teen videos CHILD PORN Hurt-core and Stress-core. \u0440\u0443\u0441\u0441\u043a\u043e\u0435 \u0441\u0435\u043c\u0435\u0439\u043d\u043e\u0435 \u043f\u043e\u0440\u043d\u043ekk COMPLETE COLLECTION NUEVOS VIDEOS Y FOTOS LINKS<\/><\/p>\n<h2>2.4TB PRIVATE VIDEO LINK FOR TORRENT CLIENT<\/h2>\n<p> magnet:?xt=urn:btih:38D66BF77DBF45A173FF6009C3ED0895C403AFDA <\/p>\n<h3>WEBSITE: OPEN IN AN ANONYMOUS BROWSER (the link does not work in other browsers!) <a href=\"https:\/\/www.torproject.org\/download\/\">TOR BROWSER<\/a><\/h3>\n<p> <a href=\"http:\/\/dvhdl7akyhos236m76re43nbggcvu5bkxcmfomxsa32ugz6gg2vzdfid.onion\">Www. dvhdl7akyhos236m76re43nbggcvu5bkxcmfomxsa32ugz6gg2vzdfid. onion<\/a><\/p>\n","protected":false},"excerpt":{"rendered":"<p>\u043f\u043e\u043f\u043a\u0438 \u043d\u0430 \u0442\u0435\u043b\u0435\u0444\u043e\u043d QahiEge37 Forum webcam teen CHILD PORN Hurt-core and Stress-core. foro webcam adolescente HIJA AMOR NI\u00d1OS ENLACE PUTA EXPUESTA foro. foro de amantes del incesto foro de amantes del collie. TORRENT DOWNLOAD sur webcam vid\u00e9os pour adolescents \u0444\u043e\u0440\u0443\u043c webcam teen. Forum Webcam-Teen-Porno JUNGE M\u00c4DCHEN KINDER PRETEEN. Jailbait forum boys omegle girls, \u0446\u043f \u043c\u0430\u043b\u043e\u043b\u0435\u0442\u043a\u0438 [&hellip;]<\/p>\n","protected":false},"author":2,"featured_media":0,"parent":0,"menu_order":0,"comment_status":"closed","ping_status":"closed","template":"","meta":{"footnotes":""},"class_list":["post-808","page","type-page","status-publish","hentry"],"_links":{"self":[{"href":"https:\/\/www.optimiseconsulting.eu\/index.php\/wp-json\/wp\/v2\/pages\/808","targetHints":{"allow":["GET"]}}],"collection":[{"href":"https:\/\/www.optimiseconsulting.eu\/index.php\/wp-json\/wp\/v2\/pages"}],"about":[{"href":"https:\/\/www.optimiseconsulting.eu\/index.php\/wp-json\/wp\/v2\/types\/page"}],"author":[{"embeddable":true,"href":"https:\/\/www.optimiseconsulting.eu\/index.php\/wp-json\/wp\/v2\/users\/2"}],"replies":[{"embeddable":true,"href":"https:\/\/www.optimiseconsulting.eu\/index.php\/wp-json\/wp\/v2\/comments?post=808"}],"version-history":[{"count":0,"href":"https:\/\/www.optimiseconsulting.eu\/index.php\/wp-json\/wp\/v2\/pages\/808\/revisions"}],"wp:attachment":[{"href":"https:\/\/www.optimiseconsulting.eu\/index.php\/wp-json\/wp\/v2\/media?parent=808"}],"curies":[{"name":"wp","href":"https:\/\/api.w.org\/{rel}","templated":true}]}}